{"id":650,"date":"2021-04-24T20:52:33","date_gmt":"2021-04-24T23:52:33","guid":{"rendered":"http:\/\/zonaimaginaria.com.ar\/web\/?page_id=650"},"modified":"2022-07-29T17:37:38","modified_gmt":"2022-07-29T20:37:38","slug":"graficacontemporanea","status":"publish","type":"page","link":"https:\/\/zonaimaginaria.com.ar\/web\/graficacontemporanea\/","title":{"rendered":"Gr\u00e1fica Contempor\u00e1nea"},"content":{"rendered":"\t\t<div data-elementor-type=\"wp-page\" data-elementor-id=\"650\" class=\"elementor elementor-650\" data-elementor-settings=\"[]\">\n\t\t\t\t\t\t\t<div class=\"elementor-section-wrap\">\n\t\t\t\t\t\t\t<section class=\"elementor-section elementor-top-section elementor-element elementor-element-6b437325 elementor-section-height-min-height elementor-section-stretched elementor-section-boxed elementor-section-height-default elementor-section-items-middle\" data-id=\"6b437325\" data-element_type=\"section\" data-settings=\"{&quot;background_background&quot;:&quot;slideshow&quot;,&quot;background_slideshow_gallery&quot;:[{&quot;id&quot;:3834,&quot;url&quot;:&quot;http:\\\/\\\/zonaimaginaria.com.ar\\\/web\\\/wp-content\\\/uploads\\\/2022\\\/02\\\/GRAFICA-Portada.jpg&quot;},{&quot;id&quot;:3837,&quot;url&quot;:&quot;http:\\\/\\\/zonaimaginaria.com.ar\\\/web\\\/wp-content\\\/uploads\\\/2022\\\/02\\\/GRAFICA4-Portada.jpg&quot;},{&quot;id&quot;:3817,&quot;url&quot;:&quot;http:\\\/\\\/zonaimaginaria.com.ar\\\/web\\\/wp-content\\\/uploads\\\/2022\\\/02\\\/PRENSA-Portada.jpg&quot;},{&quot;id&quot;:3836,&quot;url&quot;:&quot;http:\\\/\\\/zonaimaginaria.com.ar\\\/web\\\/wp-content\\\/uploads\\\/2022\\\/02\\\/grafica3-Portada.jpg&quot;},{&quot;id&quot;:3838,&quot;url&quot;:&quot;http:\\\/\\\/zonaimaginaria.com.ar\\\/web\\\/wp-content\\\/uploads\\\/2022\\\/02\\\/GRAFICA5-Portada.jpg&quot;},{&quot;id&quot;:3833,&quot;url&quot;:&quot;http:\\\/\\\/zonaimaginaria.com.ar\\\/web\\\/wp-content\\\/uploads\\\/2022\\\/02\\\/GRAFICA2-Portada.jpg&quot;}],&quot;background_slideshow_slide_duration&quot;:3000,&quot;background_slideshow_slide_transition&quot;:&quot;slide_left&quot;,&quot;stretch_section&quot;:&quot;section-stretched&quot;,&quot;background_slideshow_loop&quot;:&quot;yes&quot;,&quot;background_slideshow_transition_duration&quot;:500}\">\n\t\t\t\t\t\t<div class=\"elementor-container elementor-column-gap-no\">\n\t\t\t\t\t<div class=\"elementor-column elementor-col-100 elementor-top-column elementor-element elementor-element-cbce3ff\" data-id=\"cbce3ff\" data-element_type=\"column\">\n\t\t\t<div class=\"elementor-widget-wrap elementor-element-populated\">\n\t\t\t\t\t\t\t\t<div class=\"elementor-element elementor-element-54dc52ad elementor-widget elementor-widget-heading\" data-id=\"54dc52ad\" data-element_type=\"widget\" data-widget_type=\"heading.default\">\n\t\t\t\t<div class=\"elementor-widget-container\">\n\t\t\t<h5 class=\"elementor-heading-title elementor-size-large\">TALLER DE GR\u00c1FICA CONTEMPOR\u00c1ENA<\/h5>\t\t<\/div>\n\t\t\t\t<\/div>\n\t\t\t\t<div class=\"elementor-element elementor-element-62b23b4b elementor-widget elementor-widget-heading\" data-id=\"62b23b4b\" data-element_type=\"widget\" data-widget_type=\"heading.default\">\n\t\t\t\t<div class=\"elementor-widget-container\">\n\t\t\t<h5 class=\"elementor-heading-title elementor-size-large\">CONTEMPORARY GRAPHICS WORKSHOP<\/h5>\t\t<\/div>\n\t\t\t\t<\/div>\n\t\t\t\t\t<\/div>\n\t\t<\/div>\n\t\t\t\t\t\t\t<\/div>\n\t\t<\/section>\n\t\t\t\t<section class=\"elementor-section elementor-top-section elementor-element elementor-element-8dd622a elementor-section-stretched elementor-section-height-min-height elementor-section-boxed elementor-section-height-default elementor-section-items-middle\" data-id=\"8dd622a\" data-element_type=\"section\" data-settings=\"{&quot;stretch_section&quot;:&quot;section-stretched&quot;}\">\n\t\t\t\t\t\t<div class=\"elementor-container elementor-column-gap-wider\">\n\t\t\t\t\t<div class=\"elementor-column elementor-col-50 elementor-top-column elementor-element elementor-element-3555b43\" data-id=\"3555b43\" data-element_type=\"column\">\n\t\t\t<div class=\"elementor-widget-wrap elementor-element-populated\">\n\t\t\t\t\t\t\t\t<div class=\"elementor-element elementor-element-15625bb5 elementor-widget elementor-widget-text-editor\" data-id=\"15625bb5\" data-element_type=\"widget\" data-widget_type=\"text-editor.default\">\n\t\t\t\t<div class=\"elementor-widget-container\">\n\t\t\t\t\t\t\t\t<p>El objetivo del taller es facilitar la producci\u00f3n y desarrollo de proyectos, utilizando la infraestructura del espacio,\u00a0 especialmente equipada para t\u00e9cnicas de Grafica No-T\u00f3xica.\u00a0 Se propone junto al grupo del Taller y los Artistas que visitan la Residencia de Zona Imaginaria generar un espacio de reflexi\u00f3n colectiva que incluya y enriquezca los propios proyectos.<\/p><p>Dirigido a personas vinculadas a las artes visuales que, teniendo producci\u00f3n previa, quieran profundizar y reflexionar.<\/p><p>El grabado no-t\u00f3xico es una nueva alternativa simple y de gran fidelidad que comenz\u00f3 a desarrollarse hacia 1990 en Canad\u00e1 con Keith Howard, fundador de la Canadian School for Non-Toxic Printmaking.<\/p>\t\t\t\t\t\t<\/div>\n\t\t\t\t<\/div>\n\t\t\t\t\t<\/div>\n\t\t<\/div>\n\t\t\t\t<div class=\"elementor-column elementor-col-50 elementor-top-column elementor-element elementor-element-4c5e52d\" data-id=\"4c5e52d\" data-element_type=\"column\" data-settings=\"{&quot;background_background&quot;:&quot;classic&quot;}\">\n\t\t\t<div class=\"elementor-widget-wrap elementor-element-populated\">\n\t\t\t\t\t\t\t\t<div class=\"elementor-element elementor-element-078614e elementor-widget elementor-widget-text-editor\" data-id=\"078614e\" data-element_type=\"widget\" data-widget_type=\"text-editor.default\">\n\t\t\t\t<div class=\"elementor-widget-container\">\n\t\t\t\t\t\t\t\t<p>TALLERES DE GR\u00c1FICA NO T\u00d3XICA\u00a0<\/p><p>&gt; <a href=\"http:\/\/zonaimaginaria.com.ar\/ARCHIVOS\/INTAGLIO-type-ImgON-ultra.pdf\" target=\"_blank\" rel=\"noopener\">ImagON &#8211; Ultra<\/a> archivo PDF<br \/>&gt; <a href=\"http:\/\/zonaimaginaria.com.ar\/ARCHIVOS\/LITHO-POLIESTER.pdf\">Litho-poliester<\/a> archivo PDF<br \/>&gt; <a href=\"http:\/\/zonaimaginaria.com.ar\/ARCHIVOS\/SILICONA-INTAGLIO.pdf\" target=\"_blank\" rel=\"noopener\">Silicona Intaglio<\/a> archivo PDF<br \/><a href=\"https:\/\/zonaimaginaria.com.ar\/web\/serigrafia\/\">&gt; Serigraf\u00eda<\/a><\/p><p>TALLERES ANTERIORES\u00a0<\/p><p><a href=\"https:\/\/zonaimaginaria.com.ar\/web\/laboratorio-hp\/\">&gt; Laboratorio HP\u00a0<\/a><br \/><a href=\"https:\/\/zonaimaginaria.com.ar\/web\/nursery-ryhmes\/\">&gt; Nursery Ryhmes<\/a><br \/><a href=\"https:\/\/zonaimaginaria.com.ar\/web\/justo-una-imagen\/\">&gt; Justo una imagen\u00a0<\/a><br \/><a href=\"https:\/\/zonaimaginaria.com.ar\/web\/tecnicas-de-fotografia-antiguas\/\">&gt; T\u00e9cnicas Antiguas de Fotograf\u00eda<\/a><br \/><a href=\"https:\/\/zonaimaginaria.com.ar\/web\/miguel-r-sepulveda\/\">&gt; Emerg\u00eda<\/a> \u00b7 Residencia<br \/><a href=\"https:\/\/zonaimaginaria.com.ar\/web\/bruno-almeida\/\">&gt; Arte na Beira\u00a0<\/a>\u00b7 Residencia<\/p>\t\t\t\t\t\t<\/div>\n\t\t\t\t<\/div>\n\t\t\t\t\t<\/div>\n\t\t<\/div>\n\t\t\t\t\t\t\t<\/div>\n\t\t<\/section>\n\t\t\t\t<section class=\"elementor-section elementor-top-section elementor-element elementor-element-409cf29 elementor-section-boxed elementor-section-height-default elementor-section-height-default\" data-id=\"409cf29\" data-element_type=\"section\">\n\t\t\t\t\t\t<div class=\"elementor-container elementor-column-gap-default\">\n\t\t\t\t\t<div class=\"elementor-column elementor-col-100 elementor-top-column elementor-element elementor-element-5e1364f\" data-id=\"5e1364f\" data-element_type=\"column\">\n\t\t\t<div class=\"elementor-widget-wrap\">\n\t\t\t\t\t\t\t\t\t<\/div>\n\t\t<\/div>\n\t\t\t\t\t\t\t<\/div>\n\t\t<\/section>\n\t\t\t\t<section class=\"elementor-section elementor-top-section elementor-element elementor-element-7ea414e0 elementor-section-stretched elementor-section-boxed elementor-section-height-default elementor-section-height-default\" data-id=\"7ea414e0\" data-element_type=\"section\" data-settings=\"{&quot;stretch_section&quot;:&quot;section-stretched&quot;}\">\n\t\t\t\t\t\t<div class=\"elementor-container elementor-column-gap-default\">\n\t\t\t\t\t<div class=\"elementor-column elementor-col-50 elementor-top-column elementor-element elementor-element-5d2eddd\" data-id=\"5d2eddd\" data-element_type=\"column\">\n\t\t\t<div class=\"elementor-widget-wrap elementor-element-populated\">\n\t\t\t\t\t\t\t\t<div class=\"elementor-element elementor-element-225312fb elementor-widget elementor-widget-button\" data-id=\"225312fb\" data-element_type=\"widget\" data-widget_type=\"button.default\">\n\t\t\t\t<div class=\"elementor-widget-container\">\n\t\t\t\t\t<div class=\"elementor-button-wrapper\">\n\t\t\t<a href=\"https:\/\/zonaimaginaria.com.ar\/web\/taller\/\" class=\"elementor-button-link elementor-button elementor-size-xs\" role=\"button\">\n\t\t\t\t\t\t<span class=\"elementor-button-content-wrapper\">\n\t\t\t\t\t\t<span class=\"elementor-button-text\">< volver a Taller<\/span>\n\t\t<\/span>\n\t\t\t\t\t<\/a>\n\t\t<\/div>\n\t\t\t\t<\/div>\n\t\t\t\t<\/div>\n\t\t\t\t\t<\/div>\n\t\t<\/div>\n\t\t\t\t<div class=\"elementor-column elementor-col-50 elementor-top-column elementor-element elementor-element-170eafcf\" data-id=\"170eafcf\" data-element_type=\"column\">\n\t\t\t<div class=\"elementor-widget-wrap elementor-element-populated\">\n\t\t\t\t\t\t\t\t<div class=\"elementor-element elementor-element-10474d61 elementor-align-right elementor-widget elementor-widget-button\" data-id=\"10474d61\" data-element_type=\"widget\" data-widget_type=\"button.default\">\n\t\t\t\t<div class=\"elementor-widget-container\">\n\t\t\t\t\t<div class=\"elementor-button-wrapper\">\n\t\t\t<a href=\"https:\/\/zonaimaginaria.com.ar\/web\/serigrafia\/\" class=\"elementor-button-link elementor-button elementor-size-xs\" role=\"button\">\n\t\t\t\t\t\t<span class=\"elementor-button-content-wrapper\">\n\t\t\t\t\t\t<span class=\"elementor-button-text\">siguiente Taller ><\/span>\n\t\t<\/span>\n\t\t\t\t\t<\/a>\n\t\t<\/div>\n\t\t\t\t<\/div>\n\t\t\t\t<\/div>\n\t\t\t\t\t<\/div>\n\t\t<\/div>\n\t\t\t\t\t\t\t<\/div>\n\t\t<\/section>\n\t\t\t\t\t\t<\/div>\n\t\t\t\t\t<\/div>\n\t\t","protected":false},"excerpt":{"rendered":"<p>TALLER DE GR\u00c1FICA CONTEMPOR\u00c1ENA CONTEMPORARY GRAPHICS WORKSHOP El objetivo del taller es facilitar la producci\u00f3n y desarrollo de proyectos, utilizando la infraestructura del espacio,\u00a0 especialmente equipada para t\u00e9cnicas de Grafica No-T\u00f3xica.\u00a0 Se propone junto al grupo del Taller y los Artistas que visitan la Residencia de Zona Imaginaria generar un espacio de reflexi\u00f3n colectiva que&hellip;<\/p>\n","protected":false},"author":1,"featured_media":0,"parent":0,"menu_order":0,"comment_status":"closed","ping_status":"closed","template":"","meta":[],"_links":{"self":[{"href":"https:\/\/zonaimaginaria.com.ar\/web\/wp-json\/wp\/v2\/pages\/650"}],"collection":[{"href":"https:\/\/zonaimaginaria.com.ar\/web\/wp-json\/wp\/v2\/pages"}],"about":[{"href":"https:\/\/zonaimaginaria.com.ar\/web\/wp-json\/wp\/v2\/types\/page"}],"author":[{"embeddable":true,"href":"https:\/\/zonaimaginaria.com.ar\/web\/wp-json\/wp\/v2\/users\/1"}],"replies":[{"embeddable":true,"href":"https:\/\/zonaimaginaria.com.ar\/web\/wp-json\/wp\/v2\/comments?post=650"}],"version-history":[{"count":117,"href":"https:\/\/zonaimaginaria.com.ar\/web\/wp-json\/wp\/v2\/pages\/650\/revisions"}],"predecessor-version":[{"id":6578,"href":"https:\/\/zonaimaginaria.com.ar\/web\/wp-json\/wp\/v2\/pages\/650\/revisions\/6578"}],"wp:attachment":[{"href":"https:\/\/zonaimaginaria.com.ar\/web\/wp-json\/wp\/v2\/media?parent=650"}],"curies":[{"name":"wp","href":"https:\/\/api.w.org\/{rel}","templated":true}]}}