{"id":6379,"date":"2022-06-21T16:43:44","date_gmt":"2022-06-21T19:43:44","guid":{"rendered":"https:\/\/zonaimaginaria.com.ar\/web\/?page_id=6379"},"modified":"2022-06-21T16:46:59","modified_gmt":"2022-06-21T19:46:59","slug":"contact","status":"publish","type":"page","link":"https:\/\/zonaimaginaria.com.ar\/web\/en\/contact\/","title":{"rendered":"Contact"},"content":{"rendered":"\t\t<div data-elementor-type=\"wp-post\" data-elementor-id=\"6379\" class=\"elementor elementor-6379\" data-elementor-settings=\"[]\">\n\t\t\t\t\t\t\t<div class=\"elementor-section-wrap\">\n\t\t\t\t\t\t\t<section class=\"elementor-section elementor-top-section elementor-element elementor-element-92f1191 elementor-section-boxed elementor-section-height-default elementor-section-height-default\" data-id=\"92f1191\" data-element_type=\"section\" data-settings=\"{&quot;background_background&quot;:&quot;classic&quot;}\">\n\t\t\t\t\t\t<div class=\"elementor-container elementor-column-gap-default\">\n\t\t\t\t\t<div class=\"elementor-column elementor-col-50 elementor-top-column elementor-element elementor-element-f2e002f\" data-id=\"f2e002f\" data-element_type=\"column\" data-settings=\"{&quot;background_background&quot;:&quot;classic&quot;}\">\n\t\t\t<div class=\"elementor-widget-wrap elementor-element-populated\">\n\t\t\t\t\t\t\t\t<div class=\"elementor-element elementor-element-88072be elementor-widget elementor-widget-image\" data-id=\"88072be\" data-element_type=\"widget\" data-widget_type=\"image.default\">\n\t\t\t\t<div class=\"elementor-widget-container\">\n\t\t\t\t\t\t\t\t\t\t\t\t\t\t\t<img width=\"900\" height=\"661\" src=\"https:\/\/zonaimaginaria.com.ar\/web\/wp-content\/uploads\/2022\/04\/RetratoZonaTeamw2.jpg\" class=\"attachment-large size-large\" alt=\"\" loading=\"lazy\" srcset=\"https:\/\/zonaimaginaria.com.ar\/web\/wp-content\/uploads\/2022\/04\/RetratoZonaTeamw2.jpg 900w, https:\/\/zonaimaginaria.com.ar\/web\/wp-content\/uploads\/2022\/04\/RetratoZonaTeamw2-300x220.jpg 300w, https:\/\/zonaimaginaria.com.ar\/web\/wp-content\/uploads\/2022\/04\/RetratoZonaTeamw2-768x564.jpg 768w\" sizes=\"(max-width: 900px) 100vw, 900px\" \/>\t\t\t\t\t\t\t\t\t\t\t\t\t\t\t<\/div>\n\t\t\t\t<\/div>\n\t\t\t\t\t<\/div>\n\t\t<\/div>\n\t\t\t\t<div class=\"elementor-column elementor-col-50 elementor-top-column elementor-element elementor-element-bf538fb\" data-id=\"bf538fb\" data-element_type=\"column\" data-settings=\"{&quot;background_background&quot;:&quot;classic&quot;}\">\n\t\t\t<div class=\"elementor-widget-wrap elementor-element-populated\">\n\t\t\t\t\t\t\t\t<div class=\"elementor-element elementor-element-0002377 elementor-widget elementor-widget-heading\" data-id=\"0002377\" data-element_type=\"widget\" data-widget_type=\"heading.default\">\n\t\t\t\t<div class=\"elementor-widget-container\">\n\t\t\t<span class=\"elementor-heading-title elementor-size-default\">Team<\/span>\t\t<\/div>\n\t\t\t\t<\/div>\n\t\t\t\t<div class=\"elementor-element elementor-element-26a6742 elementor-widget elementor-widget-text-editor\" data-id=\"26a6742\" data-element_type=\"widget\" data-widget_type=\"text-editor.default\">\n\t\t\t\t<div class=\"elementor-widget-container\">\n\t\t\t\t\t\t\t\t<p class=\"style1 style22\" align=\"left\"><strong>Founder and director:<\/strong><br \/>Lucrecia Urbano<br \/><strong>General management:<\/strong><br \/>Josefina Pereyra Iraola\u00a0<br \/><strong>Press and diffusion:\u00a0<\/strong><br \/>Mat\u00edas De la Guerra\u00a0<br \/><strong>Homemade and Ceramics Workshop:<\/strong><br \/>Gloria Rojas\u00a0<br \/><strong>Coordinator of the Little Apprentices workshop:<\/strong><br \/>Lara Gimenez<\/p>\t\t\t\t\t\t<\/div>\n\t\t\t\t<\/div>\n\t\t\t\t\t<\/div>\n\t\t<\/div>\n\t\t\t\t\t\t\t<\/div>\n\t\t<\/section>\n\t\t\t\t<section class=\"elementor-section elementor-top-section elementor-element elementor-element-181800c elementor-section-boxed elementor-section-height-default elementor-section-height-default\" data-id=\"181800c\" data-element_type=\"section\">\n\t\t\t\t\t\t<div class=\"elementor-container elementor-column-gap-default\">\n\t\t\t\t\t<div class=\"elementor-column elementor-col-100 elementor-top-column elementor-element elementor-element-8295438\" data-id=\"8295438\" data-element_type=\"column\">\n\t\t\t<div class=\"elementor-widget-wrap elementor-element-populated\">\n\t\t\t\t\t\t\t\t<div class=\"elementor-element elementor-element-ef6226e elementor-widget elementor-widget-spacer\" data-id=\"ef6226e\" data-element_type=\"widget\" data-widget_type=\"spacer.default\">\n\t\t\t\t<div class=\"elementor-widget-container\">\n\t\t\t\t\t<div class=\"elementor-spacer\">\n\t\t\t<div class=\"elementor-spacer-inner\"><\/div>\n\t\t<\/div>\n\t\t\t\t<\/div>\n\t\t\t\t<\/div>\n\t\t\t\t\t<\/div>\n\t\t<\/div>\n\t\t\t\t\t\t\t<\/div>\n\t\t<\/section>\n\t\t\t\t<section class=\"elementor-section elementor-top-section elementor-element elementor-element-5632ae8 elementor-section-height-min-height elementor-section-items-top elementor-section-boxed elementor-section-height-default\" data-id=\"5632ae8\" data-element_type=\"section\">\n\t\t\t\t\t\t<div class=\"elementor-container elementor-column-gap-default\">\n\t\t\t\t\t<div class=\"elementor-column elementor-col-20 elementor-top-column elementor-element elementor-element-d461535\" data-id=\"d461535\" data-element_type=\"column\">\n\t\t\t<div class=\"elementor-widget-wrap elementor-element-populated\">\n\t\t\t\t\t\t\t\t<div class=\"elementor-element elementor-element-bed70b1 elementor-widget elementor-widget-text-editor\" data-id=\"bed70b1\" data-element_type=\"widget\" data-widget_type=\"text-editor.default\">\n\t\t\t\t<div class=\"elementor-widget-container\">\n\t\t\t\t\t\t\t\t<p><a href=\"https:\/\/www.instagram.com\/lucreurbano\/\" target=\"_blank\" rel=\"noopener\">Lucrecia Urbano<\/a><\/p>\t\t\t\t\t\t<\/div>\n\t\t\t\t<\/div>\n\t\t\t\t<div class=\"elementor-element elementor-element-f0a26e5 elementor-widget elementor-widget-text-editor\" data-id=\"f0a26e5\" data-element_type=\"widget\" data-widget_type=\"text-editor.default\">\n\t\t\t\t<div class=\"elementor-widget-container\">\n\t\t\t\t\t\t\t\t<p><span style=\"font-weight: 400;\">Artista y gestora. Egres\u00f3 de la Universidad Nacional de C\u00f3rdoba como Licenciada en Grabado. Realiz\u00f3 especializaciones de fotograbado no-t\u00f3xico. En 2008 abri\u00f3 las puertas de <\/span>Zona Imaginaria donde recibe en la residencia \u00bfQui\u00e9n puede vivir en esta casa? artistas extranjeros y nacionales creando una comunidad art\u00edstica entre pares y vecinos del barrio de Villa Jard\u00edn, San Fernando. Zona Imaginaria es tambi\u00e9n su\u00a0 taller y\u00a0 su lugar de producci\u00f3n art\u00edstica.<\/p>\t\t\t\t\t\t<\/div>\n\t\t\t\t<\/div>\n\t\t\t\t\t<\/div>\n\t\t<\/div>\n\t\t\t\t<div class=\"elementor-column elementor-col-20 elementor-top-column elementor-element elementor-element-6cde045\" data-id=\"6cde045\" data-element_type=\"column\">\n\t\t\t<div class=\"elementor-widget-wrap elementor-element-populated\">\n\t\t\t\t\t\t\t\t<div class=\"elementor-element elementor-element-c0908dc elementor-widget elementor-widget-text-editor\" data-id=\"c0908dc\" data-element_type=\"widget\" data-widget_type=\"text-editor.default\">\n\t\t\t\t<div class=\"elementor-widget-container\">\n\t\t\t\t\t\t\t\t<p><a href=\"http:\/\/www.instagram.com\/rositachicle\" target=\"_blank\" rel=\"noopener\">Josefina Pereyra I.<\/a><\/p>\t\t\t\t\t\t<\/div>\n\t\t\t\t<\/div>\n\t\t\t\t<div class=\"elementor-element elementor-element-ca911ac elementor-widget elementor-widget-text-editor\" data-id=\"ca911ac\" data-element_type=\"widget\" data-widget_type=\"text-editor.default\">\n\t\t\t\t<div class=\"elementor-widget-container\">\n\t\t\t\t\t\t\t\t<p><span style=\"font-weight: 400;\">Licenciada en Artes Visuales en la UMSA. Su rol en Zona es coordinar las actividades, tanto talleres, como eventos y acompa\u00f1ar todas las etapas de las residencias. Trabaja con el archivo de ZI, p\u00e1gina web y redes sociales. Dict\u00f3 talleres para j\u00f3venes en Zona y utiliza el espacio como lugar de debate e intercambio sobre su obra. Investiga las tendencias tecnol\u00f3gicas, las criptos, el metaverso y c\u00f3mo vincularnos en la virtualidad.<\/span><\/p>\t\t\t\t\t\t<\/div>\n\t\t\t\t<\/div>\n\t\t\t\t\t<\/div>\n\t\t<\/div>\n\t\t\t\t<div class=\"elementor-column elementor-col-20 elementor-top-column elementor-element elementor-element-eec2417\" data-id=\"eec2417\" data-element_type=\"column\">\n\t\t\t<div class=\"elementor-widget-wrap elementor-element-populated\">\n\t\t\t\t\t\t\t\t<div class=\"elementor-element elementor-element-a405c48 elementor-widget elementor-widget-text-editor\" data-id=\"a405c48\" data-element_type=\"widget\" data-widget_type=\"text-editor.default\">\n\t\t\t\t<div class=\"elementor-widget-container\">\n\t\t\t\t\t\t\t\t<p><a href=\"http:\/\/www.instagram.com\/matiasdelaguerra\">Mat\u00edas De la Guerra<\/a><\/p>\t\t\t\t\t\t<\/div>\n\t\t\t\t<\/div>\n\t\t\t\t<div class=\"elementor-element elementor-element-308ff60 elementor-widget elementor-widget-text-editor\" data-id=\"308ff60\" data-element_type=\"widget\" data-widget_type=\"text-editor.default\">\n\t\t\t\t<div class=\"elementor-widget-container\">\n\t\t\t\t\t\t\t\t<p><span style=\"font-weight: 400;\">Se encuentra viviendo en Zona Imaginaria, desde que particip\u00f3 del programa de Artistas del Di Tella 2019\/2020. Pas\u00f3 de ser artista residente a ser reincidente\/resistente. Atraves\u00f3 la estricta cuarentena solo en ZI. Mat\u00edas es el <\/span>anfitri\u00f3n<span style=\"font-weight: 400;\"> de la casa, acompa\u00f1a a los artistas durante la residencia. Tambi\u00e9n se hace cargo de la imagen de Zona, tanto en fotograf\u00eda como en video. <\/span><span style=\"font-weight: 400;\">Desarrolla su producci\u00f3n de cer\u00e1mica amarilla en el taller de ZI con la asistencia de Glori.<\/span><\/p>\t\t\t\t\t\t<\/div>\n\t\t\t\t<\/div>\n\t\t\t\t\t<\/div>\n\t\t<\/div>\n\t\t\t\t<div class=\"elementor-column elementor-col-20 elementor-top-column elementor-element elementor-element-9f9aa03\" data-id=\"9f9aa03\" data-element_type=\"column\">\n\t\t\t<div class=\"elementor-widget-wrap elementor-element-populated\">\n\t\t\t\t\t\t\t\t<div class=\"elementor-element elementor-element-d9f5168 elementor-widget elementor-widget-text-editor\" data-id=\"d9f5168\" data-element_type=\"widget\" data-widget_type=\"text-editor.default\">\n\t\t\t\t<div class=\"elementor-widget-container\">\n\t\t\t\t\t\t\t\t<p><a href=\"https:\/\/www.instagram.com\/gloriiirojas\/\" target=\"_blank\" rel=\"noopener\">Gloria Rojas<\/a><\/p>\t\t\t\t\t\t<\/div>\n\t\t\t\t<\/div>\n\t\t\t\t<div class=\"elementor-element elementor-element-0d64d3c elementor-widget elementor-widget-text-editor\" data-id=\"0d64d3c\" data-element_type=\"widget\" data-widget_type=\"text-editor.default\">\n\t\t\t\t<div class=\"elementor-widget-container\">\n\t\t\t\t\t\t\t\t<p><span style=\"font-weight: 400;\">Trabaja en Zona desde 2008. Se encarga del mantenimiento general, el cuidado del jard\u00edn, el orden de la casa y la organizaci\u00f3n del taller. Es activa en los talleres, particip\u00f3 del taller de Huerta INTA durante dos a\u00f1os y los talleres de cer\u00e1mica con Lucila Guerrero. Hoy est\u00e1 a cargo del taller de Cer\u00e1mica, produce su obra y asiste a los artistas con sus trabajos. Particip\u00f3 de la Feria de Arte Espacio\u00a0 y su producci\u00f3n de cer\u00e1micas\u00a0 se vende en ZI.<\/span><\/p>\t\t\t\t\t\t<\/div>\n\t\t\t\t<\/div>\n\t\t\t\t\t<\/div>\n\t\t<\/div>\n\t\t\t\t<div class=\"elementor-column elementor-col-20 elementor-top-column elementor-element elementor-element-5d8e256\" data-id=\"5d8e256\" data-element_type=\"column\">\n\t\t\t<div class=\"elementor-widget-wrap elementor-element-populated\">\n\t\t\t\t\t\t\t\t<div class=\"elementor-element elementor-element-c38f5d6 elementor-widget elementor-widget-text-editor\" data-id=\"c38f5d6\" data-element_type=\"widget\" data-widget_type=\"text-editor.default\">\n\t\t\t\t<div class=\"elementor-widget-container\">\n\t\t\t\t\t\t\t\t<p><a href=\"https:\/\/www.instagram.com\/larairirara\/\" target=\"_blank\" rel=\"noopener\">Lara Gimenez<\/a><\/p>\t\t\t\t\t\t<\/div>\n\t\t\t\t<\/div>\n\t\t\t\t<div class=\"elementor-element elementor-element-b31ae38 elementor-widget elementor-widget-text-editor\" data-id=\"b31ae38\" data-element_type=\"widget\" data-widget_type=\"text-editor.default\">\n\t\t\t\t<div class=\"elementor-widget-container\">\n\t\t\t\t\t\t\t\t<p><span style=\"font-weight: 400;\">Lara es vecina del barrio, vive en la esquina del frente de ZI. Concurre a Zona desde chica,\u00a0 donde particip\u00f3 del taller de fotograf\u00eda con Carolina Magnin, tambi\u00e9n aprendi\u00f3 Serigraf\u00eda con &#8220;Las sin Futuro&#8221;. Hoy cursa Artes Visuales en el IUNA. Su\u00a0 rol es activo en Zona, es la docente de PA,\u00a0 el taller gratuito Peque\u00f1os Aprendices para ni\u00f1os del barrio. Tiene su propio espacio en ZI de producci\u00f3n de Seri y asiste en proyectos como Arte Compostado 2022 y Tintes Naturales entre otros.<\/span><\/p>\t\t\t\t\t\t<\/div>\n\t\t\t\t<\/div>\n\t\t\t\t\t<\/div>\n\t\t<\/div>\n\t\t\t\t\t\t\t<\/div>\n\t\t<\/section>\n\t\t\t\t<section class=\"elementor-section elementor-top-section elementor-element elementor-element-c0e1404 elementor-section-boxed elementor-section-height-default elementor-section-height-default\" data-id=\"c0e1404\" data-element_type=\"section\">\n\t\t\t\t\t\t<div class=\"elementor-container elementor-column-gap-default\">\n\t\t\t\t\t<div class=\"elementor-column elementor-col-100 elementor-top-column elementor-element elementor-element-3b8163c\" data-id=\"3b8163c\" data-element_type=\"column\">\n\t\t\t<div class=\"elementor-widget-wrap elementor-element-populated\">\n\t\t\t\t\t\t\t\t<div class=\"elementor-element elementor-element-b4119bb elementor-widget elementor-widget-spacer\" data-id=\"b4119bb\" data-element_type=\"widget\" data-widget_type=\"spacer.default\">\n\t\t\t\t<div class=\"elementor-widget-container\">\n\t\t\t\t\t<div class=\"elementor-spacer\">\n\t\t\t<div class=\"elementor-spacer-inner\"><\/div>\n\t\t<\/div>\n\t\t\t\t<\/div>\n\t\t\t\t<\/div>\n\t\t\t\t\t<\/div>\n\t\t<\/div>\n\t\t\t\t\t\t\t<\/div>\n\t\t<\/section>\n\t\t\t\t<section class=\"elementor-section elementor-top-section elementor-element elementor-element-518bfff elementor-section-boxed elementor-section-height-default elementor-section-height-default\" data-id=\"518bfff\" data-element_type=\"section\" data-settings=\"{&quot;background_background&quot;:&quot;classic&quot;}\">\n\t\t\t\t\t\t<div class=\"elementor-container elementor-column-gap-default\">\n\t\t\t\t\t<div class=\"elementor-column elementor-col-50 elementor-top-column elementor-element elementor-element-0061a36\" data-id=\"0061a36\" data-element_type=\"column\" data-settings=\"{&quot;background_background&quot;:&quot;classic&quot;}\">\n\t\t\t<div class=\"elementor-widget-wrap elementor-element-populated\">\n\t\t\t\t\t\t\t\t<div class=\"elementor-element elementor-element-32165c7 elementor-widget elementor-widget-text-editor\" data-id=\"32165c7\" data-element_type=\"widget\" data-widget_type=\"text-editor.default\">\n\t\t\t\t<div class=\"elementor-widget-container\">\n\t\t\t\t\t\t\t\t<p class=\"style1 style22\" align=\"left\"><span class=\"style48\">info@zonaimaginaria.com.ar<\/span><\/p>\t\t\t\t\t\t<\/div>\n\t\t\t\t<\/div>\n\t\t\t\t<div class=\"elementor-element elementor-element-0739a49 elementor-widget elementor-widget-heading\" data-id=\"0739a49\" data-element_type=\"widget\" data-widget_type=\"heading.default\">\n\t\t\t\t<div class=\"elementor-widget-container\">\n\t\t\t<span class=\"elementor-heading-title elementor-size-default\">where are we?\n<\/span>\t\t<\/div>\n\t\t\t\t<\/div>\n\t\t\t\t<div class=\"elementor-element elementor-element-5dc5a87 elementor-align-left elementor-tablet-align-left elementor-widget elementor-widget-button\" data-id=\"5dc5a87\" data-element_type=\"widget\" data-widget_type=\"button.default\">\n\t\t\t\t<div class=\"elementor-widget-container\">\n\t\t\t\t\t<div class=\"elementor-button-wrapper\">\n\t\t\t<a href=\"https:\/\/goo.gl\/maps\/NtDbBGh1oKkYDf2y5\" class=\"elementor-button-link elementor-button elementor-size-sm\" role=\"button\">\n\t\t\t\t\t\t<span class=\"elementor-button-content-wrapper\">\n\t\t\t\t\t\t<span class=\"elementor-button-text\">Chile 3386 - Victoria, (1644) San Fernando, Buenos Aires, Argentina.<\/span>\n\t\t<\/span>\n\t\t\t\t\t<\/a>\n\t\t<\/div>\n\t\t\t\t<\/div>\n\t\t\t\t<\/div>\n\t\t\t\t<div class=\"elementor-element elementor-element-2ca3e06 elementor-widget elementor-widget-heading\" data-id=\"2ca3e06\" data-element_type=\"widget\" data-widget_type=\"heading.default\">\n\t\t\t\t<div class=\"elementor-widget-container\">\n\t\t\t<span class=\"elementor-heading-title elementor-size-default\">Follow us on:<\/span>\t\t<\/div>\n\t\t\t\t<\/div>\n\t\t\t\t<div class=\"elementor-element elementor-element-03b4f1c elementor-shape-circle e-grid-align-left elementor-grid-0 elementor-widget elementor-widget-social-icons\" data-id=\"03b4f1c\" data-element_type=\"widget\" data-widget_type=\"social-icons.default\">\n\t\t\t\t<div class=\"elementor-widget-container\">\n\t\t\t\t\t<div class=\"elementor-social-icons-wrapper elementor-grid\">\n\t\t\t\t\t\t\t<div class=\"elementor-grid-item\">\n\t\t\t\t\t<a class=\"elementor-icon elementor-social-icon elementor-social-icon-instagram elementor-repeater-item-9bc3c39\" href=\"https:\/\/www.instagram.com\/zonaimaginariataller\/\" target=\"_blank\">\n\t\t\t\t\t\t<span class=\"elementor-screen-only\">Instagram<\/span>\n\t\t\t\t\t\t<i class=\"fab fa-instagram\"><\/i>\t\t\t\t\t<\/a>\n\t\t\t\t<\/div>\n\t\t\t\t\t\t\t<div class=\"elementor-grid-item\">\n\t\t\t\t\t<a class=\"elementor-icon elementor-social-icon elementor-social-icon-facebook-f elementor-repeater-item-729f88c\" href=\"https:\/\/www.facebook.com\/zonaimaginaria.casa.taller.residencia\" target=\"_blank\">\n\t\t\t\t\t\t<span class=\"elementor-screen-only\">Facebook-f<\/span>\n\t\t\t\t\t\t<i class=\"fab fa-facebook-f\"><\/i>\t\t\t\t\t<\/a>\n\t\t\t\t<\/div>\n\t\t\t\t\t\t\t<div class=\"elementor-grid-item\">\n\t\t\t\t\t<a class=\"elementor-icon elementor-social-icon elementor-social-icon-vimeo elementor-repeater-item-c145794\" href=\"https:\/\/vimeo.com\/zonaimaginaria\" target=\"_blank\">\n\t\t\t\t\t\t<span class=\"elementor-screen-only\">Vimeo<\/span>\n\t\t\t\t\t\t<i class=\"fab fa-vimeo\"><\/i>\t\t\t\t\t<\/a>\n\t\t\t\t<\/div>\n\t\t\t\t\t<\/div>\n\t\t\t\t<\/div>\n\t\t\t\t<\/div>\n\t\t\t\t\t<\/div>\n\t\t<\/div>\n\t\t\t\t<div class=\"elementor-column elementor-col-50 elementor-top-column elementor-element elementor-element-a8d6e7f\" data-id=\"a8d6e7f\" data-element_type=\"column\" data-settings=\"{&quot;background_background&quot;:&quot;classic&quot;}\">\n\t\t\t<div class=\"elementor-widget-wrap elementor-element-populated\">\n\t\t\t\t\t\t\t\t<div class=\"elementor-element elementor-element-24c12a3 elementor-widget elementor-widget-image\" data-id=\"24c12a3\" data-element_type=\"widget\" data-widget_type=\"image.default\">\n\t\t\t\t<div class=\"elementor-widget-container\">\n\t\t\t\t\t\t\t\t\t\t\t\t\t\t\t<img width=\"1024\" height=\"575\" src=\"https:\/\/zonaimaginaria.com.ar\/web\/wp-content\/uploads\/2021\/10\/Demolicion-C1-w-1024x575.jpg\" class=\"attachment-large size-large\" alt=\"\" loading=\"lazy\" srcset=\"https:\/\/zonaimaginaria.com.ar\/web\/wp-content\/uploads\/2021\/10\/Demolicion-C1-w-1024x575.jpg 1024w, https:\/\/zonaimaginaria.com.ar\/web\/wp-content\/uploads\/2021\/10\/Demolicion-C1-w-300x169.jpg 300w, https:\/\/zonaimaginaria.com.ar\/web\/wp-content\/uploads\/2021\/10\/Demolicion-C1-w-768x431.jpg 768w, https:\/\/zonaimaginaria.com.ar\/web\/wp-content\/uploads\/2021\/10\/Demolicion-C1-w-1140x641.jpg 1140w, https:\/\/zonaimaginaria.com.ar\/web\/wp-content\/uploads\/2021\/10\/Demolicion-C1-w-720x405.jpg 720w, https:\/\/zonaimaginaria.com.ar\/web\/wp-content\/uploads\/2021\/10\/Demolicion-C1-w.jpg 1200w\" sizes=\"(max-width: 1024px) 100vw, 1024px\" \/>\t\t\t\t\t\t\t\t\t\t\t\t\t\t\t<\/div>\n\t\t\t\t<\/div>\n\t\t\t\t\t<\/div>\n\t\t<\/div>\n\t\t\t\t\t\t\t<\/div>\n\t\t<\/section>\n\t\t\t\t\t\t<\/div>\n\t\t\t\t\t<\/div>\n\t\t","protected":false},"excerpt":{"rendered":"<p>Team Founder and director:Lucrecia UrbanoGeneral management:Josefina Pereyra Iraola\u00a0Press and diffusion:\u00a0Mat\u00edas De la Guerra\u00a0Homemade and Ceramics Workshop:Gloria Rojas\u00a0Coordinator of the Little Apprentices workshop:Lara Gimenez Lucrecia Urbano Artista y gestora. Egres\u00f3 de la Universidad Nacional de C\u00f3rdoba como Licenciada en Grabado. Realiz\u00f3 especializaciones de fotograbado no-t\u00f3xico. En 2008 abri\u00f3 las puertas de Zona Imaginaria donde recibe en&hellip;<\/p>\n","protected":false},"author":1,"featured_media":0,"parent":0,"menu_order":0,"comment_status":"closed","ping_status":"closed","template":"elementor_theme","meta":[],"_links":{"self":[{"href":"https:\/\/zonaimaginaria.com.ar\/web\/wp-json\/wp\/v2\/pages\/6379"}],"collection":[{"href":"https:\/\/zonaimaginaria.com.ar\/web\/wp-json\/wp\/v2\/pages"}],"about":[{"href":"https:\/\/zonaimaginaria.com.ar\/web\/wp-json\/wp\/v2\/types\/page"}],"author":[{"embeddable":true,"href":"https:\/\/zonaimaginaria.com.ar\/web\/wp-json\/wp\/v2\/users\/1"}],"replies":[{"embeddable":true,"href":"https:\/\/zonaimaginaria.com.ar\/web\/wp-json\/wp\/v2\/comments?post=6379"}],"version-history":[{"count":4,"href":"https:\/\/zonaimaginaria.com.ar\/web\/wp-json\/wp\/v2\/pages\/6379\/revisions"}],"predecessor-version":[{"id":6383,"href":"https:\/\/zonaimaginaria.com.ar\/web\/wp-json\/wp\/v2\/pages\/6379\/revisions\/6383"}],"wp:attachment":[{"href":"https:\/\/zonaimaginaria.com.ar\/web\/wp-json\/wp\/v2\/media?parent=6379"}],"curies":[{"name":"wp","href":"https:\/\/api.w.org\/{rel}","templated":true}]}}