{"id":4717,"date":"2022-03-03T15:31:26","date_gmt":"2022-03-03T18:31:26","guid":{"rendered":"https:\/\/zonaimaginaria.com.ar\/web\/?page_id=4717"},"modified":"2022-03-03T15:47:55","modified_gmt":"2022-03-03T18:47:55","slug":"dominique-vispo","status":"publish","type":"page","link":"https:\/\/zonaimaginaria.com.ar\/web\/dominique-vispo\/","title":{"rendered":"Dominique Vispo"},"content":{"rendered":"\t\t<div data-elementor-type=\"wp-page\" data-elementor-id=\"4717\" class=\"elementor elementor-4717\" data-elementor-settings=\"[]\">\n\t\t\t\t\t\t\t<div class=\"elementor-section-wrap\">\n\t\t\t\t\t\t\t<section class=\"elementor-section elementor-top-section elementor-element elementor-element-4f2921b8 elementor-section-height-min-height elementor-section-stretched elementor-section-full_width elementor-section-height-default elementor-section-items-middle\" data-id=\"4f2921b8\" data-element_type=\"section\" data-settings=\"{&quot;stretch_section&quot;:&quot;section-stretched&quot;}\">\n\t\t\t\t\t\t<div class=\"elementor-container elementor-column-gap-default\">\n\t\t\t\t\t<div class=\"elementor-column elementor-col-100 elementor-top-column elementor-element elementor-element-a2913a7\" data-id=\"a2913a7\" data-element_type=\"column\">\n\t\t\t<div class=\"elementor-widget-wrap elementor-element-populated\">\n\t\t\t\t\t\t\t\t<div class=\"elementor-element elementor-element-6bff9717 elementor-widget elementor-widget-image\" data-id=\"6bff9717\" data-element_type=\"widget\" data-widget_type=\"image.default\">\n\t\t\t\t<div class=\"elementor-widget-container\">\n\t\t\t\t\t\t\t\t\t\t\t\t\t\t\t<img width=\"1200\" height=\"504\" src=\"https:\/\/zonaimaginaria.com.ar\/web\/wp-content\/uploads\/2022\/03\/DominiqueVispo-Portada.jpg\" class=\"attachment-full size-full\" alt=\"\" loading=\"lazy\" srcset=\"https:\/\/zonaimaginaria.com.ar\/web\/wp-content\/uploads\/2022\/03\/DominiqueVispo-Portada.jpg 1200w, https:\/\/zonaimaginaria.com.ar\/web\/wp-content\/uploads\/2022\/03\/DominiqueVispo-Portada-300x126.jpg 300w, https:\/\/zonaimaginaria.com.ar\/web\/wp-content\/uploads\/2022\/03\/DominiqueVispo-Portada-1024x430.jpg 1024w, https:\/\/zonaimaginaria.com.ar\/web\/wp-content\/uploads\/2022\/03\/DominiqueVispo-Portada-768x323.jpg 768w\" sizes=\"(max-width: 1200px) 100vw, 1200px\" \/>\t\t\t\t\t\t\t\t\t\t\t\t\t\t\t<\/div>\n\t\t\t\t<\/div>\n\t\t\t\t\t<\/div>\n\t\t<\/div>\n\t\t\t\t\t\t\t<\/div>\n\t\t<\/section>\n\t\t\t\t<section class=\"elementor-section elementor-top-section elementor-element elementor-element-6a690bc9 elementor-section-stretched elementor-section-boxed elementor-section-height-default elementor-section-height-default\" data-id=\"6a690bc9\" data-element_type=\"section\" data-settings=\"{&quot;stretch_section&quot;:&quot;section-stretched&quot;,&quot;background_background&quot;:&quot;classic&quot;}\">\n\t\t\t\t\t\t<div class=\"elementor-container elementor-column-gap-default\">\n\t\t\t\t\t<div class=\"elementor-column elementor-col-100 elementor-top-column elementor-element elementor-element-1f54cca5\" data-id=\"1f54cca5\" data-element_type=\"column\">\n\t\t\t<div class=\"elementor-widget-wrap elementor-element-populated\">\n\t\t\t\t\t\t\t\t<div class=\"elementor-element elementor-element-2b3acf57 elementor-widget elementor-widget-heading\" data-id=\"2b3acf57\" data-element_type=\"widget\" data-widget_type=\"heading.default\">\n\t\t\t\t<div class=\"elementor-widget-container\">\n\t\t\t<h2 class=\"elementor-heading-title elementor-size-medium\">ZI RESIDENCIA Qui\u00e9n puede vivir en esta casa?<\/h2>\t\t<\/div>\n\t\t\t\t<\/div>\n\t\t\t\t\t<\/div>\n\t\t<\/div>\n\t\t\t\t\t\t\t<\/div>\n\t\t<\/section>\n\t\t\t\t<section class=\"elementor-section elementor-top-section elementor-element elementor-element-4cbd1cb7 elementor-section-stretched elementor-section-height-min-height elementor-section-boxed elementor-section-height-default elementor-section-items-middle\" data-id=\"4cbd1cb7\" data-element_type=\"section\" data-settings=\"{&quot;stretch_section&quot;:&quot;section-stretched&quot;}\">\n\t\t\t\t\t\t<div class=\"elementor-container elementor-column-gap-default\">\n\t\t\t\t\t<div class=\"elementor-column elementor-col-100 elementor-top-column elementor-element elementor-element-21bbcbf2\" data-id=\"21bbcbf2\" data-element_type=\"column\">\n\t\t\t<div class=\"elementor-widget-wrap elementor-element-populated\">\n\t\t\t\t\t\t\t\t<div class=\"elementor-element elementor-element-1ad7fcf6 elementor-widget elementor-widget-heading\" data-id=\"1ad7fcf6\" data-element_type=\"widget\" data-widget_type=\"heading.default\">\n\t\t\t\t<div class=\"elementor-widget-container\">\n\t\t\t<h2 class=\"elementor-heading-title elementor-size-default\">DOMINIQUE VISPO \u00b7 Buenos Aires, Argentina \u00b7 Marzo 2016<\/h2>\t\t<\/div>\n\t\t\t\t<\/div>\n\t\t\t\t<div class=\"elementor-element elementor-element-472e5821 elementor-widget elementor-widget-text-editor\" data-id=\"472e5821\" data-element_type=\"widget\" data-widget_type=\"text-editor.default\">\n\t\t\t\t<div class=\"elementor-widget-container\">\n\t\t\t\t\t\t\t\t<h6><span style=\"color: #999999;\">+ Residencia Nacional<\/span><\/h6><h6><span style=\"color: #999999;\">+ Proyecto <em>Las paredes como identidad<\/em>\u00a0<\/span><\/h6><h6><span style=\"color: #999999;\">+ Recorrido por el barrio <\/span><\/h6><h6><span style=\"color: #999999;\">+ Encuentros con artistas<\/span><\/h6>\t\t\t\t\t\t<\/div>\n\t\t\t\t<\/div>\n\t\t\t\t\t<\/div>\n\t\t<\/div>\n\t\t\t\t\t\t\t<\/div>\n\t\t<\/section>\n\t\t\t\t<section class=\"elementor-section elementor-top-section elementor-element elementor-element-68456436 elementor-section-stretched elementor-section-boxed elementor-section-height-default elementor-section-height-default\" data-id=\"68456436\" data-element_type=\"section\" data-settings=\"{&quot;stretch_section&quot;:&quot;section-stretched&quot;}\">\n\t\t\t\t\t\t<div class=\"elementor-container elementor-column-gap-default\">\n\t\t\t\t\t<div class=\"elementor-column elementor-col-100 elementor-top-column elementor-element elementor-element-58ea61ff\" data-id=\"58ea61ff\" data-element_type=\"column\">\n\t\t\t<div class=\"elementor-widget-wrap elementor-element-populated\">\n\t\t\t\t\t\t\t\t<div class=\"elementor-element elementor-element-550ee518 elementor-widget elementor-widget-text-editor\" data-id=\"550ee518\" data-element_type=\"widget\" data-widget_type=\"text-editor.default\">\n\t\t\t\t<div class=\"elementor-widget-container\">\n\t\t\t\t\t\t\t\t<p class=\"style1\"><strong>Sobre los proyectos<\/strong><\/p><p><strong>Las paredes como identidad<\/strong><\/p><p><span data-contrast=\"none\">El proyecto desarrollado dentro del marco de Residencia ZI, comenz\u00f3 como una propuesta abierta para generar un v\u00ednculo social-art\u00edstico. Mediante intervenciones en diferentes puntos del barrio Villa Jard\u00edn y San Isidro, buscamos generar un mismo lenguaje entre la comunidad y su historia; con el arte en obras concretas en el contexto urbano, y la comunicaci\u00f3n interpersonal.\u00a0<\/span><span data-ccp-props=\"{&quot;335551550&quot;:6,&quot;335551620&quot;:6,&quot;335559731&quot;:708,&quot;335559739&quot;:200}\">\u00a0<\/span><\/p><p><span data-contrast=\"none\">Recorrimos los barrios buscando identificar espacios donde el car\u00e1cter de la comunidad estuviese presente, tanto en espacios p\u00fablicos como en frentes de casas particulares. Este escenario y su propuesta provoc\u00f3 una reacci\u00f3n-acci\u00f3n en los vecinos que estuvieron activos en la b\u00fasqueda, aportando espont\u00e1neamente y siendo parte impresindible para llevar adelante el proyecto, asi como en los transe\u00fantes casuales. La voluntad de compartir aprendizajes y experiencias construy\u00f3 un hilo conector entre todos los que participamos, y nos dio como resultado, un tejido compartido.\u00a0<\/span><span data-ccp-props=\"{&quot;335551550&quot;:6,&quot;335551620&quot;:6,&quot;335559731&quot;:708,&quot;335559739&quot;:200}\">\u00a0<\/span><\/p><p><span data-contrast=\"none\">La nobleza de los materiales utilizados posibilit\u00f3 crear una huella tangible, un rastro sostenido en el tiempo que acompa\u00f1a lo cotidiano y adquirido. Parches de azulejos, vidrios, tazas, platos, cer\u00e1mica, y materiales de todos los colores\u00a0 ahora son parte de la composici\u00f3n urbana de San Fernando. Estos espejos y mosaicos nos reflejan rostros en movimiento, mostr\u00e1ndonos la verdadera identidad de los barrios.\u00a0<\/span><span data-ccp-props=\"{&quot;335551550&quot;:6,&quot;335551620&quot;:6,&quot;335559731&quot;:708,&quot;335559739&quot;:200}\">\u00a0<\/span><\/p>\t\t\t\t\t\t<\/div>\n\t\t\t\t<\/div>\n\t\t\t\t\t<\/div>\n\t\t<\/div>\n\t\t\t\t\t\t\t<\/div>\n\t\t<\/section>\n\t\t\t\t<section class=\"elementor-section elementor-top-section elementor-element elementor-element-14c5a3f9 elementor-section-stretched elementor-section-boxed elementor-section-height-default elementor-section-height-default\" data-id=\"14c5a3f9\" data-element_type=\"section\" data-settings=\"{&quot;stretch_section&quot;:&quot;section-stretched&quot;}\">\n\t\t\t\t\t\t<div class=\"elementor-container elementor-column-gap-default\">\n\t\t\t\t\t<div class=\"elementor-column elementor-col-50 elementor-top-column elementor-element elementor-element-40fc970d\" data-id=\"40fc970d\" data-element_type=\"column\">\n\t\t\t<div class=\"elementor-widget-wrap elementor-element-populated\">\n\t\t\t\t\t\t\t\t<div class=\"elementor-element elementor-element-215c59e2 elementor-widget elementor-widget-image\" data-id=\"215c59e2\" data-element_type=\"widget\" data-widget_type=\"image.default\">\n\t\t\t\t<div class=\"elementor-widget-container\">\n\t\t\t\t\t\t\t\t\t\t\t\t\t\t\t<img width=\"900\" height=\"675\" src=\"https:\/\/zonaimaginaria.com.ar\/web\/wp-content\/uploads\/2022\/03\/DominiqueVispo2.jpg\" class=\"attachment-large size-large\" alt=\"\" loading=\"lazy\" srcset=\"https:\/\/zonaimaginaria.com.ar\/web\/wp-content\/uploads\/2022\/03\/DominiqueVispo2.jpg 900w, https:\/\/zonaimaginaria.com.ar\/web\/wp-content\/uploads\/2022\/03\/DominiqueVispo2-300x225.jpg 300w, https:\/\/zonaimaginaria.com.ar\/web\/wp-content\/uploads\/2022\/03\/DominiqueVispo2-768x576.jpg 768w, https:\/\/zonaimaginaria.com.ar\/web\/wp-content\/uploads\/2022\/03\/DominiqueVispo2-160x120.jpg 160w\" sizes=\"(max-width: 900px) 100vw, 900px\" \/>\t\t\t\t\t\t\t\t\t\t\t\t\t\t\t<\/div>\n\t\t\t\t<\/div>\n\t\t\t\t<div class=\"elementor-element elementor-element-6de31ffd elementor-widget elementor-widget-image\" data-id=\"6de31ffd\" data-element_type=\"widget\" data-widget_type=\"image.default\">\n\t\t\t\t<div class=\"elementor-widget-container\">\n\t\t\t\t\t\t\t\t\t\t\t\t\t\t\t<img width=\"900\" height=\"675\" src=\"https:\/\/zonaimaginaria.com.ar\/web\/wp-content\/uploads\/2022\/03\/DominiqueVispo3.jpg\" class=\"attachment-large size-large\" alt=\"\" loading=\"lazy\" srcset=\"https:\/\/zonaimaginaria.com.ar\/web\/wp-content\/uploads\/2022\/03\/DominiqueVispo3.jpg 900w, https:\/\/zonaimaginaria.com.ar\/web\/wp-content\/uploads\/2022\/03\/DominiqueVispo3-300x225.jpg 300w, https:\/\/zonaimaginaria.com.ar\/web\/wp-content\/uploads\/2022\/03\/DominiqueVispo3-768x576.jpg 768w, https:\/\/zonaimaginaria.com.ar\/web\/wp-content\/uploads\/2022\/03\/DominiqueVispo3-160x120.jpg 160w\" sizes=\"(max-width: 900px) 100vw, 900px\" \/>\t\t\t\t\t\t\t\t\t\t\t\t\t\t\t<\/div>\n\t\t\t\t<\/div>\n\t\t\t\t\t<\/div>\n\t\t<\/div>\n\t\t\t\t<div class=\"elementor-column elementor-col-50 elementor-top-column elementor-element elementor-element-52d14284\" data-id=\"52d14284\" data-element_type=\"column\">\n\t\t\t<div class=\"elementor-widget-wrap elementor-element-populated\">\n\t\t\t\t\t\t\t\t<div class=\"elementor-element elementor-element-5bdb4f8 elementor-widget elementor-widget-image\" data-id=\"5bdb4f8\" data-element_type=\"widget\" data-widget_type=\"image.default\">\n\t\t\t\t<div class=\"elementor-widget-container\">\n\t\t\t\t\t\t\t\t\t\t\t\t\t\t\t<img width=\"900\" height=\"675\" src=\"https:\/\/zonaimaginaria.com.ar\/web\/wp-content\/uploads\/2022\/03\/DominiqueVispo4.jpg\" class=\"attachment-large size-large\" alt=\"\" loading=\"lazy\" srcset=\"https:\/\/zonaimaginaria.com.ar\/web\/wp-content\/uploads\/2022\/03\/DominiqueVispo4.jpg 900w, https:\/\/zonaimaginaria.com.ar\/web\/wp-content\/uploads\/2022\/03\/DominiqueVispo4-300x225.jpg 300w, https:\/\/zonaimaginaria.com.ar\/web\/wp-content\/uploads\/2022\/03\/DominiqueVispo4-768x576.jpg 768w, https:\/\/zonaimaginaria.com.ar\/web\/wp-content\/uploads\/2022\/03\/DominiqueVispo4-160x120.jpg 160w\" sizes=\"(max-width: 900px) 100vw, 900px\" \/>\t\t\t\t\t\t\t\t\t\t\t\t\t\t\t<\/div>\n\t\t\t\t<\/div>\n\t\t\t\t<div class=\"elementor-element elementor-element-571e19be elementor-widget elementor-widget-image\" data-id=\"571e19be\" data-element_type=\"widget\" data-widget_type=\"image.default\">\n\t\t\t\t<div class=\"elementor-widget-container\">\n\t\t\t\t\t\t\t\t\t\t\t\t\t\t\t<img width=\"900\" height=\"675\" src=\"https:\/\/zonaimaginaria.com.ar\/web\/wp-content\/uploads\/2022\/03\/DominiqueVispo1.jpg\" class=\"attachment-large size-large\" alt=\"\" loading=\"lazy\" srcset=\"https:\/\/zonaimaginaria.com.ar\/web\/wp-content\/uploads\/2022\/03\/DominiqueVispo1.jpg 900w, https:\/\/zonaimaginaria.com.ar\/web\/wp-content\/uploads\/2022\/03\/DominiqueVispo1-300x225.jpg 300w, https:\/\/zonaimaginaria.com.ar\/web\/wp-content\/uploads\/2022\/03\/DominiqueVispo1-768x576.jpg 768w, https:\/\/zonaimaginaria.com.ar\/web\/wp-content\/uploads\/2022\/03\/DominiqueVispo1-160x120.jpg 160w\" sizes=\"(max-width: 900px) 100vw, 900px\" \/>\t\t\t\t\t\t\t\t\t\t\t\t\t\t\t<\/div>\n\t\t\t\t<\/div>\n\t\t\t\t\t<\/div>\n\t\t<\/div>\n\t\t\t\t\t\t\t<\/div>\n\t\t<\/section>\n\t\t\t\t<section class=\"elementor-section elementor-top-section elementor-element elementor-element-7c4365f3 elementor-section-stretched elementor-section-boxed elementor-section-height-default elementor-section-height-default\" data-id=\"7c4365f3\" data-element_type=\"section\" data-settings=\"{&quot;stretch_section&quot;:&quot;section-stretched&quot;}\">\n\t\t\t\t\t\t<div class=\"elementor-container elementor-column-gap-default\">\n\t\t\t\t\t<div class=\"elementor-column elementor-col-50 elementor-top-column elementor-element elementor-element-6ba7a5ec\" data-id=\"6ba7a5ec\" data-element_type=\"column\">\n\t\t\t<div class=\"elementor-widget-wrap elementor-element-populated\">\n\t\t\t\t\t\t\t\t<div class=\"elementor-element elementor-element-7a27d6ea elementor-widget elementor-widget-button\" data-id=\"7a27d6ea\" data-element_type=\"widget\" data-widget_type=\"button.default\">\n\t\t\t\t<div class=\"elementor-widget-container\">\n\t\t\t\t\t<div class=\"elementor-button-wrapper\">\n\t\t\t<a href=\"https:\/\/zonaimaginaria.com.ar\/web\/proyectos-anteriores\/\" class=\"elementor-button-link elementor-button elementor-size-xs\" role=\"button\">\n\t\t\t\t\t\t<span class=\"elementor-button-content-wrapper\">\n\t\t\t\t\t\t<span class=\"elementor-button-text\">< volver a Proyectos Anteriores<\/span>\n\t\t<\/span>\n\t\t\t\t\t<\/a>\n\t\t<\/div>\n\t\t\t\t<\/div>\n\t\t\t\t<\/div>\n\t\t\t\t\t<\/div>\n\t\t<\/div>\n\t\t\t\t<div class=\"elementor-column elementor-col-50 elementor-top-column elementor-element elementor-element-786d6157\" data-id=\"786d6157\" data-element_type=\"column\">\n\t\t\t<div class=\"elementor-widget-wrap elementor-element-populated\">\n\t\t\t\t\t\t\t\t<div class=\"elementor-element elementor-element-58cbc2cb elementor-align-right elementor-widget elementor-widget-button\" data-id=\"58cbc2cb\" data-element_type=\"widget\" data-widget_type=\"button.default\">\n\t\t\t\t<div class=\"elementor-widget-container\">\n\t\t\t\t\t<div class=\"elementor-button-wrapper\">\n\t\t\t<a href=\"https:\/\/zonaimaginaria.com.ar\/web\/residencia-espontanea\/\" class=\"elementor-button-link elementor-button elementor-size-xs\" role=\"button\">\n\t\t\t\t\t\t<span class=\"elementor-button-content-wrapper\">\n\t\t\t\t\t\t<span class=\"elementor-button-text\">siguiente Artista Residente ><\/span>\n\t\t<\/span>\n\t\t\t\t\t<\/a>\n\t\t<\/div>\n\t\t\t\t<\/div>\n\t\t\t\t<\/div>\n\t\t\t\t\t<\/div>\n\t\t<\/div>\n\t\t\t\t\t\t\t<\/div>\n\t\t<\/section>\n\t\t\t\t\t\t<\/div>\n\t\t\t\t\t<\/div>\n\t\t","protected":false},"excerpt":{"rendered":"<p>ZI RESIDENCIA Qui\u00e9n puede vivir en esta casa? DOMINIQUE VISPO \u00b7 Buenos Aires, Argentina \u00b7 Marzo 2016 + Residencia Nacional + Proyecto Las paredes como identidad\u00a0 + Recorrido por el barrio + Encuentros con artistas Sobre los proyectos Las paredes como identidad El proyecto desarrollado dentro del marco de Residencia ZI, comenz\u00f3 como una propuesta&hellip;<\/p>\n","protected":false},"author":1,"featured_media":0,"parent":0,"menu_order":0,"comment_status":"closed","ping_status":"closed","template":"","meta":[],"_links":{"self":[{"href":"https:\/\/zonaimaginaria.com.ar\/web\/wp-json\/wp\/v2\/pages\/4717"}],"collection":[{"href":"https:\/\/zonaimaginaria.com.ar\/web\/wp-json\/wp\/v2\/pages"}],"about":[{"href":"https:\/\/zonaimaginaria.com.ar\/web\/wp-json\/wp\/v2\/types\/page"}],"author":[{"embeddable":true,"href":"https:\/\/zonaimaginaria.com.ar\/web\/wp-json\/wp\/v2\/users\/1"}],"replies":[{"embeddable":true,"href":"https:\/\/zonaimaginaria.com.ar\/web\/wp-json\/wp\/v2\/comments?post=4717"}],"version-history":[{"count":7,"href":"https:\/\/zonaimaginaria.com.ar\/web\/wp-json\/wp\/v2\/pages\/4717\/revisions"}],"predecessor-version":[{"id":4737,"href":"https:\/\/zonaimaginaria.com.ar\/web\/wp-json\/wp\/v2\/pages\/4717\/revisions\/4737"}],"wp:attachment":[{"href":"https:\/\/zonaimaginaria.com.ar\/web\/wp-json\/wp\/v2\/media?parent=4717"}],"curies":[{"name":"wp","href":"https:\/\/api.w.org\/{rel}","templated":true}]}}