{"id":4588,"date":"2022-02-23T15:04:32","date_gmt":"2022-02-23T18:04:32","guid":{"rendered":"https:\/\/zonaimaginaria.com.ar\/web\/?page_id=4588"},"modified":"2022-02-23T16:05:37","modified_gmt":"2022-02-23T19:05:37","slug":"ali-valente","status":"publish","type":"page","link":"https:\/\/zonaimaginaria.com.ar\/web\/ali-valente\/","title":{"rendered":"Ali Valente"},"content":{"rendered":"\t\t<div data-elementor-type=\"wp-page\" data-elementor-id=\"4588\" class=\"elementor elementor-4588\" data-elementor-settings=\"[]\">\n\t\t\t\t\t\t\t<div class=\"elementor-section-wrap\">\n\t\t\t\t\t\t\t<section class=\"elementor-section elementor-top-section elementor-element elementor-element-3755d773 elementor-section-height-min-height elementor-section-stretched elementor-section-full_width elementor-section-items-bottom elementor-section-content-bottom elementor-section-height-default\" data-id=\"3755d773\" data-element_type=\"section\" data-settings=\"{&quot;stretch_section&quot;:&quot;section-stretched&quot;}\">\n\t\t\t\t\t\t<div class=\"elementor-container elementor-column-gap-default\">\n\t\t\t\t\t<div class=\"elementor-column elementor-col-100 elementor-top-column elementor-element elementor-element-4c171f96\" data-id=\"4c171f96\" data-element_type=\"column\">\n\t\t\t<div class=\"elementor-widget-wrap elementor-element-populated\">\n\t\t\t\t\t\t\t\t<div class=\"elementor-element elementor-element-7a36b730 elementor-widget elementor-widget-image\" data-id=\"7a36b730\" data-element_type=\"widget\" data-widget_type=\"image.default\">\n\t\t\t\t<div class=\"elementor-widget-container\">\n\t\t\t\t\t\t\t\t\t\t\t\t\t\t\t<img width=\"1200\" height=\"504\" src=\"https:\/\/zonaimaginaria.com.ar\/web\/wp-content\/uploads\/2022\/02\/ALI-Portada.jpg\" class=\"attachment-full size-full\" alt=\"\" loading=\"lazy\" srcset=\"https:\/\/zonaimaginaria.com.ar\/web\/wp-content\/uploads\/2022\/02\/ALI-Portada.jpg 1200w, https:\/\/zonaimaginaria.com.ar\/web\/wp-content\/uploads\/2022\/02\/ALI-Portada-300x126.jpg 300w, https:\/\/zonaimaginaria.com.ar\/web\/wp-content\/uploads\/2022\/02\/ALI-Portada-1024x430.jpg 1024w, https:\/\/zonaimaginaria.com.ar\/web\/wp-content\/uploads\/2022\/02\/ALI-Portada-768x323.jpg 768w\" sizes=\"(max-width: 1200px) 100vw, 1200px\" \/>\t\t\t\t\t\t\t\t\t\t\t\t\t\t\t<\/div>\n\t\t\t\t<\/div>\n\t\t\t\t\t<\/div>\n\t\t<\/div>\n\t\t\t\t\t\t\t<\/div>\n\t\t<\/section>\n\t\t\t\t<section class=\"elementor-section elementor-top-section elementor-element elementor-element-694c3fdf elementor-section-stretched elementor-section-boxed elementor-section-height-default elementor-section-height-default\" data-id=\"694c3fdf\" data-element_type=\"section\" data-settings=\"{&quot;stretch_section&quot;:&quot;section-stretched&quot;,&quot;background_background&quot;:&quot;classic&quot;}\">\n\t\t\t\t\t\t<div class=\"elementor-container elementor-column-gap-default\">\n\t\t\t\t\t<div class=\"elementor-column elementor-col-100 elementor-top-column elementor-element elementor-element-5951194c\" data-id=\"5951194c\" data-element_type=\"column\">\n\t\t\t<div class=\"elementor-widget-wrap elementor-element-populated\">\n\t\t\t\t\t\t\t\t<div class=\"elementor-element elementor-element-24ea38a elementor-widget elementor-widget-heading\" data-id=\"24ea38a\" data-element_type=\"widget\" data-widget_type=\"heading.default\">\n\t\t\t\t<div class=\"elementor-widget-container\">\n\t\t\t<h2 class=\"elementor-heading-title elementor-size-medium\">ZI RESIDENCIA Qui\u00e9n puede vivir en esta casa?<\/h2>\t\t<\/div>\n\t\t\t\t<\/div>\n\t\t\t\t\t<\/div>\n\t\t<\/div>\n\t\t\t\t\t\t\t<\/div>\n\t\t<\/section>\n\t\t\t\t<section class=\"elementor-section elementor-top-section elementor-element elementor-element-28677a54 elementor-section-stretched elementor-section-height-min-height elementor-section-boxed elementor-section-height-default elementor-section-items-middle\" data-id=\"28677a54\" data-element_type=\"section\" data-settings=\"{&quot;stretch_section&quot;:&quot;section-stretched&quot;}\">\n\t\t\t\t\t\t<div class=\"elementor-container elementor-column-gap-default\">\n\t\t\t\t\t<div class=\"elementor-column elementor-col-100 elementor-top-column elementor-element elementor-element-2fdbb842\" data-id=\"2fdbb842\" data-element_type=\"column\">\n\t\t\t<div class=\"elementor-widget-wrap elementor-element-populated\">\n\t\t\t\t\t\t\t\t<div class=\"elementor-element elementor-element-38c10bd6 elementor-widget elementor-widget-heading\" data-id=\"38c10bd6\" data-element_type=\"widget\" data-widget_type=\"heading.default\">\n\t\t\t\t<div class=\"elementor-widget-container\">\n\t\t\t<h2 class=\"elementor-heading-title elementor-size-default\">ALI VALENTE \u00b7 La Plata, Argentina \u00b7 Febrero 2016<\/h2>\t\t<\/div>\n\t\t\t\t<\/div>\n\t\t\t\t<div class=\"elementor-element elementor-element-2cac6715 elementor-widget elementor-widget-text-editor\" data-id=\"2cac6715\" data-element_type=\"widget\" data-widget_type=\"text-editor.default\">\n\t\t\t\t<div class=\"elementor-widget-container\">\n\t\t\t\t\t\t\t\t<h6><span style=\"color: #999999;\">+ Residencia Verano con Magdalena Petroni y Danisa Chalfoun<\/span><\/h6><h6><span style=\"color: #999999;\">+ Proyecto\u00a0<\/span><\/h6><h6><span style=\"color: #999999;\">+ Encuentros con artistas <\/span><\/h6><h6><span style=\"color: #999999;\">+ Grabado<\/span><\/h6>\t\t\t\t\t\t<\/div>\n\t\t\t\t<\/div>\n\t\t\t\t\t<\/div>\n\t\t<\/div>\n\t\t\t\t\t\t\t<\/div>\n\t\t<\/section>\n\t\t\t\t<section class=\"elementor-section elementor-top-section elementor-element elementor-element-54041853 elementor-section-stretched elementor-section-boxed elementor-section-height-default elementor-section-height-default\" data-id=\"54041853\" data-element_type=\"section\" data-settings=\"{&quot;stretch_section&quot;:&quot;section-stretched&quot;}\">\n\t\t\t\t\t\t<div class=\"elementor-container elementor-column-gap-default\">\n\t\t\t\t\t<div class=\"elementor-column elementor-col-100 elementor-top-column elementor-element elementor-element-635cd68\" data-id=\"635cd68\" data-element_type=\"column\">\n\t\t\t<div class=\"elementor-widget-wrap elementor-element-populated\">\n\t\t\t\t\t\t\t\t<div class=\"elementor-element elementor-element-fbef84 elementor-widget elementor-widget-text-editor\" data-id=\"fbef84\" data-element_type=\"widget\" data-widget_type=\"text-editor.default\">\n\t\t\t\t<div class=\"elementor-widget-container\">\n\t\t\t\t\t\t\t\t<p class=\"style1\"><strong>Sobre los proyectos<\/strong><\/p><p class=\"p2\"><em>&#8216;<\/em><em>Zona imaginara es una casa y un taller, pero es tambi\u00e9n un proyecto, una calle y todo un barrio. Como nuestra residencia fue en verano tuvimos la extra\u00f1a particularidad de ver la casa casi como dormida. En esa calma se pod\u00eda percibir en cada rinc\u00f3n, latente, el movimiento cotidiano de miles de actividades, de adultos y ni\u00f1os, artistas y vecinos que pasan a diario por ah\u00ed. Pero era verano y hac\u00eda calor, y la casa, como el barrio, parec\u00eda dormir la siesta de un febrero intenso, acompa\u00f1ado de pelopinchos en las calles y manguereadas reparadoras.<\/em><\/p><p class=\"p2\"><em>La primera ma\u00f1ana descubr\u00ed la entrada de luz por la ventana de la habitaci\u00f3n, que proyectaba las sombras de un banano inquieto sobre el escritorio. Los siguientes d\u00edas al levantarme me sent\u00e9 a observar ese movimiento (por momento regular y predecible, por momentos aleatorio) y a dibujarlo, en un intento obsesivo por retener algo que se me ofrec\u00eda a la vista pero se negaba a ser fijado. Algunas tardes explor\u00e9 la vegetaci\u00f3n del jard\u00edn del taller: yuyos, flores y frascos de vidrio con agua en su interior, para recrear fotogr\u00e1ficamente un imaginario de los veranos de mi infancia. El segundo d\u00eda de la residencia, Lucrecia nos abri\u00f3 su taller y su experiencia para mostrarnos su obra y brindarnos una clase de t\u00e9cnicas de grabado no-t\u00f3xico.<\/em><\/p><p class=\"p2\"><em>Una tarde Mail\u00e9n, Lara y Candela nos acompa\u00f1aron a conocer el barrio. Fotografi\u00e9 los n\u00fameros de las casas, algunos carteles, el colorido de sus frentes, el sol bajando despacio en un atardecer calmo. Otros d\u00edas volv\u00ed a salir a recorrer el mismo camino, o a encontrar y armar otros; a darle forma con mi recorrido al barrio. Despu\u00e9s dibuj\u00e9 esos trayectos y arm\u00e9 una libreta; recolect\u00e9 ramas, cactus y pimientas del patio del jard\u00edn; recopil\u00e9 palabras y coleccion\u00e9 formas, colores y texturas. De a poco fui desplegando todo ese material sobre un escritorio, y cada cosa fue encontrando su lugar en esa constelaci\u00f3n. Un mapeo personal de c\u00f3mo viv\u00ed por 10 d\u00edas en este barrio y en esta casa.&#8217;\u00a0<\/em><\/p><p>Ali Valente\u00a0<\/p>\t\t\t\t\t\t<\/div>\n\t\t\t\t<\/div>\n\t\t\t\t\t<\/div>\n\t\t<\/div>\n\t\t\t\t\t\t\t<\/div>\n\t\t<\/section>\n\t\t\t\t<section class=\"elementor-section elementor-top-section elementor-element elementor-element-5812a60b elementor-section-stretched elementor-section-boxed elementor-section-height-default elementor-section-height-default\" data-id=\"5812a60b\" data-element_type=\"section\" data-settings=\"{&quot;stretch_section&quot;:&quot;section-stretched&quot;}\">\n\t\t\t\t\t\t<div class=\"elementor-container elementor-column-gap-default\">\n\t\t\t\t\t<div class=\"elementor-column elementor-col-50 elementor-top-column elementor-element elementor-element-39d99cb4\" data-id=\"39d99cb4\" data-element_type=\"column\">\n\t\t\t<div class=\"elementor-widget-wrap elementor-element-populated\">\n\t\t\t\t\t\t\t\t<div class=\"elementor-element elementor-element-3f1d1ab9 elementor-widget elementor-widget-image\" data-id=\"3f1d1ab9\" data-element_type=\"widget\" data-widget_type=\"image.default\">\n\t\t\t\t<div class=\"elementor-widget-container\">\n\t\t\t\t\t\t\t\t\t\t\t\t\t\t\t<img width=\"900\" height=\"675\" src=\"https:\/\/zonaimaginaria.com.ar\/web\/wp-content\/uploads\/2022\/02\/Ali1.jpg\" class=\"attachment-large size-large\" alt=\"\" loading=\"lazy\" srcset=\"https:\/\/zonaimaginaria.com.ar\/web\/wp-content\/uploads\/2022\/02\/Ali1.jpg 900w, https:\/\/zonaimaginaria.com.ar\/web\/wp-content\/uploads\/2022\/02\/Ali1-300x225.jpg 300w, https:\/\/zonaimaginaria.com.ar\/web\/wp-content\/uploads\/2022\/02\/Ali1-768x576.jpg 768w, https:\/\/zonaimaginaria.com.ar\/web\/wp-content\/uploads\/2022\/02\/Ali1-160x120.jpg 160w\" sizes=\"(max-width: 900px) 100vw, 900px\" \/>\t\t\t\t\t\t\t\t\t\t\t\t\t\t\t<\/div>\n\t\t\t\t<\/div>\n\t\t\t\t<div class=\"elementor-element elementor-element-e9039a8 elementor-widget elementor-widget-image\" data-id=\"e9039a8\" data-element_type=\"widget\" data-widget_type=\"image.default\">\n\t\t\t\t<div class=\"elementor-widget-container\">\n\t\t\t\t\t\t\t\t\t\t\t\t\t\t\t<img width=\"900\" height=\"675\" src=\"https:\/\/zonaimaginaria.com.ar\/web\/wp-content\/uploads\/2022\/02\/Ali4.jpg\" class=\"attachment-large size-large\" alt=\"\" loading=\"lazy\" srcset=\"https:\/\/zonaimaginaria.com.ar\/web\/wp-content\/uploads\/2022\/02\/Ali4.jpg 900w, https:\/\/zonaimaginaria.com.ar\/web\/wp-content\/uploads\/2022\/02\/Ali4-300x225.jpg 300w, https:\/\/zonaimaginaria.com.ar\/web\/wp-content\/uploads\/2022\/02\/Ali4-768x576.jpg 768w, https:\/\/zonaimaginaria.com.ar\/web\/wp-content\/uploads\/2022\/02\/Ali4-160x120.jpg 160w\" sizes=\"(max-width: 900px) 100vw, 900px\" \/>\t\t\t\t\t\t\t\t\t\t\t\t\t\t\t<\/div>\n\t\t\t\t<\/div>\n\t\t\t\t\t<\/div>\n\t\t<\/div>\n\t\t\t\t<div class=\"elementor-column elementor-col-50 elementor-top-column elementor-element elementor-element-d5860ca\" data-id=\"d5860ca\" data-element_type=\"column\">\n\t\t\t<div class=\"elementor-widget-wrap elementor-element-populated\">\n\t\t\t\t\t\t\t\t<div class=\"elementor-element elementor-element-6119e2f9 elementor-widget elementor-widget-image\" data-id=\"6119e2f9\" data-element_type=\"widget\" data-widget_type=\"image.default\">\n\t\t\t\t<div class=\"elementor-widget-container\">\n\t\t\t\t\t\t\t\t\t\t\t\t\t\t\t<img width=\"900\" height=\"675\" src=\"https:\/\/zonaimaginaria.com.ar\/web\/wp-content\/uploads\/2022\/02\/Ali2.jpg\" class=\"attachment-large size-large\" alt=\"\" loading=\"lazy\" srcset=\"https:\/\/zonaimaginaria.com.ar\/web\/wp-content\/uploads\/2022\/02\/Ali2.jpg 900w, https:\/\/zonaimaginaria.com.ar\/web\/wp-content\/uploads\/2022\/02\/Ali2-300x225.jpg 300w, https:\/\/zonaimaginaria.com.ar\/web\/wp-content\/uploads\/2022\/02\/Ali2-768x576.jpg 768w, https:\/\/zonaimaginaria.com.ar\/web\/wp-content\/uploads\/2022\/02\/Ali2-160x120.jpg 160w\" sizes=\"(max-width: 900px) 100vw, 900px\" \/>\t\t\t\t\t\t\t\t\t\t\t\t\t\t\t<\/div>\n\t\t\t\t<\/div>\n\t\t\t\t<div class=\"elementor-element elementor-element-61a468f4 elementor-widget elementor-widget-image\" data-id=\"61a468f4\" data-element_type=\"widget\" data-widget_type=\"image.default\">\n\t\t\t\t<div class=\"elementor-widget-container\">\n\t\t\t\t\t\t\t\t\t\t\t\t\t\t\t<img width=\"900\" height=\"675\" src=\"https:\/\/zonaimaginaria.com.ar\/web\/wp-content\/uploads\/2022\/02\/ALI3.jpg\" class=\"attachment-large size-large\" alt=\"\" loading=\"lazy\" srcset=\"https:\/\/zonaimaginaria.com.ar\/web\/wp-content\/uploads\/2022\/02\/ALI3.jpg 900w, https:\/\/zonaimaginaria.com.ar\/web\/wp-content\/uploads\/2022\/02\/ALI3-300x225.jpg 300w, https:\/\/zonaimaginaria.com.ar\/web\/wp-content\/uploads\/2022\/02\/ALI3-768x576.jpg 768w, https:\/\/zonaimaginaria.com.ar\/web\/wp-content\/uploads\/2022\/02\/ALI3-160x120.jpg 160w\" sizes=\"(max-width: 900px) 100vw, 900px\" \/>\t\t\t\t\t\t\t\t\t\t\t\t\t\t\t<\/div>\n\t\t\t\t<\/div>\n\t\t\t\t\t<\/div>\n\t\t<\/div>\n\t\t\t\t\t\t\t<\/div>\n\t\t<\/section>\n\t\t\t\t<section class=\"elementor-section elementor-top-section elementor-element elementor-element-4c273d4 elementor-section-stretched elementor-section-boxed elementor-section-height-default elementor-section-height-default\" data-id=\"4c273d4\" data-element_type=\"section\" data-settings=\"{&quot;stretch_section&quot;:&quot;section-stretched&quot;}\">\n\t\t\t\t\t\t<div class=\"elementor-container elementor-column-gap-default\">\n\t\t\t\t\t<div class=\"elementor-column elementor-col-100 elementor-top-column elementor-element elementor-element-d41b1a6\" data-id=\"d41b1a6\" data-element_type=\"column\">\n\t\t\t<div class=\"elementor-widget-wrap elementor-element-populated\">\n\t\t\t\t\t\t\t\t<div class=\"elementor-element elementor-element-b25aac5 elementor-widget elementor-widget-text-editor\" data-id=\"b25aac5\" data-element_type=\"widget\" data-widget_type=\"text-editor.default\">\n\t\t\t\t<div class=\"elementor-widget-container\">\n\t\t\t\t\t\t\t\t<p class=\"p2\"><strong>Alicia Valente.<\/strong> Licenciada y Profesora en Artes Pl\u00e1sticas, Orientaci\u00f3n Grabado y Arte Impreso, y Orientaci\u00f3n Escultura, de la Facultad de Bellas Artes (FBA), Universidad Nacional de La Plata (UNLP), Argentina. Estoy finalizando la maestr\u00eda en Est\u00e9tica y Teor\u00eda de la Artes (FBA- UNLP). En 20014 obtuve una beca para cursar disciplinas de la maestr\u00eda en Artes Visuales en la Universidade Estadual Paulista en la ciudad de S\u00e3o Paulo, Brasil. Ayudante de la C\u00e1tedra de Grabado B\u00e1sica (FBA- UNLP). <br \/>Soy artista visual, trabajo con arte impreso, objeto, instalaci\u00f3n y fotograf\u00eda.<\/p><p>+ info : <a href=\"https:\/\/www.instagram.com\/valente.ali\/\">Ali<\/a><\/p>\t\t\t\t\t\t<\/div>\n\t\t\t\t<\/div>\n\t\t\t\t\t<\/div>\n\t\t<\/div>\n\t\t\t\t\t\t\t<\/div>\n\t\t<\/section>\n\t\t\t\t\t\t<\/div>\n\t\t\t\t\t<\/div>\n\t\t","protected":false},"excerpt":{"rendered":"<p>ZI RESIDENCIA Qui\u00e9n puede vivir en esta casa? ALI VALENTE \u00b7 La Plata, Argentina \u00b7 Febrero 2016 + Residencia Verano con Magdalena Petroni y Danisa Chalfoun + Proyecto\u00a0 + Encuentros con artistas + Grabado Sobre los proyectos &#8216;Zona imaginara es una casa y un taller, pero es tambi\u00e9n un proyecto, una calle y todo un&hellip;<\/p>\n","protected":false},"author":1,"featured_media":0,"parent":0,"menu_order":0,"comment_status":"closed","ping_status":"closed","template":"","meta":[],"_links":{"self":[{"href":"https:\/\/zonaimaginaria.com.ar\/web\/wp-json\/wp\/v2\/pages\/4588"}],"collection":[{"href":"https:\/\/zonaimaginaria.com.ar\/web\/wp-json\/wp\/v2\/pages"}],"about":[{"href":"https:\/\/zonaimaginaria.com.ar\/web\/wp-json\/wp\/v2\/types\/page"}],"author":[{"embeddable":true,"href":"https:\/\/zonaimaginaria.com.ar\/web\/wp-json\/wp\/v2\/users\/1"}],"replies":[{"embeddable":true,"href":"https:\/\/zonaimaginaria.com.ar\/web\/wp-json\/wp\/v2\/comments?post=4588"}],"version-history":[{"count":19,"href":"https:\/\/zonaimaginaria.com.ar\/web\/wp-json\/wp\/v2\/pages\/4588\/revisions"}],"predecessor-version":[{"id":4620,"href":"https:\/\/zonaimaginaria.com.ar\/web\/wp-json\/wp\/v2\/pages\/4588\/revisions\/4620"}],"wp:attachment":[{"href":"https:\/\/zonaimaginaria.com.ar\/web\/wp-json\/wp\/v2\/media?parent=4588"}],"curies":[{"name":"wp","href":"https:\/\/api.w.org\/{rel}","templated":true}]}}