{"id":3991,"date":"2022-02-10T15:06:33","date_gmt":"2022-02-10T18:06:33","guid":{"rendered":"https:\/\/zonaimaginaria.com.ar\/web\/?page_id=3991"},"modified":"2022-02-10T15:56:59","modified_gmt":"2022-02-10T18:56:59","slug":"justo-una-imagen","status":"publish","type":"page","link":"https:\/\/zonaimaginaria.com.ar\/web\/justo-una-imagen\/","title":{"rendered":"Justo una imagen"},"content":{"rendered":"\t\t<div data-elementor-type=\"wp-page\" data-elementor-id=\"3991\" class=\"elementor elementor-3991\" data-elementor-settings=\"[]\">\n\t\t\t\t\t\t\t<div class=\"elementor-section-wrap\">\n\t\t\t\t\t\t\t<section class=\"elementor-section elementor-top-section elementor-element elementor-element-d3d63bb elementor-section-boxed elementor-section-height-default elementor-section-height-default\" data-id=\"d3d63bb\" data-element_type=\"section\">\n\t\t\t\t\t\t<div class=\"elementor-container elementor-column-gap-default\">\n\t\t\t\t\t<div class=\"elementor-column elementor-col-100 elementor-top-column elementor-element elementor-element-0b1982f\" data-id=\"0b1982f\" data-element_type=\"column\">\n\t\t\t<div class=\"elementor-widget-wrap\">\n\t\t\t\t\t\t\t\t\t<\/div>\n\t\t<\/div>\n\t\t\t\t\t\t\t<\/div>\n\t\t<\/section>\n\t\t\t\t<section class=\"elementor-section elementor-top-section elementor-element elementor-element-776f6849 elementor-section-stretched elementor-section-boxed elementor-section-height-default elementor-section-height-default\" data-id=\"776f6849\" data-element_type=\"section\" data-settings=\"{&quot;stretch_section&quot;:&quot;section-stretched&quot;}\">\n\t\t\t\t\t\t<div class=\"elementor-container elementor-column-gap-no\">\n\t\t\t\t\t<div class=\"elementor-column elementor-col-50 elementor-top-column elementor-element elementor-element-670a908c\" data-id=\"670a908c\" data-element_type=\"column\">\n\t\t\t<div class=\"elementor-widget-wrap elementor-element-populated\">\n\t\t\t\t\t\t\t\t<div class=\"elementor-element elementor-element-62bcadbd elementor-widget elementor-widget-text-editor\" data-id=\"62bcadbd\" data-element_type=\"widget\" data-widget_type=\"text-editor.default\">\n\t\t\t\t<div class=\"elementor-widget-container\">\n\t\t\t\t\t\t\t\t<h4>JUSTO UNA IMAGEN<\/h4><p>Del Pictoralismo a la Post Fotograf\u00eda.<\/p><p>De la Vanguardia al Arte Actual.<\/p>\t\t\t\t\t\t<\/div>\n\t\t\t\t<\/div>\n\t\t\t\t\t<\/div>\n\t\t<\/div>\n\t\t\t\t<div class=\"elementor-column elementor-col-25 elementor-top-column elementor-element elementor-element-22bf1b6e\" data-id=\"22bf1b6e\" data-element_type=\"column\">\n\t\t\t<div class=\"elementor-widget-wrap elementor-element-populated\">\n\t\t\t\t\t\t\t\t<div class=\"elementor-element elementor-element-e1da9dd elementor-widget elementor-widget-text-editor\" data-id=\"e1da9dd\" data-element_type=\"widget\" data-widget_type=\"text-editor.default\">\n\t\t\t\t<div class=\"elementor-widget-container\">\n\t\t\t\t\t\t\t\t<h6>Rossana Simonassi (Buenos Aires, Argentina)<\/h6>\t\t\t\t\t\t<\/div>\n\t\t\t\t<\/div>\n\t\t\t\t\t<\/div>\n\t\t<\/div>\n\t\t\t\t<div class=\"elementor-column elementor-col-25 elementor-top-column elementor-element elementor-element-3e286302\" data-id=\"3e286302\" data-element_type=\"column\">\n\t\t\t<div class=\"elementor-widget-wrap elementor-element-populated\">\n\t\t\t\t\t\t\t\t<div class=\"elementor-element elementor-element-5d999294 elementor-widget elementor-widget-image\" data-id=\"5d999294\" data-element_type=\"widget\" data-widget_type=\"image.default\">\n\t\t\t\t<div class=\"elementor-widget-container\">\n\t\t\t\t\t\t\t\t\t\t\t\t\t\t\t<img width=\"428\" height=\"428\" src=\"https:\/\/zonaimaginaria.com.ar\/web\/wp-content\/uploads\/2022\/02\/Rossana.jpg\" class=\"attachment-large size-large\" alt=\"\" loading=\"lazy\" srcset=\"https:\/\/zonaimaginaria.com.ar\/web\/wp-content\/uploads\/2022\/02\/Rossana.jpg 428w, https:\/\/zonaimaginaria.com.ar\/web\/wp-content\/uploads\/2022\/02\/Rossana-300x300.jpg 300w, https:\/\/zonaimaginaria.com.ar\/web\/wp-content\/uploads\/2022\/02\/Rossana-150x150.jpg 150w\" sizes=\"(max-width: 428px) 100vw, 428px\" \/>\t\t\t\t\t\t\t\t\t\t\t\t\t\t\t<\/div>\n\t\t\t\t<\/div>\n\t\t\t\t\t<\/div>\n\t\t<\/div>\n\t\t\t\t\t\t\t<\/div>\n\t\t<\/section>\n\t\t\t\t<section class=\"elementor-section elementor-top-section elementor-element elementor-element-5f243be2 elementor-section-height-min-height elementor-section-stretched elementor-section-boxed elementor-section-height-default elementor-section-items-middle\" data-id=\"5f243be2\" data-element_type=\"section\" data-settings=\"{&quot;stretch_section&quot;:&quot;section-stretched&quot;}\">\n\t\t\t\t\t\t<div class=\"elementor-container elementor-column-gap-default\">\n\t\t\t\t\t<div class=\"elementor-column elementor-col-100 elementor-top-column elementor-element elementor-element-734eab06\" data-id=\"734eab06\" data-element_type=\"column\">\n\t\t\t<div class=\"elementor-widget-wrap elementor-element-populated\">\n\t\t\t\t\t\t\t\t<div class=\"elementor-element elementor-element-5370b8d9 elementor-widget elementor-widget-image\" data-id=\"5370b8d9\" data-element_type=\"widget\" data-widget_type=\"image.default\">\n\t\t\t\t<div class=\"elementor-widget-container\">\n\t\t\t\t\t\t\t\t\t\t\t\t\t\t\t<img width=\"1024\" height=\"510\" src=\"https:\/\/zonaimaginaria.com.ar\/web\/wp-content\/uploads\/2022\/02\/JUSTO1-Portada-1024x510.jpg\" class=\"attachment-large size-large\" alt=\"\" loading=\"lazy\" srcset=\"https:\/\/zonaimaginaria.com.ar\/web\/wp-content\/uploads\/2022\/02\/JUSTO1-Portada-1024x510.jpg 1024w, https:\/\/zonaimaginaria.com.ar\/web\/wp-content\/uploads\/2022\/02\/JUSTO1-Portada-300x150.jpg 300w, https:\/\/zonaimaginaria.com.ar\/web\/wp-content\/uploads\/2022\/02\/JUSTO1-Portada-768x383.jpg 768w, https:\/\/zonaimaginaria.com.ar\/web\/wp-content\/uploads\/2022\/02\/JUSTO1-Portada.jpg 1200w\" sizes=\"(max-width: 1024px) 100vw, 1024px\" \/>\t\t\t\t\t\t\t\t\t\t\t\t\t\t\t<\/div>\n\t\t\t\t<\/div>\n\t\t\t\t\t<\/div>\n\t\t<\/div>\n\t\t\t\t\t\t\t<\/div>\n\t\t<\/section>\n\t\t\t\t<section class=\"elementor-section elementor-top-section elementor-element elementor-element-78558720 elementor-section-boxed elementor-section-height-default elementor-section-height-default\" data-id=\"78558720\" data-element_type=\"section\" data-settings=\"{&quot;background_background&quot;:&quot;classic&quot;}\">\n\t\t\t\t\t\t<div class=\"elementor-container elementor-column-gap-default\">\n\t\t\t\t\t<div class=\"elementor-column elementor-col-100 elementor-top-column elementor-element elementor-element-411569d8\" data-id=\"411569d8\" data-element_type=\"column\">\n\t\t\t<div class=\"elementor-widget-wrap elementor-element-populated\">\n\t\t\t\t\t\t\t\t<div class=\"elementor-element elementor-element-573c20fc elementor-widget elementor-widget-heading\" data-id=\"573c20fc\" data-element_type=\"widget\" data-widget_type=\"heading.default\">\n\t\t\t\t<div class=\"elementor-widget-container\">\n\t\t\t<h2 class=\"elementor-heading-title elementor-size-default\">ZI Talleres \u00b7 JUSTO UNA IMAGEN \u00b7  2014 2015<\/h2>\t\t<\/div>\n\t\t\t\t<\/div>\n\t\t\t\t\t<\/div>\n\t\t<\/div>\n\t\t\t\t\t\t\t<\/div>\n\t\t<\/section>\n\t\t\t\t<section class=\"elementor-section elementor-top-section elementor-element elementor-element-5bd4eea elementor-section-boxed elementor-section-height-default elementor-section-height-default\" data-id=\"5bd4eea\" data-element_type=\"section\">\n\t\t\t\t\t\t<div class=\"elementor-container elementor-column-gap-default\">\n\t\t\t\t\t<div class=\"elementor-column elementor-col-100 elementor-top-column elementor-element elementor-element-59e2654f\" data-id=\"59e2654f\" data-element_type=\"column\">\n\t\t\t<div class=\"elementor-widget-wrap elementor-element-populated\">\n\t\t\t\t\t\t\t\t<div class=\"elementor-element elementor-element-64574d50 elementor-widget elementor-widget-text-editor\" data-id=\"64574d50\" data-element_type=\"widget\" data-widget_type=\"text-editor.default\">\n\t\t\t\t<div class=\"elementor-widget-container\">\n\t\t\t\t\t\t\t\t<div class=\"page\" title=\"Page 2\"><div class=\"section\"><div class=\"layoutArea\"><div class=\"column\"><p><strong>Un seminario compacto para incursionar e informarse sobre el mundo de la fotograf\u00eda y las artes visuales desde una perspectiva te\u00f3rica.<\/strong>\u00a0<\/p><p>\u00bfQu\u00e9 camino recorri\u00f3 la fotograf\u00eda? C\u00f3mo educ\u00f3 nuestra mirada y c\u00f3mo se convirti\u00f3 en &#8220;obra&#8221;: Partiendo de la idea de que la fotograf\u00eda mut\u00f3 sobreviviendo y expandiendose en el \u00e1mbito del arte contempor\u00e1neo, la intenci\u00f3n del seminario es repasar los momentos y el racimo de artistas que la utilizaron. Artistas, autores, t\u00e9cnicas y movimientos que se concatenaron para llegar a lo que hoy podemos entender como Artes Visuales y la inclusi\u00f3n de la fotograf\u00eda en el arte Actual.<\/p><\/div><\/div><\/div><\/div>\t\t\t\t\t\t<\/div>\n\t\t\t\t<\/div>\n\t\t\t\t\t<\/div>\n\t\t<\/div>\n\t\t\t\t\t\t\t<\/div>\n\t\t<\/section>\n\t\t\t\t<section class=\"elementor-section elementor-top-section elementor-element elementor-element-7a1fce7f elementor-section-boxed elementor-section-height-default elementor-section-height-default\" data-id=\"7a1fce7f\" data-element_type=\"section\">\n\t\t\t\t\t\t<div class=\"elementor-container elementor-column-gap-default\">\n\t\t\t\t\t<div class=\"elementor-column elementor-col-100 elementor-top-column elementor-element elementor-element-52a199b3\" data-id=\"52a199b3\" data-element_type=\"column\">\n\t\t\t<div class=\"elementor-widget-wrap elementor-element-populated\">\n\t\t\t\t\t\t\t\t<div class=\"elementor-element elementor-element-71257a1f elementor-widget elementor-widget-text-editor\" data-id=\"71257a1f\" data-element_type=\"widget\" data-widget_type=\"text-editor.default\">\n\t\t\t\t<div class=\"elementor-widget-container\">\n\t\t\t\t\t\t\t\t<p><b>Rossana Simonassi <\/b>egresa de la Universidad del Cine en la carrera de Direcci\u00f3n de Fotograf\u00eda en 1998.Formada en fotograf\u00eda, filosof\u00eda y artes, exhibe desde 2000: Gallery TPW Toronto; PLUME Galerie Paris; PHotoEspa\u00f1a 2013 Madrid; DIAGONALE Galerie Montreal. En Buenos Aires: Fundaci\u00f3n Klemm; La Ira de Dios; VVV Gallery; CC Recoleta; Torre Monumental del Retiro; Alliance Fran\u00e7aise. Obtuvo el 2do Premio en el lll PREMIO BIENAL DE FOTOGRAF\u00cdA de Buenos Aires 2012 y el 1er Premio en el PREMIO FRANCISCO AYERZA de la Academia Nacional de Bellas Artes 2003, el Premio Menci\u00f3n en el SAL\u00d3N NACIONAL de ARTES VISUALES 2007 y el Premio Menci\u00f3n en el Premio LEBENSOHN de Fotograf\u00eda Contempor\u00e1nea 2007. Fue finalista en el Premio Andreani a las Artes Visuales 2013-14, en el LXVl SAL\u00d3N NACIONAL de ROSARIO CASTAGNINO MACRO 2012, en el III Premio AAMEC Museo Caraffa Cdad. C\u00f3rdoba, en el Premio ANDREANI 13-14, en el XVl PREMIO KLEMM a las Artes Visuales 2012 y en el Premio de Fotograf\u00eda Contempor\u00e1nea Argentina METROV\u00cdAS 2007. Obtuvo la Beca del FNA Y AROLDO CONTI 2013; fue becada por el Consele des Arts du Qu\u00e9bec, por el Centre des Arts et des Fibres du Qu\u00e9bec, y por Ministerio de Relaciones Exteriores y Culto de la Rep\u00fablica Argentina. Fue Becaria en el Programa Becas para Artistas de la Secretar\u00eda de Cultura de la Naci\u00f3n. Recibi\u00f3 el apoyo de la Secretar\u00eda de Cultura para la realizaci\u00f3n de proyectos en Argentina y el en exterior. Su obra fue publicada por diversos medios y forma parte de colecciones privadas.<\/p><p>+ info <a href=\"http:\/\/www.rosanasimonassi.com.ar\">www.rosanasimonassi.com.ar<\/a><\/p>\t\t\t\t\t\t<\/div>\n\t\t\t\t<\/div>\n\t\t\t\t\t<\/div>\n\t\t<\/div>\n\t\t\t\t\t\t\t<\/div>\n\t\t<\/section>\n\t\t\t\t<section class=\"elementor-section elementor-top-section elementor-element elementor-element-6555980a elementor-section-stretched elementor-section-boxed elementor-section-height-default elementor-section-height-default\" data-id=\"6555980a\" data-element_type=\"section\" data-settings=\"{&quot;stretch_section&quot;:&quot;section-stretched&quot;}\">\n\t\t\t\t\t\t<div class=\"elementor-container elementor-column-gap-default\">\n\t\t\t\t\t<div class=\"elementor-column elementor-col-50 elementor-top-column elementor-element elementor-element-7c9d774f\" data-id=\"7c9d774f\" data-element_type=\"column\">\n\t\t\t<div class=\"elementor-widget-wrap elementor-element-populated\">\n\t\t\t\t\t\t\t\t<div class=\"elementor-element elementor-element-8b9d383 elementor-widget elementor-widget-image\" data-id=\"8b9d383\" data-element_type=\"widget\" data-widget_type=\"image.default\">\n\t\t\t\t<div class=\"elementor-widget-container\">\n\t\t\t\t\t\t\t\t\t\t\t\t\t\t\t<img width=\"900\" height=\"675\" src=\"https:\/\/zonaimaginaria.com.ar\/web\/wp-content\/uploads\/2022\/02\/JUSTO2.jpg\" class=\"attachment-large size-large\" alt=\"\" loading=\"lazy\" srcset=\"https:\/\/zonaimaginaria.com.ar\/web\/wp-content\/uploads\/2022\/02\/JUSTO2.jpg 900w, https:\/\/zonaimaginaria.com.ar\/web\/wp-content\/uploads\/2022\/02\/JUSTO2-300x225.jpg 300w, https:\/\/zonaimaginaria.com.ar\/web\/wp-content\/uploads\/2022\/02\/JUSTO2-768x576.jpg 768w, https:\/\/zonaimaginaria.com.ar\/web\/wp-content\/uploads\/2022\/02\/JUSTO2-160x120.jpg 160w\" sizes=\"(max-width: 900px) 100vw, 900px\" \/>\t\t\t\t\t\t\t\t\t\t\t\t\t\t\t<\/div>\n\t\t\t\t<\/div>\n\t\t\t\t\t<\/div>\n\t\t<\/div>\n\t\t\t\t<div class=\"elementor-column elementor-col-50 elementor-top-column elementor-element elementor-element-2709779a\" data-id=\"2709779a\" data-element_type=\"column\">\n\t\t\t<div class=\"elementor-widget-wrap elementor-element-populated\">\n\t\t\t\t\t\t\t\t<div class=\"elementor-element elementor-element-31bdc739 elementor-widget elementor-widget-image\" data-id=\"31bdc739\" data-element_type=\"widget\" data-widget_type=\"image.default\">\n\t\t\t\t<div class=\"elementor-widget-container\">\n\t\t\t\t\t\t\t\t\t\t\t\t\t\t\t<img width=\"900\" height=\"675\" src=\"https:\/\/zonaimaginaria.com.ar\/web\/wp-content\/uploads\/2022\/02\/JUSTO2-1.jpg\" class=\"attachment-large size-large\" alt=\"\" loading=\"lazy\" srcset=\"https:\/\/zonaimaginaria.com.ar\/web\/wp-content\/uploads\/2022\/02\/JUSTO2-1.jpg 900w, https:\/\/zonaimaginaria.com.ar\/web\/wp-content\/uploads\/2022\/02\/JUSTO2-1-300x225.jpg 300w, https:\/\/zonaimaginaria.com.ar\/web\/wp-content\/uploads\/2022\/02\/JUSTO2-1-768x576.jpg 768w, https:\/\/zonaimaginaria.com.ar\/web\/wp-content\/uploads\/2022\/02\/JUSTO2-1-160x120.jpg 160w\" sizes=\"(max-width: 900px) 100vw, 900px\" \/>\t\t\t\t\t\t\t\t\t\t\t\t\t\t\t<\/div>\n\t\t\t\t<\/div>\n\t\t\t\t\t<\/div>\n\t\t<\/div>\n\t\t\t\t\t\t\t<\/div>\n\t\t<\/section>\n\t\t\t\t\t\t<\/div>\n\t\t\t\t\t<\/div>\n\t\t","protected":false},"excerpt":{"rendered":"<p>JUSTO UNA IMAGEN Del Pictoralismo a la Post Fotograf\u00eda. De la Vanguardia al Arte Actual. Rossana Simonassi (Buenos Aires, Argentina) ZI Talleres \u00b7 JUSTO UNA IMAGEN \u00b7 2014 2015 Un seminario compacto para incursionar e informarse sobre el mundo de la fotograf\u00eda y las artes visuales desde una perspectiva te\u00f3rica.\u00a0 \u00bfQu\u00e9 camino recorri\u00f3 la fotograf\u00eda?&hellip;<\/p>\n","protected":false},"author":1,"featured_media":0,"parent":0,"menu_order":0,"comment_status":"closed","ping_status":"closed","template":"","meta":[],"_links":{"self":[{"href":"https:\/\/zonaimaginaria.com.ar\/web\/wp-json\/wp\/v2\/pages\/3991"}],"collection":[{"href":"https:\/\/zonaimaginaria.com.ar\/web\/wp-json\/wp\/v2\/pages"}],"about":[{"href":"https:\/\/zonaimaginaria.com.ar\/web\/wp-json\/wp\/v2\/types\/page"}],"author":[{"embeddable":true,"href":"https:\/\/zonaimaginaria.com.ar\/web\/wp-json\/wp\/v2\/users\/1"}],"replies":[{"embeddable":true,"href":"https:\/\/zonaimaginaria.com.ar\/web\/wp-json\/wp\/v2\/comments?post=3991"}],"version-history":[{"count":7,"href":"https:\/\/zonaimaginaria.com.ar\/web\/wp-json\/wp\/v2\/pages\/3991\/revisions"}],"predecessor-version":[{"id":4005,"href":"https:\/\/zonaimaginaria.com.ar\/web\/wp-json\/wp\/v2\/pages\/3991\/revisions\/4005"}],"wp:attachment":[{"href":"https:\/\/zonaimaginaria.com.ar\/web\/wp-json\/wp\/v2\/media?parent=3991"}],"curies":[{"name":"wp","href":"https:\/\/api.w.org\/{rel}","templated":true}]}}