{"id":3599,"date":"2022-02-02T17:34:02","date_gmt":"2022-02-02T20:34:02","guid":{"rendered":"https:\/\/zonaimaginaria.com.ar\/web\/?page_id=3599"},"modified":"2022-05-31T16:22:58","modified_gmt":"2022-05-31T19:22:58","slug":"ernesto-bonato","status":"publish","type":"page","link":"https:\/\/zonaimaginaria.com.ar\/web\/ernesto-bonato\/","title":{"rendered":"Ernesto Bonato"},"content":{"rendered":"\t\t<div data-elementor-type=\"wp-page\" data-elementor-id=\"3599\" class=\"elementor elementor-3599\" data-elementor-settings=\"[]\">\n\t\t\t\t\t\t\t<div class=\"elementor-section-wrap\">\n\t\t\t\t\t\t\t<section class=\"elementor-section elementor-top-section elementor-element elementor-element-3ad23837 elementor-section-height-min-height elementor-section-stretched elementor-section-full_width elementor-section-height-default elementor-section-items-middle\" data-id=\"3ad23837\" data-element_type=\"section\" data-settings=\"{&quot;stretch_section&quot;:&quot;section-stretched&quot;}\">\n\t\t\t\t\t\t<div class=\"elementor-container elementor-column-gap-default\">\n\t\t\t\t\t<div class=\"elementor-column elementor-col-100 elementor-top-column elementor-element elementor-element-d7ea86\" data-id=\"d7ea86\" data-element_type=\"column\">\n\t\t\t<div class=\"elementor-widget-wrap elementor-element-populated\">\n\t\t\t\t\t\t\t\t<div class=\"elementor-element elementor-element-17909ce0 elementor-widget elementor-widget-image\" data-id=\"17909ce0\" data-element_type=\"widget\" data-widget_type=\"image.default\">\n\t\t\t\t<div class=\"elementor-widget-container\">\n\t\t\t\t\t\t\t\t\t\t\t\t\t\t\t<img width=\"1080\" height=\"400\" src=\"https:\/\/zonaimaginaria.com.ar\/web\/wp-content\/uploads\/2021\/05\/foto1Recorte.jpg\" class=\"attachment-full size-full\" alt=\"\" loading=\"lazy\" srcset=\"https:\/\/zonaimaginaria.com.ar\/web\/wp-content\/uploads\/2021\/05\/foto1Recorte.jpg 1080w, https:\/\/zonaimaginaria.com.ar\/web\/wp-content\/uploads\/2021\/05\/foto1Recorte-300x111.jpg 300w, https:\/\/zonaimaginaria.com.ar\/web\/wp-content\/uploads\/2021\/05\/foto1Recorte-1024x379.jpg 1024w, https:\/\/zonaimaginaria.com.ar\/web\/wp-content\/uploads\/2021\/05\/foto1Recorte-768x284.jpg 768w\" sizes=\"(max-width: 1080px) 100vw, 1080px\" \/>\t\t\t\t\t\t\t\t\t\t\t\t\t\t\t<\/div>\n\t\t\t\t<\/div>\n\t\t\t\t\t<\/div>\n\t\t<\/div>\n\t\t\t\t\t\t\t<\/div>\n\t\t<\/section>\n\t\t\t\t<section class=\"elementor-section elementor-top-section elementor-element elementor-element-5b597964 elementor-section-stretched elementor-section-boxed elementor-section-height-default elementor-section-height-default\" data-id=\"5b597964\" data-element_type=\"section\" data-settings=\"{&quot;stretch_section&quot;:&quot;section-stretched&quot;,&quot;background_background&quot;:&quot;classic&quot;}\">\n\t\t\t\t\t\t<div class=\"elementor-container elementor-column-gap-default\">\n\t\t\t\t\t<div class=\"elementor-column elementor-col-100 elementor-top-column elementor-element elementor-element-64506662\" data-id=\"64506662\" data-element_type=\"column\">\n\t\t\t<div class=\"elementor-widget-wrap elementor-element-populated\">\n\t\t\t\t\t\t\t\t<div class=\"elementor-element elementor-element-8811633 elementor-widget elementor-widget-heading\" data-id=\"8811633\" data-element_type=\"widget\" data-widget_type=\"heading.default\">\n\t\t\t\t<div class=\"elementor-widget-container\">\n\t\t\t<h2 class=\"elementor-heading-title elementor-size-medium\">ZI RESIDENCIA Qui\u00e9n puede vivir en esta casa?<\/h2>\t\t<\/div>\n\t\t\t\t<\/div>\n\t\t\t\t\t<\/div>\n\t\t<\/div>\n\t\t\t\t\t\t\t<\/div>\n\t\t<\/section>\n\t\t\t\t<section class=\"elementor-section elementor-top-section elementor-element elementor-element-2c44c638 elementor-section-stretched elementor-section-height-min-height elementor-section-boxed elementor-section-height-default elementor-section-items-middle\" data-id=\"2c44c638\" data-element_type=\"section\" data-settings=\"{&quot;stretch_section&quot;:&quot;section-stretched&quot;}\">\n\t\t\t\t\t\t<div class=\"elementor-container elementor-column-gap-default\">\n\t\t\t\t\t<div class=\"elementor-column elementor-col-100 elementor-top-column elementor-element elementor-element-5784151d\" data-id=\"5784151d\" data-element_type=\"column\">\n\t\t\t<div class=\"elementor-widget-wrap elementor-element-populated\">\n\t\t\t\t\t\t\t\t<div class=\"elementor-element elementor-element-4d8b1904 elementor-widget elementor-widget-heading\" data-id=\"4d8b1904\" data-element_type=\"widget\" data-widget_type=\"heading.default\">\n\t\t\t\t<div class=\"elementor-widget-container\">\n\t\t\t<h2 class=\"elementor-heading-title elementor-size-default\">ERNESTO BONATO \u00b7 San Pablo, Brasil \u00b7 Octubre 2009 <\/h2>\t\t<\/div>\n\t\t\t\t<\/div>\n\t\t\t\t<div class=\"elementor-element elementor-element-34669fcf elementor-widget elementor-widget-text-editor\" data-id=\"34669fcf\" data-element_type=\"widget\" data-widget_type=\"text-editor.default\">\n\t\t\t\t<div class=\"elementor-widget-container\">\n\t\t\t\t\t\t\t\t<h6>+ Proyecto \u201cCuaderno azul de dibujos\u00a8<\/h6><h6 class=\"style1\">+\u00a8Santo Amaro \u00b7 San Fernando. Visiones comunes, visiones sublimes.\u00a8<\/h6><h6>+ \u00a8Mismo Cielo\u00a8 \u00b7 Taller de barriletes con P.A.<\/h6><h6>+ Taller de Gr\u00e1fica.<\/h6>\t\t\t\t\t\t<\/div>\n\t\t\t\t<\/div>\n\t\t\t\t\t<\/div>\n\t\t<\/div>\n\t\t\t\t\t\t\t<\/div>\n\t\t<\/section>\n\t\t\t\t<section class=\"elementor-section elementor-top-section elementor-element elementor-element-a12f70f elementor-section-stretched elementor-section-boxed elementor-section-height-default elementor-section-height-default\" data-id=\"a12f70f\" data-element_type=\"section\" data-settings=\"{&quot;stretch_section&quot;:&quot;section-stretched&quot;}\">\n\t\t\t\t\t\t<div class=\"elementor-container elementor-column-gap-default\">\n\t\t\t\t\t<div class=\"elementor-column elementor-col-50 elementor-top-column elementor-element elementor-element-0200f39\" data-id=\"0200f39\" data-element_type=\"column\">\n\t\t\t<div class=\"elementor-widget-wrap elementor-element-populated\">\n\t\t\t\t\t\t\t\t<div class=\"elementor-element elementor-element-490ed1a2 elementor-widget elementor-widget-text-editor\" data-id=\"490ed1a2\" data-element_type=\"widget\" data-widget_type=\"text-editor.default\">\n\t\t\t\t<div class=\"elementor-widget-container\">\n\t\t\t\t\t\t\t\t<p class=\"style1\"><strong>Sobre los proyectos<\/strong><\/p>\t\t\t\t\t\t<\/div>\n\t\t\t\t<\/div>\n\t\t\t\t\t<\/div>\n\t\t<\/div>\n\t\t\t\t<div class=\"elementor-column elementor-col-50 elementor-top-column elementor-element elementor-element-b416302\" data-id=\"b416302\" data-element_type=\"column\">\n\t\t\t<div class=\"elementor-widget-wrap elementor-element-populated\">\n\t\t\t\t\t\t\t\t<div class=\"elementor-element elementor-element-ea618e9 elementor-widget elementor-widget-text-editor\" data-id=\"ea618e9\" data-element_type=\"widget\" data-widget_type=\"text-editor.default\">\n\t\t\t\t<div class=\"elementor-widget-container\">\n\t\t\t\t\t\t\t\t<p><a href=\"https:\/\/zonaimaginaria.com.ar\/web\/edicion-2009\/\" target=\"_blank\" rel=\"noopener\">Edici\u00f3n Artistas 2009<\/a><\/p>\t\t\t\t\t\t<\/div>\n\t\t\t\t<\/div>\n\t\t\t\t\t<\/div>\n\t\t<\/div>\n\t\t\t\t\t\t\t<\/div>\n\t\t<\/section>\n\t\t\t\t<section class=\"elementor-section elementor-top-section elementor-element elementor-element-7cf59102 elementor-section-stretched elementor-section-boxed elementor-section-height-default elementor-section-height-default\" data-id=\"7cf59102\" data-element_type=\"section\" data-settings=\"{&quot;stretch_section&quot;:&quot;section-stretched&quot;}\">\n\t\t\t\t\t\t<div class=\"elementor-container elementor-column-gap-default\">\n\t\t\t\t\t<div class=\"elementor-column elementor-col-100 elementor-top-column elementor-element elementor-element-49a1a5c7\" data-id=\"49a1a5c7\" data-element_type=\"column\">\n\t\t\t<div class=\"elementor-widget-wrap elementor-element-populated\">\n\t\t\t\t\t\t\t\t<div class=\"elementor-element elementor-element-bc31cff elementor-widget elementor-widget-text-editor\" data-id=\"bc31cff\" data-element_type=\"widget\" data-widget_type=\"text-editor.default\">\n\t\t\t\t<div class=\"elementor-widget-container\">\n\t\t\t\t\t\t\t\t<p><strong>\u201cCuaderno azul de dibujos.\u00a0<\/strong>Mi primera acci\u00f3n consisti\u00f3 en dibujar el entorno de la Casa, el barrio, en un peque\u00f1o cuaderno azul que compr\u00e9 ni bien llegu\u00e9 all\u00ed. Dibuj\u00e9 las calles, las casas, los vecinos, la vegetaci\u00f3n, los animales, todo lo que encontraba en torno a la Casa. Este trabajo que realizaba a cualquier hora del d\u00eda llam\u00f3 la atenci\u00f3n de vecinos, pasantes y \u2013sobre todo- de los chicos del barrio que, curiosos, se convirtieron en modelos para mis retratos y compa\u00f1eros de dibujo que se sentaban a mi lado a dibujar.\u00a0 \u201c\u00bfPero por qu\u00e9 hac\u00e9s eso?\u201d; \u201c\u00bfDe d\u00f3nde ven\u00eds?\u201d; \u201c\u00bfPor qu\u00e9 elegiste eso para dibujar?\u201d; \u201c\u00bfViv\u00eds ac\u00e1?\u201d \u2013estas preguntas abr\u00edan conversaciones sobre los m\u00e1s diversos temas, pero con el mutuo inter\u00e9s de conocer \u201cal otro\u201d. Por otro lado, el dibujo minucioso de las cosas comunes del barrio, invitaba a los propios moradores a mirar nuevamente lo ya conocido y muchas veces negado o desvalorizado, re-significando el paisaje local. Una copia de este cuaderno permanece en la biblioteca de la Casa.<\/p><p><strong>Santo Amaro \u2013 San Fernando. Visiones comunes, visiones sublimes.\u00a0<\/strong>La segunda parte de mi trabajo se vali\u00f3 de la amistad hecha con los chicos del barrio. Traje de San Pablo decenas de retratos que hice de personas que conoc\u00ed en las calles del barrio San Amaro, grabados en xilograf\u00eda e impresos en coloridas hojas de papel barrilete. Traje tambi\u00e9n varillas de bamb\u00fa, tanza y cola. La propuesta era simple: yo ense\u00f1ar\u00eda a los chicos a contruir un barrilete como los que hacemos en Brasil y ellos me ense\u00f1ar\u00edan c\u00f3mo hacer uno argentino. As\u00ed fue que constru\u00edmos nuestros barriletes y, en un terreno convertido en cancha de f\u00fatbol, al lado de las v\u00edas del tren, los remontamos y soltamos, dispers\u00e1ndose en el cielo. Como contrapunto, al otro d\u00eda, pegu\u00e9 16 retratos en la fachada del taller Zona Imaginaria.\u201d<\/p><p class=\"style1\">+info : <a href=\"https:\/\/www.instagram.com\/bonatoernesto\/\">Ernesto Bonato\u00a0<\/a><\/p>\t\t\t\t\t\t<\/div>\n\t\t\t\t<\/div>\n\t\t\t\t\t<\/div>\n\t\t<\/div>\n\t\t\t\t\t\t\t<\/div>\n\t\t<\/section>\n\t\t\t\t<section class=\"elementor-section elementor-top-section elementor-element elementor-element-6971dedf elementor-section-stretched elementor-section-boxed elementor-section-height-default elementor-section-height-default\" data-id=\"6971dedf\" data-element_type=\"section\" data-settings=\"{&quot;stretch_section&quot;:&quot;section-stretched&quot;}\">\n\t\t\t\t\t\t<div class=\"elementor-container elementor-column-gap-default\">\n\t\t\t\t\t<div class=\"elementor-column elementor-col-50 elementor-top-column elementor-element elementor-element-346a397d\" data-id=\"346a397d\" data-element_type=\"column\">\n\t\t\t<div class=\"elementor-widget-wrap elementor-element-populated\">\n\t\t\t\t\t\t\t\t<div class=\"elementor-element elementor-element-11c345db elementor-widget elementor-widget-image\" data-id=\"11c345db\" data-element_type=\"widget\" data-widget_type=\"image.default\">\n\t\t\t\t<div class=\"elementor-widget-container\">\n\t\t\t\t\t\t\t\t\t\t\t\t\t\t\t<img width=\"1024\" height=\"772\" src=\"https:\/\/zonaimaginaria.com.ar\/web\/wp-content\/uploads\/2021\/05\/Ernest-1024x772.jpg\" class=\"attachment-large size-large\" alt=\"\" loading=\"lazy\" srcset=\"https:\/\/zonaimaginaria.com.ar\/web\/wp-content\/uploads\/2021\/05\/Ernest-1024x772.jpg 1024w, https:\/\/zonaimaginaria.com.ar\/web\/wp-content\/uploads\/2021\/05\/Ernest-300x226.jpg 300w, https:\/\/zonaimaginaria.com.ar\/web\/wp-content\/uploads\/2021\/05\/Ernest-768x579.jpg 768w, https:\/\/zonaimaginaria.com.ar\/web\/wp-content\/uploads\/2021\/05\/Ernest-1536x1158.jpg 1536w, https:\/\/zonaimaginaria.com.ar\/web\/wp-content\/uploads\/2021\/05\/Ernest-160x120.jpg 160w, https:\/\/zonaimaginaria.com.ar\/web\/wp-content\/uploads\/2021\/05\/Ernest.jpg 1920w\" sizes=\"(max-width: 1024px) 100vw, 1024px\" \/>\t\t\t\t\t\t\t\t\t\t\t\t\t\t\t<\/div>\n\t\t\t\t<\/div>\n\t\t\t\t<div class=\"elementor-element elementor-element-42acc248 elementor-widget elementor-widget-image\" data-id=\"42acc248\" data-element_type=\"widget\" data-widget_type=\"image.default\">\n\t\t\t\t<div class=\"elementor-widget-container\">\n\t\t\t\t\t\t\t\t\t\t\t\t\t\t\t<img width=\"1024\" height=\"772\" src=\"https:\/\/zonaimaginaria.com.ar\/web\/wp-content\/uploads\/2021\/05\/Ernest2-1024x772.jpg\" class=\"attachment-large size-large\" alt=\"\" loading=\"lazy\" srcset=\"https:\/\/zonaimaginaria.com.ar\/web\/wp-content\/uploads\/2021\/05\/Ernest2-1024x772.jpg 1024w, https:\/\/zonaimaginaria.com.ar\/web\/wp-content\/uploads\/2021\/05\/Ernest2-300x226.jpg 300w, https:\/\/zonaimaginaria.com.ar\/web\/wp-content\/uploads\/2021\/05\/Ernest2-768x579.jpg 768w, https:\/\/zonaimaginaria.com.ar\/web\/wp-content\/uploads\/2021\/05\/Ernest2-1536x1158.jpg 1536w, https:\/\/zonaimaginaria.com.ar\/web\/wp-content\/uploads\/2021\/05\/Ernest2-160x120.jpg 160w, https:\/\/zonaimaginaria.com.ar\/web\/wp-content\/uploads\/2021\/05\/Ernest2.jpg 1920w\" sizes=\"(max-width: 1024px) 100vw, 1024px\" \/>\t\t\t\t\t\t\t\t\t\t\t\t\t\t\t<\/div>\n\t\t\t\t<\/div>\n\t\t\t\t\t<\/div>\n\t\t<\/div>\n\t\t\t\t<div class=\"elementor-column elementor-col-50 elementor-top-column elementor-element elementor-element-3fbe08d9\" data-id=\"3fbe08d9\" data-element_type=\"column\">\n\t\t\t<div class=\"elementor-widget-wrap elementor-element-populated\">\n\t\t\t\t\t\t\t\t<div class=\"elementor-element elementor-element-6ce2aa7c elementor-widget elementor-widget-image\" data-id=\"6ce2aa7c\" data-element_type=\"widget\" data-widget_type=\"image.default\">\n\t\t\t\t<div class=\"elementor-widget-container\">\n\t\t\t\t\t\t\t\t\t\t\t\t\t\t\t<img width=\"900\" height=\"678\" src=\"https:\/\/zonaimaginaria.com.ar\/web\/wp-content\/uploads\/2022\/02\/Bonaso.jpg\" class=\"attachment-large size-large\" alt=\"\" loading=\"lazy\" srcset=\"https:\/\/zonaimaginaria.com.ar\/web\/wp-content\/uploads\/2022\/02\/Bonaso.jpg 900w, https:\/\/zonaimaginaria.com.ar\/web\/wp-content\/uploads\/2022\/02\/Bonaso-300x226.jpg 300w, https:\/\/zonaimaginaria.com.ar\/web\/wp-content\/uploads\/2022\/02\/Bonaso-768x579.jpg 768w, https:\/\/zonaimaginaria.com.ar\/web\/wp-content\/uploads\/2022\/02\/Bonaso-160x120.jpg 160w\" sizes=\"(max-width: 900px) 100vw, 900px\" \/>\t\t\t\t\t\t\t\t\t\t\t\t\t\t\t<\/div>\n\t\t\t\t<\/div>\n\t\t\t\t<div class=\"elementor-element elementor-element-73138b8d elementor-widget elementor-widget-image\" data-id=\"73138b8d\" data-element_type=\"widget\" data-widget_type=\"image.default\">\n\t\t\t\t<div class=\"elementor-widget-container\">\n\t\t\t\t\t\t\t\t\t\t\t\t\t\t\t<img width=\"1024\" height=\"772\" src=\"https:\/\/zonaimaginaria.com.ar\/web\/wp-content\/uploads\/2021\/05\/aa18deoctubre091018-4-1024x772.jpg\" class=\"attachment-large size-large\" alt=\"\" loading=\"lazy\" srcset=\"https:\/\/zonaimaginaria.com.ar\/web\/wp-content\/uploads\/2021\/05\/aa18deoctubre091018-4-1024x772.jpg 1024w, https:\/\/zonaimaginaria.com.ar\/web\/wp-content\/uploads\/2021\/05\/aa18deoctubre091018-4-300x226.jpg 300w, https:\/\/zonaimaginaria.com.ar\/web\/wp-content\/uploads\/2021\/05\/aa18deoctubre091018-4-768x579.jpg 768w, https:\/\/zonaimaginaria.com.ar\/web\/wp-content\/uploads\/2021\/05\/aa18deoctubre091018-4-1536x1158.jpg 1536w, https:\/\/zonaimaginaria.com.ar\/web\/wp-content\/uploads\/2021\/05\/aa18deoctubre091018-4-160x120.jpg 160w, https:\/\/zonaimaginaria.com.ar\/web\/wp-content\/uploads\/2021\/05\/aa18deoctubre091018-4.jpg 1920w\" sizes=\"(max-width: 1024px) 100vw, 1024px\" \/>\t\t\t\t\t\t\t\t\t\t\t\t\t\t\t<\/div>\n\t\t\t\t<\/div>\n\t\t\t\t\t<\/div>\n\t\t<\/div>\n\t\t\t\t\t\t\t<\/div>\n\t\t<\/section>\n\t\t\t\t<section class=\"elementor-section elementor-top-section elementor-element elementor-element-cd36d6f elementor-section-stretched elementor-section-boxed elementor-section-height-default elementor-section-height-default\" data-id=\"cd36d6f\" data-element_type=\"section\" data-settings=\"{&quot;stretch_section&quot;:&quot;section-stretched&quot;}\">\n\t\t\t\t\t\t<div class=\"elementor-container elementor-column-gap-default\">\n\t\t\t\t\t<div class=\"elementor-column elementor-col-100 elementor-top-column elementor-element elementor-element-984e52b\" data-id=\"984e52b\" data-element_type=\"column\">\n\t\t\t<div class=\"elementor-widget-wrap elementor-element-populated\">\n\t\t\t\t\t\t\t\t<div class=\"elementor-element elementor-element-8935b5b elementor-widget elementor-widget-image\" data-id=\"8935b5b\" data-element_type=\"widget\" data-widget_type=\"image.default\">\n\t\t\t\t<div class=\"elementor-widget-container\">\n\t\t\t\t\t\t\t\t\t\t\t\t\t\t\t<img src=\"https:\/\/zonaimaginaria.com.ar\/web\/wp-content\/uploads\/2022\/02\/12-Ernesto-Bonato-1-scaled.jpg\" title=\"12 Ernesto Bonato (1)\" alt=\"Barriletes Ernesto Bonato\" \/>\t\t\t\t\t\t\t\t\t\t\t\t\t\t\t<\/div>\n\t\t\t\t<\/div>\n\t\t\t\t\t<\/div>\n\t\t<\/div>\n\t\t\t\t\t\t\t<\/div>\n\t\t<\/section>\n\t\t\t\t<section class=\"elementor-section elementor-top-section elementor-element elementor-element-22bb41bf elementor-section-stretched elementor-section-boxed elementor-section-height-default elementor-section-height-default\" data-id=\"22bb41bf\" data-element_type=\"section\" data-settings=\"{&quot;stretch_section&quot;:&quot;section-stretched&quot;}\">\n\t\t\t\t\t\t<div class=\"elementor-container elementor-column-gap-default\">\n\t\t\t\t\t<div class=\"elementor-column elementor-col-50 elementor-top-column elementor-element elementor-element-2c2421e9\" data-id=\"2c2421e9\" data-element_type=\"column\">\n\t\t\t<div class=\"elementor-widget-wrap elementor-element-populated\">\n\t\t\t\t\t\t\t\t<div class=\"elementor-element elementor-element-4a8b7f7f elementor-widget elementor-widget-button\" data-id=\"4a8b7f7f\" data-element_type=\"widget\" data-widget_type=\"button.default\">\n\t\t\t\t<div class=\"elementor-widget-container\">\n\t\t\t\t\t<div class=\"elementor-button-wrapper\">\n\t\t\t<a href=\"https:\/\/zonaimaginaria.com.ar\/web\/proyectos-anteriores\/\" class=\"elementor-button-link elementor-button elementor-size-xs\" role=\"button\">\n\t\t\t\t\t\t<span class=\"elementor-button-content-wrapper\">\n\t\t\t\t\t\t<span class=\"elementor-button-text\">< volver a Proyectos Anteriores<\/span>\n\t\t<\/span>\n\t\t\t\t\t<\/a>\n\t\t<\/div>\n\t\t\t\t<\/div>\n\t\t\t\t<\/div>\n\t\t\t\t\t<\/div>\n\t\t<\/div>\n\t\t\t\t<div class=\"elementor-column elementor-col-50 elementor-top-column elementor-element elementor-element-67fcecba\" data-id=\"67fcecba\" data-element_type=\"column\">\n\t\t\t<div class=\"elementor-widget-wrap elementor-element-populated\">\n\t\t\t\t\t\t\t\t<div class=\"elementor-element elementor-element-71972ecb elementor-align-right elementor-widget elementor-widget-button\" data-id=\"71972ecb\" data-element_type=\"widget\" data-widget_type=\"button.default\">\n\t\t\t\t<div class=\"elementor-widget-container\">\n\t\t\t\t\t<div class=\"elementor-button-wrapper\">\n\t\t\t<a href=\"https:\/\/zonaimaginaria.com.ar\/web\/ola-y-diala\/\" class=\"elementor-button-link elementor-button elementor-size-xs\" role=\"button\">\n\t\t\t\t\t\t<span class=\"elementor-button-content-wrapper\">\n\t\t\t\t\t\t<span class=\"elementor-button-text\">siguiente Artista Residente ><\/span>\n\t\t<\/span>\n\t\t\t\t\t<\/a>\n\t\t<\/div>\n\t\t\t\t<\/div>\n\t\t\t\t<\/div>\n\t\t\t\t\t<\/div>\n\t\t<\/div>\n\t\t\t\t\t\t\t<\/div>\n\t\t<\/section>\n\t\t\t\t\t\t<\/div>\n\t\t\t\t\t<\/div>\n\t\t","protected":false},"excerpt":{"rendered":"<p>ZI RESIDENCIA Qui\u00e9n puede vivir en esta casa? ERNESTO BONATO \u00b7 San Pablo, Brasil \u00b7 Octubre 2009 + Proyecto \u201cCuaderno azul de dibujos\u00a8 +\u00a8Santo Amaro \u00b7 San Fernando. Visiones comunes, visiones sublimes.\u00a8 + \u00a8Mismo Cielo\u00a8 \u00b7 Taller de barriletes con P.A. + Taller de Gr\u00e1fica. Sobre los proyectos Edici\u00f3n Artistas 2009 \u201cCuaderno azul de dibujos.\u00a0Mi&hellip;<\/p>\n","protected":false},"author":1,"featured_media":0,"parent":0,"menu_order":0,"comment_status":"closed","ping_status":"closed","template":"","meta":[],"_links":{"self":[{"href":"https:\/\/zonaimaginaria.com.ar\/web\/wp-json\/wp\/v2\/pages\/3599"}],"collection":[{"href":"https:\/\/zonaimaginaria.com.ar\/web\/wp-json\/wp\/v2\/pages"}],"about":[{"href":"https:\/\/zonaimaginaria.com.ar\/web\/wp-json\/wp\/v2\/types\/page"}],"author":[{"embeddable":true,"href":"https:\/\/zonaimaginaria.com.ar\/web\/wp-json\/wp\/v2\/users\/1"}],"replies":[{"embeddable":true,"href":"https:\/\/zonaimaginaria.com.ar\/web\/wp-json\/wp\/v2\/comments?post=3599"}],"version-history":[{"count":21,"href":"https:\/\/zonaimaginaria.com.ar\/web\/wp-json\/wp\/v2\/pages\/3599\/revisions"}],"predecessor-version":[{"id":6168,"href":"https:\/\/zonaimaginaria.com.ar\/web\/wp-json\/wp\/v2\/pages\/3599\/revisions\/6168"}],"wp:attachment":[{"href":"https:\/\/zonaimaginaria.com.ar\/web\/wp-json\/wp\/v2\/media?parent=3599"}],"curies":[{"name":"wp","href":"https:\/\/api.w.org\/{rel}","templated":true}]}}