{"id":3013,"date":"2021-09-06T14:28:00","date_gmt":"2021-09-06T17:28:00","guid":{"rendered":"http:\/\/zonaimaginaria.com.ar\/web\/?page_id=3013"},"modified":"2022-06-14T16:42:52","modified_gmt":"2022-06-14T19:42:52","slug":"hector-canonge","status":"publish","type":"page","link":"https:\/\/zonaimaginaria.com.ar\/web\/hector-canonge\/","title":{"rendered":"H\u00e9ctor Canonge"},"content":{"rendered":"\t\t<div data-elementor-type=\"wp-page\" data-elementor-id=\"3013\" class=\"elementor elementor-3013\" data-elementor-settings=\"[]\">\n\t\t\t\t\t\t\t<div class=\"elementor-section-wrap\">\n\t\t\t\t\t\t\t<section class=\"elementor-section elementor-top-section elementor-element elementor-element-34841e16 elementor-section-height-min-height elementor-section-stretched elementor-section-full_width elementor-section-height-default elementor-section-items-middle\" data-id=\"34841e16\" data-element_type=\"section\" data-settings=\"{&quot;stretch_section&quot;:&quot;section-stretched&quot;}\">\n\t\t\t\t\t\t<div class=\"elementor-container elementor-column-gap-default\">\n\t\t\t\t\t<div class=\"elementor-column elementor-col-100 elementor-top-column elementor-element elementor-element-2f88d3d6\" data-id=\"2f88d3d6\" data-element_type=\"column\">\n\t\t\t<div class=\"elementor-widget-wrap elementor-element-populated\">\n\t\t\t\t\t\t\t\t<div class=\"elementor-element elementor-element-3711c2fc elementor-widget elementor-widget-image\" data-id=\"3711c2fc\" data-element_type=\"widget\" data-widget_type=\"image.default\">\n\t\t\t\t<div class=\"elementor-widget-container\">\n\t\t\t\t\t\t\t\t\t\t\t\t\t\t\t<img width=\"1200\" height=\"504\" src=\"https:\/\/zonaimaginaria.com.ar\/web\/wp-content\/uploads\/2021\/09\/Hector-Portada.jpg\" class=\"attachment-full size-full\" alt=\"\" loading=\"lazy\" srcset=\"https:\/\/zonaimaginaria.com.ar\/web\/wp-content\/uploads\/2021\/09\/Hector-Portada.jpg 1200w, https:\/\/zonaimaginaria.com.ar\/web\/wp-content\/uploads\/2021\/09\/Hector-Portada-300x126.jpg 300w, https:\/\/zonaimaginaria.com.ar\/web\/wp-content\/uploads\/2021\/09\/Hector-Portada-1024x430.jpg 1024w, https:\/\/zonaimaginaria.com.ar\/web\/wp-content\/uploads\/2021\/09\/Hector-Portada-768x323.jpg 768w\" sizes=\"(max-width: 1200px) 100vw, 1200px\" \/>\t\t\t\t\t\t\t\t\t\t\t\t\t\t\t<\/div>\n\t\t\t\t<\/div>\n\t\t\t\t\t<\/div>\n\t\t<\/div>\n\t\t\t\t\t\t\t<\/div>\n\t\t<\/section>\n\t\t\t\t<section class=\"elementor-section elementor-top-section elementor-element elementor-element-68b62d22 elementor-section-stretched elementor-section-boxed elementor-section-height-default elementor-section-height-default\" data-id=\"68b62d22\" data-element_type=\"section\" data-settings=\"{&quot;stretch_section&quot;:&quot;section-stretched&quot;,&quot;background_background&quot;:&quot;classic&quot;}\">\n\t\t\t\t\t\t<div class=\"elementor-container elementor-column-gap-default\">\n\t\t\t\t\t<div class=\"elementor-column elementor-col-50 elementor-top-column elementor-element elementor-element-2692258a\" data-id=\"2692258a\" data-element_type=\"column\">\n\t\t\t<div class=\"elementor-widget-wrap elementor-element-populated\">\n\t\t\t\t\t\t\t\t<div class=\"elementor-element elementor-element-22b13f3f elementor-widget elementor-widget-heading\" data-id=\"22b13f3f\" data-element_type=\"widget\" data-widget_type=\"heading.default\">\n\t\t\t\t<div class=\"elementor-widget-container\">\n\t\t\t<h2 class=\"elementor-heading-title elementor-size-medium\">ZI RESIDENCIA Qui\u00e9n puede vivir en esta casa?<\/h2>\t\t<\/div>\n\t\t\t\t<\/div>\n\t\t\t\t\t<\/div>\n\t\t<\/div>\n\t\t\t\t<div class=\"elementor-column elementor-col-50 elementor-top-column elementor-element elementor-element-01fb5b3\" data-id=\"01fb5b3\" data-element_type=\"column\">\n\t\t\t<div class=\"elementor-widget-wrap elementor-element-populated\">\n\t\t\t\t\t\t\t\t<div class=\"elementor-element elementor-element-6cabe3a elementor-align-right elementor-widget elementor-widget-button\" data-id=\"6cabe3a\" data-element_type=\"widget\" data-widget_type=\"button.default\">\n\t\t\t\t<div class=\"elementor-widget-container\">\n\t\t\t\t\t<div class=\"elementor-button-wrapper\">\n\t\t\t<a href=\"#Canonge\" class=\"elementor-button-link elementor-button elementor-size-xs\" role=\"button\">\n\t\t\t\t\t\t<span class=\"elementor-button-content-wrapper\">\n\t\t\t\t\t\t<span class=\"elementor-button-text\">English Below<\/span>\n\t\t<\/span>\n\t\t\t\t\t<\/a>\n\t\t<\/div>\n\t\t\t\t<\/div>\n\t\t\t\t<\/div>\n\t\t\t\t\t<\/div>\n\t\t<\/div>\n\t\t\t\t\t\t\t<\/div>\n\t\t<\/section>\n\t\t\t\t<section class=\"elementor-section elementor-top-section elementor-element elementor-element-3c296834 elementor-section-stretched elementor-section-height-min-height elementor-section-boxed elementor-section-height-default elementor-section-items-middle\" data-id=\"3c296834\" data-element_type=\"section\" data-settings=\"{&quot;stretch_section&quot;:&quot;section-stretched&quot;}\">\n\t\t\t\t\t\t<div class=\"elementor-container elementor-column-gap-default\">\n\t\t\t\t\t<div class=\"elementor-column elementor-col-100 elementor-top-column elementor-element elementor-element-45fb6c16\" data-id=\"45fb6c16\" data-element_type=\"column\">\n\t\t\t<div class=\"elementor-widget-wrap elementor-element-populated\">\n\t\t\t\t\t\t\t\t<div class=\"elementor-element elementor-element-14cb2ab elementor-widget elementor-widget-heading\" data-id=\"14cb2ab\" data-element_type=\"widget\" data-widget_type=\"heading.default\">\n\t\t\t\t<div class=\"elementor-widget-container\">\n\t\t\t<h2 class=\"elementor-heading-title elementor-size-default\">H\u00c9CTOR CANONGE \u00b7 Nacido en Argentina, ciudadano boliviano, residente EE.UU. \u00b7 Octubre 2012<\/h2>\t\t<\/div>\n\t\t\t\t<\/div>\n\t\t\t\t<div class=\"elementor-element elementor-element-77fb581b elementor-widget elementor-widget-text-editor\" data-id=\"77fb581b\" data-element_type=\"widget\" data-widget_type=\"text-editor.default\">\n\t\t\t\t<div class=\"elementor-widget-container\">\n\t\t\t\t\t\t\t\t<h6><span style=\"color: #999999;\">+ Proyecto \u201cEPI (Escuela P\u00fablica Informal&#8221; <\/span><\/h6><h6><span style=\"color: #999999;\">+ P.A.\u00a0<\/span><\/h6><h6><span style=\"color: #999999;\">+ Encuentros con artistas<\/span><\/h6><h6><span style=\"color: #999999;\">+ Festival Austral 2019 <\/span><\/h6><h6><span style=\"color: #999999;\">+ Festival Austral 2021 con la participaci\u00f3n de Samuel D&#8217;Ippolito (Residente 2021)<\/span><\/h6>\t\t\t\t\t\t<\/div>\n\t\t\t\t<\/div>\n\t\t\t\t\t<\/div>\n\t\t<\/div>\n\t\t\t\t\t\t\t<\/div>\n\t\t<\/section>\n\t\t\t\t<section class=\"elementor-section elementor-top-section elementor-element elementor-element-5fbe4f20 elementor-section-stretched elementor-section-boxed elementor-section-height-default elementor-section-height-default\" data-id=\"5fbe4f20\" data-element_type=\"section\" data-settings=\"{&quot;stretch_section&quot;:&quot;section-stretched&quot;}\">\n\t\t\t\t\t\t<div class=\"elementor-container elementor-column-gap-default\">\n\t\t\t\t\t<div class=\"elementor-column elementor-col-100 elementor-top-column elementor-element elementor-element-1347423a\" data-id=\"1347423a\" data-element_type=\"column\">\n\t\t\t<div class=\"elementor-widget-wrap elementor-element-populated\">\n\t\t\t\t\t\t\t\t<div class=\"elementor-element elementor-element-750f3620 elementor-widget elementor-widget-text-editor\" data-id=\"750f3620\" data-element_type=\"widget\" data-widget_type=\"text-editor.default\">\n\t\t\t\t<div class=\"elementor-widget-container\">\n\t\t\t\t\t\t\t\t<p class=\"style1\"><strong>Sobre los proyectos<\/strong><\/p><p><strong>Escuela P\u00fablica Informal<\/strong><\/p><p class=\"style1\" align=\"justify\"><span class=\"style1\">\u201c<em>Realizar mi primer proyecto de arte en la ciudad donde nac\u00ed tiene un significado muy especial para mi. A trav\u00e9s de esta residencia quiero establecer las posibles conexiones que existen entre la geograf\u00eda y el individuo, entre la identidad y la identificaci\u00f3n, y entre la legalidad y la clandestinidad de vivir fuera de lo que uno considera \u201cla patria\u201d.<\/em><\/span><\/p><p class=\"style1\" align=\"justify\">Durante su residencia en Zona Imaginaria, Canonge realiz\u00f3 intervenciones p\u00fablicas de acci\u00f3n social,\u00a0<em><strong>&#8220;Escuela P\u00fablica Informal (EPI)&#8221;<\/strong><\/em>\u00a0donde trabajo con residentes de San Fernando para rescatar la historia del pa\u00eds donde naci\u00f3 en un intercambio cultural, art\u00edstico y comunitario.<\/p><p class=\"style1\" align=\"justify\">Adem\u00e1s intervino el espacio de la residencia con la creaci\u00f3n de banderas que llevaban el sol argentino\u00a0<strong>\u201cEl color de mi bandera\u201d.<\/strong><\/p><p class=\"style1\" align=\"justify\">Durante su estad\u00eda en Zona Imaginaria, Canonge realiz\u00f3 varias performances una de ellas el 12 de Octubre llamada\u00a0<strong>\u201cDES \u2013 cubrimiento\u201d<\/strong>\u00a0frente a la estatua de Cristobal Col\u00f3n en la Casa Rosada en Capital Federal y otra para el proyecto Dystorpia de Fluid, Nueva York, en live-stream desde Zona.<\/p><p align=\"justify\"><span class=\"style1\"><strong>Encuentro con artistas \u2013 H\u00e9ctor Canonge<\/strong><\/span><\/p><p class=\"style1\" align=\"justify\">En el cuarto\u00a0<em>Encuentro con Artistas<\/em>\u00a0el artista habl\u00f3 de sus proyectos relacionados con los nuevos medios visuales y arte perform\u00e1tico.<\/p>\t\t\t\t\t\t<\/div>\n\t\t\t\t<\/div>\n\t\t\t\t\t<\/div>\n\t\t<\/div>\n\t\t\t\t\t\t\t<\/div>\n\t\t<\/section>\n\t\t\t\t<section class=\"elementor-section elementor-top-section elementor-element elementor-element-3ff3a048 elementor-section-stretched elementor-section-boxed elementor-section-height-default elementor-section-height-default\" data-id=\"3ff3a048\" data-element_type=\"section\" data-settings=\"{&quot;stretch_section&quot;:&quot;section-stretched&quot;}\">\n\t\t\t\t\t\t<div class=\"elementor-container elementor-column-gap-default\">\n\t\t\t\t\t<div class=\"elementor-column elementor-col-50 elementor-top-column elementor-element elementor-element-74373b93\" data-id=\"74373b93\" data-element_type=\"column\">\n\t\t\t<div class=\"elementor-widget-wrap elementor-element-populated\">\n\t\t\t\t\t\t\t\t<div class=\"elementor-element elementor-element-3a5c50e6 elementor-widget elementor-widget-image\" data-id=\"3a5c50e6\" data-element_type=\"widget\" data-widget_type=\"image.default\">\n\t\t\t\t<div class=\"elementor-widget-container\">\n\t\t\t\t\t\t\t\t\t\t\t\t\t\t\t<img width=\"600\" height=\"452\" src=\"https:\/\/zonaimaginaria.com.ar\/web\/wp-content\/uploads\/2021\/09\/Foto4.jpg\" class=\"attachment-large size-large\" alt=\"\" loading=\"lazy\" srcset=\"https:\/\/zonaimaginaria.com.ar\/web\/wp-content\/uploads\/2021\/09\/Foto4.jpg 600w, https:\/\/zonaimaginaria.com.ar\/web\/wp-content\/uploads\/2021\/09\/Foto4-300x226.jpg 300w, https:\/\/zonaimaginaria.com.ar\/web\/wp-content\/uploads\/2021\/09\/Foto4-160x120.jpg 160w\" sizes=\"(max-width: 600px) 100vw, 600px\" \/>\t\t\t\t\t\t\t\t\t\t\t\t\t\t\t<\/div>\n\t\t\t\t<\/div>\n\t\t\t\t<div class=\"elementor-element elementor-element-461e8953 elementor-widget elementor-widget-image\" data-id=\"461e8953\" data-element_type=\"widget\" data-widget_type=\"image.default\">\n\t\t\t\t<div class=\"elementor-widget-container\">\n\t\t\t\t\t\t\t\t\t\t\t\t\t\t\t<img width=\"600\" height=\"452\" src=\"https:\/\/zonaimaginaria.com.ar\/web\/wp-content\/uploads\/2021\/09\/Foto.jpg\" class=\"attachment-large size-large\" alt=\"\" loading=\"lazy\" srcset=\"https:\/\/zonaimaginaria.com.ar\/web\/wp-content\/uploads\/2021\/09\/Foto.jpg 600w, https:\/\/zonaimaginaria.com.ar\/web\/wp-content\/uploads\/2021\/09\/Foto-300x226.jpg 300w, https:\/\/zonaimaginaria.com.ar\/web\/wp-content\/uploads\/2021\/09\/Foto-160x120.jpg 160w\" sizes=\"(max-width: 600px) 100vw, 600px\" \/>\t\t\t\t\t\t\t\t\t\t\t\t\t\t\t<\/div>\n\t\t\t\t<\/div>\n\t\t\t\t\t<\/div>\n\t\t<\/div>\n\t\t\t\t<div class=\"elementor-column elementor-col-50 elementor-top-column elementor-element elementor-element-36a32464\" data-id=\"36a32464\" data-element_type=\"column\">\n\t\t\t<div class=\"elementor-widget-wrap elementor-element-populated\">\n\t\t\t\t\t\t\t\t<div class=\"elementor-element elementor-element-53793324 elementor-widget elementor-widget-image\" data-id=\"53793324\" data-element_type=\"widget\" data-widget_type=\"image.default\">\n\t\t\t\t<div class=\"elementor-widget-container\">\n\t\t\t\t\t\t\t\t\t\t\t\t\t\t\t<img width=\"600\" height=\"452\" src=\"https:\/\/zonaimaginaria.com.ar\/web\/wp-content\/uploads\/2021\/09\/Foto3.jpg\" class=\"attachment-large size-large\" alt=\"\" loading=\"lazy\" srcset=\"https:\/\/zonaimaginaria.com.ar\/web\/wp-content\/uploads\/2021\/09\/Foto3.jpg 600w, https:\/\/zonaimaginaria.com.ar\/web\/wp-content\/uploads\/2021\/09\/Foto3-300x226.jpg 300w, https:\/\/zonaimaginaria.com.ar\/web\/wp-content\/uploads\/2021\/09\/Foto3-160x120.jpg 160w\" sizes=\"(max-width: 600px) 100vw, 600px\" \/>\t\t\t\t\t\t\t\t\t\t\t\t\t\t\t<\/div>\n\t\t\t\t<\/div>\n\t\t\t\t<div class=\"elementor-element elementor-element-546b03ba elementor-widget elementor-widget-image\" data-id=\"546b03ba\" data-element_type=\"widget\" data-widget_type=\"image.default\">\n\t\t\t\t<div class=\"elementor-widget-container\">\n\t\t\t\t\t\t\t\t\t\t\t\t\t\t\t<img width=\"600\" height=\"452\" src=\"https:\/\/zonaimaginaria.com.ar\/web\/wp-content\/uploads\/2021\/09\/Foto1.jpg\" class=\"attachment-large size-large\" alt=\"\" loading=\"lazy\" srcset=\"https:\/\/zonaimaginaria.com.ar\/web\/wp-content\/uploads\/2021\/09\/Foto1.jpg 600w, https:\/\/zonaimaginaria.com.ar\/web\/wp-content\/uploads\/2021\/09\/Foto1-300x226.jpg 300w, https:\/\/zonaimaginaria.com.ar\/web\/wp-content\/uploads\/2021\/09\/Foto1-160x120.jpg 160w\" sizes=\"(max-width: 600px) 100vw, 600px\" \/>\t\t\t\t\t\t\t\t\t\t\t\t\t\t\t<\/div>\n\t\t\t\t<\/div>\n\t\t\t\t\t<\/div>\n\t\t<\/div>\n\t\t\t\t\t\t\t<\/div>\n\t\t<\/section>\n\t\t\t\t<section class=\"elementor-section elementor-top-section elementor-element elementor-element-40ddb89 elementor-section-stretched elementor-section-boxed elementor-section-height-default elementor-section-height-default\" data-id=\"40ddb89\" data-element_type=\"section\" data-settings=\"{&quot;stretch_section&quot;:&quot;section-stretched&quot;}\">\n\t\t\t\t\t\t<div class=\"elementor-container elementor-column-gap-default\">\n\t\t\t\t\t\t\t\t<\/div>\n\t\t<\/section>\n\t\t\t\t<section class=\"elementor-section elementor-top-section elementor-element elementor-element-a8c0c74 elementor-section-stretched elementor-section-boxed elementor-section-height-default elementor-section-height-default\" data-id=\"a8c0c74\" data-element_type=\"section\" data-settings=\"{&quot;stretch_section&quot;:&quot;section-stretched&quot;}\">\n\t\t\t\t\t\t<div class=\"elementor-container elementor-column-gap-default\">\n\t\t\t\t\t<div class=\"elementor-column elementor-col-100 elementor-top-column elementor-element elementor-element-45ba3a1\" data-id=\"45ba3a1\" data-element_type=\"column\">\n\t\t\t<div class=\"elementor-widget-wrap elementor-element-populated\">\n\t\t\t\t\t\t\t\t<div class=\"elementor-element elementor-element-46681f5 elementor-widget elementor-widget-text-editor\" data-id=\"46681f5\" data-element_type=\"widget\" data-widget_type=\"text-editor.default\">\n\t\t\t\t<div class=\"elementor-widget-container\">\n\t\t\t\t\t\t\t\t<p class=\"style1\"><strong>About the project \u00b7 Informal Public School<\/strong><\/p><p><span style=\"font-weight: 400;\">I find myself in front of the statue of Christopher Colom- bus. I\u2019m wearing a white tunic I brought from the Bolivian Amazon region and I\u2019m blindfolded. I remain still, waiting for the reaction of passers-by and of those participating in my action. Beside me, there is a recipient with red ink and a slender jute cord, waiting to be used by people to tie me up. I wait. I don\u2019t know how much time has gone by, but su- ddenly, I feel my body being cut into pieces due to the for- ce they have begun to use, tugging and binding me. While they are at it, the cord gets wet, dying my tunic red. I don\u2019t see my body, but I do realize that there must be people all around. The strength with which they pull on the cord that entwines me varies from one to the next. I can feel it on my torso, my legs and even my head. When I feel like they can\u2019t pull any tighter, I begin to cut the hard cord with a small kni- fe. It\u2019s an arduous task, and it takes some time. I fight to free myself and I hurt myself trying. I finally manage to break free from the cord and proceed to take off the blindfold. I open my eyes; the Southern sun is strong and indicates midday. I look and point to the statue of Columbus for a long time. Slowly, I lower my hand. I begin to recognize the territory, the hidden times of colonization and I attack the processes of harassment in the presence of the so-called \u2018discoverer of the New World\u2019. I finish my action and leave, my body marked by time.<\/span><\/p><p><span style=\"font-weight: 400;\">\u2014 He\u0301ctor Canonge <\/span><\/p>\t\t\t\t\t\t<\/div>\n\t\t\t\t<\/div>\n\t\t\t\t<div class=\"elementor-element elementor-element-0463871 elementor-widget elementor-widget-menu-anchor\" data-id=\"0463871\" data-element_type=\"widget\" data-widget_type=\"menu-anchor.default\">\n\t\t\t\t<div class=\"elementor-widget-container\">\n\t\t\t\t\t<div id=\"Canonge\" class=\"elementor-menu-anchor\"><\/div>\n\t\t\t\t<\/div>\n\t\t\t\t<\/div>\n\t\t\t\t\t<\/div>\n\t\t<\/div>\n\t\t\t\t\t\t\t<\/div>\n\t\t<\/section>\n\t\t\t\t<section class=\"elementor-section elementor-top-section elementor-element elementor-element-373d153 elementor-section-stretched elementor-section-boxed elementor-section-height-default elementor-section-height-default\" data-id=\"373d153\" data-element_type=\"section\" data-settings=\"{&quot;stretch_section&quot;:&quot;section-stretched&quot;}\">\n\t\t\t\t\t\t<div class=\"elementor-container elementor-column-gap-default\">\n\t\t\t\t\t<div class=\"elementor-column elementor-col-100 elementor-top-column elementor-element elementor-element-1a69485\" data-id=\"1a69485\" data-element_type=\"column\">\n\t\t\t<div class=\"elementor-widget-wrap elementor-element-populated\">\n\t\t\t\t\t\t\t\t<div class=\"elementor-element elementor-element-112c0c7 elementor-widget elementor-widget-text-editor\" data-id=\"112c0c7\" data-element_type=\"widget\" data-widget_type=\"text-editor.default\">\n\t\t\t\t<div class=\"elementor-widget-container\">\n\t\t\t\t\t\t\t\t<p align=\"justify\"><strong><span class=\"style1\">H\u00e9ctor Canonge. <\/span><\/strong>Vive en Estados Unidos donde estudi\u00f3 Literatura Comparativa y Cinematograf\u00eda. Hizo un posgrado en Integrated Media Arts y se desempe\u00f1a como docente en la Facultad de Electronic Media Design, Universidad de City University of New York. Es artista interdisciplinario cuya obra integra nuevas tecnolog\u00edas con narrativas visuales, cinematogr\u00e1ficas y perform\u00e1ticas de propiedades interactivas para explorar temas de identidad, g\u00e9nero, migraci\u00f3n y de la geograf\u00eda.\u00a0 Canonge se desempe\u00f1a tambi\u00e9n como curador, educador y promotor de exposiciones de arte, programas de cine y de arte performance.\u00a0 Sus proyectos y obras han sido presentadas en notables exposiciones en museos, galer\u00edas, y espacios de arte en los Estados Unidos, Europa y Asia.<span class=\"style1\"><br \/><\/span><\/p><p class=\"style1\" align=\"justify\">+ info\u00a0<a href=\"http:\/\/www.hectorcanonge.net\/\">www.hectorcanonge.net<\/a><\/p>\t\t\t\t\t\t<\/div>\n\t\t\t\t<\/div>\n\t\t\t\t\t<\/div>\n\t\t<\/div>\n\t\t\t\t\t\t\t<\/div>\n\t\t<\/section>\n\t\t\t\t\t\t<\/div>\n\t\t\t\t\t<\/div>\n\t\t","protected":false},"excerpt":{"rendered":"<p>ZI RESIDENCIA Qui\u00e9n puede vivir en esta casa? English Below H\u00c9CTOR CANONGE \u00b7 Nacido en Argentina, ciudadano boliviano, residente EE.UU. \u00b7 Octubre 2012 + Proyecto \u201cEPI (Escuela P\u00fablica Informal&#8221; + P.A.\u00a0 + Encuentros con artistas + Festival Austral 2019 + Festival Austral 2021 con la participaci\u00f3n de Samuel D&#8217;Ippolito (Residente 2021) Sobre los proyectos Escuela&hellip;<\/p>\n","protected":false},"author":1,"featured_media":0,"parent":0,"menu_order":0,"comment_status":"closed","ping_status":"closed","template":"","meta":[],"_links":{"self":[{"href":"https:\/\/zonaimaginaria.com.ar\/web\/wp-json\/wp\/v2\/pages\/3013"}],"collection":[{"href":"https:\/\/zonaimaginaria.com.ar\/web\/wp-json\/wp\/v2\/pages"}],"about":[{"href":"https:\/\/zonaimaginaria.com.ar\/web\/wp-json\/wp\/v2\/types\/page"}],"author":[{"embeddable":true,"href":"https:\/\/zonaimaginaria.com.ar\/web\/wp-json\/wp\/v2\/users\/1"}],"replies":[{"embeddable":true,"href":"https:\/\/zonaimaginaria.com.ar\/web\/wp-json\/wp\/v2\/comments?post=3013"}],"version-history":[{"count":19,"href":"https:\/\/zonaimaginaria.com.ar\/web\/wp-json\/wp\/v2\/pages\/3013\/revisions"}],"predecessor-version":[{"id":6324,"href":"https:\/\/zonaimaginaria.com.ar\/web\/wp-json\/wp\/v2\/pages\/3013\/revisions\/6324"}],"wp:attachment":[{"href":"https:\/\/zonaimaginaria.com.ar\/web\/wp-json\/wp\/v2\/media?parent=3013"}],"curies":[{"name":"wp","href":"https:\/\/api.w.org\/{rel}","templated":true}]}}