{"id":2971,"date":"2021-09-06T13:15:42","date_gmt":"2021-09-06T16:15:42","guid":{"rendered":"http:\/\/zonaimaginaria.com.ar\/web\/?page_id=2971"},"modified":"2022-02-18T17:55:49","modified_gmt":"2022-02-18T20:55:49","slug":"jan-petterson-bjorg-tarange","status":"publish","type":"page","link":"https:\/\/zonaimaginaria.com.ar\/web\/jan-petterson-bjorg-tarange\/","title":{"rendered":"Jan Petterson Bj\u00f8rg Tarange"},"content":{"rendered":"\t\t<div data-elementor-type=\"wp-page\" data-elementor-id=\"2971\" class=\"elementor elementor-2971\" data-elementor-settings=\"[]\">\n\t\t\t\t\t\t\t<div class=\"elementor-section-wrap\">\n\t\t\t\t\t\t\t<section class=\"elementor-section elementor-top-section elementor-element elementor-element-31b84f76 elementor-section-height-min-height elementor-section-stretched elementor-section-full_width elementor-section-height-default elementor-section-items-middle\" data-id=\"31b84f76\" data-element_type=\"section\" data-settings=\"{&quot;stretch_section&quot;:&quot;section-stretched&quot;}\">\n\t\t\t\t\t\t<div class=\"elementor-container elementor-column-gap-default\">\n\t\t\t\t\t<div class=\"elementor-column elementor-col-100 elementor-top-column elementor-element elementor-element-6e5a54be\" data-id=\"6e5a54be\" data-element_type=\"column\">\n\t\t\t<div class=\"elementor-widget-wrap elementor-element-populated\">\n\t\t\t\t\t\t\t\t<div class=\"elementor-element elementor-element-2428dd02 elementor-widget elementor-widget-image\" data-id=\"2428dd02\" data-element_type=\"widget\" data-widget_type=\"image.default\">\n\t\t\t\t<div class=\"elementor-widget-container\">\n\t\t\t\t\t\t\t\t\t\t\t\t\t\t\t<img width=\"1200\" height=\"504\" src=\"https:\/\/zonaimaginaria.com.ar\/web\/wp-content\/uploads\/2021\/09\/Borg-Portada.jpg\" class=\"attachment-full size-full\" alt=\"\" loading=\"lazy\" srcset=\"https:\/\/zonaimaginaria.com.ar\/web\/wp-content\/uploads\/2021\/09\/Borg-Portada.jpg 1200w, https:\/\/zonaimaginaria.com.ar\/web\/wp-content\/uploads\/2021\/09\/Borg-Portada-300x126.jpg 300w, https:\/\/zonaimaginaria.com.ar\/web\/wp-content\/uploads\/2021\/09\/Borg-Portada-1024x430.jpg 1024w, https:\/\/zonaimaginaria.com.ar\/web\/wp-content\/uploads\/2021\/09\/Borg-Portada-768x323.jpg 768w\" sizes=\"(max-width: 1200px) 100vw, 1200px\" \/>\t\t\t\t\t\t\t\t\t\t\t\t\t\t\t<\/div>\n\t\t\t\t<\/div>\n\t\t\t\t\t<\/div>\n\t\t<\/div>\n\t\t\t\t\t\t\t<\/div>\n\t\t<\/section>\n\t\t\t\t<section class=\"elementor-section elementor-top-section elementor-element elementor-element-74a6dd1 elementor-section-stretched elementor-section-boxed elementor-section-height-default elementor-section-height-default\" data-id=\"74a6dd1\" data-element_type=\"section\" data-settings=\"{&quot;stretch_section&quot;:&quot;section-stretched&quot;,&quot;background_background&quot;:&quot;classic&quot;}\">\n\t\t\t\t\t\t<div class=\"elementor-container elementor-column-gap-default\">\n\t\t\t\t\t<div class=\"elementor-column elementor-col-100 elementor-top-column elementor-element elementor-element-1301d66c\" data-id=\"1301d66c\" data-element_type=\"column\">\n\t\t\t<div class=\"elementor-widget-wrap elementor-element-populated\">\n\t\t\t\t\t\t\t\t<div class=\"elementor-element elementor-element-6fb61889 elementor-widget elementor-widget-heading\" data-id=\"6fb61889\" data-element_type=\"widget\" data-widget_type=\"heading.default\">\n\t\t\t\t<div class=\"elementor-widget-container\">\n\t\t\t<h2 class=\"elementor-heading-title elementor-size-medium\">ZI RESIDENCIA Qui\u00e9n puede vivir en esta casa?<\/h2>\t\t<\/div>\n\t\t\t\t<\/div>\n\t\t\t\t\t<\/div>\n\t\t<\/div>\n\t\t\t\t\t\t\t<\/div>\n\t\t<\/section>\n\t\t\t\t<section class=\"elementor-section elementor-top-section elementor-element elementor-element-7b462d44 elementor-section-stretched elementor-section-height-min-height elementor-section-boxed elementor-section-height-default elementor-section-items-middle\" data-id=\"7b462d44\" data-element_type=\"section\" data-settings=\"{&quot;stretch_section&quot;:&quot;section-stretched&quot;}\">\n\t\t\t\t\t\t<div class=\"elementor-container elementor-column-gap-default\">\n\t\t\t\t\t<div class=\"elementor-column elementor-col-100 elementor-top-column elementor-element elementor-element-a24a267\" data-id=\"a24a267\" data-element_type=\"column\">\n\t\t\t<div class=\"elementor-widget-wrap elementor-element-populated\">\n\t\t\t\t\t\t\t\t<div class=\"elementor-element elementor-element-802d663 elementor-widget elementor-widget-heading\" data-id=\"802d663\" data-element_type=\"widget\" data-widget_type=\"heading.default\">\n\t\t\t\t<div class=\"elementor-widget-container\">\n\t\t\t<h2 class=\"elementor-heading-title elementor-size-default\">JAN PETTERSON, Suecia \u00b7 BJ\u00d8RG TARANGER, Noruega \u00b7 Octubre 2010<\/h2>\t\t<\/div>\n\t\t\t\t<\/div>\n\t\t\t\t<div class=\"elementor-element elementor-element-47de4aa elementor-widget elementor-widget-text-editor\" data-id=\"47de4aa\" data-element_type=\"widget\" data-widget_type=\"text-editor.default\">\n\t\t\t\t<div class=\"elementor-widget-container\">\n\t\t\t\t\t\t\t\t<h6><span style=\"color: #999999;\">+ Residencia Internacional<\/span><\/h6><h6><span style=\"color: #999999;\">+ Proyectos <span class=\"style1\">\u201c<span lang=\"es-ES\" xml:lang=\"es-ES\"><strong>Urban mosaikk\u201d y <\/strong><\/span><\/span><span class=\"style1\"><em><strong>\u201cTo be discontinued or continued?\u201d<\/strong><\/em><\/span><\/span><\/h6>\t\t\t\t\t\t<\/div>\n\t\t\t\t<\/div>\n\t\t\t\t\t<\/div>\n\t\t<\/div>\n\t\t\t\t\t\t\t<\/div>\n\t\t<\/section>\n\t\t\t\t<section class=\"elementor-section elementor-top-section elementor-element elementor-element-426ecb2c elementor-section-stretched elementor-section-boxed elementor-section-height-default elementor-section-height-default\" data-id=\"426ecb2c\" data-element_type=\"section\" data-settings=\"{&quot;stretch_section&quot;:&quot;section-stretched&quot;}\">\n\t\t\t\t\t\t<div class=\"elementor-container elementor-column-gap-default\">\n\t\t\t\t\t<div class=\"elementor-column elementor-col-100 elementor-top-column elementor-element elementor-element-5df45787\" data-id=\"5df45787\" data-element_type=\"column\">\n\t\t\t<div class=\"elementor-widget-wrap elementor-element-populated\">\n\t\t\t\t\t\t\t\t<div class=\"elementor-element elementor-element-73b48e0b elementor-widget elementor-widget-text-editor\" data-id=\"73b48e0b\" data-element_type=\"widget\" data-widget_type=\"text-editor.default\">\n\t\t\t\t<div class=\"elementor-widget-container\">\n\t\t\t\t\t\t\t\t<p class=\"style1\"><strong>Sobre los proyectos<\/strong><\/p><p class=\"style1\" align=\"justify\">Jan Petterson expuso su investigaci\u00f3n sobre fotograbado y proyect\u00f3 su video Yellow Ribbon, una glorificaci\u00f3n del western americano, basado en John Fords. Por otro lado, la noruega Bj\u00f8rg Taranger ealizo una instalacion de 24 cortos de videos \u201cUrban mosaikk\u201d.<\/p><p align=\"justify\"><span class=\"style1\">\u201c<em><strong>To be discontinued or continued?\u201d\u00a0<\/strong><\/em>investigaci\u00f3n sobre fotograbado.<\/span><\/p><p class=\"style1\" align=\"justify\">&#8230;. en el 2007 mi libro \u201c<em>Photogravure an Archaeological Research<\/em>\u201d fue publicado por la Academia Nacional de Arte en Bergen. Este incluye un DVD con instrucciones del proceso.<\/p><p class=\"style1\" align=\"justify\">Realic\u00e9 una investigaci\u00f3n sobre fotograbado desde una perspectiva arqueol\u00f3gica, con la idea de recolectar una base hist\u00f3rica como referencia y recontextualizarla mediante el uso de las nuevas tecnolog\u00edas. Busqu\u00e9 concebir una investigaci\u00f3n que incluya ejemplos paradigm\u00e1ticos de los diferentes tipos de cosas que se hab\u00edan hecho, quebrar los l\u00edmites del conocimiento en este campo, desarrollar nuevas terminolog\u00edas, entre otras cosas. Tambi\u00e9n busqu\u00e9 la construcci\u00f3n te\u00f3rica, hist\u00f3rica, cr\u00edtica y visual que permita contextualizar, contribuir y reinterpretar nuevos m\u00e9todos.<\/p><p class=\"style1\" align=\"justify\">El enfoque fotogr\u00e1fico\/gr\u00e1fico y la teor\u00eda sobre la fotograf\u00eda se basa en la impresi\u00f3n fotogr\u00e1fica. Se discutir\u00e1 acerca del fotograbado en s\u00ed y acerca de las formas de remover y retirar la imagen fotogr\u00e1fica como un punto de partida&#8230;.<\/p>\t\t\t\t\t\t<\/div>\n\t\t\t\t<\/div>\n\t\t\t\t\t<\/div>\n\t\t<\/div>\n\t\t\t\t\t\t\t<\/div>\n\t\t<\/section>\n\t\t\t\t<section class=\"elementor-section elementor-top-section elementor-element elementor-element-18455e54 elementor-section-stretched elementor-section-boxed elementor-section-height-default elementor-section-height-default\" data-id=\"18455e54\" data-element_type=\"section\" data-settings=\"{&quot;stretch_section&quot;:&quot;section-stretched&quot;}\">\n\t\t\t\t\t\t<div class=\"elementor-container elementor-column-gap-default\">\n\t\t\t\t\t<div class=\"elementor-column elementor-col-50 elementor-top-column elementor-element elementor-element-1b98d74d\" data-id=\"1b98d74d\" data-element_type=\"column\">\n\t\t\t<div class=\"elementor-widget-wrap elementor-element-populated\">\n\t\t\t\t\t\t\t\t<div class=\"elementor-element elementor-element-15dda61b elementor-widget elementor-widget-image\" data-id=\"15dda61b\" data-element_type=\"widget\" data-widget_type=\"image.default\">\n\t\t\t\t<div class=\"elementor-widget-container\">\n\t\t\t\t\t\t\t\t\t\t\t\t\t\t\t<img width=\"600\" height=\"400\" src=\"https:\/\/zonaimaginaria.com.ar\/web\/wp-content\/uploads\/2021\/09\/Encuentro-Jan-y-Bjorg-2010-3.jpg\" class=\"attachment-large size-large\" alt=\"\" loading=\"lazy\" srcset=\"https:\/\/zonaimaginaria.com.ar\/web\/wp-content\/uploads\/2021\/09\/Encuentro-Jan-y-Bjorg-2010-3.jpg 600w, https:\/\/zonaimaginaria.com.ar\/web\/wp-content\/uploads\/2021\/09\/Encuentro-Jan-y-Bjorg-2010-3-300x200.jpg 300w\" sizes=\"(max-width: 600px) 100vw, 600px\" \/>\t\t\t\t\t\t\t\t\t\t\t\t\t\t\t<\/div>\n\t\t\t\t<\/div>\n\t\t\t\t<div class=\"elementor-element elementor-element-32ad8d7c elementor-widget elementor-widget-image\" data-id=\"32ad8d7c\" data-element_type=\"widget\" data-widget_type=\"image.default\">\n\t\t\t\t<div class=\"elementor-widget-container\">\n\t\t\t\t\t\t\t\t\t\t\t\t\t\t\t<img width=\"600\" height=\"400\" src=\"https:\/\/zonaimaginaria.com.ar\/web\/wp-content\/uploads\/2021\/09\/Encuentro-Jan-y-Bjorg-2010-1.jpg\" class=\"attachment-large size-large\" alt=\"\" loading=\"lazy\" srcset=\"https:\/\/zonaimaginaria.com.ar\/web\/wp-content\/uploads\/2021\/09\/Encuentro-Jan-y-Bjorg-2010-1.jpg 600w, https:\/\/zonaimaginaria.com.ar\/web\/wp-content\/uploads\/2021\/09\/Encuentro-Jan-y-Bjorg-2010-1-300x200.jpg 300w\" sizes=\"(max-width: 600px) 100vw, 600px\" \/>\t\t\t\t\t\t\t\t\t\t\t\t\t\t\t<\/div>\n\t\t\t\t<\/div>\n\t\t\t\t\t<\/div>\n\t\t<\/div>\n\t\t\t\t<div class=\"elementor-column elementor-col-50 elementor-top-column elementor-element elementor-element-61bdce34\" data-id=\"61bdce34\" data-element_type=\"column\">\n\t\t\t<div class=\"elementor-widget-wrap elementor-element-populated\">\n\t\t\t\t\t\t\t\t<div class=\"elementor-element elementor-element-604eb1b0 elementor-widget elementor-widget-image\" data-id=\"604eb1b0\" data-element_type=\"widget\" data-widget_type=\"image.default\">\n\t\t\t\t<div class=\"elementor-widget-container\">\n\t\t\t\t\t\t\t\t\t\t\t\t\t\t\t<img width=\"600\" height=\"400\" src=\"https:\/\/zonaimaginaria.com.ar\/web\/wp-content\/uploads\/2021\/09\/Encuentro-Jan-y-Bjorg-2010-2.jpg\" class=\"attachment-large size-large\" alt=\"\" loading=\"lazy\" srcset=\"https:\/\/zonaimaginaria.com.ar\/web\/wp-content\/uploads\/2021\/09\/Encuentro-Jan-y-Bjorg-2010-2.jpg 600w, https:\/\/zonaimaginaria.com.ar\/web\/wp-content\/uploads\/2021\/09\/Encuentro-Jan-y-Bjorg-2010-2-300x200.jpg 300w\" sizes=\"(max-width: 600px) 100vw, 600px\" \/>\t\t\t\t\t\t\t\t\t\t\t\t\t\t\t<\/div>\n\t\t\t\t<\/div>\n\t\t\t\t<div class=\"elementor-element elementor-element-4499c2d5 elementor-widget elementor-widget-image\" data-id=\"4499c2d5\" data-element_type=\"widget\" data-widget_type=\"image.default\">\n\t\t\t\t<div class=\"elementor-widget-container\">\n\t\t\t\t\t\t\t\t\t\t\t\t\t\t\t<img width=\"600\" height=\"400\" src=\"https:\/\/zonaimaginaria.com.ar\/web\/wp-content\/uploads\/2021\/09\/Encuentro-Jan-y-Bjorg-2010-4.jpg\" class=\"attachment-large size-large\" alt=\"\" loading=\"lazy\" srcset=\"https:\/\/zonaimaginaria.com.ar\/web\/wp-content\/uploads\/2021\/09\/Encuentro-Jan-y-Bjorg-2010-4.jpg 600w, https:\/\/zonaimaginaria.com.ar\/web\/wp-content\/uploads\/2021\/09\/Encuentro-Jan-y-Bjorg-2010-4-300x200.jpg 300w\" sizes=\"(max-width: 600px) 100vw, 600px\" \/>\t\t\t\t\t\t\t\t\t\t\t\t\t\t\t<\/div>\n\t\t\t\t<\/div>\n\t\t\t\t\t<\/div>\n\t\t<\/div>\n\t\t\t\t\t\t\t<\/div>\n\t\t<\/section>\n\t\t\t\t<section class=\"elementor-section elementor-top-section elementor-element elementor-element-79321b6 elementor-section-stretched elementor-section-boxed elementor-section-height-default elementor-section-height-default\" data-id=\"79321b6\" data-element_type=\"section\" data-settings=\"{&quot;stretch_section&quot;:&quot;section-stretched&quot;}\">\n\t\t\t\t\t\t<div class=\"elementor-container elementor-column-gap-default\">\n\t\t\t\t\t<div class=\"elementor-column elementor-col-100 elementor-top-column elementor-element elementor-element-3b8337f\" data-id=\"3b8337f\" data-element_type=\"column\">\n\t\t\t<div class=\"elementor-widget-wrap elementor-element-populated\">\n\t\t\t\t\t\t\t\t<div class=\"elementor-element elementor-element-e314fb4 elementor-widget elementor-widget-text-editor\" data-id=\"e314fb4\" data-element_type=\"widget\" data-widget_type=\"text-editor.default\">\n\t\t\t\t<div class=\"elementor-widget-container\">\n\t\t\t\t\t\t\t\t<p><strong><span class=\"style1\" lang=\"es-ES\" xml:lang=\"es-ES\">Jan Petterson. <\/span><\/strong>Naci\u00f3 en el a\u00f1o 1956 en Malm\u00f6, Suecia. Vivi\u00f3 y trabaj\u00f3 en Bergen, Noruega. Estudia con Prof. Bertil Lundberg en FORUM School for Fine Art Printmaking (Malm\u00f6), con S.W Hayter en Atelier 17 (Paris) y con Prof. Krishnia Reddy en New York University Printmaking department.<\/p><p class=\"style1\" lang=\"es-ES\" xml:lang=\"es-ES\" align=\"justify\">Fue miembro de Nordic Printmaking Union, de Norwegian Printmaking Association Norway y de The Swedish Printmaking Association. Fue profesor adjunto de grabado en New York University (USA, 1990-95) y profesor en Bergen National Academy of Arts (1995-2007). Su libro \u201cFotograbado: una investigaci\u00f3n arqueol\u00f3gica\u201d, fue publicado por Bergen National Academy of Arts en el a\u00f1o 2007.<\/p><p class=\"style1\" lang=\"es-ES\" xml:lang=\"es-ES\" align=\"justify\">Director de Trykkeriet (Centre for Contemporary Print) en Bergen, Noruega; Presidente de Norwegian Printmaking Association y editor de Rapport the Norwegian Printmaking Councils magazine.<\/p><p class=\"style1\" lang=\"es-ES\" xml:lang=\"es-ES\" align=\"justify\">Escribi\u00f3 numerosos art\u00edculos sobre grabado e hizo conferencias acerca de la impresi\u00f3n fotogr\u00e1fica, entre otros temas. Trabaj\u00f3 con muchos artistas como consejero art\u00edstico\/t\u00e9cnico y como asistente en sus projectos, entre los que puede nombrarse a Carlos Capel\u00e1n, David Lamellas, Tina Barney, Sol Levitt, Robert Motherwell, David Salle y Robert Ryman, entre otros.<\/p><p class=\"style1\" lang=\"es-ES\" xml:lang=\"es-ES\" align=\"justify\">Realiz\u00f3 varias muestras grupales e individuales en diferentes partes del mundo. Actualmente se encuentra trabajando en el proyecto Samboronbon y Friends Unlimited.<\/p><p>+ info jpetter2@gmail.com<\/p><p class=\"style1\" lang=\"es-ES\" xml:lang=\"es-ES\" align=\"justify\"><strong>Bj\u00f8rg Taranger.<\/strong> Vive y trabaja en Bergen, Noruega. Desde que finaliz\u00f3 Kunstakademiet en Bergen en el a\u00f1o 1998 (Bergen National Academy of the Arts), Bj\u00f8rg Taranger realiz\u00f3 muestras colectivas e individuales en su pa\u00eds y en el extranjero: en The London Institute Gallery (Londres), en Aalesunds Kunstforening (Noruega), en El Centro Municipal de Expsiciones SUBTE (Uruguay), en Ralf Rosowski (Alemania) y en la Galleria Jangva (Finlandia), entre otros. Tambi\u00e9n particip\u00f3 en varias exposiciones grupales, entre ellas: ArtGendabienniale2000 en Helsinki, Statens Kunstutstillinger en Kunstnernes Hus (Oslo), Trondheim Kunstmuseum en Noruega, Video tour- 6 artists Kabuso en Nordheimsund (Noruega) y Nordiskt sommarlju 4 Nordic female Artists, Konsthallen en Hishult (Suecia).<\/p><p class=\"style1\" lang=\"es-ES\" xml:lang=\"es-ES\" align=\"justify\">Desde el a\u00f1o 1997 ha recibido premios y menciones tanto en su pa\u00eds como en el extrajero por sus trabajos.<\/p><p class=\"style1\" lang=\"es-ES\" xml:lang=\"es-ES\" align=\"justify\">Sus \u00faltimas muestras individuales en Noruega fueron en Gallery Gathe (Bergen) en octubre del a\u00f1o 2009 y Christanssands Kunstforening (Kristiansand) en enero de este a\u00f1o.<\/p><p>+ info <a href=\"http:\/\/www.cityangel.no\">www.cityangel.no<\/a><\/p>\t\t\t\t\t\t<\/div>\n\t\t\t\t<\/div>\n\t\t\t\t\t<\/div>\n\t\t<\/div>\n\t\t\t\t\t\t\t<\/div>\n\t\t<\/section>\n\t\t\t\t\t\t<\/div>\n\t\t\t\t\t<\/div>\n\t\t","protected":false},"excerpt":{"rendered":"<p>ZI RESIDENCIA Qui\u00e9n puede vivir en esta casa? JAN PETTERSON, Suecia \u00b7 BJ\u00d8RG TARANGER, Noruega \u00b7 Octubre 2010 + Residencia Internacional + Proyectos \u201cUrban mosaikk\u201d y \u201cTo be discontinued or continued?\u201d Sobre los proyectos Jan Petterson expuso su investigaci\u00f3n sobre fotograbado y proyect\u00f3 su video Yellow Ribbon, una glorificaci\u00f3n del western americano, basado en John&hellip;<\/p>\n","protected":false},"author":1,"featured_media":0,"parent":0,"menu_order":0,"comment_status":"closed","ping_status":"closed","template":"","meta":[],"_links":{"self":[{"href":"https:\/\/zonaimaginaria.com.ar\/web\/wp-json\/wp\/v2\/pages\/2971"}],"collection":[{"href":"https:\/\/zonaimaginaria.com.ar\/web\/wp-json\/wp\/v2\/pages"}],"about":[{"href":"https:\/\/zonaimaginaria.com.ar\/web\/wp-json\/wp\/v2\/types\/page"}],"author":[{"embeddable":true,"href":"https:\/\/zonaimaginaria.com.ar\/web\/wp-json\/wp\/v2\/users\/1"}],"replies":[{"embeddable":true,"href":"https:\/\/zonaimaginaria.com.ar\/web\/wp-json\/wp\/v2\/comments?post=2971"}],"version-history":[{"count":10,"href":"https:\/\/zonaimaginaria.com.ar\/web\/wp-json\/wp\/v2\/pages\/2971\/revisions"}],"predecessor-version":[{"id":4430,"href":"https:\/\/zonaimaginaria.com.ar\/web\/wp-json\/wp\/v2\/pages\/2971\/revisions\/4430"}],"wp:attachment":[{"href":"https:\/\/zonaimaginaria.com.ar\/web\/wp-json\/wp\/v2\/media?parent=2971"}],"curies":[{"name":"wp","href":"https:\/\/api.w.org\/{rel}","templated":true}]}}