{"id":2866,"date":"2021-08-25T12:25:13","date_gmt":"2021-08-25T15:25:13","guid":{"rendered":"http:\/\/zonaimaginaria.com.ar\/web\/?page_id=2866"},"modified":"2021-08-25T12:29:28","modified_gmt":"2021-08-25T15:29:28","slug":"laura-marsh-phil-lique","status":"publish","type":"page","link":"https:\/\/zonaimaginaria.com.ar\/web\/laura-marsh-phil-lique\/","title":{"rendered":"Laura Marsh Phil Lique"},"content":{"rendered":"\t\t<div data-elementor-type=\"wp-page\" data-elementor-id=\"2866\" class=\"elementor elementor-2866\" data-elementor-settings=\"[]\">\n\t\t\t\t\t\t\t<div class=\"elementor-section-wrap\">\n\t\t\t\t\t\t\t<section class=\"elementor-section elementor-top-section elementor-element elementor-element-8170fd1 elementor-section-height-min-height elementor-section-stretched elementor-section-full_width elementor-section-height-default elementor-section-items-middle\" data-id=\"8170fd1\" data-element_type=\"section\" data-settings=\"{&quot;stretch_section&quot;:&quot;section-stretched&quot;}\">\n\t\t\t\t\t\t<div class=\"elementor-container elementor-column-gap-default\">\n\t\t\t\t\t<div class=\"elementor-column elementor-col-100 elementor-top-column elementor-element elementor-element-7e06bcb3\" data-id=\"7e06bcb3\" data-element_type=\"column\">\n\t\t\t<div class=\"elementor-widget-wrap elementor-element-populated\">\n\t\t\t\t\t\t\t\t<div class=\"elementor-element elementor-element-69980726 elementor-widget elementor-widget-image\" data-id=\"69980726\" data-element_type=\"widget\" data-widget_type=\"image.default\">\n\t\t\t\t<div class=\"elementor-widget-container\">\n\t\t\t\t\t\t\t\t\t\t\t\t\t\t\t<img width=\"1200\" height=\"504\" src=\"https:\/\/zonaimaginaria.com.ar\/web\/wp-content\/uploads\/2021\/08\/Laura-Portada.jpg\" class=\"attachment-full size-full\" alt=\"\" loading=\"lazy\" srcset=\"https:\/\/zonaimaginaria.com.ar\/web\/wp-content\/uploads\/2021\/08\/Laura-Portada.jpg 1200w, https:\/\/zonaimaginaria.com.ar\/web\/wp-content\/uploads\/2021\/08\/Laura-Portada-300x126.jpg 300w, https:\/\/zonaimaginaria.com.ar\/web\/wp-content\/uploads\/2021\/08\/Laura-Portada-1024x430.jpg 1024w, https:\/\/zonaimaginaria.com.ar\/web\/wp-content\/uploads\/2021\/08\/Laura-Portada-768x323.jpg 768w\" sizes=\"(max-width: 1200px) 100vw, 1200px\" \/>\t\t\t\t\t\t\t\t\t\t\t\t\t\t\t<\/div>\n\t\t\t\t<\/div>\n\t\t\t\t\t<\/div>\n\t\t<\/div>\n\t\t\t\t\t\t\t<\/div>\n\t\t<\/section>\n\t\t\t\t<section class=\"elementor-section elementor-top-section elementor-element elementor-element-3ecda5a9 elementor-section-stretched elementor-section-boxed elementor-section-height-default elementor-section-height-default\" data-id=\"3ecda5a9\" data-element_type=\"section\" data-settings=\"{&quot;stretch_section&quot;:&quot;section-stretched&quot;,&quot;background_background&quot;:&quot;classic&quot;}\">\n\t\t\t\t\t\t<div class=\"elementor-container elementor-column-gap-default\">\n\t\t\t\t\t<div class=\"elementor-column elementor-col-100 elementor-top-column elementor-element elementor-element-603c726d\" data-id=\"603c726d\" data-element_type=\"column\">\n\t\t\t<div class=\"elementor-widget-wrap elementor-element-populated\">\n\t\t\t\t\t\t\t\t<div class=\"elementor-element elementor-element-400aff85 elementor-widget elementor-widget-heading\" data-id=\"400aff85\" data-element_type=\"widget\" data-widget_type=\"heading.default\">\n\t\t\t\t<div class=\"elementor-widget-container\">\n\t\t\t<h2 class=\"elementor-heading-title elementor-size-medium\">ZI RESIDENCIA Qui\u00e9n puede vivir en esta casa?<\/h2>\t\t<\/div>\n\t\t\t\t<\/div>\n\t\t\t\t\t<\/div>\n\t\t<\/div>\n\t\t\t\t\t\t\t<\/div>\n\t\t<\/section>\n\t\t\t\t<section class=\"elementor-section elementor-top-section elementor-element elementor-element-e98a90e elementor-section-stretched elementor-section-height-min-height elementor-section-boxed elementor-section-height-default elementor-section-items-middle\" data-id=\"e98a90e\" data-element_type=\"section\" data-settings=\"{&quot;stretch_section&quot;:&quot;section-stretched&quot;}\">\n\t\t\t\t\t\t<div class=\"elementor-container elementor-column-gap-default\">\n\t\t\t\t\t<div class=\"elementor-column elementor-col-100 elementor-top-column elementor-element elementor-element-6e042faa\" data-id=\"6e042faa\" data-element_type=\"column\">\n\t\t\t<div class=\"elementor-widget-wrap elementor-element-populated\">\n\t\t\t\t\t\t\t\t<div class=\"elementor-element elementor-element-7535c5c4 elementor-widget elementor-widget-heading\" data-id=\"7535c5c4\" data-element_type=\"widget\" data-widget_type=\"heading.default\">\n\t\t\t\t<div class=\"elementor-widget-container\">\n\t\t\t<h2 class=\"elementor-heading-title elementor-size-default\">LAURA MARSH Y PHIL LIQUE \u00b7 NYC, EEUU \u00b7 Mayo Junio 2014<\/h2>\t\t<\/div>\n\t\t\t\t<\/div>\n\t\t\t\t<div class=\"elementor-element elementor-element-25c4b385 elementor-widget elementor-widget-text-editor\" data-id=\"25c4b385\" data-element_type=\"widget\" data-widget_type=\"text-editor.default\">\n\t\t\t\t<div class=\"elementor-widget-container\">\n\t\t\t\t\t\t\t\t<h6><span style=\"color: #999999;\">+ Residencia Internacional<\/span><\/h6><h6><span style=\"color: #999999;\">+ Proyecto \u201cSalvaged Homestead&#8221; <\/span><\/h6><h6><span style=\"color: #999999;\">+ Zona en Foco \u00b7 Taller de fotograf\u00eda para Adolescentes del barrio <\/span><\/h6><h6><span style=\"color: #999999;\">+ Encuentros con Artistas con Romina Barros (Salta)<\/span><\/h6>\t\t\t\t\t\t<\/div>\n\t\t\t\t<\/div>\n\t\t\t\t\t<\/div>\n\t\t<\/div>\n\t\t\t\t\t\t\t<\/div>\n\t\t<\/section>\n\t\t\t\t<section class=\"elementor-section elementor-top-section elementor-element elementor-element-2b04e821 elementor-section-stretched elementor-section-boxed elementor-section-height-default elementor-section-height-default\" data-id=\"2b04e821\" data-element_type=\"section\" data-settings=\"{&quot;stretch_section&quot;:&quot;section-stretched&quot;}\">\n\t\t\t\t\t\t<div class=\"elementor-container elementor-column-gap-default\">\n\t\t\t\t\t<div class=\"elementor-column elementor-col-100 elementor-top-column elementor-element elementor-element-40e971f6\" data-id=\"40e971f6\" data-element_type=\"column\">\n\t\t\t<div class=\"elementor-widget-wrap elementor-element-populated\">\n\t\t\t\t\t\t\t\t<div class=\"elementor-element elementor-element-46af100e elementor-widget elementor-widget-text-editor\" data-id=\"46af100e\" data-element_type=\"widget\" data-widget_type=\"text-editor.default\">\n\t\t\t\t<div class=\"elementor-widget-container\">\n\t\t\t\t\t\t\t\t<p class=\"style1\">Dentro del proyecto de Residencia para artistas\u00a0<em>\u00bfQui\u00e9n puede vivir en esta casa?,<\/em>\u00a0durante el mes de Mayo y Junio recibimos la visita de los artistas Laura Marsh y Phil Lique.<\/p><p class=\"style1\"><strong><br \/>Sobre los proyectos <\/strong><\/p><p class=\"style1\"><strong><span style=\"color: #999999;\">Salvaged Homestead<\/span><\/strong><\/p><p class=\"style1\"><em>\u201cComo equipo de trabajo, nos propusimos construir un h\u00e1bitat interactivo con materiales reciclados que encontremos en el barrio; tambi\u00e9n utilizamos el jard\u00edn de Zona Imaginaria como sitio de crecimiento. Al hacer esculturas que se pueden recorrer y entrar el jard\u00edn se convierte un sitio de reflexi\u00f3n e investigaci\u00f3n. Nuestra intenci\u00f3n es hacer una serie de estructuras figurativas combinado con tiendas de campamento a partir de los materiales naturales que encontremos.\u201d<\/em><\/p><p class=\"style1\">Laura y Phil exploraron el barrio y la ciudad de Buenos Aires en busca de material de trabajo para hacer dibujos y esculturas m\u00f3viles, seg\u00fan los gustos e intereses de las personas que conocieron durante el mes que estuvieron en la Residencia. Compartieron la casa con Romina Barros, artista de Salta y participaron del Open House que hicimos el 14 Junio, presentando sus trabajos y aprendiendo a cocinar empanadas salte\u00f1as.<\/p>\t\t\t\t\t\t<\/div>\n\t\t\t\t<\/div>\n\t\t\t\t\t<\/div>\n\t\t<\/div>\n\t\t\t\t\t\t\t<\/div>\n\t\t<\/section>\n\t\t\t\t<section class=\"elementor-section elementor-top-section elementor-element elementor-element-24e49fd1 elementor-section-stretched elementor-section-boxed elementor-section-height-default elementor-section-height-default\" data-id=\"24e49fd1\" data-element_type=\"section\" data-settings=\"{&quot;stretch_section&quot;:&quot;section-stretched&quot;}\">\n\t\t\t\t\t\t<div class=\"elementor-container elementor-column-gap-default\">\n\t\t\t\t\t<div class=\"elementor-column elementor-col-50 elementor-top-column elementor-element elementor-element-621f4ba4\" data-id=\"621f4ba4\" data-element_type=\"column\">\n\t\t\t<div class=\"elementor-widget-wrap elementor-element-populated\">\n\t\t\t\t\t\t\t\t<div class=\"elementor-element elementor-element-7540e44d elementor-widget elementor-widget-image\" data-id=\"7540e44d\" data-element_type=\"widget\" data-widget_type=\"image.default\">\n\t\t\t\t<div class=\"elementor-widget-container\">\n\t\t\t\t\t\t\t\t\t\t\t\t\t\t\t<img width=\"600\" height=\"452\" src=\"https:\/\/zonaimaginaria.com.ar\/web\/wp-content\/uploads\/2021\/08\/Phill4.jpg\" class=\"attachment-large size-large\" alt=\"\" loading=\"lazy\" srcset=\"https:\/\/zonaimaginaria.com.ar\/web\/wp-content\/uploads\/2021\/08\/Phill4.jpg 600w, https:\/\/zonaimaginaria.com.ar\/web\/wp-content\/uploads\/2021\/08\/Phill4-300x226.jpg 300w, https:\/\/zonaimaginaria.com.ar\/web\/wp-content\/uploads\/2021\/08\/Phill4-160x120.jpg 160w\" sizes=\"(max-width: 600px) 100vw, 600px\" \/>\t\t\t\t\t\t\t\t\t\t\t\t\t\t\t<\/div>\n\t\t\t\t<\/div>\n\t\t\t\t<div class=\"elementor-element elementor-element-5ccf6fd9 elementor-widget elementor-widget-image\" data-id=\"5ccf6fd9\" data-element_type=\"widget\" data-widget_type=\"image.default\">\n\t\t\t\t<div class=\"elementor-widget-container\">\n\t\t\t\t\t\t\t\t\t\t\t\t\t\t\t<img width=\"600\" height=\"452\" src=\"https:\/\/zonaimaginaria.com.ar\/web\/wp-content\/uploads\/2021\/08\/Phill1.jpg\" class=\"attachment-large size-large\" alt=\"\" loading=\"lazy\" srcset=\"https:\/\/zonaimaginaria.com.ar\/web\/wp-content\/uploads\/2021\/08\/Phill1.jpg 600w, https:\/\/zonaimaginaria.com.ar\/web\/wp-content\/uploads\/2021\/08\/Phill1-300x226.jpg 300w, https:\/\/zonaimaginaria.com.ar\/web\/wp-content\/uploads\/2021\/08\/Phill1-160x120.jpg 160w\" sizes=\"(max-width: 600px) 100vw, 600px\" \/>\t\t\t\t\t\t\t\t\t\t\t\t\t\t\t<\/div>\n\t\t\t\t<\/div>\n\t\t\t\t\t<\/div>\n\t\t<\/div>\n\t\t\t\t<div class=\"elementor-column elementor-col-50 elementor-top-column elementor-element elementor-element-37e53866\" data-id=\"37e53866\" data-element_type=\"column\">\n\t\t\t<div class=\"elementor-widget-wrap elementor-element-populated\">\n\t\t\t\t\t\t\t\t<div class=\"elementor-element elementor-element-146ca59f elementor-widget elementor-widget-image\" data-id=\"146ca59f\" data-element_type=\"widget\" data-widget_type=\"image.default\">\n\t\t\t\t<div class=\"elementor-widget-container\">\n\t\t\t\t\t\t\t\t\t\t\t\t\t\t\t<img width=\"600\" height=\"452\" src=\"https:\/\/zonaimaginaria.com.ar\/web\/wp-content\/uploads\/2021\/08\/Phill2.jpg\" class=\"attachment-large size-large\" alt=\"\" loading=\"lazy\" srcset=\"https:\/\/zonaimaginaria.com.ar\/web\/wp-content\/uploads\/2021\/08\/Phill2.jpg 600w, https:\/\/zonaimaginaria.com.ar\/web\/wp-content\/uploads\/2021\/08\/Phill2-300x226.jpg 300w, https:\/\/zonaimaginaria.com.ar\/web\/wp-content\/uploads\/2021\/08\/Phill2-160x120.jpg 160w\" sizes=\"(max-width: 600px) 100vw, 600px\" \/>\t\t\t\t\t\t\t\t\t\t\t\t\t\t\t<\/div>\n\t\t\t\t<\/div>\n\t\t\t\t<div class=\"elementor-element elementor-element-7943d684 elementor-widget elementor-widget-image\" data-id=\"7943d684\" data-element_type=\"widget\" data-widget_type=\"image.default\">\n\t\t\t\t<div class=\"elementor-widget-container\">\n\t\t\t\t\t\t\t\t\t\t\t\t\t\t\t<img width=\"600\" height=\"452\" src=\"https:\/\/zonaimaginaria.com.ar\/web\/wp-content\/uploads\/2021\/08\/Phill3.jpg\" class=\"attachment-large size-large\" alt=\"\" loading=\"lazy\" srcset=\"https:\/\/zonaimaginaria.com.ar\/web\/wp-content\/uploads\/2021\/08\/Phill3.jpg 600w, https:\/\/zonaimaginaria.com.ar\/web\/wp-content\/uploads\/2021\/08\/Phill3-300x226.jpg 300w, https:\/\/zonaimaginaria.com.ar\/web\/wp-content\/uploads\/2021\/08\/Phill3-160x120.jpg 160w\" sizes=\"(max-width: 600px) 100vw, 600px\" \/>\t\t\t\t\t\t\t\t\t\t\t\t\t\t\t<\/div>\n\t\t\t\t<\/div>\n\t\t\t\t\t<\/div>\n\t\t<\/div>\n\t\t\t\t\t\t\t<\/div>\n\t\t<\/section>\n\t\t\t\t<section class=\"elementor-section elementor-top-section elementor-element elementor-element-1640f2b elementor-section-stretched elementor-section-boxed elementor-section-height-default elementor-section-height-default\" data-id=\"1640f2b\" data-element_type=\"section\" data-settings=\"{&quot;stretch_section&quot;:&quot;section-stretched&quot;}\">\n\t\t\t\t\t\t<div class=\"elementor-container elementor-column-gap-default\">\n\t\t\t\t\t<div class=\"elementor-column elementor-col-100 elementor-top-column elementor-element elementor-element-8559041\" data-id=\"8559041\" data-element_type=\"column\">\n\t\t\t<div class=\"elementor-widget-wrap elementor-element-populated\">\n\t\t\t\t\t\t\t\t<div class=\"elementor-element elementor-element-e5d370e elementor-widget elementor-widget-text-editor\" data-id=\"e5d370e\" data-element_type=\"widget\" data-widget_type=\"text-editor.default\">\n\t\t\t\t<div class=\"elementor-widget-container\">\n\t\t\t\t\t\t\t\t<h6><span class=\"style68\"><strong>Laura Marsh<\/strong><\/span><span class=\"style1\"><strong>\u00a0<\/strong>Vive y trabaja en Nueva York, EEUU. Tiene un M.F.A. de escultura en la Escuela de Arte de la Universidad de Yale en New Haven, CT, En 2009 realizo B.F.A. de Pintura en el Instituto de Arte Cleveland, OH, 2004. En 2006 particip\u00f3 en Tilton Residency, Beijing, China como residente y en 2012 en el Vermont Studio Center, Johnson. En 2008 fue becada por Escuela de Arte de la Universidad de Yale en New Haven y en 2005 obtuvo la beca Ted Frost del Instituto de Arte Cleveland. Su obra fue expuesta en Nueva York y Beijing entre otras ciudades. Desde el 2009 es profesora en la Universidad de New Haven y en 2012 Directora en la Galer\u00eda de Arte Seton, de la misma.\u00a0<\/span><\/h6><p><span class=\"style1\"><strong>+ info<\/strong>\u00a0<a href=\"http:\/\/www.lauramarsh.net\/\">http:\/\/www.lauramarsh.net\/<\/a><\/span><\/p><h6 class=\"style1\"><span class=\"style68\">Phil Lique<\/span>\u00a0Vive y trabaja en Nueva York, EEUU. \u00a0Licenciado en 2005 en Bellas Artes y Dise\u00f1o Gr\u00e1fico en Paier College de Arte en \u00a0Hamden, Connecticut. En 2008 obtuvo una Maestr\u00eda de Bellas Artes en Pintura y Escultura en Western Connecticut State University. Fue residente en el Vermont Studio Center, Johnson, Vermont. Desde 2012 es profesor en la Universidad de New Haven.\u00a0<\/h6><p class=\"style1\"><strong>+ info<\/strong>\u00a0<a href=\"http:\/\/www.phillique.com\">www.phillique.com<\/a><\/p>\t\t\t\t\t\t<\/div>\n\t\t\t\t<\/div>\n\t\t\t\t\t<\/div>\n\t\t<\/div>\n\t\t\t\t\t\t\t<\/div>\n\t\t<\/section>\n\t\t\t\t\t\t<\/div>\n\t\t\t\t\t<\/div>\n\t\t","protected":false},"excerpt":{"rendered":"<p>ZI RESIDENCIA Qui\u00e9n puede vivir en esta casa? LAURA MARSH Y PHIL LIQUE \u00b7 NYC, EEUU \u00b7 Mayo Junio 2014 + Residencia Internacional + Proyecto \u201cSalvaged Homestead&#8221; + Zona en Foco \u00b7 Taller de fotograf\u00eda para Adolescentes del barrio + Encuentros con Artistas con Romina Barros (Salta) Dentro del proyecto de Residencia para artistas\u00a0\u00bfQui\u00e9n puede&hellip;<\/p>\n","protected":false},"author":1,"featured_media":0,"parent":0,"menu_order":0,"comment_status":"closed","ping_status":"closed","template":"","meta":[],"_links":{"self":[{"href":"https:\/\/zonaimaginaria.com.ar\/web\/wp-json\/wp\/v2\/pages\/2866"}],"collection":[{"href":"https:\/\/zonaimaginaria.com.ar\/web\/wp-json\/wp\/v2\/pages"}],"about":[{"href":"https:\/\/zonaimaginaria.com.ar\/web\/wp-json\/wp\/v2\/types\/page"}],"author":[{"embeddable":true,"href":"https:\/\/zonaimaginaria.com.ar\/web\/wp-json\/wp\/v2\/users\/1"}],"replies":[{"embeddable":true,"href":"https:\/\/zonaimaginaria.com.ar\/web\/wp-json\/wp\/v2\/comments?post=2866"}],"version-history":[{"count":4,"href":"https:\/\/zonaimaginaria.com.ar\/web\/wp-json\/wp\/v2\/pages\/2866\/revisions"}],"predecessor-version":[{"id":2874,"href":"https:\/\/zonaimaginaria.com.ar\/web\/wp-json\/wp\/v2\/pages\/2866\/revisions\/2874"}],"wp:attachment":[{"href":"https:\/\/zonaimaginaria.com.ar\/web\/wp-json\/wp\/v2\/media?parent=2866"}],"curies":[{"name":"wp","href":"https:\/\/api.w.org\/{rel}","templated":true}]}}