{"id":2820,"date":"2021-08-23T16:50:15","date_gmt":"2021-08-23T19:50:15","guid":{"rendered":"http:\/\/zonaimaginaria.com.ar\/web\/?page_id=2820"},"modified":"2022-02-17T14:11:43","modified_gmt":"2022-02-17T17:11:43","slug":"michelle-madsen","status":"publish","type":"page","link":"https:\/\/zonaimaginaria.com.ar\/web\/michelle-madsen\/","title":{"rendered":"Michelle Madsen"},"content":{"rendered":"\t\t<div data-elementor-type=\"wp-page\" data-elementor-id=\"2820\" class=\"elementor elementor-2820\" data-elementor-settings=\"[]\">\n\t\t\t\t\t\t\t<div class=\"elementor-section-wrap\">\n\t\t\t\t\t\t\t<section class=\"elementor-section elementor-top-section elementor-element elementor-element-5fb906f9 elementor-section-height-min-height elementor-section-stretched elementor-section-full_width elementor-section-height-default elementor-section-items-middle\" data-id=\"5fb906f9\" data-element_type=\"section\" data-settings=\"{&quot;stretch_section&quot;:&quot;section-stretched&quot;}\">\n\t\t\t\t\t\t<div class=\"elementor-container elementor-column-gap-default\">\n\t\t\t\t\t<div class=\"elementor-column elementor-col-100 elementor-top-column elementor-element elementor-element-42910425\" data-id=\"42910425\" data-element_type=\"column\">\n\t\t\t<div class=\"elementor-widget-wrap elementor-element-populated\">\n\t\t\t\t\t\t\t\t<div class=\"elementor-element elementor-element-1e99e07b elementor-widget elementor-widget-image\" data-id=\"1e99e07b\" data-element_type=\"widget\" data-widget_type=\"image.default\">\n\t\t\t\t<div class=\"elementor-widget-container\">\n\t\t\t\t\t\t\t\t\t\t\t\t\t\t\t<img width=\"1200\" height=\"504\" src=\"https:\/\/zonaimaginaria.com.ar\/web\/wp-content\/uploads\/2022\/02\/Michelle-Portada.jpg\" class=\"attachment-full size-full\" alt=\"\" loading=\"lazy\" srcset=\"https:\/\/zonaimaginaria.com.ar\/web\/wp-content\/uploads\/2022\/02\/Michelle-Portada.jpg 1200w, https:\/\/zonaimaginaria.com.ar\/web\/wp-content\/uploads\/2022\/02\/Michelle-Portada-300x126.jpg 300w, https:\/\/zonaimaginaria.com.ar\/web\/wp-content\/uploads\/2022\/02\/Michelle-Portada-1024x430.jpg 1024w, https:\/\/zonaimaginaria.com.ar\/web\/wp-content\/uploads\/2022\/02\/Michelle-Portada-768x323.jpg 768w\" sizes=\"(max-width: 1200px) 100vw, 1200px\" \/>\t\t\t\t\t\t\t\t\t\t\t\t\t\t\t<\/div>\n\t\t\t\t<\/div>\n\t\t\t\t\t<\/div>\n\t\t<\/div>\n\t\t\t\t\t\t\t<\/div>\n\t\t<\/section>\n\t\t\t\t<section class=\"elementor-section elementor-top-section elementor-element elementor-element-17bfc925 elementor-section-stretched elementor-section-boxed elementor-section-height-default elementor-section-height-default\" data-id=\"17bfc925\" data-element_type=\"section\" data-settings=\"{&quot;stretch_section&quot;:&quot;section-stretched&quot;,&quot;background_background&quot;:&quot;classic&quot;}\">\n\t\t\t\t\t\t<div class=\"elementor-container elementor-column-gap-default\">\n\t\t\t\t\t<div class=\"elementor-column elementor-col-100 elementor-top-column elementor-element elementor-element-6e6409dd\" data-id=\"6e6409dd\" data-element_type=\"column\">\n\t\t\t<div class=\"elementor-widget-wrap elementor-element-populated\">\n\t\t\t\t\t\t\t\t<div class=\"elementor-element elementor-element-5988f352 elementor-widget elementor-widget-heading\" data-id=\"5988f352\" data-element_type=\"widget\" data-widget_type=\"heading.default\">\n\t\t\t\t<div class=\"elementor-widget-container\">\n\t\t\t<h2 class=\"elementor-heading-title elementor-size-medium\">ZI RESIDENCIA Qui\u00e9n puede vivir en esta casa?<\/h2>\t\t<\/div>\n\t\t\t\t<\/div>\n\t\t\t\t\t<\/div>\n\t\t<\/div>\n\t\t\t\t\t\t\t<\/div>\n\t\t<\/section>\n\t\t\t\t<section class=\"elementor-section elementor-top-section elementor-element elementor-element-74d76406 elementor-section-stretched elementor-section-height-min-height elementor-section-boxed elementor-section-height-default elementor-section-items-middle\" data-id=\"74d76406\" data-element_type=\"section\" data-settings=\"{&quot;stretch_section&quot;:&quot;section-stretched&quot;}\">\n\t\t\t\t\t\t<div class=\"elementor-container elementor-column-gap-default\">\n\t\t\t\t\t<div class=\"elementor-column elementor-col-100 elementor-top-column elementor-element elementor-element-1f12e28e\" data-id=\"1f12e28e\" data-element_type=\"column\">\n\t\t\t<div class=\"elementor-widget-wrap elementor-element-populated\">\n\t\t\t\t\t\t\t\t<div class=\"elementor-element elementor-element-21c8b90d elementor-widget elementor-widget-heading\" data-id=\"21c8b90d\" data-element_type=\"widget\" data-widget_type=\"heading.default\">\n\t\t\t\t<div class=\"elementor-widget-container\">\n\t\t\t<h2 class=\"elementor-heading-title elementor-size-default\">MICHELLE MADSEN \u00b7 Londres, Inglaterra \u00b7 Mayo, Julio 2010<\/h2>\t\t<\/div>\n\t\t\t\t<\/div>\n\t\t\t\t<div class=\"elementor-element elementor-element-4cf0fab4 elementor-widget elementor-widget-text-editor\" data-id=\"4cf0fab4\" data-element_type=\"widget\" data-widget_type=\"text-editor.default\">\n\t\t\t\t<div class=\"elementor-widget-container\">\n\t\t\t\t\t\t\t\t<h6><span style=\"color: #999999;\">+ Residencia Internacional <\/span><\/h6><h6><span style=\"color: #999999;\">+ Proyecto \u00a8Qui\u00e9n puede comer en esta casa? <\/span><\/h6><h6><span style=\"color: #999999;\">+ Poetree &#8211; Actividad con P.A. <\/span><\/h6><h6><span style=\"color: #999999;\">+ Libro de Artista <\/span><\/h6><h6><span style=\"color: #999999;\">+ Fotograbado\u00a0<br \/><\/span><\/h6>\t\t\t\t\t\t<\/div>\n\t\t\t\t<\/div>\n\t\t\t\t\t<\/div>\n\t\t<\/div>\n\t\t\t\t\t\t\t<\/div>\n\t\t<\/section>\n\t\t\t\t<section class=\"elementor-section elementor-top-section elementor-element elementor-element-7c81e9c6 elementor-section-stretched elementor-section-boxed elementor-section-height-default elementor-section-height-default\" data-id=\"7c81e9c6\" data-element_type=\"section\" data-settings=\"{&quot;stretch_section&quot;:&quot;section-stretched&quot;}\">\n\t\t\t\t\t\t<div class=\"elementor-container elementor-column-gap-default\">\n\t\t\t\t\t<div class=\"elementor-column elementor-col-100 elementor-top-column elementor-element elementor-element-6899e94b\" data-id=\"6899e94b\" data-element_type=\"column\">\n\t\t\t<div class=\"elementor-widget-wrap elementor-element-populated\">\n\t\t\t\t\t\t\t\t<div class=\"elementor-element elementor-element-1850a517 elementor-widget elementor-widget-text-editor\" data-id=\"1850a517\" data-element_type=\"widget\" data-widget_type=\"text-editor.default\">\n\t\t\t\t<div class=\"elementor-widget-container\">\n\t\t\t\t\t\t\t\t<p class=\"style1\"><strong>Sobre los proyectos<\/strong><\/p><p align=\"justify\"><span class=\"style1\"><span lang=\"es-ES\" xml:lang=\"es-ES\"><strong>\u00bfQui\u00e9n puede comer en esta casa?<\/strong><\/span><\/span><\/p><p align=\"justify\"><span class=\"style1\"><span lang=\"es-ES\" xml:lang=\"es-ES\">Consisti\u00f3 en una cena -banquete para alimentar la mente y el cuerpo con frases y comida experimental de Michelle Madsen, poeta y encargada del London\u00b4s Rambling Restaurant y Hammer and Toungue, un equipo de artistas que utilizan la comida como punto de partida para realizar performances experimentales en Londres.<\/span><\/span><\/p><p class=\"style1\" align=\"justify\">La actividad se suma al proyecto\u00a0<em>Qui\u00e9n puede vivir<\/em>\u00a0<em>en esta casa<\/em>, que tiene como objetivos fomentar los v\u00ednculos sociales y aspectos culturales de intercambio.<\/p><p><span class=\"style1\" lang=\"es-AR\" xml:lang=\"es-AR\">Se realizaron tres eventos en diferentes en Mayo, Junio y Julio. El 8 de Mayo <\/span><span class=\"style1\" lang=\"es-ES\" xml:lang=\"es-ES\">hubo una comida-banquete deliciosa:\u00a0un desayuno ingles en miniatura con muffins caseros,\u00a0pollo al turmeric, kebabs de cordero &#8220;harissa&#8221; y una ensalada que volo del techo de la casa creada para satisfacer a gigantes; el postre: casitas de masa de jengibre con helado de praline de nueces.<\/span><\/p><p class=\"style1\" align=\"justify\">Luego\u00a0se realiz\u00f3\u00a0<strong>\u201cPoetree\u201d<\/strong>\u00a0un \u201cArbol-Escultura\u201d donde poetas de diferentes pa\u00edses y los \u201cPeque\u00f1os Aprendices\u201d, chicos del taller de Arte del Barrio fueron invitados a participar armando las hojas del arbol de este proyecto. Escribieron especialmente poemas\u00a0con el tema &#8220;Quien puede vivir en esta casa?&#8221;. Los poemas fueron\u00a0exhibidos en la casa, en cada comida. Despu\u00e9s del Brunch-perform\u00e1tico poetas de Buenos Aires, Londres y los Estados Unidos recitaron sus textos Gabriela Berjerman, Juan Salzano, JC Sullivan entre otros.<\/p>\t\t\t\t\t\t<\/div>\n\t\t\t\t<\/div>\n\t\t\t\t\t<\/div>\n\t\t<\/div>\n\t\t\t\t\t\t\t<\/div>\n\t\t<\/section>\n\t\t\t\t<section class=\"elementor-section elementor-top-section elementor-element elementor-element-3124b7ee elementor-section-stretched elementor-section-boxed elementor-section-height-default elementor-section-height-default\" data-id=\"3124b7ee\" data-element_type=\"section\" data-settings=\"{&quot;stretch_section&quot;:&quot;section-stretched&quot;}\">\n\t\t\t\t\t\t<div class=\"elementor-container elementor-column-gap-default\">\n\t\t\t\t\t<div class=\"elementor-column elementor-col-50 elementor-top-column elementor-element elementor-element-5b4d159\" data-id=\"5b4d159\" data-element_type=\"column\">\n\t\t\t<div class=\"elementor-widget-wrap elementor-element-populated\">\n\t\t\t\t\t\t\t\t<div class=\"elementor-element elementor-element-628078ff elementor-widget elementor-widget-image\" data-id=\"628078ff\" data-element_type=\"widget\" data-widget_type=\"image.default\">\n\t\t\t\t<div class=\"elementor-widget-container\">\n\t\t\t\t\t\t\t\t\t\t\t\t\t\t\t<img width=\"600\" height=\"452\" src=\"https:\/\/zonaimaginaria.com.ar\/web\/wp-content\/uploads\/2021\/08\/Michelle3.jpg\" class=\"attachment-large size-large\" alt=\"\" loading=\"lazy\" srcset=\"https:\/\/zonaimaginaria.com.ar\/web\/wp-content\/uploads\/2021\/08\/Michelle3.jpg 600w, https:\/\/zonaimaginaria.com.ar\/web\/wp-content\/uploads\/2021\/08\/Michelle3-300x226.jpg 300w, https:\/\/zonaimaginaria.com.ar\/web\/wp-content\/uploads\/2021\/08\/Michelle3-160x120.jpg 160w\" sizes=\"(max-width: 600px) 100vw, 600px\" \/>\t\t\t\t\t\t\t\t\t\t\t\t\t\t\t<\/div>\n\t\t\t\t<\/div>\n\t\t\t\t<div class=\"elementor-element elementor-element-1e865709 elementor-widget elementor-widget-image\" data-id=\"1e865709\" data-element_type=\"widget\" data-widget_type=\"image.default\">\n\t\t\t\t<div class=\"elementor-widget-container\">\n\t\t\t\t\t\t\t\t\t\t\t\t\t\t\t<img width=\"600\" height=\"452\" src=\"https:\/\/zonaimaginaria.com.ar\/web\/wp-content\/uploads\/2021\/08\/Michelle4-.jpg\" class=\"attachment-large size-large\" alt=\"\" loading=\"lazy\" srcset=\"https:\/\/zonaimaginaria.com.ar\/web\/wp-content\/uploads\/2021\/08\/Michelle4-.jpg 600w, https:\/\/zonaimaginaria.com.ar\/web\/wp-content\/uploads\/2021\/08\/Michelle4--300x226.jpg 300w, https:\/\/zonaimaginaria.com.ar\/web\/wp-content\/uploads\/2021\/08\/Michelle4--160x120.jpg 160w\" sizes=\"(max-width: 600px) 100vw, 600px\" \/>\t\t\t\t\t\t\t\t\t\t\t\t\t\t\t<\/div>\n\t\t\t\t<\/div>\n\t\t\t\t\t<\/div>\n\t\t<\/div>\n\t\t\t\t<div class=\"elementor-column elementor-col-50 elementor-top-column elementor-element elementor-element-25cbcc69\" data-id=\"25cbcc69\" data-element_type=\"column\">\n\t\t\t<div class=\"elementor-widget-wrap elementor-element-populated\">\n\t\t\t\t\t\t\t\t<div class=\"elementor-element elementor-element-69d0014d elementor-widget elementor-widget-image\" data-id=\"69d0014d\" data-element_type=\"widget\" data-widget_type=\"image.default\">\n\t\t\t\t<div class=\"elementor-widget-container\">\n\t\t\t\t\t\t\t\t\t\t\t\t\t\t\t<img width=\"600\" height=\"452\" src=\"https:\/\/zonaimaginaria.com.ar\/web\/wp-content\/uploads\/2021\/08\/Michell2.jpg\" class=\"attachment-large size-large\" alt=\"\" loading=\"lazy\" srcset=\"https:\/\/zonaimaginaria.com.ar\/web\/wp-content\/uploads\/2021\/08\/Michell2.jpg 600w, https:\/\/zonaimaginaria.com.ar\/web\/wp-content\/uploads\/2021\/08\/Michell2-300x226.jpg 300w, https:\/\/zonaimaginaria.com.ar\/web\/wp-content\/uploads\/2021\/08\/Michell2-160x120.jpg 160w\" sizes=\"(max-width: 600px) 100vw, 600px\" \/>\t\t\t\t\t\t\t\t\t\t\t\t\t\t\t<\/div>\n\t\t\t\t<\/div>\n\t\t\t\t<div class=\"elementor-element elementor-element-5cd94d38 elementor-widget elementor-widget-image\" data-id=\"5cd94d38\" data-element_type=\"widget\" data-widget_type=\"image.default\">\n\t\t\t\t<div class=\"elementor-widget-container\">\n\t\t\t\t\t\t\t\t\t\t\t\t\t\t\t<img width=\"600\" height=\"452\" src=\"https:\/\/zonaimaginaria.com.ar\/web\/wp-content\/uploads\/2021\/08\/Michelle1.jpg\" class=\"attachment-large size-large\" alt=\"\" loading=\"lazy\" srcset=\"https:\/\/zonaimaginaria.com.ar\/web\/wp-content\/uploads\/2021\/08\/Michelle1.jpg 600w, https:\/\/zonaimaginaria.com.ar\/web\/wp-content\/uploads\/2021\/08\/Michelle1-300x226.jpg 300w, https:\/\/zonaimaginaria.com.ar\/web\/wp-content\/uploads\/2021\/08\/Michelle1-160x120.jpg 160w\" sizes=\"(max-width: 600px) 100vw, 600px\" \/>\t\t\t\t\t\t\t\t\t\t\t\t\t\t\t<\/div>\n\t\t\t\t<\/div>\n\t\t\t\t\t<\/div>\n\t\t<\/div>\n\t\t\t\t\t\t\t<\/div>\n\t\t<\/section>\n\t\t\t\t<section class=\"elementor-section elementor-top-section elementor-element elementor-element-f7a5eb6 elementor-section-stretched elementor-section-boxed elementor-section-height-default elementor-section-height-default\" data-id=\"f7a5eb6\" data-element_type=\"section\" data-settings=\"{&quot;stretch_section&quot;:&quot;section-stretched&quot;}\">\n\t\t\t\t\t\t<div class=\"elementor-container elementor-column-gap-default\">\n\t\t\t\t\t<div class=\"elementor-column elementor-col-100 elementor-top-column elementor-element elementor-element-f547b66\" data-id=\"f547b66\" data-element_type=\"column\">\n\t\t\t<div class=\"elementor-widget-wrap elementor-element-populated\">\n\t\t\t\t\t\t\t\t<div class=\"elementor-element elementor-element-493e9a9 elementor-widget elementor-widget-text-editor\" data-id=\"493e9a9\" data-element_type=\"widget\" data-widget_type=\"text-editor.default\">\n\t\t\t\t<div class=\"elementor-widget-container\">\n\t\t\t\t\t\t\t\t<h6 class=\"style1\" align=\"justify\"><strong>Michelle Madsen<\/strong><\/h6><h6 class=\"style1\" lang=\"es-ES\" xml:lang=\"es-ES\" align=\"justify\">Formada en Literatura Inglesa en Oxford, es poeta, periodista y escritora; siempre en la b\u00fasqueda de nuevos espacios y m\u00e9todos para acercar la poes\u00eda a comunidades diversas. As\u00ed, ha organizado encuentros en antiguos dep\u00f3sitos, tiendas, restaurantes y bares de Londres.<\/h6><h6 class=\"style1\" lang=\"es-ES\" xml:lang=\"es-ES\" align=\"justify\">De madre argentina y padre dan\u00e9s, su ascendencia latinoamericana y escandinava se funden en sus textos, que sorprenden al p\u00fablico por oscuros, graciosos y rebeldes.<\/h6><h6 align=\"justify\"><span class=\"style1\" lang=\"es-ES\" xml:lang=\"es-ES\">Adem\u00e1s, forma parte del Rambling Restaurant, un equipo de artistas que utilizan la comida como punto de partida para realizar performances experimentales en Londres.<\/span><\/h6><p class=\"style1\">+ info\u00a0<u><a href=\"mailto:madsen.michelle@googlemail.com\"><span lang=\"es-ES\" xml:lang=\"es-ES\">madsen.michelle@googlemail.com<\/span><\/a><\/u><\/p><p><span class=\"style1\" lang=\"es-ES\" xml:lang=\"es-ES\">+ info\u00a0<\/span><span class=\"style1\"><a href=\"http:\/\/www.facebook.com\/ramblingrestaurant\"><span lang=\"es-ES\" xml:lang=\"es-ES\">http:\/\/www.facebook.com\/ramblingrestaurant<\/span><\/a><\/span><\/p><p><span class=\"style1\" lang=\"es-ES\" xml:lang=\"es-ES\">+ info\u00a0<\/span><span class=\"style1\"><a href=\"http:\/\/www.hammerandtongue.com\/\"><span lang=\"es-ES\" xml:lang=\"es-ES\">www.hammerandtongue.com<br \/><\/span><\/a><\/span><\/p>\t\t\t\t\t\t<\/div>\n\t\t\t\t<\/div>\n\t\t\t\t\t<\/div>\n\t\t<\/div>\n\t\t\t\t\t\t\t<\/div>\n\t\t<\/section>\n\t\t\t\t\t\t<\/div>\n\t\t\t\t\t<\/div>\n\t\t","protected":false},"excerpt":{"rendered":"<p>ZI RESIDENCIA Qui\u00e9n puede vivir en esta casa? MICHELLE MADSEN \u00b7 Londres, Inglaterra \u00b7 Mayo, Julio 2010 + Residencia Internacional + Proyecto \u00a8Qui\u00e9n puede comer en esta casa? + Poetree &#8211; Actividad con P.A. + Libro de Artista + Fotograbado\u00a0 Sobre los proyectos \u00bfQui\u00e9n puede comer en esta casa? Consisti\u00f3 en una cena -banquete para&hellip;<\/p>\n","protected":false},"author":1,"featured_media":0,"parent":0,"menu_order":0,"comment_status":"closed","ping_status":"closed","template":"","meta":[],"_links":{"self":[{"href":"https:\/\/zonaimaginaria.com.ar\/web\/wp-json\/wp\/v2\/pages\/2820"}],"collection":[{"href":"https:\/\/zonaimaginaria.com.ar\/web\/wp-json\/wp\/v2\/pages"}],"about":[{"href":"https:\/\/zonaimaginaria.com.ar\/web\/wp-json\/wp\/v2\/types\/page"}],"author":[{"embeddable":true,"href":"https:\/\/zonaimaginaria.com.ar\/web\/wp-json\/wp\/v2\/users\/1"}],"replies":[{"embeddable":true,"href":"https:\/\/zonaimaginaria.com.ar\/web\/wp-json\/wp\/v2\/comments?post=2820"}],"version-history":[{"count":8,"href":"https:\/\/zonaimaginaria.com.ar\/web\/wp-json\/wp\/v2\/pages\/2820\/revisions"}],"predecessor-version":[{"id":4264,"href":"https:\/\/zonaimaginaria.com.ar\/web\/wp-json\/wp\/v2\/pages\/2820\/revisions\/4264"}],"wp:attachment":[{"href":"https:\/\/zonaimaginaria.com.ar\/web\/wp-json\/wp\/v2\/media?parent=2820"}],"curies":[{"name":"wp","href":"https:\/\/api.w.org\/{rel}","templated":true}]}}