{"id":2680,"date":"2021-08-18T16:43:47","date_gmt":"2021-08-18T19:43:47","guid":{"rendered":"http:\/\/zonaimaginaria.com.ar\/web\/?page_id=2680"},"modified":"2021-08-18T16:44:26","modified_gmt":"2021-08-18T19:44:26","slug":"tina-lawlor-mottram","status":"publish","type":"page","link":"https:\/\/zonaimaginaria.com.ar\/web\/tina-lawlor-mottram\/","title":{"rendered":"Tina Lawlor Mottram"},"content":{"rendered":"\t\t<div data-elementor-type=\"wp-page\" data-elementor-id=\"2680\" class=\"elementor elementor-2680\" data-elementor-settings=\"[]\">\n\t\t\t\t\t\t\t<div class=\"elementor-section-wrap\">\n\t\t\t\t\t\t\t<section class=\"elementor-section elementor-top-section elementor-element elementor-element-ad8eb08 elementor-section-boxed elementor-section-height-default elementor-section-height-default\" data-id=\"ad8eb08\" data-element_type=\"section\">\n\t\t\t\t\t\t<div class=\"elementor-container elementor-column-gap-default\">\n\t\t\t\t\t<div class=\"elementor-column elementor-col-100 elementor-top-column elementor-element elementor-element-193ef97\" data-id=\"193ef97\" data-element_type=\"column\">\n\t\t\t<div class=\"elementor-widget-wrap elementor-element-populated\">\n\t\t\t\t\t\t\t\t<div class=\"elementor-element elementor-element-68dd5bb elementor-widget elementor-widget-text-editor\" data-id=\"68dd5bb\" data-element_type=\"widget\" data-widget_type=\"text-editor.default\">\n\t\t\t\t<div class=\"elementor-widget-container\">\n\t\t\t\t\t\t\t\t<p class=\"style62\" align=\"left\">Agosto 2018\/ Visita Internacional<br \/><br \/><span class=\"style64\"><br \/><\/span><strong class=\"style64\">TINA LAWLOR MOTTRAM \u2013 IRLANDA<\/strong><\/p><p class=\"style1\">Dentro del proyecto de Residencia para artistas\u00a0<em>\u00bfQui\u00e9n puede vivir en esta casa?,<\/em>\u00a0durante el mes de Agosto recibimos la visita de Tina Lawlor Mottram.<\/p><p class=\"style1\"><strong>Proyecto desarrollado &#8211; \u201cThe magic paw of Pulgar the dog\u201d<\/strong><\/p><p class=\"style1\">Durante su estad\u00eda en la Residencia, la artista escribi\u00f3 un cuento inspirandose en la comunidad de Villa Jard\u00edn a partir de las historias de los vecinos y el barrio, mezclandolo con relatos populares de Irlanda, su pa\u00eds de origen. Realiz\u00f3 un libro de artista, con ilustraciones de los chicos del taller de \u201cPeque\u00f1os Aprendices\u201d, editado en el estudio gr\u00e1fico de Zona Imaginaria.<\/p><table border=\"0\" width=\"923\" align=\"center\"><tbody><tr><td align=\"center\" width=\"917\"><p><img loading=\"lazy\" src=\"http:\/\/zonaimaginaria.com.ar\/NEWS\/tina-lawlor\/1.jpg\" width=\"920\" height=\"302\" \/><\/p><\/td><\/tr><\/tbody><\/table><p class=\"style1\">\u00a0<\/p><table border=\"0\" width=\"643\" align=\"center\"><tbody><tr><td width=\"637\" height=\"482\"><em class=\"style1\">Presentaci\u00f3n del libro en Zona Imaginaria<\/em><br \/><br \/><iframe loading=\"lazy\" src=\"https:\/\/player.vimeo.com\/video\/291504850\" width=\"640\" height=\"480\" frameborder=\"0\" allowfullscreen=\"allowfullscreen\" data-mce-fragment=\"1\"><\/iframe><\/td><\/tr><\/tbody><\/table><p>\u00a0<\/p><table border=\"0\" width=\"700\" align=\"center\"><tbody><tr><td class=\"style1\"><p>Tina particip\u00f3 de manera integral e involucr\u00f3 su proyecto en:<\/p><p>\u00a0+ Peque\u00f1os Aprendices<br \/>+ Taller de grabado<br \/>+ Taller de dibujo y slackline<\/p><\/td><\/tr><\/tbody><\/table><p>\u00a0<\/p><table border=\"0\" width=\"703\" align=\"center\"><tbody><tr><td align=\"center\" width=\"697\"><p><img loading=\"lazy\" src=\"http:\/\/zonaimaginaria.com.ar\/NEWS\/tina-lawlor\/Tina%20en%20el%20taller%20de%20grabado.png\" width=\"700\" height=\"431\" \/><br \/><br \/><img loading=\"lazy\" src=\"http:\/\/zonaimaginaria.com.ar\/NEWS\/tina-lawlor\/Tina%20+%20slackline%201.jpeg\" alt=\"\" width=\"525\" height=\"700\" \/><\/p><\/td><\/tr><\/tbody><\/table><p class=\"style1\">\u00a0<\/p><p class=\"style1\"><strong class=\"style66\">Tina Lawlor Mottram<\/strong>\u00a0naci\u00f3 en Dubl\u00edn ,Irlanda, en 1962. Actualmente, vive en Kent, Inglaterra, donde trabaja como artista, escritora y profesora. Es licenciada en Arte de la Limerick School of Art y posgraduada en Dise\u00f1o del London College of Communication. Trabaj\u00f3 como Jefa de publicaciones en la Torre de Londres y en Collins Books. Adem\u00e1s, public\u00f3 tres libros con el apoyo del Consejo de las Artes de Inglaterra.<br \/><em>+ info<\/em>\u00a0serpentinecreations.com<\/p>\t\t\t\t\t\t<\/div>\n\t\t\t\t<\/div>\n\t\t\t\t\t<\/div>\n\t\t<\/div>\n\t\t\t\t\t\t\t<\/div>\n\t\t<\/section>\n\t\t\t\t\t\t<\/div>\n\t\t\t\t\t<\/div>\n\t\t","protected":false},"excerpt":{"rendered":"<p>Agosto 2018\/ Visita Internacional TINA LAWLOR MOTTRAM \u2013 IRLANDA Dentro del proyecto de Residencia para artistas\u00a0\u00bfQui\u00e9n puede vivir en esta casa?,\u00a0durante el mes de Agosto recibimos la visita de Tina Lawlor Mottram. Proyecto desarrollado &#8211; \u201cThe magic paw of Pulgar the dog\u201d Durante su estad\u00eda en la Residencia, la artista escribi\u00f3 un cuento inspirandose en&hellip;<\/p>\n","protected":false},"author":1,"featured_media":0,"parent":0,"menu_order":0,"comment_status":"closed","ping_status":"closed","template":"","meta":[],"_links":{"self":[{"href":"https:\/\/zonaimaginaria.com.ar\/web\/wp-json\/wp\/v2\/pages\/2680"}],"collection":[{"href":"https:\/\/zonaimaginaria.com.ar\/web\/wp-json\/wp\/v2\/pages"}],"about":[{"href":"https:\/\/zonaimaginaria.com.ar\/web\/wp-json\/wp\/v2\/types\/page"}],"author":[{"embeddable":true,"href":"https:\/\/zonaimaginaria.com.ar\/web\/wp-json\/wp\/v2\/users\/1"}],"replies":[{"embeddable":true,"href":"https:\/\/zonaimaginaria.com.ar\/web\/wp-json\/wp\/v2\/comments?post=2680"}],"version-history":[{"count":4,"href":"https:\/\/zonaimaginaria.com.ar\/web\/wp-json\/wp\/v2\/pages\/2680\/revisions"}],"predecessor-version":[{"id":2684,"href":"https:\/\/zonaimaginaria.com.ar\/web\/wp-json\/wp\/v2\/pages\/2680\/revisions\/2684"}],"wp:attachment":[{"href":"https:\/\/zonaimaginaria.com.ar\/web\/wp-json\/wp\/v2\/media?parent=2680"}],"curies":[{"name":"wp","href":"https:\/\/api.w.org\/{rel}","templated":true}]}}