{"id":2512,"date":"2021-08-09T12:47:43","date_gmt":"2021-08-09T15:47:43","guid":{"rendered":"http:\/\/zonaimaginaria.com.ar\/web\/?page_id=2512"},"modified":"2022-04-21T17:01:42","modified_gmt":"2022-04-21T20:01:42","slug":"sobre-la-residencia-2","status":"publish","type":"page","link":"https:\/\/zonaimaginaria.com.ar\/web\/sobre-la-residencia-2\/","title":{"rendered":"Sobre la residencia"},"content":{"rendered":"\t\t<div data-elementor-type=\"wp-page\" data-elementor-id=\"2512\" class=\"elementor elementor-2512\" data-elementor-settings=\"[]\">\n\t\t\t\t\t\t\t<div class=\"elementor-section-wrap\">\n\t\t\t\t\t\t\t<section class=\"elementor-section elementor-top-section elementor-element elementor-element-9f25fd1 elementor-section-height-min-height elementor-section-stretched elementor-section-full_width elementor-section-height-default elementor-section-items-middle\" data-id=\"9f25fd1\" data-element_type=\"section\" data-settings=\"{&quot;stretch_section&quot;:&quot;section-stretched&quot;,&quot;background_background&quot;:&quot;slideshow&quot;,&quot;background_slideshow_gallery&quot;:[{&quot;id&quot;:4622,&quot;url&quot;:&quot;http:\\\/\\\/zonaimaginaria.com.ar\\\/web\\\/wp-content\\\/uploads\\\/2022\\\/02\\\/ALI-Portada-1.jpg&quot;},{&quot;id&quot;:4344,&quot;url&quot;:&quot;http:\\\/\\\/zonaimaginaria.com.ar\\\/web\\\/wp-content\\\/uploads\\\/2022\\\/02\\\/Ola-y-Diala-Portada.jpg&quot;},{&quot;id&quot;:4374,&quot;url&quot;:&quot;http:\\\/\\\/zonaimaginaria.com.ar\\\/web\\\/wp-content\\\/uploads\\\/2022\\\/02\\\/Portada-Chaile.jpg&quot;},{&quot;id&quot;:4261,&quot;url&quot;:&quot;http:\\\/\\\/zonaimaginaria.com.ar\\\/web\\\/wp-content\\\/uploads\\\/2022\\\/02\\\/Michelle-Portada.jpg&quot;},{&quot;id&quot;:4734,&quot;url&quot;:&quot;http:\\\/\\\/zonaimaginaria.com.ar\\\/web\\\/wp-content\\\/uploads\\\/2022\\\/03\\\/DominiqueVispo-Portada.jpg&quot;},{&quot;id&quot;:3743,&quot;url&quot;:&quot;http:\\\/\\\/zonaimaginaria.com.ar\\\/web\\\/wp-content\\\/uploads\\\/2022\\\/02\\\/Portada-Entrenamiento.jpg&quot;}],&quot;background_slideshow_loop&quot;:&quot;yes&quot;,&quot;background_slideshow_slide_duration&quot;:5000,&quot;background_slideshow_slide_transition&quot;:&quot;fade&quot;,&quot;background_slideshow_transition_duration&quot;:500}\">\n\t\t\t\t\t\t\t<div class=\"elementor-background-overlay\"><\/div>\n\t\t\t\t\t\t\t<div class=\"elementor-container elementor-column-gap-default\">\n\t\t\t\t\t<div class=\"elementor-column elementor-col-100 elementor-top-column elementor-element elementor-element-338292e\" data-id=\"338292e\" data-element_type=\"column\">\n\t\t\t<div class=\"elementor-widget-wrap elementor-element-populated\">\n\t\t\t\t\t\t\t\t<div class=\"elementor-element elementor-element-524973f elementor-widget elementor-widget-text-editor\" data-id=\"524973f\" data-element_type=\"widget\" data-widget_type=\"text-editor.default\">\n\t\t\t\t<div class=\"elementor-widget-container\">\n\t\t\t\t\t\t\t\t<p>Proyecto de Residencia<\/p>\t\t\t\t\t\t<\/div>\n\t\t\t\t<\/div>\n\t\t\t\t<div class=\"elementor-element elementor-element-b24d708 elementor-widget elementor-widget-text-editor\" data-id=\"b24d708\" data-element_type=\"widget\" data-widget_type=\"text-editor.default\">\n\t\t\t\t<div class=\"elementor-widget-container\">\n\t\t\t\t\t\t\t\t<p>Qui\u00e9n puede vivir en esta casa?<\/p>\t\t\t\t\t\t<\/div>\n\t\t\t\t<\/div>\n\t\t\t\t<div class=\"elementor-element elementor-element-0511261 elementor-align-center elementor-widget elementor-widget-button\" data-id=\"0511261\" data-element_type=\"widget\" data-widget_type=\"button.default\">\n\t\t\t\t<div class=\"elementor-widget-container\">\n\t\t\t\t\t<div class=\"elementor-button-wrapper\">\n\t\t\t<a href=\"https:\/\/docs.google.com\/forms\/d\/e\/1FAIpQLSfXfkXtubrpsnONzpdeAjTpEBlhDRcqA4eh_7A6iI2fccKMiQ\/viewform?usp=sf_link\" class=\"elementor-button-link elementor-button elementor-size-xs\" role=\"button\">\n\t\t\t\t\t\t<span class=\"elementor-button-content-wrapper\">\n\t\t\t\t\t\t<span class=\"elementor-button-text\">Aplicar ahora<\/span>\n\t\t<\/span>\n\t\t\t\t\t<\/a>\n\t\t<\/div>\n\t\t\t\t<\/div>\n\t\t\t\t<\/div>\n\t\t\t\t\t<\/div>\n\t\t<\/div>\n\t\t\t\t\t\t\t<\/div>\n\t\t<\/section>\n\t\t\t\t<section class=\"elementor-section elementor-top-section elementor-element elementor-element-4e35a2a elementor-section-stretched elementor-section-boxed elementor-section-height-default elementor-section-height-default\" data-id=\"4e35a2a\" data-element_type=\"section\" data-settings=\"{&quot;stretch_section&quot;:&quot;section-stretched&quot;}\">\n\t\t\t\t\t\t<div class=\"elementor-container elementor-column-gap-default\">\n\t\t\t\t\t<div class=\"elementor-column elementor-col-100 elementor-top-column elementor-element elementor-element-ca884b7\" data-id=\"ca884b7\" data-element_type=\"column\">\n\t\t\t<div class=\"elementor-widget-wrap elementor-element-populated\">\n\t\t\t\t\t\t\t\t<div class=\"elementor-element elementor-element-db418ab elementor-widget elementor-widget-text-editor\" data-id=\"db418ab\" data-element_type=\"widget\" data-widget_type=\"text-editor.default\">\n\t\t\t\t<div class=\"elementor-widget-container\">\n\t\t\t\t\t\t\t\t<section class=\"elementor-section elementor-top-section elementor-element elementor-element-58ab4c4 elementor-section-height-min-height elementor-section-stretched elementor-section-boxed elementor-section-height-default elementor-section-items-middle active\" data-id=\"58ab4c4\" data-element_type=\"section\" data-settings=\"{\"><div class=\"elementor-container elementor-column-gap-default\"><div class=\"elementor-column elementor-col-100 elementor-top-column elementor-element elementor-element-246b55c\" data-id=\"246b55c\" data-element_type=\"column\"><div class=\"elementor-widget-wrap elementor-element-populated\"><div class=\"elementor-element elementor-element-a11d3db elementor-widget elementor-widget-text-editor\" data-id=\"a11d3db\" data-element_type=\"widget\" data-widget_type=\"text-editor.default\"><div class=\"elementor-widget-container\"><h4><strong>Informaci\u00f3n<\/strong><\/h4><p>En una \u00e9poca de puertas cerradas, literal y metaf\u00f3ricamente, casi como un desaf\u00edo, apostamos a\u00a0<em>abrir<\/em>\u00a0las puertas de esta casa.<br \/>El espacio del\u00a0<em>hogar<\/em>\u00a0muestra a las representaciones art\u00edsticas de una manera m\u00e1s accesible -sin por ello simplificar ni modificar su lenguaje- poniendo en primer plano la problem\u00e1tica de la mirada en relaci\u00f3n con el arte y la cotidianeidad. La familiaridad de los espacios nos permiten el acceso a manifestaciones est\u00e9ticas no habituales, acerc\u00e1ndole a la comunidad obras de arte contempor\u00e1neo transformando espacios del d\u00eda a d\u00eda en un m\u00e9dium entre el arte y la cotidianeidad.<\/p><p><strong>Propuesta<\/strong><\/p><p>Abrimos las puertas de la casa e invitamos a artistas de distintas disciplinas; pa\u00edses; culturas; trayectorias; historias y edades a tomar el espacio como hogar temporario, intervenirlo, habitarlo, manipularlo, como tambi\u00e9n enviar arte correo, donaciones para la biblioteca y videoteca, con la casa, a su vez, funcionando como tal.<br \/>Invitamos a cr\u00edticos, curadores, vecinos del barrio y empresas aleda\u00f1as a reflexionar para as\u00ed entablar el dialogo con la comunidad y \u201cabrir las puertas\u201d a una nueva aproximaci\u00f3n a los conceptos de\u00a0 \u201csociedad\u201d y \u201causpicio\u201d hacia el arte, desde el arte.<\/p><p><strong>Objetivos<\/strong><\/p><p>El proyecto propone la creaci\u00f3n de espacios culturales y reflexiones m\u00faltiple destinados al encuentro vivencial, al tiempo que invita a convivir y crear redes, fomentando los v\u00ednculos sociales, los aspectos culturales del intercambio, los procesos formativos y el pensamiento cr\u00edtico<em>.<\/em><\/p><\/div><\/div><\/div><\/div><\/div><\/section>\t\t\t\t\t\t<\/div>\n\t\t\t\t<\/div>\n\t\t\t\t\t<\/div>\n\t\t<\/div>\n\t\t\t\t\t\t\t<\/div>\n\t\t<\/section>\n\t\t\t\t<section class=\"elementor-section elementor-top-section elementor-element elementor-element-2786e18 elementor-section-stretched elementor-section-height-min-height elementor-section-boxed elementor-section-height-default elementor-section-items-middle\" data-id=\"2786e18\" data-element_type=\"section\" data-settings=\"{&quot;stretch_section&quot;:&quot;section-stretched&quot;,&quot;background_background&quot;:&quot;classic&quot;}\">\n\t\t\t\t\t\t<div class=\"elementor-container elementor-column-gap-default\">\n\t\t\t\t\t<div class=\"elementor-column elementor-col-100 elementor-top-column elementor-element elementor-element-c9aca27\" data-id=\"c9aca27\" data-element_type=\"column\">\n\t\t\t<div class=\"elementor-widget-wrap elementor-element-populated\">\n\t\t\t\t\t\t\t\t<div class=\"elementor-element elementor-element-179503f elementor-widget elementor-widget-text-editor\" data-id=\"179503f\" data-element_type=\"widget\" data-widget_type=\"text-editor.default\">\n\t\t\t\t<div class=\"elementor-widget-container\">\n\t\t\t\t\t\t\t\t<section class=\"elementor-section elementor-top-section elementor-element elementor-element-58ab4c4 elementor-section-height-min-height elementor-section-stretched elementor-section-boxed elementor-section-height-default elementor-section-items-middle active\" data-id=\"58ab4c4\" data-element_type=\"section\" data-settings=\"{\"><div class=\"elementor-container elementor-column-gap-default\"><div class=\"elementor-column elementor-col-100 elementor-top-column elementor-element elementor-element-246b55c\" data-id=\"246b55c\" data-element_type=\"column\"><div class=\"elementor-widget-wrap elementor-element-populated\"><div class=\"elementor-element elementor-element-a11d3db elementor-widget elementor-widget-text-editor\" data-id=\"a11d3db\" data-element_type=\"widget\" data-widget_type=\"text-editor.default\"><div class=\"elementor-widget-container\"><p><strong>Sobre la Residencia<\/strong><\/p><p>+ Las y los artistas interesados en participar de la Residencia deber\u00e1n completar el <a href=\"https:\/\/docs.google.com\/forms\/d\/e\/1FAIpQLSfXfkXtubrpsnONzpdeAjTpEBlhDRcqA4eh_7A6iI2fccKMiQ\/viewform?usp=sf_link\" data-wplink-edit=\"true\">formulario de inscripci\u00f3n<\/a>.<\/p><p>El mismo ser\u00e1 evaluado por un jurado de selecci\u00f3n.\u00a0<br \/>+ La casa permanece abierta de\u00a0Marzo a Noviembre, con un corte en el mes de Julio.<br \/>+ Los per\u00edodos de residencia son de\u00a0dos semanas\u00a0m\u00ednimo y de\u00a0seis meses\u00a0m\u00e1ximo.<br \/>+ Con respecto a los gastos, lxs artistas s\u00f3lo deber\u00e1n pagar para las necesidades b\u00e1sicas para la manutenci\u00f3n de la casa durante la estad\u00eda.\u00a0<br \/>+ La casa cuenta con tres habitaciones, dos ba\u00f1os, cocina, patio y un jard\u00edn. Contamos con un estudio compartido, equipado para gr\u00e1fica contempor\u00e1nea, un taller de cer\u00e1mica y vidrio y una sala de exhibici\u00f3n.<br \/>+ La residencia est\u00e1 ubicada en\u00a0<a href=\"https:\/\/goo.gl\/maps\/2dohFnDkccpytXVW7\">San Fernando, Provincia de Buenos Aires.<\/a><\/p><\/div><\/div><\/div><\/div><\/div><\/section>\t\t\t\t\t\t<\/div>\n\t\t\t\t<\/div>\n\t\t\t\t\t<\/div>\n\t\t<\/div>\n\t\t\t\t\t\t\t<\/div>\n\t\t<\/section>\n\t\t\t\t<section class=\"elementor-section elementor-top-section elementor-element elementor-element-54845b69 elementor-section-stretched elementor-section-boxed elementor-section-height-default elementor-section-height-default\" data-id=\"54845b69\" data-element_type=\"section\" data-settings=\"{&quot;stretch_section&quot;:&quot;section-stretched&quot;}\">\n\t\t\t\t\t\t<div class=\"elementor-container elementor-column-gap-default\">\n\t\t\t\t\t<div class=\"elementor-column elementor-col-50 elementor-top-column elementor-element elementor-element-4a7f2407\" data-id=\"4a7f2407\" data-element_type=\"column\">\n\t\t\t<div class=\"elementor-widget-wrap elementor-element-populated\">\n\t\t\t\t\t\t\t\t<div class=\"elementor-element elementor-element-558bf9d8 elementor-widget elementor-widget-button\" data-id=\"558bf9d8\" data-element_type=\"widget\" data-widget_type=\"button.default\">\n\t\t\t\t<div class=\"elementor-widget-container\">\n\t\t\t\t\t<div class=\"elementor-button-wrapper\">\n\t\t\t<a href=\"https:\/\/zonaimaginaria.com.ar\/web\/residencia-quien-puede-vivir-en-esta-casa\/\" class=\"elementor-button-link elementor-button elementor-size-xs\" role=\"button\">\n\t\t\t\t\t\t<span class=\"elementor-button-content-wrapper\">\n\t\t\t\t\t\t<span class=\"elementor-button-text\">< volver a Residencia<\/span>\n\t\t<\/span>\n\t\t\t\t\t<\/a>\n\t\t<\/div>\n\t\t\t\t<\/div>\n\t\t\t\t<\/div>\n\t\t\t\t\t<\/div>\n\t\t<\/div>\n\t\t\t\t<div class=\"elementor-column elementor-col-50 elementor-top-column elementor-element elementor-element-e78dfe5\" data-id=\"e78dfe5\" data-element_type=\"column\">\n\t\t\t<div class=\"elementor-widget-wrap elementor-element-populated\">\n\t\t\t\t\t\t\t\t<div class=\"elementor-element elementor-element-407edf17 elementor-align-right elementor-widget elementor-widget-button\" data-id=\"407edf17\" data-element_type=\"widget\" data-widget_type=\"button.default\">\n\t\t\t\t<div class=\"elementor-widget-container\">\n\t\t\t\t\t<div class=\"elementor-button-wrapper\">\n\t\t\t<a href=\"https:\/\/zonaimaginaria.com.ar\/web\/proyectos-anteriores\/\" class=\"elementor-button-link elementor-button elementor-size-xs\" role=\"button\">\n\t\t\t\t\t\t<span class=\"elementor-button-content-wrapper\">\n\t\t\t\t\t\t<span class=\"elementor-button-text\">Ver Proyectos Anteriores ><\/span>\n\t\t<\/span>\n\t\t\t\t\t<\/a>\n\t\t<\/div>\n\t\t\t\t<\/div>\n\t\t\t\t<\/div>\n\t\t\t\t\t<\/div>\n\t\t<\/div>\n\t\t\t\t\t\t\t<\/div>\n\t\t<\/section>\n\t\t\t\t\t\t<\/div>\n\t\t\t\t\t<\/div>\n\t\t","protected":false},"excerpt":{"rendered":"<p>Proyecto de Residencia Qui\u00e9n puede vivir en esta casa? Aplicar ahora Informaci\u00f3n En una \u00e9poca de puertas cerradas, literal y metaf\u00f3ricamente, casi como un desaf\u00edo, apostamos a\u00a0abrir\u00a0las puertas de esta casa.El espacio del\u00a0hogar\u00a0muestra a las representaciones art\u00edsticas de una manera m\u00e1s accesible -sin por ello simplificar ni modificar su lenguaje- poniendo en primer plano la&hellip;<\/p>\n","protected":false},"author":1,"featured_media":0,"parent":0,"menu_order":0,"comment_status":"closed","ping_status":"closed","template":"","meta":[],"_links":{"self":[{"href":"https:\/\/zonaimaginaria.com.ar\/web\/wp-json\/wp\/v2\/pages\/2512"}],"collection":[{"href":"https:\/\/zonaimaginaria.com.ar\/web\/wp-json\/wp\/v2\/pages"}],"about":[{"href":"https:\/\/zonaimaginaria.com.ar\/web\/wp-json\/wp\/v2\/types\/page"}],"author":[{"embeddable":true,"href":"https:\/\/zonaimaginaria.com.ar\/web\/wp-json\/wp\/v2\/users\/1"}],"replies":[{"embeddable":true,"href":"https:\/\/zonaimaginaria.com.ar\/web\/wp-json\/wp\/v2\/comments?post=2512"}],"version-history":[{"count":43,"href":"https:\/\/zonaimaginaria.com.ar\/web\/wp-json\/wp\/v2\/pages\/2512\/revisions"}],"predecessor-version":[{"id":5185,"href":"https:\/\/zonaimaginaria.com.ar\/web\/wp-json\/wp\/v2\/pages\/2512\/revisions\/5185"}],"wp:attachment":[{"href":"https:\/\/zonaimaginaria.com.ar\/web\/wp-json\/wp\/v2\/media?parent=2512"}],"curies":[{"name":"wp","href":"https:\/\/api.w.org\/{rel}","templated":true}]}}