{"id":2425,"date":"2021-08-02T16:29:18","date_gmt":"2021-08-02T19:29:18","guid":{"rendered":"http:\/\/zonaimaginaria.com.ar\/web\/?page_id=2425"},"modified":"2021-08-11T17:42:32","modified_gmt":"2021-08-11T20:42:32","slug":"leo-blanc","status":"publish","type":"page","link":"https:\/\/zonaimaginaria.com.ar\/web\/leo-blanc\/","title":{"rendered":"Leo Blanc"},"content":{"rendered":"\t\t<div data-elementor-type=\"wp-page\" data-elementor-id=\"2425\" class=\"elementor elementor-2425\" data-elementor-settings=\"[]\">\n\t\t\t\t\t\t\t<div class=\"elementor-section-wrap\">\n\t\t\t\t\t\t\t<section class=\"elementor-section elementor-top-section elementor-element elementor-element-68abb0fe elementor-section-height-min-height elementor-section-stretched elementor-section-full_width elementor-section-height-default elementor-section-items-middle\" data-id=\"68abb0fe\" data-element_type=\"section\" data-settings=\"{&quot;stretch_section&quot;:&quot;section-stretched&quot;}\">\n\t\t\t\t\t\t<div class=\"elementor-container elementor-column-gap-default\">\n\t\t\t\t\t<div class=\"elementor-column elementor-col-100 elementor-top-column elementor-element elementor-element-9c762b7\" data-id=\"9c762b7\" data-element_type=\"column\">\n\t\t\t<div class=\"elementor-widget-wrap elementor-element-populated\">\n\t\t\t\t\t\t\t\t<div class=\"elementor-element elementor-element-70c094d5 elementor-widget elementor-widget-image\" data-id=\"70c094d5\" data-element_type=\"widget\" data-widget_type=\"image.default\">\n\t\t\t\t<div class=\"elementor-widget-container\">\n\t\t\t\t\t\t\t\t\t\t\t\t\t\t\t<img width=\"1200\" height=\"504\" src=\"https:\/\/zonaimaginaria.com.ar\/web\/wp-content\/uploads\/2021\/08\/Leo-Blanc-Portada.jpg\" class=\"attachment-full size-full\" alt=\"\" loading=\"lazy\" srcset=\"https:\/\/zonaimaginaria.com.ar\/web\/wp-content\/uploads\/2021\/08\/Leo-Blanc-Portada.jpg 1200w, https:\/\/zonaimaginaria.com.ar\/web\/wp-content\/uploads\/2021\/08\/Leo-Blanc-Portada-300x126.jpg 300w, https:\/\/zonaimaginaria.com.ar\/web\/wp-content\/uploads\/2021\/08\/Leo-Blanc-Portada-1024x430.jpg 1024w, https:\/\/zonaimaginaria.com.ar\/web\/wp-content\/uploads\/2021\/08\/Leo-Blanc-Portada-768x323.jpg 768w\" sizes=\"(max-width: 1200px) 100vw, 1200px\" \/>\t\t\t\t\t\t\t\t\t\t\t\t\t\t\t<\/div>\n\t\t\t\t<\/div>\n\t\t\t\t\t<\/div>\n\t\t<\/div>\n\t\t\t\t\t\t\t<\/div>\n\t\t<\/section>\n\t\t\t\t<section class=\"elementor-section elementor-top-section elementor-element elementor-element-7a580e9f elementor-section-stretched elementor-section-boxed elementor-section-height-default elementor-section-height-default\" data-id=\"7a580e9f\" data-element_type=\"section\" data-settings=\"{&quot;stretch_section&quot;:&quot;section-stretched&quot;,&quot;background_background&quot;:&quot;classic&quot;}\">\n\t\t\t\t\t\t<div class=\"elementor-container elementor-column-gap-default\">\n\t\t\t\t\t<div class=\"elementor-column elementor-col-100 elementor-top-column elementor-element elementor-element-79ed052d\" data-id=\"79ed052d\" data-element_type=\"column\">\n\t\t\t<div class=\"elementor-widget-wrap elementor-element-populated\">\n\t\t\t\t\t\t\t\t<div class=\"elementor-element elementor-element-7a7baee9 elementor-widget elementor-widget-heading\" data-id=\"7a7baee9\" data-element_type=\"widget\" data-widget_type=\"heading.default\">\n\t\t\t\t<div class=\"elementor-widget-container\">\n\t\t\t<h2 class=\"elementor-heading-title elementor-size-medium\">ZI RESIDENCIA Qui\u00e9n puede vivir en esta casa?<\/h2>\t\t<\/div>\n\t\t\t\t<\/div>\n\t\t\t\t\t<\/div>\n\t\t<\/div>\n\t\t\t\t\t\t\t<\/div>\n\t\t<\/section>\n\t\t\t\t<section class=\"elementor-section elementor-top-section elementor-element elementor-element-33bdbf07 elementor-section-stretched elementor-section-height-min-height elementor-section-boxed elementor-section-height-default elementor-section-items-middle\" data-id=\"33bdbf07\" data-element_type=\"section\" data-settings=\"{&quot;stretch_section&quot;:&quot;section-stretched&quot;}\">\n\t\t\t\t\t\t<div class=\"elementor-container elementor-column-gap-default\">\n\t\t\t\t\t<div class=\"elementor-column elementor-col-100 elementor-top-column elementor-element elementor-element-35fc64a8\" data-id=\"35fc64a8\" data-element_type=\"column\">\n\t\t\t<div class=\"elementor-widget-wrap elementor-element-populated\">\n\t\t\t\t\t\t\t\t<div class=\"elementor-element elementor-element-1269d3d5 elementor-widget elementor-widget-heading\" data-id=\"1269d3d5\" data-element_type=\"widget\" data-widget_type=\"heading.default\">\n\t\t\t\t<div class=\"elementor-widget-container\">\n\t\t\t<h2 class=\"elementor-heading-title elementor-size-default\">Leonardo Blanc \u00b7 C\u00f3rdoba, Argentina \u00b7 Diciembre 2018<\/h2>\t\t<\/div>\n\t\t\t\t<\/div>\n\t\t\t\t<div class=\"elementor-element elementor-element-50ca1c20 elementor-widget elementor-widget-text-editor\" data-id=\"50ca1c20\" data-element_type=\"widget\" data-widget_type=\"text-editor.default\">\n\t\t\t\t<div class=\"elementor-widget-container\">\n\t\t\t\t\t\t\t\t<h6><span style=\"color: #999999;\">+ Residencia nacional<\/span><\/h6><h6><span style=\"color: #999999;\">+ Proyecto \u201c<strong>Consequentis<\/strong>&#8221; \u00b7 \u00a8Codex\u00a8<\/span><\/h6><h6><span style=\"color: #999999;\">+ Encuentros con artistas <\/span><\/h6><h6><span style=\"color: #999999;\">+ Casamiento<\/span><\/h6><h6><span style=\"color: #999999;\">+ Casa Abierta \/ Open House : Jonathan Lee y Nicole Tyler\u00a0<\/span><\/h6>\t\t\t\t\t\t<\/div>\n\t\t\t\t<\/div>\n\t\t\t\t\t<\/div>\n\t\t<\/div>\n\t\t\t\t\t\t\t<\/div>\n\t\t<\/section>\n\t\t\t\t<section class=\"elementor-section elementor-top-section elementor-element elementor-element-748eb0d3 elementor-section-stretched elementor-section-boxed elementor-section-height-default elementor-section-height-default\" data-id=\"748eb0d3\" data-element_type=\"section\" data-settings=\"{&quot;stretch_section&quot;:&quot;section-stretched&quot;}\">\n\t\t\t\t\t\t<div class=\"elementor-container elementor-column-gap-default\">\n\t\t\t\t\t<div class=\"elementor-column elementor-col-100 elementor-top-column elementor-element elementor-element-4f078704\" data-id=\"4f078704\" data-element_type=\"column\">\n\t\t\t<div class=\"elementor-widget-wrap elementor-element-populated\">\n\t\t\t\t\t\t\t\t<div class=\"elementor-element elementor-element-686024c3 elementor-widget elementor-widget-text-editor\" data-id=\"686024c3\" data-element_type=\"widget\" data-widget_type=\"text-editor.default\">\n\t\t\t\t<div class=\"elementor-widget-container\">\n\t\t\t\t\t\t\t\t<p class=\"style1\"><strong>Sobre los proyectos<\/strong><\/p><p><strong>\u00a8Consequentis&#8221;<\/strong><\/p><p class=\"style1\"><em>\u201cEl desarrollo de nuevas tecnolog\u00edas digitales trajo aparejada la h\u00edper conectividad, ergo, transformaciones en el uso del tiempo, el esfuerzo y la memoria. A partir de esta realidad que me atraviesa surge el inter\u00e9s por abordar el s\u00edndrome de la impaciencia. A tales fines expongo \u201cConsequentis\u201d, un proceso de larga duraci\u00f3n con atenci\u00f3n plena en mi enc\u00e9falo. Creo que la ciencia y el arte pueden compartir preocupaciones ante problem\u00e1ticas del ser humano y su entorno. En efecto, las composiciones del sistema nervioso de Ram\u00f3n y Cajal (1890 \u2013 1910) y el Dr. Greg Dunn (2014 \u2013 2017) son referencias de la confluencia entre ciencia y arte.<\/em><br \/><em>Decid\u00ed dibujar mi cerebro porque es el \u00f3rgano enigm\u00e1tico donde converge el control del cuerpo, los pensamientos, la memoria y las emociones; am\u00e9n de contrarrestar la impaciencia y brindar relajaci\u00f3n profunda al igual que la meditaci\u00f3n. Todo lo que somos depende del cerebro\u201d.<\/em><\/p>\t\t\t\t\t\t<\/div>\n\t\t\t\t<\/div>\n\t\t\t\t\t<\/div>\n\t\t<\/div>\n\t\t\t\t\t\t\t<\/div>\n\t\t<\/section>\n\t\t\t\t<section class=\"elementor-section elementor-top-section elementor-element elementor-element-5c151d2 elementor-section-boxed elementor-section-height-default elementor-section-height-default\" data-id=\"5c151d2\" data-element_type=\"section\">\n\t\t\t\t\t\t<div class=\"elementor-container elementor-column-gap-default\">\n\t\t\t\t\t<div class=\"elementor-column elementor-col-100 elementor-top-column elementor-element elementor-element-e5efdb7\" data-id=\"e5efdb7\" data-element_type=\"column\">\n\t\t\t<div class=\"elementor-widget-wrap elementor-element-populated\">\n\t\t\t\t\t\t\t\t<div class=\"elementor-element elementor-element-d2257a5 elementor-aspect-ratio-169 elementor-widget elementor-widget-video\" data-id=\"d2257a5\" data-element_type=\"widget\" data-settings=\"{&quot;video_type&quot;:&quot;vimeo&quot;,&quot;aspect_ratio&quot;:&quot;169&quot;}\" data-widget_type=\"video.default\">\n\t\t\t\t<div class=\"elementor-widget-container\">\n\t\t\t\t\t<div class=\"elementor-wrapper elementor-fit-aspect-ratio elementor-open-inline\">\n\t\t\t<iframe class=\"elementor-video-iframe\" allowfullscreen title=\"Reproductor de v\u00eddeo vimeo\" src=\"https:\/\/player.vimeo.com\/video\/171131277?color&amp;autopause=0&amp;loop=0&amp;muted=0&amp;title=1&amp;portrait=1&amp;byline=1#t=\"><\/iframe>\t\t<\/div>\n\t\t\t\t<\/div>\n\t\t\t\t<\/div>\n\t\t\t\t\t<\/div>\n\t\t<\/div>\n\t\t\t\t\t\t\t<\/div>\n\t\t<\/section>\n\t\t\t\t<section class=\"elementor-section elementor-top-section elementor-element elementor-element-82ea32a elementor-section-stretched elementor-section-boxed elementor-section-height-default elementor-section-height-default\" data-id=\"82ea32a\" data-element_type=\"section\" data-settings=\"{&quot;stretch_section&quot;:&quot;section-stretched&quot;}\">\n\t\t\t\t\t\t<div class=\"elementor-container elementor-column-gap-default\">\n\t\t\t\t\t<div class=\"elementor-column elementor-col-66 elementor-top-column elementor-element elementor-element-802e7bc\" data-id=\"802e7bc\" data-element_type=\"column\">\n\t\t\t<div class=\"elementor-widget-wrap elementor-element-populated\">\n\t\t\t\t\t\t\t\t<div class=\"elementor-element elementor-element-576ba19 elementor-widget elementor-widget-text-editor\" data-id=\"576ba19\" data-element_type=\"widget\" data-widget_type=\"text-editor.default\">\n\t\t\t\t<div class=\"elementor-widget-container\">\n\t\t\t\t\t\t\t\t<p><strong>\u00a8CODEX&#8221;<\/strong><\/p><p class=\"style1\">Codex CP consisti\u00f3 en la desconstrucci\u00f3n te\u00f3rica de una prote\u00edna que se halla en la pel\u00edcula de l\u00e1grima, reinterprentando y musicalizando los datos obtenidos.<\/p><p class=\"style1\"><strong>\u201cLa l\u00e1grima, el primer lugar donde la imagen toma contacto con el cuerpo\u201d<\/strong><\/p>\t\t\t\t\t\t<\/div>\n\t\t\t\t<\/div>\n\t\t\t\t\t<\/div>\n\t\t<\/div>\n\t\t\t\t<div class=\"elementor-column elementor-col-33 elementor-top-column elementor-element elementor-element-161bb22\" data-id=\"161bb22\" data-element_type=\"column\">\n\t\t\t<div class=\"elementor-widget-wrap elementor-element-populated\">\n\t\t\t\t\t\t\t\t<div class=\"elementor-element elementor-element-684661c elementor-aspect-ratio-43 elementor-widget elementor-widget-video\" data-id=\"684661c\" data-element_type=\"widget\" data-settings=\"{&quot;video_type&quot;:&quot;hosted&quot;,&quot;autoplay&quot;:&quot;yes&quot;,&quot;play_on_mobile&quot;:&quot;yes&quot;,&quot;mute&quot;:&quot;yes&quot;,&quot;loop&quot;:&quot;yes&quot;,&quot;aspect_ratio&quot;:&quot;43&quot;,&quot;controls&quot;:&quot;yes&quot;}\" data-widget_type=\"video.default\">\n\t\t\t\t<div class=\"elementor-widget-container\">\n\t\t\t\t\t<div class=\"e-hosted-video elementor-wrapper elementor-fit-aspect-ratio elementor-open-inline\">\n\t\t\t\t\t<video class=\"elementor-video\" src=\"http:\/\/zonaimaginaria.com.ar\/web\/wp-content\/uploads\/2021\/08\/CODEX-GIF.mp4\" autoplay=\"\" loop=\"\" controls=\"\" muted=\"muted\" playsinline=\"\" controlsList=\"nodownload\"><\/video>\n\t\t\t\t<\/div>\n\t\t\t\t<\/div>\n\t\t\t\t<\/div>\n\t\t\t\t\t<\/div>\n\t\t<\/div>\n\t\t\t\t\t\t\t<\/div>\n\t\t<\/section>\n\t\t\t\t<section class=\"elementor-section elementor-top-section elementor-element elementor-element-b4a405d elementor-section-stretched elementor-section-boxed elementor-section-height-default elementor-section-height-default\" data-id=\"b4a405d\" data-element_type=\"section\" data-settings=\"{&quot;stretch_section&quot;:&quot;section-stretched&quot;}\">\n\t\t\t\t\t\t<div class=\"elementor-container elementor-column-gap-default\">\n\t\t\t\t\t<div class=\"elementor-column elementor-col-50 elementor-top-column elementor-element elementor-element-87ab57e\" data-id=\"87ab57e\" data-element_type=\"column\">\n\t\t\t<div class=\"elementor-widget-wrap elementor-element-populated\">\n\t\t\t\t\t\t\t\t<div class=\"elementor-element elementor-element-6851fcb elementor-widget elementor-widget-image\" data-id=\"6851fcb\" data-element_type=\"widget\" data-widget_type=\"image.default\">\n\t\t\t\t<div class=\"elementor-widget-container\">\n\t\t\t\t\t\t\t\t\t\t\t\t\t\t\t<img width=\"1024\" height=\"784\" src=\"https:\/\/zonaimaginaria.com.ar\/web\/wp-content\/uploads\/2021\/08\/Di\u0301ptico-CODEX-CP-1-1024x784.jpg\" class=\"attachment-large size-large\" alt=\"\" loading=\"lazy\" srcset=\"https:\/\/zonaimaginaria.com.ar\/web\/wp-content\/uploads\/2021\/08\/Di\u0301ptico-CODEX-CP-1-1024x784.jpg 1024w, https:\/\/zonaimaginaria.com.ar\/web\/wp-content\/uploads\/2021\/08\/Di\u0301ptico-CODEX-CP-1-300x230.jpg 300w, https:\/\/zonaimaginaria.com.ar\/web\/wp-content\/uploads\/2021\/08\/Di\u0301ptico-CODEX-CP-1-768x588.jpg 768w, https:\/\/zonaimaginaria.com.ar\/web\/wp-content\/uploads\/2021\/08\/Di\u0301ptico-CODEX-CP-1.jpg 1200w\" sizes=\"(max-width: 1024px) 100vw, 1024px\" \/>\t\t\t\t\t\t\t\t\t\t\t\t\t\t\t<\/div>\n\t\t\t\t<\/div>\n\t\t\t\t\t<\/div>\n\t\t<\/div>\n\t\t\t\t<div class=\"elementor-column elementor-col-50 elementor-top-column elementor-element elementor-element-bd9552a\" data-id=\"bd9552a\" data-element_type=\"column\">\n\t\t\t<div class=\"elementor-widget-wrap elementor-element-populated\">\n\t\t\t\t\t\t\t\t<div class=\"elementor-element elementor-element-3b28a8c elementor-widget elementor-widget-image\" data-id=\"3b28a8c\" data-element_type=\"widget\" data-widget_type=\"image.default\">\n\t\t\t\t<div class=\"elementor-widget-container\">\n\t\t\t\t\t\t\t\t\t\t\t\t\t\t\t<img width=\"1024\" height=\"784\" src=\"https:\/\/zonaimaginaria.com.ar\/web\/wp-content\/uploads\/2021\/08\/OPEN-HOUSE-1024x784.jpg\" class=\"attachment-large size-large\" alt=\"\" loading=\"lazy\" srcset=\"https:\/\/zonaimaginaria.com.ar\/web\/wp-content\/uploads\/2021\/08\/OPEN-HOUSE-1024x784.jpg 1024w, https:\/\/zonaimaginaria.com.ar\/web\/wp-content\/uploads\/2021\/08\/OPEN-HOUSE-300x230.jpg 300w, https:\/\/zonaimaginaria.com.ar\/web\/wp-content\/uploads\/2021\/08\/OPEN-HOUSE-768x588.jpg 768w, https:\/\/zonaimaginaria.com.ar\/web\/wp-content\/uploads\/2021\/08\/OPEN-HOUSE.jpg 1200w\" sizes=\"(max-width: 1024px) 100vw, 1024px\" \/>\t\t\t\t\t\t\t\t\t\t\t\t\t\t\t<\/div>\n\t\t\t\t<\/div>\n\t\t\t\t\t<\/div>\n\t\t<\/div>\n\t\t\t\t\t\t\t<\/div>\n\t\t<\/section>\n\t\t\t\t<section class=\"elementor-section elementor-top-section elementor-element elementor-element-1280b99 elementor-section-stretched elementor-section-boxed elementor-section-height-default elementor-section-height-default\" data-id=\"1280b99\" data-element_type=\"section\" data-settings=\"{&quot;stretch_section&quot;:&quot;section-stretched&quot;}\">\n\t\t\t\t\t\t<div class=\"elementor-container elementor-column-gap-default\">\n\t\t\t\t\t<div class=\"elementor-column elementor-col-100 elementor-top-column elementor-element elementor-element-c949e0f\" data-id=\"c949e0f\" data-element_type=\"column\">\n\t\t\t<div class=\"elementor-widget-wrap elementor-element-populated\">\n\t\t\t\t\t\t\t\t<div class=\"elementor-element elementor-element-04cddfb elementor-widget elementor-widget-text-editor\" data-id=\"04cddfb\" data-element_type=\"widget\" data-widget_type=\"text-editor.default\">\n\t\t\t\t<div class=\"elementor-widget-container\">\n\t\t\t\t\t\t\t\t<p>Esta misma obra se present\u00f3 en 10 de Noviembre en la inauguraci\u00f3n de Casa Abierta \/ Open House junto con\u00a0 la obra de Jonathan Lee y Nicole Tyler qui\u00e9n hizo una interpretaci\u00f3n coreogr\u00e1fica.<\/p>\t\t\t\t\t\t<\/div>\n\t\t\t\t<\/div>\n\t\t\t\t\t<\/div>\n\t\t<\/div>\n\t\t\t\t\t\t\t<\/div>\n\t\t<\/section>\n\t\t\t\t<section class=\"elementor-section elementor-top-section elementor-element elementor-element-03d2dd0 elementor-section-stretched elementor-section-boxed elementor-section-height-default elementor-section-height-default\" data-id=\"03d2dd0\" data-element_type=\"section\" data-settings=\"{&quot;stretch_section&quot;:&quot;section-stretched&quot;}\">\n\t\t\t\t\t\t<div class=\"elementor-container elementor-column-gap-default\">\n\t\t\t\t\t<div class=\"elementor-column elementor-col-100 elementor-top-column elementor-element elementor-element-b6bfaec\" data-id=\"b6bfaec\" data-element_type=\"column\">\n\t\t\t<div class=\"elementor-widget-wrap elementor-element-populated\">\n\t\t\t\t\t\t\t\t<div class=\"elementor-element elementor-element-7f086f9 elementor-widget elementor-widget-text-editor\" data-id=\"7f086f9\" data-element_type=\"widget\" data-widget_type=\"text-editor.default\">\n\t\t\t\t<div class=\"elementor-widget-container\">\n\t\t\t\t\t\t\t\t<p><strong>Talleres<\/strong><\/p><p class=\"style1\">Leo particip\u00f3 de manera integral en Zona ya que fue el primer artista que cont\u00f3 con su estudio, dentro de la casa, como espacio de trabajo.Adem\u00e1s particip\u00f3 como docente del taller para j\u00f3venes de Dibujo y Slackline y capacit\u00f3 a otros profesores.<\/p>\t\t\t\t\t\t<\/div>\n\t\t\t\t<\/div>\n\t\t\t\t\t<\/div>\n\t\t<\/div>\n\t\t\t\t\t\t\t<\/div>\n\t\t<\/section>\n\t\t\t\t<section class=\"elementor-section elementor-top-section elementor-element elementor-element-16ef1741 elementor-section-stretched elementor-section-boxed elementor-section-height-default elementor-section-height-default\" data-id=\"16ef1741\" data-element_type=\"section\" data-settings=\"{&quot;stretch_section&quot;:&quot;section-stretched&quot;}\">\n\t\t\t\t\t\t<div class=\"elementor-container elementor-column-gap-default\">\n\t\t\t\t\t<div class=\"elementor-column elementor-col-50 elementor-top-column elementor-element elementor-element-71b8baad\" data-id=\"71b8baad\" data-element_type=\"column\">\n\t\t\t<div class=\"elementor-widget-wrap elementor-element-populated\">\n\t\t\t\t\t\t\t\t<div class=\"elementor-element elementor-element-5663fe43 elementor-widget elementor-widget-image\" data-id=\"5663fe43\" data-element_type=\"widget\" data-widget_type=\"image.default\">\n\t\t\t\t<div class=\"elementor-widget-container\">\n\t\t\t\t\t\t\t\t\t\t\t\t\t\t\t<img width=\"1024\" height=\"784\" src=\"https:\/\/zonaimaginaria.com.ar\/web\/wp-content\/uploads\/2021\/08\/SlackLine-1024x784.jpg\" class=\"attachment-large size-large\" alt=\"\" loading=\"lazy\" srcset=\"https:\/\/zonaimaginaria.com.ar\/web\/wp-content\/uploads\/2021\/08\/SlackLine-1024x784.jpg 1024w, https:\/\/zonaimaginaria.com.ar\/web\/wp-content\/uploads\/2021\/08\/SlackLine-300x230.jpg 300w, https:\/\/zonaimaginaria.com.ar\/web\/wp-content\/uploads\/2021\/08\/SlackLine-768x588.jpg 768w, https:\/\/zonaimaginaria.com.ar\/web\/wp-content\/uploads\/2021\/08\/SlackLine.jpg 1200w\" sizes=\"(max-width: 1024px) 100vw, 1024px\" \/>\t\t\t\t\t\t\t\t\t\t\t\t\t\t\t<\/div>\n\t\t\t\t<\/div>\n\t\t\t\t\t<\/div>\n\t\t<\/div>\n\t\t\t\t<div class=\"elementor-column elementor-col-50 elementor-top-column elementor-element elementor-element-4cc9076d\" data-id=\"4cc9076d\" data-element_type=\"column\">\n\t\t\t<div class=\"elementor-widget-wrap elementor-element-populated\">\n\t\t\t\t\t\t\t\t<div class=\"elementor-element elementor-element-4174953f elementor-widget elementor-widget-image\" data-id=\"4174953f\" data-element_type=\"widget\" data-widget_type=\"image.default\">\n\t\t\t\t<div class=\"elementor-widget-container\">\n\t\t\t\t\t\t\t\t\t\t\t\t\t\t\t<img width=\"1024\" height=\"784\" src=\"https:\/\/zonaimaginaria.com.ar\/web\/wp-content\/uploads\/2021\/08\/Dibujo-1024x784.jpg\" class=\"attachment-large size-large\" alt=\"\" loading=\"lazy\" srcset=\"https:\/\/zonaimaginaria.com.ar\/web\/wp-content\/uploads\/2021\/08\/Dibujo-1024x784.jpg 1024w, https:\/\/zonaimaginaria.com.ar\/web\/wp-content\/uploads\/2021\/08\/Dibujo-300x230.jpg 300w, https:\/\/zonaimaginaria.com.ar\/web\/wp-content\/uploads\/2021\/08\/Dibujo-768x588.jpg 768w, https:\/\/zonaimaginaria.com.ar\/web\/wp-content\/uploads\/2021\/08\/Dibujo.jpg 1200w\" sizes=\"(max-width: 1024px) 100vw, 1024px\" \/>\t\t\t\t\t\t\t\t\t\t\t\t\t\t\t<\/div>\n\t\t\t\t<\/div>\n\t\t\t\t\t<\/div>\n\t\t<\/div>\n\t\t\t\t\t\t\t<\/div>\n\t\t<\/section>\n\t\t\t\t<section class=\"elementor-section elementor-top-section elementor-element elementor-element-ae107f9 elementor-section-stretched elementor-section-boxed elementor-section-height-default elementor-section-height-default\" data-id=\"ae107f9\" data-element_type=\"section\" data-settings=\"{&quot;stretch_section&quot;:&quot;section-stretched&quot;}\">\n\t\t\t\t\t\t<div class=\"elementor-container elementor-column-gap-default\">\n\t\t\t\t\t<div class=\"elementor-column elementor-col-100 elementor-top-column elementor-element elementor-element-48496ef\" data-id=\"48496ef\" data-element_type=\"column\">\n\t\t\t<div class=\"elementor-widget-wrap elementor-element-populated\">\n\t\t\t\t\t\t\t\t<div class=\"elementor-element elementor-element-4587554 elementor-widget elementor-widget-text-editor\" data-id=\"4587554\" data-element_type=\"widget\" data-widget_type=\"text-editor.default\">\n\t\t\t\t<div class=\"elementor-widget-container\">\n\t\t\t\t\t\t\t\t<h6>Leonardo Blanc naci\u00f3 en la ciudad de C\u00f3rdoba, Argentina en 1980. En el 2009 residi\u00f3 en la ciudad de Madrid y alcanz\u00f3 el t\u00edtulo de Licenciado en ciencias de la actividad f\u00edsica y el deporte. En 2012 comenz\u00f3 la obra <em>Memorias de Verde<\/em>, un proceso de larga duraci\u00f3n donde combin\u00f3 registros obsesivos de ejercicios f\u00edsicos, procesos cognitivos, estados de la conciencia y ensayos de metalurgia. De regreso a la Argentina realiz\u00f3 una residencia art\u00edstica en la Casa\/estudio Batz, que culmin\u00f3 en su tesis de maestr\u00eda en antropolog\u00eda social en la Universidad nacional de C\u00f3rdoba. En mayo de 2014 sufri\u00f3 un accidente de tr\u00e1nsito, evento que provoc\u00f3 un cambio en su vida y afect\u00f3 de forma radical sus procesos creativos hasta ese momento del tipo cin\u00e9tico, induciendo a nuevas exploraciones en torno a la neurociencia y la cim\u00e1tica. Sus variadas experiencias de vida cristalizan en\u00a0<em>Consequentis<\/em>, una producci\u00f3n de larga duraci\u00f3n cuyo lenguaje es el dibujo, la pintura y el grabado sobre papel.<\/h6><p class=\"style1\">+ info: <a href=\"http:\/\/cargocollective.com\/LeonardoBlanc\">http:\/\/cargocollective.com\/LeonardoBlanc<\/a><\/p>\t\t\t\t\t\t<\/div>\n\t\t\t\t<\/div>\n\t\t\t\t\t<\/div>\n\t\t<\/div>\n\t\t\t\t\t\t\t<\/div>\n\t\t<\/section>\n\t\t\t\t\t\t<\/div>\n\t\t\t\t\t<\/div>\n\t\t","protected":false},"excerpt":{"rendered":"<p>ZI RESIDENCIA Qui\u00e9n puede vivir en esta casa? Leonardo Blanc \u00b7 C\u00f3rdoba, Argentina \u00b7 Diciembre 2018 + Residencia nacional + Proyecto \u201cConsequentis&#8221; \u00b7 \u00a8Codex\u00a8 + Encuentros con artistas + Casamiento + Casa Abierta \/ Open House : Jonathan Lee y Nicole Tyler\u00a0 Sobre los proyectos \u00a8Consequentis&#8221; \u201cEl desarrollo de nuevas tecnolog\u00edas digitales trajo aparejada la&hellip;<\/p>\n","protected":false},"author":1,"featured_media":0,"parent":0,"menu_order":0,"comment_status":"closed","ping_status":"closed","template":"","meta":[],"_links":{"self":[{"href":"https:\/\/zonaimaginaria.com.ar\/web\/wp-json\/wp\/v2\/pages\/2425"}],"collection":[{"href":"https:\/\/zonaimaginaria.com.ar\/web\/wp-json\/wp\/v2\/pages"}],"about":[{"href":"https:\/\/zonaimaginaria.com.ar\/web\/wp-json\/wp\/v2\/types\/page"}],"author":[{"embeddable":true,"href":"https:\/\/zonaimaginaria.com.ar\/web\/wp-json\/wp\/v2\/users\/1"}],"replies":[{"embeddable":true,"href":"https:\/\/zonaimaginaria.com.ar\/web\/wp-json\/wp\/v2\/comments?post=2425"}],"version-history":[{"count":13,"href":"https:\/\/zonaimaginaria.com.ar\/web\/wp-json\/wp\/v2\/pages\/2425\/revisions"}],"predecessor-version":[{"id":2639,"href":"https:\/\/zonaimaginaria.com.ar\/web\/wp-json\/wp\/v2\/pages\/2425\/revisions\/2639"}],"wp:attachment":[{"href":"https:\/\/zonaimaginaria.com.ar\/web\/wp-json\/wp\/v2\/media?parent=2425"}],"curies":[{"name":"wp","href":"https:\/\/api.w.org\/{rel}","templated":true}]}}