{"id":2377,"date":"2021-07-21T18:04:04","date_gmt":"2021-07-21T21:04:04","guid":{"rendered":"http:\/\/zonaimaginaria.com.ar\/web\/?page_id=2377"},"modified":"2022-05-27T16:01:44","modified_gmt":"2022-05-27T19:01:44","slug":"valeria-conte","status":"publish","type":"page","link":"https:\/\/zonaimaginaria.com.ar\/web\/valeria-conte\/","title":{"rendered":"Valeria Conte"},"content":{"rendered":"\t\t<div data-elementor-type=\"wp-page\" data-elementor-id=\"2377\" class=\"elementor elementor-2377\" data-elementor-settings=\"[]\">\n\t\t\t\t\t\t\t<div class=\"elementor-section-wrap\">\n\t\t\t\t\t\t\t<section class=\"elementor-section elementor-top-section elementor-element elementor-element-699a3d2c elementor-section-height-min-height elementor-section-stretched elementor-section-full_width elementor-section-height-default elementor-section-items-middle\" data-id=\"699a3d2c\" data-element_type=\"section\" data-settings=\"{&quot;stretch_section&quot;:&quot;section-stretched&quot;}\">\n\t\t\t\t\t\t<div class=\"elementor-container elementor-column-gap-default\">\n\t\t\t\t\t<div class=\"elementor-column elementor-col-100 elementor-top-column elementor-element elementor-element-19e60c28\" data-id=\"19e60c28\" data-element_type=\"column\">\n\t\t\t<div class=\"elementor-widget-wrap elementor-element-populated\">\n\t\t\t\t\t\t\t\t<div class=\"elementor-element elementor-element-40da3b72 elementor-widget elementor-widget-image\" data-id=\"40da3b72\" data-element_type=\"widget\" data-widget_type=\"image.default\">\n\t\t\t\t<div class=\"elementor-widget-container\">\n\t\t\t\t\t\t\t\t\t\t\t\t\t\t\t<img width=\"1200\" height=\"552\" src=\"https:\/\/zonaimaginaria.com.ar\/web\/wp-content\/uploads\/2021\/06\/Valeria2.png\" class=\"attachment-full size-full\" alt=\"\" loading=\"lazy\" srcset=\"https:\/\/zonaimaginaria.com.ar\/web\/wp-content\/uploads\/2021\/06\/Valeria2.png 1200w, https:\/\/zonaimaginaria.com.ar\/web\/wp-content\/uploads\/2021\/06\/Valeria2-300x138.png 300w, https:\/\/zonaimaginaria.com.ar\/web\/wp-content\/uploads\/2021\/06\/Valeria2-1024x471.png 1024w, https:\/\/zonaimaginaria.com.ar\/web\/wp-content\/uploads\/2021\/06\/Valeria2-768x353.png 768w\" sizes=\"(max-width: 1200px) 100vw, 1200px\" \/>\t\t\t\t\t\t\t\t\t\t\t\t\t\t\t<\/div>\n\t\t\t\t<\/div>\n\t\t\t\t\t<\/div>\n\t\t<\/div>\n\t\t\t\t\t\t\t<\/div>\n\t\t<\/section>\n\t\t\t\t<section class=\"elementor-section elementor-top-section elementor-element elementor-element-2ff8b990 elementor-section-stretched elementor-section-boxed elementor-section-height-default elementor-section-height-default\" data-id=\"2ff8b990\" data-element_type=\"section\" data-settings=\"{&quot;stretch_section&quot;:&quot;section-stretched&quot;,&quot;background_background&quot;:&quot;classic&quot;}\">\n\t\t\t\t\t\t<div class=\"elementor-container elementor-column-gap-default\">\n\t\t\t\t\t<div class=\"elementor-column elementor-col-100 elementor-top-column elementor-element elementor-element-557c7e\" data-id=\"557c7e\" data-element_type=\"column\">\n\t\t\t<div class=\"elementor-widget-wrap elementor-element-populated\">\n\t\t\t\t\t\t\t\t<div class=\"elementor-element elementor-element-21211a32 elementor-widget elementor-widget-heading\" data-id=\"21211a32\" data-element_type=\"widget\" data-widget_type=\"heading.default\">\n\t\t\t\t<div class=\"elementor-widget-container\">\n\t\t\t<h2 class=\"elementor-heading-title elementor-size-medium\">ZI RESIDENCIA Qui\u00e9n puede vivir en esta casa?<\/h2>\t\t<\/div>\n\t\t\t\t<\/div>\n\t\t\t\t\t<\/div>\n\t\t<\/div>\n\t\t\t\t\t\t\t<\/div>\n\t\t<\/section>\n\t\t\t\t<section class=\"elementor-section elementor-top-section elementor-element elementor-element-2a5b54ea elementor-section-stretched elementor-section-height-min-height elementor-section-boxed elementor-section-height-default elementor-section-items-middle\" data-id=\"2a5b54ea\" data-element_type=\"section\" data-settings=\"{&quot;stretch_section&quot;:&quot;section-stretched&quot;}\">\n\t\t\t\t\t\t<div class=\"elementor-container elementor-column-gap-default\">\n\t\t\t\t\t<div class=\"elementor-column elementor-col-100 elementor-top-column elementor-element elementor-element-29560651\" data-id=\"29560651\" data-element_type=\"column\">\n\t\t\t<div class=\"elementor-widget-wrap elementor-element-populated\">\n\t\t\t\t\t\t\t\t<div class=\"elementor-element elementor-element-76b8da03 elementor-widget elementor-widget-heading\" data-id=\"76b8da03\" data-element_type=\"widget\" data-widget_type=\"heading.default\">\n\t\t\t\t<div class=\"elementor-widget-container\">\n\t\t\t<h2 class=\"elementor-heading-title elementor-size-default\">VALERIA CONTE MC DONAL \u00b7 San Martin, Argentina \u00b7 Junio Julio 2012<\/h2>\t\t<\/div>\n\t\t\t\t<\/div>\n\t\t\t\t<div class=\"elementor-element elementor-element-388ed50a elementor-widget elementor-widget-text-editor\" data-id=\"388ed50a\" data-element_type=\"widget\" data-widget_type=\"text-editor.default\">\n\t\t\t\t<div class=\"elementor-widget-container\">\n\t\t\t\t\t\t\t\t<h6><span style=\"color: #999999;\">+ Residencia en Familia: con <strong>Tom\u00e1s Campbell <\/strong>y su hija<\/span><\/h6><h6><span style=\"color: #999999;\">+ Proyecto \u201c\u00a1Por el amor de Dios!&#8221;<\/span><\/h6><h6><span style=\"color: #999999;\">+ Encuentros con artistas<\/span><\/h6><h6><span style=\"color: #999999;\">+ Zona fuera de Zona \u00b7 Expo en Buddhaba con Eshen Chen <\/span><\/h6><h6><a href=\"https:\/\/zonaimaginaria.com.ar\/web\/edicion-2008\/\" target=\"_blank\" rel=\"noopener\"><span style=\"color: #999999;\">+ Edici\u00f3n 2008<\/span><\/a><\/h6>\t\t\t\t\t\t<\/div>\n\t\t\t\t<\/div>\n\t\t\t\t\t<\/div>\n\t\t<\/div>\n\t\t\t\t\t\t\t<\/div>\n\t\t<\/section>\n\t\t\t\t<section class=\"elementor-section elementor-top-section elementor-element elementor-element-7cb03983 elementor-section-stretched elementor-section-boxed elementor-section-height-default elementor-section-height-default\" data-id=\"7cb03983\" data-element_type=\"section\" data-settings=\"{&quot;stretch_section&quot;:&quot;section-stretched&quot;}\">\n\t\t\t\t\t\t<div class=\"elementor-container elementor-column-gap-default\">\n\t\t\t\t\t<div class=\"elementor-column elementor-col-100 elementor-top-column elementor-element elementor-element-71a96618\" data-id=\"71a96618\" data-element_type=\"column\">\n\t\t\t<div class=\"elementor-widget-wrap elementor-element-populated\">\n\t\t\t\t\t\t\t\t<div class=\"elementor-element elementor-element-36eb8a5 elementor-widget elementor-widget-text-editor\" data-id=\"36eb8a5\" data-element_type=\"widget\" data-widget_type=\"text-editor.default\">\n\t\t\t\t<div class=\"elementor-widget-container\">\n\t\t\t\t\t\t\t\t<p class=\"style1\"><strong>Sobre los proyectos<\/strong><\/p><p><strong>\u00a1Por el amor de Dios!&#8221;<\/strong><\/p><p class=\"style1\"><em>Hace 8 a\u00f1os que vivimos en el sur. Residir en la Casa, implica habitar Buenos Aires de nuevo reencontr\u00e1ndonos con nuestra provincia de origen. Queremos dejar en Zona Imaginaria una marca de la experiencia que hemos atravesado en estos a\u00f1os entre las monta\u00f1as. Por eso dejamos fuego y dejamos barro, dejando<\/em><br \/><em>Para nosotros una casa sin fuego y sin barro no es un hogar. Por eso decidimos dejar un horno escondido en un ser de barro destinado a encantar con el fuego y la comida.\u201d\u00a0<\/em><\/p><p class=\"style1\"><strong>Encuentro con Artistas\u00a0<\/strong><br \/>En el segundo\u00a0<em>Encuentro con Artistas<\/em>\u00a0Valeria Conte Mac Donell nos present\u00f3 su proyecto\u00a0<strong>\u201cDibujos de aire\u201d<\/strong>\u00a0.<\/p><p class=\"style1\"><em>\u201cHace ya m\u00e1s de ocho a\u00f1os que resido junto a mi familia en San Mart\u00edn de los Andes, un pueblo cordillerano lejos de las grandes ciudades, y desde entonces he decidido desarrollar una obra que acompa\u00f1e la fuerte experiencia de vivir y aprender a vivir en un lugar distante, desconocido y resistente. Busco desarrollar mi obra en sinton\u00eda y confrontaci\u00f3n con esta experiencia vital.\u201d<\/em><\/p><p class=\"style1\">Zona Imaginaria se traslado al espacio Buddhaba para presentar la obra de Eshen Chen y Valeria Conte Mac Donell, artistas residentes de la Casa.<\/p>\t\t\t\t\t\t<\/div>\n\t\t\t\t<\/div>\n\t\t\t\t\t<\/div>\n\t\t<\/div>\n\t\t\t\t\t\t\t<\/div>\n\t\t<\/section>\n\t\t\t\t<section class=\"elementor-section elementor-top-section elementor-element elementor-element-9fce34f elementor-section-stretched elementor-section-boxed elementor-section-height-default elementor-section-height-default\" data-id=\"9fce34f\" data-element_type=\"section\" data-settings=\"{&quot;stretch_section&quot;:&quot;section-stretched&quot;}\">\n\t\t\t\t\t\t<div class=\"elementor-container elementor-column-gap-default\">\n\t\t\t\t\t<div class=\"elementor-column elementor-col-50 elementor-top-column elementor-element elementor-element-426b83e1\" data-id=\"426b83e1\" data-element_type=\"column\">\n\t\t\t<div class=\"elementor-widget-wrap elementor-element-populated\">\n\t\t\t\t\t\t\t\t<div class=\"elementor-element elementor-element-264bdba9 elementor-widget elementor-widget-image\" data-id=\"264bdba9\" data-element_type=\"widget\" data-widget_type=\"image.default\">\n\t\t\t\t<div class=\"elementor-widget-container\">\n\t\t\t\t\t\t\t\t\t\t\t\t\t\t\t<img width=\"799\" height=\"600\" src=\"https:\/\/zonaimaginaria.com.ar\/web\/wp-content\/uploads\/2021\/06\/Horno1.png\" class=\"attachment-large size-large\" alt=\"\" loading=\"lazy\" srcset=\"https:\/\/zonaimaginaria.com.ar\/web\/wp-content\/uploads\/2021\/06\/Horno1.png 799w, https:\/\/zonaimaginaria.com.ar\/web\/wp-content\/uploads\/2021\/06\/Horno1-300x225.png 300w, https:\/\/zonaimaginaria.com.ar\/web\/wp-content\/uploads\/2021\/06\/Horno1-768x577.png 768w, https:\/\/zonaimaginaria.com.ar\/web\/wp-content\/uploads\/2021\/06\/Horno1-160x120.png 160w\" sizes=\"(max-width: 799px) 100vw, 799px\" \/>\t\t\t\t\t\t\t\t\t\t\t\t\t\t\t<\/div>\n\t\t\t\t<\/div>\n\t\t\t\t<div class=\"elementor-element elementor-element-62184a4 elementor-widget elementor-widget-image\" data-id=\"62184a4\" data-element_type=\"widget\" data-widget_type=\"image.default\">\n\t\t\t\t<div class=\"elementor-widget-container\">\n\t\t\t\t\t\t\t\t\t\t\t\t\t\t\t<img width=\"799\" height=\"600\" src=\"https:\/\/zonaimaginaria.com.ar\/web\/wp-content\/uploads\/2021\/06\/Horno2.png\" class=\"attachment-large size-large\" alt=\"\" loading=\"lazy\" srcset=\"https:\/\/zonaimaginaria.com.ar\/web\/wp-content\/uploads\/2021\/06\/Horno2.png 799w, https:\/\/zonaimaginaria.com.ar\/web\/wp-content\/uploads\/2021\/06\/Horno2-300x225.png 300w, https:\/\/zonaimaginaria.com.ar\/web\/wp-content\/uploads\/2021\/06\/Horno2-768x577.png 768w, https:\/\/zonaimaginaria.com.ar\/web\/wp-content\/uploads\/2021\/06\/Horno2-160x120.png 160w\" sizes=\"(max-width: 799px) 100vw, 799px\" \/>\t\t\t\t\t\t\t\t\t\t\t\t\t\t\t<\/div>\n\t\t\t\t<\/div>\n\t\t\t\t\t<\/div>\n\t\t<\/div>\n\t\t\t\t<div class=\"elementor-column elementor-col-50 elementor-top-column elementor-element elementor-element-4e992926\" data-id=\"4e992926\" data-element_type=\"column\">\n\t\t\t<div class=\"elementor-widget-wrap elementor-element-populated\">\n\t\t\t\t\t\t\t\t<div class=\"elementor-element elementor-element-316e0d2d elementor-widget elementor-widget-image\" data-id=\"316e0d2d\" data-element_type=\"widget\" data-widget_type=\"image.default\">\n\t\t\t\t<div class=\"elementor-widget-container\">\n\t\t\t\t\t\t\t\t\t\t\t\t\t\t\t<img width=\"799\" height=\"600\" src=\"https:\/\/zonaimaginaria.com.ar\/web\/wp-content\/uploads\/2021\/06\/Valeria.png\" class=\"attachment-large size-large\" alt=\"\" loading=\"lazy\" srcset=\"https:\/\/zonaimaginaria.com.ar\/web\/wp-content\/uploads\/2021\/06\/Valeria.png 799w, https:\/\/zonaimaginaria.com.ar\/web\/wp-content\/uploads\/2021\/06\/Valeria-300x225.png 300w, https:\/\/zonaimaginaria.com.ar\/web\/wp-content\/uploads\/2021\/06\/Valeria-768x577.png 768w, https:\/\/zonaimaginaria.com.ar\/web\/wp-content\/uploads\/2021\/06\/Valeria-160x120.png 160w\" sizes=\"(max-width: 799px) 100vw, 799px\" \/>\t\t\t\t\t\t\t\t\t\t\t\t\t\t\t<\/div>\n\t\t\t\t<\/div>\n\t\t\t\t<div class=\"elementor-element elementor-element-24b27993 elementor-widget elementor-widget-image\" data-id=\"24b27993\" data-element_type=\"widget\" data-widget_type=\"image.default\">\n\t\t\t\t<div class=\"elementor-widget-container\">\n\t\t\t\t\t\t\t\t\t\t\t\t\t\t\t<img width=\"799\" height=\"600\" src=\"https:\/\/zonaimaginaria.com.ar\/web\/wp-content\/uploads\/2021\/06\/Valeria-Encuentro.png\" class=\"attachment-large size-large\" alt=\"\" loading=\"lazy\" srcset=\"https:\/\/zonaimaginaria.com.ar\/web\/wp-content\/uploads\/2021\/06\/Valeria-Encuentro.png 799w, https:\/\/zonaimaginaria.com.ar\/web\/wp-content\/uploads\/2021\/06\/Valeria-Encuentro-300x225.png 300w, https:\/\/zonaimaginaria.com.ar\/web\/wp-content\/uploads\/2021\/06\/Valeria-Encuentro-768x577.png 768w, https:\/\/zonaimaginaria.com.ar\/web\/wp-content\/uploads\/2021\/06\/Valeria-Encuentro-160x120.png 160w\" sizes=\"(max-width: 799px) 100vw, 799px\" \/>\t\t\t\t\t\t\t\t\t\t\t\t\t\t\t<\/div>\n\t\t\t\t<\/div>\n\t\t\t\t\t<\/div>\n\t\t<\/div>\n\t\t\t\t\t\t\t<\/div>\n\t\t<\/section>\n\t\t\t\t<section class=\"elementor-section elementor-top-section elementor-element elementor-element-d92c2b2 elementor-section-stretched elementor-section-boxed elementor-section-height-default elementor-section-height-default\" data-id=\"d92c2b2\" data-element_type=\"section\" data-settings=\"{&quot;stretch_section&quot;:&quot;section-stretched&quot;}\">\n\t\t\t\t\t\t<div class=\"elementor-container elementor-column-gap-default\">\n\t\t\t\t\t<div class=\"elementor-column elementor-col-100 elementor-top-column elementor-element elementor-element-0e32565\" data-id=\"0e32565\" data-element_type=\"column\">\n\t\t\t<div class=\"elementor-widget-wrap elementor-element-populated\">\n\t\t\t\t\t\t\t\t<div class=\"elementor-element elementor-element-aa0f42f elementor-widget elementor-widget-text-editor\" data-id=\"aa0f42f\" data-element_type=\"widget\" data-widget_type=\"text-editor.default\">\n\t\t\t\t<div class=\"elementor-widget-container\">\n\t\t\t\t\t\t\t\t<p><strong>Un cuento y una huerta<\/strong><\/p><p class=\"style1\">En el marco de la <a href=\"https:\/\/zonaimaginaria.com.ar\/web\/edicion-2008\/\" target=\"_blank\" rel=\"noopener\">primera edici\u00f3n en el 2008<\/a> de la residencia &#8216;Qui\u00e9n puede vivir en esta casa?&#8217;, Valeria hizo un kit para armar una huerta urbana que consta de un cuento para ni\u00f1os en el que se explican las relaciones entre las verduras, un plano explicativo y semillas para que cada uno pueda plantar y hacer germinar su propia huerta\u2026 Porque en una casa tambi\u00e9n hay que comer\u2026<\/p>\t\t\t\t\t\t<\/div>\n\t\t\t\t<\/div>\n\t\t\t\t\t<\/div>\n\t\t<\/div>\n\t\t\t\t\t\t\t<\/div>\n\t\t<\/section>\n\t\t\t\t<section class=\"elementor-section elementor-top-section elementor-element elementor-element-5b06989 elementor-section-stretched elementor-section-boxed elementor-section-height-default elementor-section-height-default\" data-id=\"5b06989\" data-element_type=\"section\" data-settings=\"{&quot;stretch_section&quot;:&quot;section-stretched&quot;}\">\n\t\t\t\t\t\t<div class=\"elementor-container elementor-column-gap-default\">\n\t\t\t\t\t<div class=\"elementor-column elementor-col-50 elementor-top-column elementor-element elementor-element-752fdcd\" data-id=\"752fdcd\" data-element_type=\"column\">\n\t\t\t<div class=\"elementor-widget-wrap elementor-element-populated\">\n\t\t\t\t\t\t\t\t<div class=\"elementor-element elementor-element-e2df379 elementor-widget elementor-widget-image\" data-id=\"e2df379\" data-element_type=\"widget\" data-widget_type=\"image.default\">\n\t\t\t\t<div class=\"elementor-widget-container\">\n\t\t\t\t\t\t\t\t\t\t\t\t\t\t\t<img width=\"1024\" height=\"768\" src=\"https:\/\/zonaimaginaria.com.ar\/web\/wp-content\/uploads\/2022\/05\/ValeConte1-1024x768.jpg\" class=\"attachment-large size-large\" alt=\"\" loading=\"lazy\" srcset=\"https:\/\/zonaimaginaria.com.ar\/web\/wp-content\/uploads\/2022\/05\/ValeConte1-1024x768.jpg 1024w, https:\/\/zonaimaginaria.com.ar\/web\/wp-content\/uploads\/2022\/05\/ValeConte1-300x225.jpg 300w, https:\/\/zonaimaginaria.com.ar\/web\/wp-content\/uploads\/2022\/05\/ValeConte1-768x576.jpg 768w, https:\/\/zonaimaginaria.com.ar\/web\/wp-content\/uploads\/2022\/05\/ValeConte1-160x120.jpg 160w, https:\/\/zonaimaginaria.com.ar\/web\/wp-content\/uploads\/2022\/05\/ValeConte1.jpg 1200w\" sizes=\"(max-width: 1024px) 100vw, 1024px\" \/>\t\t\t\t\t\t\t\t\t\t\t\t\t\t\t<\/div>\n\t\t\t\t<\/div>\n\t\t\t\t\t<\/div>\n\t\t<\/div>\n\t\t\t\t<div class=\"elementor-column elementor-col-50 elementor-top-column elementor-element elementor-element-e78eb68\" data-id=\"e78eb68\" data-element_type=\"column\">\n\t\t\t<div class=\"elementor-widget-wrap elementor-element-populated\">\n\t\t\t\t\t\t\t\t<div class=\"elementor-element elementor-element-f14968a elementor-widget elementor-widget-image\" data-id=\"f14968a\" data-element_type=\"widget\" data-widget_type=\"image.default\">\n\t\t\t\t<div class=\"elementor-widget-container\">\n\t\t\t\t\t\t\t\t\t\t\t\t\t\t\t<img width=\"708\" height=\"1024\" src=\"https:\/\/zonaimaginaria.com.ar\/web\/wp-content\/uploads\/2022\/05\/PLANO-2-1-708x1024.jpg\" class=\"attachment-large size-large\" alt=\"\" loading=\"lazy\" srcset=\"https:\/\/zonaimaginaria.com.ar\/web\/wp-content\/uploads\/2022\/05\/PLANO-2-1-708x1024.jpg 708w, https:\/\/zonaimaginaria.com.ar\/web\/wp-content\/uploads\/2022\/05\/PLANO-2-1-207x300.jpg 207w, https:\/\/zonaimaginaria.com.ar\/web\/wp-content\/uploads\/2022\/05\/PLANO-2-1-768x1111.jpg 768w, https:\/\/zonaimaginaria.com.ar\/web\/wp-content\/uploads\/2022\/05\/PLANO-2-1-1062x1536.jpg 1062w, https:\/\/zonaimaginaria.com.ar\/web\/wp-content\/uploads\/2022\/05\/PLANO-2-1-1416x2048.jpg 1416w, https:\/\/zonaimaginaria.com.ar\/web\/wp-content\/uploads\/2022\/05\/PLANO-2-1-scaled.jpg 1770w\" sizes=\"(max-width: 708px) 100vw, 708px\" \/>\t\t\t\t\t\t\t\t\t\t\t\t\t\t\t<\/div>\n\t\t\t\t<\/div>\n\t\t\t\t\t<\/div>\n\t\t<\/div>\n\t\t\t\t\t\t\t<\/div>\n\t\t<\/section>\n\t\t\t\t<section class=\"elementor-section elementor-top-section elementor-element elementor-element-4de4d2c elementor-section-stretched elementor-section-boxed elementor-section-height-default elementor-section-height-default\" data-id=\"4de4d2c\" data-element_type=\"section\" data-settings=\"{&quot;stretch_section&quot;:&quot;section-stretched&quot;}\">\n\t\t\t\t\t\t<div class=\"elementor-container elementor-column-gap-default\">\n\t\t\t\t\t<div class=\"elementor-column elementor-col-100 elementor-top-column elementor-element elementor-element-5785190\" data-id=\"5785190\" data-element_type=\"column\">\n\t\t\t<div class=\"elementor-widget-wrap elementor-element-populated\">\n\t\t\t\t\t\t\t\t<div class=\"elementor-element elementor-element-714536d elementor-widget elementor-widget-text-editor\" data-id=\"714536d\" data-element_type=\"widget\" data-widget_type=\"text-editor.default\">\n\t\t\t\t<div class=\"elementor-widget-container\">\n\t\t\t\t\t\t\t\t<p>+info : <a href=\"https:\/\/www.valiconte.com\/\" target=\"_blank\" rel=\"noopener\">https:\/\/www.valiconte.com\/\u00a0<\/a><\/p>\t\t\t\t\t\t<\/div>\n\t\t\t\t<\/div>\n\t\t\t\t\t<\/div>\n\t\t<\/div>\n\t\t\t\t\t\t\t<\/div>\n\t\t<\/section>\n\t\t\t\t<section class=\"elementor-section elementor-top-section elementor-element elementor-element-1f83fac9 elementor-section-stretched elementor-section-boxed elementor-section-height-default elementor-section-height-default\" data-id=\"1f83fac9\" data-element_type=\"section\" data-settings=\"{&quot;stretch_section&quot;:&quot;section-stretched&quot;}\">\n\t\t\t\t\t\t<div class=\"elementor-container elementor-column-gap-default\">\n\t\t\t\t\t<div class=\"elementor-column elementor-col-50 elementor-top-column elementor-element elementor-element-76f0a00c\" data-id=\"76f0a00c\" data-element_type=\"column\">\n\t\t\t<div class=\"elementor-widget-wrap elementor-element-populated\">\n\t\t\t\t\t\t\t\t<div class=\"elementor-element elementor-element-16e07b0b elementor-widget elementor-widget-button\" data-id=\"16e07b0b\" data-element_type=\"widget\" data-widget_type=\"button.default\">\n\t\t\t\t<div class=\"elementor-widget-container\">\n\t\t\t\t\t<div class=\"elementor-button-wrapper\">\n\t\t\t<a href=\"https:\/\/zonaimaginaria.com.ar\/web\/proyectos-anteriores\/\" class=\"elementor-button-link elementor-button elementor-size-xs\" role=\"button\">\n\t\t\t\t\t\t<span class=\"elementor-button-content-wrapper\">\n\t\t\t\t\t\t<span class=\"elementor-button-text\">< volver a Proyectos Anteriores<\/span>\n\t\t<\/span>\n\t\t\t\t\t<\/a>\n\t\t<\/div>\n\t\t\t\t<\/div>\n\t\t\t\t<\/div>\n\t\t\t\t\t<\/div>\n\t\t<\/div>\n\t\t\t\t<div class=\"elementor-column elementor-col-50 elementor-top-column elementor-element elementor-element-228df91b\" data-id=\"228df91b\" data-element_type=\"column\">\n\t\t\t<div class=\"elementor-widget-wrap elementor-element-populated\">\n\t\t\t\t\t\t\t\t<div class=\"elementor-element elementor-element-5c8ca467 elementor-align-right elementor-widget elementor-widget-button\" data-id=\"5c8ca467\" data-element_type=\"widget\" data-widget_type=\"button.default\">\n\t\t\t\t<div class=\"elementor-widget-container\">\n\t\t\t\t\t<div class=\"elementor-button-wrapper\">\n\t\t\t<a href=\"https:\/\/zonaimaginaria.com.ar\/web\/eshen-chen\/\" class=\"elementor-button-link elementor-button elementor-size-xs\" role=\"button\">\n\t\t\t\t\t\t<span class=\"elementor-button-content-wrapper\">\n\t\t\t\t\t\t<span class=\"elementor-button-text\">siguiente Proyecto Anterior ><\/span>\n\t\t<\/span>\n\t\t\t\t\t<\/a>\n\t\t<\/div>\n\t\t\t\t<\/div>\n\t\t\t\t<\/div>\n\t\t\t\t\t<\/div>\n\t\t<\/div>\n\t\t\t\t\t\t\t<\/div>\n\t\t<\/section>\n\t\t\t\t\t\t<\/div>\n\t\t\t\t\t<\/div>\n\t\t","protected":false},"excerpt":{"rendered":"<p>ZI RESIDENCIA Qui\u00e9n puede vivir en esta casa? VALERIA CONTE MC DONAL \u00b7 San Martin, Argentina \u00b7 Junio Julio 2012 + Residencia en Familia: con Tom\u00e1s Campbell y su hija + Proyecto \u201c\u00a1Por el amor de Dios!&#8221; + Encuentros con artistas + Zona fuera de Zona \u00b7 Expo en Buddhaba con Eshen Chen + Edici\u00f3n&hellip;<\/p>\n","protected":false},"author":1,"featured_media":0,"parent":0,"menu_order":0,"comment_status":"closed","ping_status":"closed","template":"","meta":[],"_links":{"self":[{"href":"https:\/\/zonaimaginaria.com.ar\/web\/wp-json\/wp\/v2\/pages\/2377"}],"collection":[{"href":"https:\/\/zonaimaginaria.com.ar\/web\/wp-json\/wp\/v2\/pages"}],"about":[{"href":"https:\/\/zonaimaginaria.com.ar\/web\/wp-json\/wp\/v2\/types\/page"}],"author":[{"embeddable":true,"href":"https:\/\/zonaimaginaria.com.ar\/web\/wp-json\/wp\/v2\/users\/1"}],"replies":[{"embeddable":true,"href":"https:\/\/zonaimaginaria.com.ar\/web\/wp-json\/wp\/v2\/comments?post=2377"}],"version-history":[{"count":19,"href":"https:\/\/zonaimaginaria.com.ar\/web\/wp-json\/wp\/v2\/pages\/2377\/revisions"}],"predecessor-version":[{"id":6011,"href":"https:\/\/zonaimaginaria.com.ar\/web\/wp-json\/wp\/v2\/pages\/2377\/revisions\/6011"}],"wp:attachment":[{"href":"https:\/\/zonaimaginaria.com.ar\/web\/wp-json\/wp\/v2\/media?parent=2377"}],"curies":[{"name":"wp","href":"https:\/\/api.w.org\/{rel}","templated":true}]}}