{"id":2366,"date":"2021-07-21T16:10:22","date_gmt":"2021-07-21T19:10:22","guid":{"rendered":"http:\/\/zonaimaginaria.com.ar\/web\/?page_id=2366"},"modified":"2022-03-07T17:30:00","modified_gmt":"2022-03-07T20:30:00","slug":"zona-corona","status":"publish","type":"page","link":"https:\/\/zonaimaginaria.com.ar\/web\/zona-corona\/","title":{"rendered":"Zona Corona"},"content":{"rendered":"\t\t<div data-elementor-type=\"wp-page\" data-elementor-id=\"2366\" class=\"elementor elementor-2366\" data-elementor-settings=\"[]\">\n\t\t\t\t\t\t\t<div class=\"elementor-section-wrap\">\n\t\t\t\t\t\t\t<section class=\"elementor-section elementor-top-section elementor-element elementor-element-1606e37 elementor-section-stretched elementor-section-height-min-height elementor-section-boxed elementor-section-height-default elementor-section-items-middle\" data-id=\"1606e37\" data-element_type=\"section\" data-settings=\"{&quot;stretch_section&quot;:&quot;section-stretched&quot;}\">\n\t\t\t\t\t\t<div class=\"elementor-container elementor-column-gap-no\">\n\t\t\t\t\t<div class=\"elementor-column elementor-col-50 elementor-top-column elementor-element elementor-element-2548c3a\" data-id=\"2548c3a\" data-element_type=\"column\">\n\t\t\t<div class=\"elementor-widget-wrap elementor-element-populated\">\n\t\t\t\t\t\t\t\t<div class=\"elementor-element elementor-element-3d3eef6 elementor-widget elementor-widget-text-editor\" data-id=\"3d3eef6\" data-element_type=\"widget\" data-widget_type=\"text-editor.default\">\n\t\t\t\t<div class=\"elementor-widget-container\">\n\t\t\t\t\t\t\t\t<h4>ZONA CORONA<\/h4><p>Desaf\u00edos x artistas residentes<\/p>\t\t\t\t\t\t<\/div>\n\t\t\t\t<\/div>\n\t\t\t\t\t<\/div>\n\t\t<\/div>\n\t\t\t\t<div class=\"elementor-column elementor-col-25 elementor-top-column elementor-element elementor-element-b8f3150\" data-id=\"b8f3150\" data-element_type=\"column\">\n\t\t\t<div class=\"elementor-widget-wrap elementor-element-populated\">\n\t\t\t\t\t\t\t\t<div class=\"elementor-element elementor-element-873e07a elementor-widget elementor-widget-text-editor\" data-id=\"873e07a\" data-element_type=\"widget\" data-widget_type=\"text-editor.default\">\n\t\t\t\t<div class=\"elementor-widget-container\">\n\t\t\t\t\t\t\t\t<h6><a href=\"http:\/\/zonaimaginaria.com.ar\/web\/matias-de-la-guerra\/\">Mat\u00edas De la Guerra (Salta, Argentina)<\/a><\/h6><h6>Chiacho&amp;Giannone (C\u00f3rodoba, Argentina)<\/h6><h6><a href=\"http:\/\/zonaimaginaria.com.ar\/web\/laurent-poisson\/\">Laurent Poisson (Bruselas, B\u00e9lgica)<\/a><\/h6><h6><a href=\"https:\/\/zonaimaginaria.com.ar\/web\/cecilia-mandrile\/\">Cecilia Mandrile (C\u00f3rdoba, Argetina)<\/a><\/h6>\t\t\t\t\t\t<\/div>\n\t\t\t\t<\/div>\n\t\t\t\t\t<\/div>\n\t\t<\/div>\n\t\t\t\t<div class=\"elementor-column elementor-col-25 elementor-top-column elementor-element elementor-element-1ea20a00\" data-id=\"1ea20a00\" data-element_type=\"column\">\n\t\t\t<div class=\"elementor-widget-wrap elementor-element-populated\">\n\t\t\t\t\t\t\t\t<div class=\"elementor-element elementor-element-40da3597 elementor-widget elementor-widget-image\" data-id=\"40da3597\" data-element_type=\"widget\" data-widget_type=\"image.default\">\n\t\t\t\t<div class=\"elementor-widget-container\">\n\t\t\t\t\t\t\t\t\t\t\t\t\t\t\t<img width=\"100\" height=\"100\" src=\"https:\/\/zonaimaginaria.com.ar\/web\/wp-content\/uploads\/2021\/08\/Logo-ZI-Corona.jpg\" class=\"attachment-large size-large\" alt=\"\" loading=\"lazy\" \/>\t\t\t\t\t\t\t\t\t\t\t\t\t\t\t<\/div>\n\t\t\t\t<\/div>\n\t\t\t\t\t<\/div>\n\t\t<\/div>\n\t\t\t\t\t\t\t<\/div>\n\t\t<\/section>\n\t\t\t\t<section class=\"elementor-section elementor-top-section elementor-element elementor-element-6a2b01d6 elementor-section-height-min-height elementor-section-stretched elementor-section-boxed elementor-section-height-default elementor-section-items-middle\" data-id=\"6a2b01d6\" data-element_type=\"section\" data-settings=\"{&quot;stretch_section&quot;:&quot;section-stretched&quot;}\">\n\t\t\t\t\t\t<div class=\"elementor-container elementor-column-gap-default\">\n\t\t\t\t\t<div class=\"elementor-column elementor-col-100 elementor-top-column elementor-element elementor-element-633392d4\" data-id=\"633392d4\" data-element_type=\"column\">\n\t\t\t<div class=\"elementor-widget-wrap elementor-element-populated\">\n\t\t\t\t\t\t\t\t<div class=\"elementor-element elementor-element-652b531a elementor-widget elementor-widget-image\" data-id=\"652b531a\" data-element_type=\"widget\" data-widget_type=\"image.default\">\n\t\t\t\t<div class=\"elementor-widget-container\">\n\t\t\t\t\t\t\t\t\t\t\t\t\t\t\t<img src=\"https:\/\/zonaimaginaria.com.ar\/web\/wp-content\/uploads\/2022\/03\/Zona-Imaginaria1.jpg\" title=\"Zona Imaginaria1\" alt=\"Zona Imaginaria1\" \/>\t\t\t\t\t\t\t\t\t\t\t\t\t\t\t<\/div>\n\t\t\t\t<\/div>\n\t\t\t\t\t<\/div>\n\t\t<\/div>\n\t\t\t\t\t\t\t<\/div>\n\t\t<\/section>\n\t\t\t\t<section class=\"elementor-section elementor-top-section elementor-element elementor-element-7fc561ce elementor-section-height-min-height elementor-section-boxed elementor-section-height-default elementor-section-items-middle\" data-id=\"7fc561ce\" data-element_type=\"section\" data-settings=\"{&quot;background_background&quot;:&quot;classic&quot;}\">\n\t\t\t\t\t\t<div class=\"elementor-container elementor-column-gap-default\">\n\t\t\t\t\t<div class=\"elementor-column elementor-col-100 elementor-top-column elementor-element elementor-element-7a0bbef0\" data-id=\"7a0bbef0\" data-element_type=\"column\">\n\t\t\t<div class=\"elementor-widget-wrap elementor-element-populated\">\n\t\t\t\t\t\t\t\t<div class=\"elementor-element elementor-element-1749611a elementor-widget elementor-widget-heading\" data-id=\"1749611a\" data-element_type=\"widget\" data-widget_type=\"heading.default\">\n\t\t\t\t<div class=\"elementor-widget-container\">\n\t\t\t<h2 class=\"elementor-heading-title elementor-size-default\">ZI Residencia + P.A. Marzo \u00b7 Abril \u00b7 Mayo 2020<\/h2>\t\t<\/div>\n\t\t\t\t<\/div>\n\t\t\t\t\t<\/div>\n\t\t<\/div>\n\t\t\t\t\t\t\t<\/div>\n\t\t<\/section>\n\t\t\t\t<section class=\"elementor-section elementor-top-section elementor-element elementor-element-2508ea66 elementor-section-boxed elementor-section-height-default elementor-section-height-default\" data-id=\"2508ea66\" data-element_type=\"section\">\n\t\t\t\t\t\t<div class=\"elementor-container elementor-column-gap-default\">\n\t\t\t\t\t<div class=\"elementor-column elementor-col-100 elementor-top-column elementor-element elementor-element-698befa4\" data-id=\"698befa4\" data-element_type=\"column\">\n\t\t\t<div class=\"elementor-widget-wrap elementor-element-populated\">\n\t\t\t\t\t\t\t\t<div class=\"elementor-element elementor-element-2f6335be elementor-widget elementor-widget-text-editor\" data-id=\"2f6335be\" data-element_type=\"widget\" data-widget_type=\"text-editor.default\">\n\t\t\t\t<div class=\"elementor-widget-container\">\n\t\t\t\t\t\t\t\t<div class=\"page\" title=\"Page 2\"><div class=\"section\"><div class=\"layoutArea\"><div class=\"column\"><p><span class=\"TextRun SCXW239864042 BCX0\" lang=\"ES-ES\" xml:lang=\"ES-ES\" data-contrast=\"none\"><span class=\"NormalTextRun SCXW239864042 BCX0\" data-ccp-parastyle=\"Por omisi\u00f3n\">En\u00a0<\/span><span class=\"ContextualSpellingAndGrammarError SCXW239864042 BCX0\" data-ccp-parastyle=\"Por omisi\u00f3n\">Marzo<\/span><span class=\"NormalTextRun SCXW239864042 BCX0\" data-ccp-parastyle=\"Por omisi\u00f3n\">\u00a0cuando todas l<\/span><span class=\"NormalTextRun SCXW239864042 BCX0\" data-ccp-parastyle=\"Por omisi\u00f3n\">as\u00a0<\/span><span class=\"NormalTextRun SCXW239864042 BCX0\" data-ccp-parastyle=\"Por omisi\u00f3n\">actividades<\/span><span class=\"NormalTextRun SCXW239864042 BCX0\" data-ccp-parastyle=\"Por omisi\u00f3n\">\u00a0estaban<\/span><span class=\"NormalTextRun SCXW239864042 BCX0\" data-ccp-parastyle=\"Por omisi\u00f3n\">\u00a0por<\/span><span class=\"NormalTextRun SCXW239864042 BCX0\" data-ccp-parastyle=\"Por omisi\u00f3n\">\u00a0arrancar, los talleres del barrio se suspendieron\u00a0<\/span><span class=\"NormalTextRun SCXW239864042 BCX0\" data-ccp-parastyle=\"Por omisi\u00f3n\">por<\/span><\/span><span class=\"TextRun SCXW239864042 BCX0\" lang=\"ES-ES\" xml:lang=\"ES-ES\" data-contrast=\"none\"><span class=\"NormalTextRun SCXW239864042 BCX0\" data-ccp-parastyle=\"Por omisi\u00f3n\">\u00a0<\/span><\/span><span class=\"TextRun SCXW239864042 BCX0\" lang=\"ES-ES\" xml:lang=\"ES-ES\" data-contrast=\"none\"><span class=\"NormalTextRun SCXW239864042 BCX0\" data-ccp-parastyle=\"Por omisi\u00f3n\">el avance del coronavirus\u00a0<\/span><span class=\"NormalTextRun SCXW239864042 BCX0\" data-ccp-parastyle=\"Por omisi\u00f3n\">y qued<\/span><span class=\"NormalTextRun SCXW239864042 BCX0\" data-ccp-parastyle=\"Por omisi\u00f3n\">\u00f3\u00a0<\/span><\/span><span class=\"TextRun SCXW239864042 BCX0\" lang=\"ES-ES\" xml:lang=\"ES-ES\" data-contrast=\"none\"><span class=\"NormalTextRun SCXW239864042 BCX0\" data-ccp-charstyle=\"Ninguno\">M<\/span><\/span><span class=\"TextRun SCXW239864042 BCX0\" lang=\"ES-ES\" xml:lang=\"ES-ES\" data-contrast=\"none\"><span class=\"SpellingError SCXW239864042 BCX0\" data-ccp-charstyle=\"Ninguno\">at<\/span><span class=\"SpellingError SCXW239864042 BCX0\" data-ccp-charstyle=\"Ninguno\">\u00ed<\/span><span class=\"SpellingError SCXW239864042 BCX0\" data-ccp-charstyle=\"Ninguno\">as<\/span><span class=\"NormalTextRun SCXW239864042 BCX0\" data-ccp-charstyle=\"Ninguno\">\u00a0<\/span><\/span><span class=\"TextRun SCXW239864042 BCX0\" lang=\"ES-ES\" xml:lang=\"ES-ES\" data-contrast=\"none\"><span class=\"NormalTextRun SCXW239864042 BCX0\" data-ccp-charstyle=\"Ninguno\">D<\/span><\/span><span class=\"TextRun SCXW239864042 BCX0\" lang=\"ES-ES\" xml:lang=\"ES-ES\" data-contrast=\"none\"><span class=\"ContextualSpellingAndGrammarError SCXW239864042 BCX0\" data-ccp-charstyle=\"Ninguno\">e<\/span><span class=\"NormalTextRun SCXW239864042 BCX0\" data-ccp-charstyle=\"Ninguno\">\u00a0la\u00a0<\/span><\/span><span class=\"TextRun SCXW239864042 BCX0\" lang=\"ES-ES\" xml:lang=\"ES-ES\" data-contrast=\"none\"><span class=\"NormalTextRun SCXW239864042 BCX0\" data-ccp-charstyle=\"Ninguno\">G<\/span><\/span><span class=\"TextRun SCXW239864042 BCX0\" lang=\"ES-ES\" xml:lang=\"ES-ES\" data-contrast=\"none\"><span class=\"SpellingError SCXW239864042 BCX0\" data-ccp-charstyle=\"Ninguno\">uerra<\/span><\/span><span class=\"TextRun SCXW239864042 BCX0\" lang=\"PT-PT\" xml:lang=\"PT-PT\" data-contrast=\"none\"><span class=\"NormalTextRun SCXW239864042 BCX0\" data-ccp-parastyle=\"Por omisi\u00f3n\">\u00a0como artista reside<\/span><\/span><span class=\"TextRun SCXW239864042 BCX0\" lang=\"ES-ES\" xml:lang=\"ES-ES\" data-contrast=\"none\"><span class=\"SpellingError SCXW239864042 BCX0\" data-ccp-parastyle=\"Por omisi\u00f3n\">n<\/span><span class=\"SpellingError SCXW239864042 BCX0\" data-ccp-parastyle=\"Por omisi\u00f3n\">te<\/span><span class=\"NormalTextRun SCXW239864042 BCX0\" data-ccp-parastyle=\"Por omisi\u00f3n\">\u00a0en\u00a0<\/span><span class=\"NormalTextRun SCXW239864042 BCX0\" data-ccp-parastyle=\"Por omisi\u00f3n\">cuarentena<\/span><span class=\"NormalTextRun SCXW239864042 BCX0\" data-ccp-parastyle=\"Por omisi\u00f3n\">. Para mantener ese v<\/span><\/span><span class=\"TextRun SCXW239864042 BCX0\" lang=\"ES-ES\" xml:lang=\"ES-ES\" data-contrast=\"none\"><span class=\"NormalTextRun SCXW239864042 BCX0\" data-ccp-parastyle=\"Por omisi\u00f3n\">\u00ed<\/span><\/span><span class=\"TextRun SCXW239864042 BCX0\" lang=\"ES-ES\" xml:lang=\"ES-ES\" data-contrast=\"none\"><span class=\"SpellingError SCXW239864042 BCX0\" data-ccp-parastyle=\"Por omisi\u00f3n\">nculo<\/span><span class=\"NormalTextRun SCXW239864042 BCX0\" data-ccp-parastyle=\"Por omisi\u00f3n\">\u00a0entre ZI, los Artistas residentes y<\/span><span class=\"NormalTextRun SCXW239864042 BCX0\" data-ccp-parastyle=\"Por omisi\u00f3n\">\u00a0los talleres del barrio<\/span><span class=\"NormalTextRun SCXW239864042 BCX0\" data-ccp-parastyle=\"Por omisi\u00f3n\">\u00a0es que armamos el Proyecto<\/span><span class=\"NormalTextRun SCXW239864042 BCX0\" data-ccp-parastyle=\"Por omisi\u00f3n\">\u00a0<\/span><\/span><span class=\"TextRun SCXW239864042 BCX0\" lang=\"ES-ES\" xml:lang=\"ES-ES\" data-contrast=\"none\"><span class=\"NormalTextRun SCXW239864042 BCX0\" data-ccp-charstyle=\"Ninguno\">Zona Corona<\/span><\/span><span class=\"TextRun SCXW239864042 BCX0\" lang=\"ES-ES\" xml:lang=\"ES-ES\" data-contrast=\"none\"><span class=\"NormalTextRun SCXW239864042 BCX0\" data-ccp-parastyle=\"Por omisi\u00f3n\">\u00a0<\/span><span class=\"NormalTextRun SCXW239864042 BCX0\" data-ccp-parastyle=\"Por omisi\u00f3n\">y pusimos a rodar la\u00a0<\/span><span class=\"SpellingError SCXW239864042 BCX0\" data-ccp-parastyle=\"Por omisi\u00f3n\">energ<\/span><\/span><span class=\"TextRun SCXW239864042 BCX0\" lang=\"ES-ES\" xml:lang=\"ES-ES\" data-contrast=\"none\"><span class=\"NormalTextRun SCXW239864042 BCX0\" data-ccp-parastyle=\"Por omisi\u00f3n\">\u00ed<\/span><\/span><span class=\"TextRun SCXW239864042 BCX0\" lang=\"ES-ES\" xml:lang=\"ES-ES\" data-contrast=\"none\"><span class=\"NormalTextRun SCXW239864042 BCX0\" data-ccp-parastyle=\"Por omisi\u00f3n\">a desde nuestros lugares de confinamiento. Armamos un grupo de\u00a0<\/span><span class=\"NormalTextRun SCXW239864042 BCX0\" data-ccp-parastyle=\"Por omisi\u00f3n\">W<\/span><\/span><span class=\"TextRun SCXW239864042 BCX0\" lang=\"ES-ES\" xml:lang=\"ES-ES\" data-contrast=\"none\"><span class=\"SpellingError SCXW239864042 BCX0\" data-ccp-parastyle=\"Por omisi\u00f3n\">hatsap<\/span><\/span><span class=\"TextRun SCXW239864042 BCX0\" lang=\"ES-ES\" xml:lang=\"ES-ES\" data-contrast=\"none\"><span class=\"NormalTextRun SCXW239864042 BCX0\" data-ccp-parastyle=\"Por omisi\u00f3n\">p para comunicarnos con los alumnos del taller gratuito Los Peque<\/span><span class=\"NormalTextRun SCXW239864042 BCX0\" data-ccp-parastyle=\"Por omisi\u00f3n\">\u00f1<\/span><span class=\"NormalTextRun SCXW239864042 BCX0\" data-ccp-parastyle=\"Por omisi\u00f3n\">os Aprendices, el taller de arte de los ni<\/span><span class=\"NormalTextRun SCXW239864042 BCX0\" data-ccp-parastyle=\"Por omisi\u00f3n\">\u00f1<\/span><span class=\"NormalTextRun SCXW239864042 BCX0\" data-ccp-parastyle=\"Por omisi\u00f3n\">os y ni<\/span><span class=\"NormalTextRun SCXW239864042 BCX0\" data-ccp-parastyle=\"Por omisi\u00f3n\">\u00f1<\/span><span class=\"NormalTextRun SCXW239864042 BCX0\" data-ccp-parastyle=\"Por omisi\u00f3n\">as del barrio, y\u00a0<\/span><span class=\"NormalTextRun SCXW239864042 BCX0\" data-ccp-parastyle=\"Por omisi\u00f3n\">los invitamos a seguir\u00a0<\/span><span class=\"SpellingError SCXW239864042 BCX0\" data-ccp-parastyle=\"Por omisi\u00f3n\">desaf<\/span><\/span><span class=\"TextRun SCXW239864042 BCX0\" lang=\"ES-ES\" xml:lang=\"ES-ES\" data-contrast=\"none\"><span class=\"NormalTextRun SCXW239864042 BCX0\" data-ccp-parastyle=\"Por omisi\u00f3n\">\u00ed<\/span><\/span><span class=\"TextRun SCXW239864042 BCX0\" lang=\"ES-ES\" xml:lang=\"ES-ES\" data-contrast=\"none\"><span class=\"NormalTextRun SCXW239864042 BCX0\" data-ccp-parastyle=\"Por omisi\u00f3n\">os propuestos por artistas residentes para que<\/span><span class=\"NormalTextRun SCXW239864042 BCX0\" data-ccp-parastyle=\"Por omisi\u00f3n\">\u00a0reconectemos con el arte\u00a0<\/span><span class=\"NormalTextRun SCXW239864042 BCX0\" data-ccp-parastyle=\"Por omisi\u00f3n\">y lo podamos compartir v<\/span><\/span><span class=\"TextRun SCXW239864042 BCX0\" lang=\"ES-ES\" xml:lang=\"ES-ES\" data-contrast=\"none\"><span class=\"NormalTextRun SCXW239864042 BCX0\" data-ccp-parastyle=\"Por omisi\u00f3n\">\u00ed<\/span><\/span><span class=\"TextRun SCXW239864042 BCX0\" lang=\"PT-PT\" xml:lang=\"PT-PT\" data-contrast=\"none\"><span class=\"NormalTextRun SCXW239864042 BCX0\" data-ccp-parastyle=\"Por omisi\u00f3n\">a\u00a0<\/span><span class=\"SpellingError SCXW239864042 BCX0\" data-ccp-parastyle=\"Por omisi\u00f3n\">Whatsapp<\/span><span class=\"NormalTextRun SCXW239864042 BCX0\" data-ccp-parastyle=\"Por omisi\u00f3n\">\u00a0o Instagram.<\/span><\/span><span class=\"EOP SCXW239864042 BCX0\" data-ccp-props=\"{\">\u00a0<\/span><\/p><\/div><\/div><\/div><\/div>\t\t\t\t\t\t<\/div>\n\t\t\t\t<\/div>\n\t\t\t\t<div class=\"elementor-element elementor-element-1d0cb0c elementor-widget elementor-widget-text-editor\" data-id=\"1d0cb0c\" data-element_type=\"widget\" data-widget_type=\"text-editor.default\">\n\t\t\t\t<div class=\"elementor-widget-container\">\n\t\t\t\t\t\t\t\t<div class=\"page\" title=\"Page 2\"><div class=\"section\"><div class=\"layoutArea\"><div class=\"column\"><p><strong>Desaf\u00edos x Artistas Residentes ZI \/ Participantes:<\/strong><\/p><\/div><\/div><\/div><\/div>\t\t\t\t\t\t<\/div>\n\t\t\t\t<\/div>\n\t\t\t\t<div class=\"elementor-element elementor-element-9872941 elementor-widget elementor-widget-text-editor\" data-id=\"9872941\" data-element_type=\"widget\" data-widget_type=\"text-editor.default\">\n\t\t\t\t<div class=\"elementor-widget-container\">\n\t\t\t\t\t\t\t\t<div class=\"page\" title=\"Page 2\"><div class=\"section\"><div class=\"layoutArea\"><div class=\"column\"><p><span data-contrast=\"none\">Mat\u00edas De la Guerra<\/span><span data-contrast=\"none\"> \/ Chiachio&amp;Giannone \/ <\/span><span data-contrast=\"none\">Laurent Poisson \/ Cecilia Mandrile\u00a0<\/span><\/p><\/div><\/div><\/div><\/div>\t\t\t\t\t\t<\/div>\n\t\t\t\t<\/div>\n\t\t\t\t<div class=\"elementor-element elementor-element-f26f9a5 elementor-widget elementor-widget-text-editor\" data-id=\"f26f9a5\" data-element_type=\"widget\" data-widget_type=\"text-editor.default\">\n\t\t\t\t<div class=\"elementor-widget-container\">\n\t\t\t\t\t\t\t\t<div class=\"page\" title=\"Page 2\"><div class=\"section\"><div class=\"layoutArea\"><div class=\"column\"><p><span data-contrast=\"none\">Los<a href=\"https:\/\/zonaimaginaria.com.ar\/web\/taller-pequenos-aprendices\/\"> Peque\u00f1os Aprendices<\/a> y <\/span><span data-contrast=\"none\">abrimos la posibilidad de que nuestros la comunidad de seguidores de Instagram participen de los desaf\u00edos ampliando el radio y compartiendolo a trav\u00e9<\/span><span data-contrast=\"none\">s de nuestro perfil de Instagram.<\/span><\/p><\/div><\/div><\/div><\/div>\t\t\t\t\t\t<\/div>\n\t\t\t\t<\/div>\n\t\t\t\t\t<\/div>\n\t\t<\/div>\n\t\t\t\t\t\t\t<\/div>\n\t\t<\/section>\n\t\t\t\t<section class=\"elementor-section elementor-top-section elementor-element elementor-element-143c79b6 elementor-section-stretched elementor-section-boxed elementor-section-height-default elementor-section-height-default\" data-id=\"143c79b6\" data-element_type=\"section\" data-settings=\"{&quot;stretch_section&quot;:&quot;section-stretched&quot;}\">\n\t\t\t\t\t\t<div class=\"elementor-container elementor-column-gap-custom\">\n\t\t\t\t\t<div class=\"elementor-column elementor-col-25 elementor-top-column elementor-element elementor-element-6c92529a\" data-id=\"6c92529a\" data-element_type=\"column\">\n\t\t\t<div class=\"elementor-widget-wrap elementor-element-populated\">\n\t\t\t\t\t\t\t\t<div class=\"elementor-element elementor-element-4b1f61c1 elementor-widget elementor-widget-image\" data-id=\"4b1f61c1\" data-element_type=\"widget\" data-widget_type=\"image.default\">\n\t\t\t\t<div class=\"elementor-widget-container\">\n\t\t\t\t\t\t\t\t\t\t\t\t\t\t\t<img width=\"576\" height=\"1024\" src=\"https:\/\/zonaimaginaria.com.ar\/web\/wp-content\/uploads\/2022\/03\/00-Desafi\u0301o-x-Matias-DLG--576x1024.jpg\" class=\"attachment-large size-large\" alt=\"\" loading=\"lazy\" srcset=\"https:\/\/zonaimaginaria.com.ar\/web\/wp-content\/uploads\/2022\/03\/00-Desafi\u0301o-x-Matias-DLG--576x1024.jpg 576w, https:\/\/zonaimaginaria.com.ar\/web\/wp-content\/uploads\/2022\/03\/00-Desafi\u0301o-x-Matias-DLG--169x300.jpg 169w, https:\/\/zonaimaginaria.com.ar\/web\/wp-content\/uploads\/2022\/03\/00-Desafi\u0301o-x-Matias-DLG-.jpg 750w\" sizes=\"(max-width: 576px) 100vw, 576px\" \/>\t\t\t\t\t\t\t\t\t\t\t\t\t\t\t<\/div>\n\t\t\t\t<\/div>\n\t\t\t\t\t<\/div>\n\t\t<\/div>\n\t\t\t\t<div class=\"elementor-column elementor-col-25 elementor-top-column elementor-element elementor-element-39a8ede\" data-id=\"39a8ede\" data-element_type=\"column\">\n\t\t\t<div class=\"elementor-widget-wrap elementor-element-populated\">\n\t\t\t\t\t\t\t\t<div class=\"elementor-element elementor-element-9f794a4 elementor-widget elementor-widget-image\" data-id=\"9f794a4\" data-element_type=\"widget\" data-widget_type=\"image.default\">\n\t\t\t\t<div class=\"elementor-widget-container\">\n\t\t\t\t\t\t\t\t\t\t\t\t\t\t\t<img width=\"576\" height=\"1024\" src=\"https:\/\/zonaimaginaria.com.ar\/web\/wp-content\/uploads\/2022\/03\/00-Desafi\u0301o-ChiachoGiannone--576x1024.jpg\" class=\"attachment-large size-large\" alt=\"\" loading=\"lazy\" srcset=\"https:\/\/zonaimaginaria.com.ar\/web\/wp-content\/uploads\/2022\/03\/00-Desafi\u0301o-ChiachoGiannone--576x1024.jpg 576w, https:\/\/zonaimaginaria.com.ar\/web\/wp-content\/uploads\/2022\/03\/00-Desafi\u0301o-ChiachoGiannone--169x300.jpg 169w, https:\/\/zonaimaginaria.com.ar\/web\/wp-content\/uploads\/2022\/03\/00-Desafi\u0301o-ChiachoGiannone-.jpg 750w\" sizes=\"(max-width: 576px) 100vw, 576px\" \/>\t\t\t\t\t\t\t\t\t\t\t\t\t\t\t<\/div>\n\t\t\t\t<\/div>\n\t\t\t\t\t<\/div>\n\t\t<\/div>\n\t\t\t\t<div class=\"elementor-column elementor-col-25 elementor-top-column elementor-element elementor-element-6ee0ed2\" data-id=\"6ee0ed2\" data-element_type=\"column\">\n\t\t\t<div class=\"elementor-widget-wrap elementor-element-populated\">\n\t\t\t\t\t\t\t\t<div class=\"elementor-element elementor-element-1beac5c elementor-widget elementor-widget-image\" data-id=\"1beac5c\" data-element_type=\"widget\" data-widget_type=\"image.default\">\n\t\t\t\t<div class=\"elementor-widget-container\">\n\t\t\t\t\t\t\t\t\t\t\t\t\t\t\t<img width=\"576\" height=\"1024\" src=\"https:\/\/zonaimaginaria.com.ar\/web\/wp-content\/uploads\/2022\/03\/D3-00-576x1024.jpg\" class=\"attachment-large size-large\" alt=\"\" loading=\"lazy\" srcset=\"https:\/\/zonaimaginaria.com.ar\/web\/wp-content\/uploads\/2022\/03\/D3-00-576x1024.jpg 576w, https:\/\/zonaimaginaria.com.ar\/web\/wp-content\/uploads\/2022\/03\/D3-00-169x300.jpg 169w, https:\/\/zonaimaginaria.com.ar\/web\/wp-content\/uploads\/2022\/03\/D3-00.jpg 750w\" sizes=\"(max-width: 576px) 100vw, 576px\" \/>\t\t\t\t\t\t\t\t\t\t\t\t\t\t\t<\/div>\n\t\t\t\t<\/div>\n\t\t\t\t\t<\/div>\n\t\t<\/div>\n\t\t\t\t<div class=\"elementor-column elementor-col-25 elementor-top-column elementor-element elementor-element-200adc8f\" data-id=\"200adc8f\" data-element_type=\"column\">\n\t\t\t<div class=\"elementor-widget-wrap elementor-element-populated\">\n\t\t\t\t\t\t\t\t<div class=\"elementor-element elementor-element-518ae800 elementor-widget elementor-widget-image\" data-id=\"518ae800\" data-element_type=\"widget\" data-widget_type=\"image.default\">\n\t\t\t\t<div class=\"elementor-widget-container\">\n\t\t\t\t\t\t\t\t\t\t\t\t\t\t\t<img width=\"576\" height=\"1024\" src=\"https:\/\/zonaimaginaria.com.ar\/web\/wp-content\/uploads\/2022\/03\/D4-Ceci-Mandrile-576x1024.png\" class=\"attachment-large size-large\" alt=\"\" loading=\"lazy\" srcset=\"https:\/\/zonaimaginaria.com.ar\/web\/wp-content\/uploads\/2022\/03\/D4-Ceci-Mandrile-576x1024.png 576w, https:\/\/zonaimaginaria.com.ar\/web\/wp-content\/uploads\/2022\/03\/D4-Ceci-Mandrile-169x300.png 169w, https:\/\/zonaimaginaria.com.ar\/web\/wp-content\/uploads\/2022\/03\/D4-Ceci-Mandrile.png 720w\" sizes=\"(max-width: 576px) 100vw, 576px\" \/>\t\t\t\t\t\t\t\t\t\t\t\t\t\t\t<\/div>\n\t\t\t\t<\/div>\n\t\t\t\t\t<\/div>\n\t\t<\/div>\n\t\t\t\t\t\t\t<\/div>\n\t\t<\/section>\n\t\t\t\t\t\t<\/div>\n\t\t\t\t\t<\/div>\n\t\t","protected":false},"excerpt":{"rendered":"<p>ZONA CORONA Desaf\u00edos x artistas residentes Mat\u00edas De la Guerra (Salta, Argentina) Chiacho&amp;Giannone (C\u00f3rodoba, Argentina) Laurent Poisson (Bruselas, B\u00e9lgica) Cecilia Mandrile (C\u00f3rdoba, Argetina) ZI Residencia + P.A. Marzo \u00b7 Abril \u00b7 Mayo 2020 En\u00a0Marzo\u00a0cuando todas las\u00a0actividades\u00a0estaban\u00a0por\u00a0arrancar, los talleres del barrio se suspendieron\u00a0por\u00a0el avance del coronavirus\u00a0y qued\u00f3\u00a0Mat\u00edas\u00a0De\u00a0la\u00a0Guerra\u00a0como artista residente\u00a0en\u00a0cuarentena. Para mantener ese v\u00ednculo\u00a0entre ZI, los Artistas&hellip;<\/p>\n","protected":false},"author":1,"featured_media":0,"parent":0,"menu_order":0,"comment_status":"closed","ping_status":"closed","template":"","meta":[],"_links":{"self":[{"href":"https:\/\/zonaimaginaria.com.ar\/web\/wp-json\/wp\/v2\/pages\/2366"}],"collection":[{"href":"https:\/\/zonaimaginaria.com.ar\/web\/wp-json\/wp\/v2\/pages"}],"about":[{"href":"https:\/\/zonaimaginaria.com.ar\/web\/wp-json\/wp\/v2\/types\/page"}],"author":[{"embeddable":true,"href":"https:\/\/zonaimaginaria.com.ar\/web\/wp-json\/wp\/v2\/users\/1"}],"replies":[{"embeddable":true,"href":"https:\/\/zonaimaginaria.com.ar\/web\/wp-json\/wp\/v2\/comments?post=2366"}],"version-history":[{"count":38,"href":"https:\/\/zonaimaginaria.com.ar\/web\/wp-json\/wp\/v2\/pages\/2366\/revisions"}],"predecessor-version":[{"id":4856,"href":"https:\/\/zonaimaginaria.com.ar\/web\/wp-json\/wp\/v2\/pages\/2366\/revisions\/4856"}],"wp:attachment":[{"href":"https:\/\/zonaimaginaria.com.ar\/web\/wp-json\/wp\/v2\/media?parent=2366"}],"curies":[{"name":"wp","href":"https:\/\/api.w.org\/{rel}","templated":true}]}}