{"id":2251,"date":"2021-07-19T16:15:12","date_gmt":"2021-07-19T19:15:12","guid":{"rendered":"http:\/\/zonaimaginaria.com.ar\/web\/?page_id=2251"},"modified":"2021-08-02T16:10:45","modified_gmt":"2021-08-02T19:10:45","slug":"patisserie-2","status":"publish","type":"page","link":"https:\/\/zonaimaginaria.com.ar\/web\/patisserie-2\/","title":{"rendered":"P\u00e2tisserie"},"content":{"rendered":"\t\t<div data-elementor-type=\"wp-page\" data-elementor-id=\"2251\" class=\"elementor elementor-2251\" data-elementor-settings=\"[]\">\n\t\t\t\t\t\t\t<div class=\"elementor-section-wrap\">\n\t\t\t\t\t\t\t<section class=\"elementor-section elementor-top-section elementor-element elementor-element-2b577a2 elementor-section-stretched elementor-section-boxed elementor-section-height-default elementor-section-height-default\" data-id=\"2b577a2\" data-element_type=\"section\" data-settings=\"{&quot;stretch_section&quot;:&quot;section-stretched&quot;}\">\n\t\t\t\t\t\t<div class=\"elementor-container elementor-column-gap-no\">\n\t\t\t\t\t<div class=\"elementor-column elementor-col-50 elementor-top-column elementor-element elementor-element-13074c5\" data-id=\"13074c5\" data-element_type=\"column\">\n\t\t\t<div class=\"elementor-widget-wrap elementor-element-populated\">\n\t\t\t\t\t\t\t\t<div class=\"elementor-element elementor-element-2f7f117 elementor-widget elementor-widget-text-editor\" data-id=\"2f7f117\" data-element_type=\"widget\" data-widget_type=\"text-editor.default\">\n\t\t\t\t<div class=\"elementor-widget-container\">\n\t\t\t\t\t\t\t\t<h4>P\u00c2TISSERIE<\/h4><p>Open House<\/p>\t\t\t\t\t\t<\/div>\n\t\t\t\t<\/div>\n\t\t\t\t\t<\/div>\n\t\t<\/div>\n\t\t\t\t<div class=\"elementor-column elementor-col-25 elementor-top-column elementor-element elementor-element-ca7d89e\" data-id=\"ca7d89e\" data-element_type=\"column\">\n\t\t\t<div class=\"elementor-widget-wrap elementor-element-populated\">\n\t\t\t\t\t\t\t\t<div class=\"elementor-element elementor-element-146e592 elementor-widget elementor-widget-text-editor\" data-id=\"146e592\" data-element_type=\"widget\" data-widget_type=\"text-editor.default\">\n\t\t\t\t<div class=\"elementor-widget-container\">\n\t\t\t\t\t\t\t\t<h6><a href=\"http:\/\/zonaimaginaria.com.ar\/web\/samuel-dippolito\/\">Samuel D&#8217;Ippolito (Li\u00e9ge, B\u00e9lgica)<\/a><\/h6><h6><a href=\"http:\/\/zonaimaginaria.com.ar\/web\/matias-de-la-guerra\/\">Mat\u00edas De la Guerra (Salta, Argentina)<\/a><\/h6><h6><a href=\"http:\/\/zonaimaginaria.com.ar\/web\/laurent-poisson\/\">Laurent Poisson (Bruselas, B\u00e9lgica)<\/a><\/h6>\t\t\t\t\t\t<\/div>\n\t\t\t\t<\/div>\n\t\t\t\t\t<\/div>\n\t\t<\/div>\n\t\t\t\t<div class=\"elementor-column elementor-col-25 elementor-top-column elementor-element elementor-element-1917c78\" data-id=\"1917c78\" data-element_type=\"column\">\n\t\t\t<div class=\"elementor-widget-wrap elementor-element-populated\">\n\t\t\t\t\t\t\t\t<div class=\"elementor-element elementor-element-bba5e40 elementor-widget elementor-widget-image\" data-id=\"bba5e40\" data-element_type=\"widget\" data-widget_type=\"image.default\">\n\t\t\t\t<div class=\"elementor-widget-container\">\n\t\t\t\t\t\t\t\t\t\t\t\t\t\t\t<img width=\"1024\" height=\"1006\" src=\"https:\/\/zonaimaginaria.com.ar\/web\/wp-content\/uploads\/2021\/07\/Fotito-1024x1006.png\" class=\"attachment-large size-large\" alt=\"\" loading=\"lazy\" srcset=\"https:\/\/zonaimaginaria.com.ar\/web\/wp-content\/uploads\/2021\/07\/Fotito-1024x1006.png 1024w, https:\/\/zonaimaginaria.com.ar\/web\/wp-content\/uploads\/2021\/07\/Fotito-300x295.png 300w, https:\/\/zonaimaginaria.com.ar\/web\/wp-content\/uploads\/2021\/07\/Fotito-768x754.png 768w, https:\/\/zonaimaginaria.com.ar\/web\/wp-content\/uploads\/2021\/07\/Fotito.png 1348w\" sizes=\"(max-width: 1024px) 100vw, 1024px\" \/>\t\t\t\t\t\t\t\t\t\t\t\t\t\t\t<\/div>\n\t\t\t\t<\/div>\n\t\t\t\t\t<\/div>\n\t\t<\/div>\n\t\t\t\t\t\t\t<\/div>\n\t\t<\/section>\n\t\t\t\t<section class=\"elementor-section elementor-top-section elementor-element elementor-element-0f6642b elementor-section-height-min-height elementor-section-stretched elementor-section-boxed elementor-section-height-default elementor-section-items-middle\" data-id=\"0f6642b\" data-element_type=\"section\" data-settings=\"{&quot;stretch_section&quot;:&quot;section-stretched&quot;}\">\n\t\t\t\t\t\t<div class=\"elementor-container elementor-column-gap-default\">\n\t\t\t\t\t<div class=\"elementor-column elementor-col-100 elementor-top-column elementor-element elementor-element-64beb74\" data-id=\"64beb74\" data-element_type=\"column\">\n\t\t\t<div class=\"elementor-widget-wrap elementor-element-populated\">\n\t\t\t\t\t\t\t\t<div class=\"elementor-element elementor-element-faf5a32 elementor-widget elementor-widget-image\" data-id=\"faf5a32\" data-element_type=\"widget\" data-widget_type=\"image.default\">\n\t\t\t\t<div class=\"elementor-widget-container\">\n\t\t\t\t\t\t\t\t\t\t\t\t\t\t\t<img width=\"1024\" height=\"736\" src=\"https:\/\/zonaimaginaria.com.ar\/web\/wp-content\/uploads\/2021\/07\/FlyerPatisserieInstaBaja-1024x736.jpg\" class=\"attachment-large size-large\" alt=\"\" loading=\"lazy\" srcset=\"https:\/\/zonaimaginaria.com.ar\/web\/wp-content\/uploads\/2021\/07\/FlyerPatisserieInstaBaja-1024x736.jpg 1024w, https:\/\/zonaimaginaria.com.ar\/web\/wp-content\/uploads\/2021\/07\/FlyerPatisserieInstaBaja-300x216.jpg 300w, https:\/\/zonaimaginaria.com.ar\/web\/wp-content\/uploads\/2021\/07\/FlyerPatisserieInstaBaja-768x552.jpg 768w, https:\/\/zonaimaginaria.com.ar\/web\/wp-content\/uploads\/2021\/07\/FlyerPatisserieInstaBaja.jpg 1200w\" sizes=\"(max-width: 1024px) 100vw, 1024px\" \/>\t\t\t\t\t\t\t\t\t\t\t\t\t\t\t<\/div>\n\t\t\t\t<\/div>\n\t\t\t\t\t<\/div>\n\t\t<\/div>\n\t\t\t\t\t\t\t<\/div>\n\t\t<\/section>\n\t\t\t\t<section class=\"elementor-section elementor-top-section elementor-element elementor-element-9e92d6e elementor-section-stretched elementor-section-boxed elementor-section-height-default elementor-section-height-default\" data-id=\"9e92d6e\" data-element_type=\"section\" data-settings=\"{&quot;stretch_section&quot;:&quot;section-stretched&quot;}\">\n\t\t\t\t\t\t<div class=\"elementor-container elementor-column-gap-default\">\n\t\t\t\t\t<div class=\"elementor-column elementor-col-100 elementor-top-column elementor-element elementor-element-93e4f63\" data-id=\"93e4f63\" data-element_type=\"column\">\n\t\t\t<div class=\"elementor-widget-wrap elementor-element-populated\">\n\t\t\t\t\t\t\t\t<div class=\"elementor-element elementor-element-ebc3d5c elementor-widget elementor-widget-heading\" data-id=\"ebc3d5c\" data-element_type=\"widget\" data-widget_type=\"heading.default\">\n\t\t\t\t<div class=\"elementor-widget-container\">\n\t\t\t<h2 class=\"elementor-heading-title elementor-size-default\">ZI Residencia \u00b7 Mayo \u00b7 Junio \u00b7 Julio 2021<\/h2>\t\t<\/div>\n\t\t\t\t<\/div>\n\t\t\t\t\t<\/div>\n\t\t<\/div>\n\t\t\t\t\t\t\t<\/div>\n\t\t<\/section>\n\t\t\t\t<section class=\"elementor-section elementor-top-section elementor-element elementor-element-04b02bc elementor-section-boxed elementor-section-height-default elementor-section-height-default\" data-id=\"04b02bc\" data-element_type=\"section\">\n\t\t\t\t\t\t<div class=\"elementor-container elementor-column-gap-default\">\n\t\t\t\t\t<div class=\"elementor-column elementor-col-100 elementor-top-column elementor-element elementor-element-d4e2dc9\" data-id=\"d4e2dc9\" data-element_type=\"column\">\n\t\t\t<div class=\"elementor-widget-wrap elementor-element-populated\">\n\t\t\t\t\t\t\t\t<div class=\"elementor-element elementor-element-db8a47a elementor-widget elementor-widget-text-editor\" data-id=\"db8a47a\" data-element_type=\"widget\" data-widget_type=\"text-editor.default\">\n\t\t\t\t<div class=\"elementor-widget-container\">\n\t\t\t\t\t\t\t\t<div class=\"page\" title=\"Page 2\"><div class=\"section\"><div class=\"layoutArea\"><div class=\"column\"><p>Pa\u0302tisserie.<br \/>El rumor sobre el nuevo lugar en el barrio con nombre extranjero.<\/p><p>La Pa\u0302tisserie abre en Zona por poco tiempo para recibir su clientela, su pu\u0301blico, sus veci- nos, sus colaboradores.<\/p><p>Una Patisserie activada y amasada por <a href=\"http:\/\/zonaimaginaria.com.ar\/web\/matias-de-la-guerra\/\">Matias<\/a>, <a href=\"http:\/\/zonaimaginaria.com.ar\/web\/laurent-poisson\/\">Lolo\u0301<\/a>, y <a href=\"http:\/\/zonaimaginaria.com.ar\/web\/samuel-dippolito\/\">Samuel<\/a>. Te invitan a pasar.<\/p><p>Delicadezas hechas en sus hornos, arregladas con las manos, amasadas con las ganas. Sim- ples, terminadas y sin pulir, Raw. Directo de la voz de alguien a una cera\u0301mica.<\/p><p>Entrar en una Pa\u0302tisserie organizada para que sientas un recuerdo de estar vivo en arcilla. Que mires un objeto petrificado y realizado por otro, pensado por otro, detectado por otro. Es tambie\u0301n tuyo y recuerdes el tuyo, lo sientas.<\/p><p>La residencia en Zona de los tres artistas compartiendo el espacio con otras personas hici- eron resaltar algunos aspectos de la vida cotidiana, este intere\u0301s por los pequen\u0303os u\u0301tiles que crean el di\u0301a a di\u0301a, la comodidad en la cotidianidad.<\/p><p>Las piezas colaborativas de <a href=\"http:\/\/zonaimaginaria.com.ar\/web\/matias-de-la-guerra\/\">Matias<\/a> y <a href=\"http:\/\/zonaimaginaria.com.ar\/web\/laurent-poisson\/\">Lolo\u0301<\/a>, recie\u0301n sacadas del horno, dibujos sobre cera\u0301mi- cas con formas sugerentes, nos recuerdan y refuerzan la importancia de elementos particu- lares de nuestro entorno, de las cosas que habitan con nosotros el hogar, y complementan nuestras acciones. Escuchando a las personas cua\u0301les eran las suyas, algunas pasaron a formar parte de esta exhibicio\u0301n. No sera\u0301 el mismo objeto, es otra versio\u0301n pero son comunes, de todos.<\/p><p><a href=\"http:\/\/zonaimaginaria.com.ar\/web\/samuel-dippolito\/\">Samuel<\/a> y su ritual muestran un trabajo de tintes arqueolo\u0301gicos. Lo que pareci\u0301a ser algo irre- cordable, algo inmaterial para siempre, gano\u0301 su lugar en esta Patisserie. Dispuestos con sus fechas, integrantes y lugar, las arcillas parti\u0301cipes son activadoras conscientes de encuentros. Saludos o roces, con el codo, con los dedos, cachete con cachete, entre los pechos, dedos o encuentros de a muchos, muestran como lo efi\u0301mero de la interaccio\u0301n se activa. Transformando gestos y saludos en una arcilla con rastro de un lazo humano.<\/p><p>Entrar en esta Patisserie es parte de un juego. Creado para que sientas un recuerdo de estar vivo hecho en cera\u0301mica. Conectamos lo comu\u0301n y lo cotidiano con la sensacio\u0301n de recordar, de sentir en la mano el reflejo de las interacciones con las cosas para pensar en un recuerdo colectivo.<\/p><\/div><\/div><div class=\"layoutArea\"><div class=\"column\"><p>Valentino Caruso<\/p><\/div><\/div><\/div><\/div>\t\t\t\t\t\t<\/div>\n\t\t\t\t<\/div>\n\t\t\t\t\t<\/div>\n\t\t<\/div>\n\t\t\t\t\t\t\t<\/div>\n\t\t<\/section>\n\t\t\t\t<section class=\"elementor-section elementor-top-section elementor-element elementor-element-aee97e2 elementor-section-stretched elementor-section-boxed elementor-section-height-default elementor-section-height-default\" data-id=\"aee97e2\" data-element_type=\"section\" data-settings=\"{&quot;stretch_section&quot;:&quot;section-stretched&quot;}\">\n\t\t\t\t\t\t<div class=\"elementor-container elementor-column-gap-default\">\n\t\t\t\t\t<div class=\"elementor-column elementor-col-50 elementor-top-column elementor-element elementor-element-49c2474\" data-id=\"49c2474\" data-element_type=\"column\">\n\t\t\t<div class=\"elementor-widget-wrap elementor-element-populated\">\n\t\t\t\t\t\t\t\t<div class=\"elementor-element elementor-element-242b9e3 elementor-widget elementor-widget-image\" data-id=\"242b9e3\" data-element_type=\"widget\" data-widget_type=\"image.default\">\n\t\t\t\t<div class=\"elementor-widget-container\">\n\t\t\t\t\t\t\t\t\t\t\t\t\t\t\t<img width=\"900\" height=\"675\" src=\"https:\/\/zonaimaginaria.com.ar\/web\/wp-content\/uploads\/2021\/07\/Lolo.jpg\" class=\"attachment-large size-large\" alt=\"\" loading=\"lazy\" srcset=\"https:\/\/zonaimaginaria.com.ar\/web\/wp-content\/uploads\/2021\/07\/Lolo.jpg 900w, https:\/\/zonaimaginaria.com.ar\/web\/wp-content\/uploads\/2021\/07\/Lolo-300x225.jpg 300w, https:\/\/zonaimaginaria.com.ar\/web\/wp-content\/uploads\/2021\/07\/Lolo-768x576.jpg 768w, https:\/\/zonaimaginaria.com.ar\/web\/wp-content\/uploads\/2021\/07\/Lolo-160x120.jpg 160w\" sizes=\"(max-width: 900px) 100vw, 900px\" \/>\t\t\t\t\t\t\t\t\t\t\t\t\t\t\t<\/div>\n\t\t\t\t<\/div>\n\t\t\t\t\t<\/div>\n\t\t<\/div>\n\t\t\t\t<div class=\"elementor-column elementor-col-50 elementor-top-column elementor-element elementor-element-e487da0\" data-id=\"e487da0\" data-element_type=\"column\">\n\t\t\t<div class=\"elementor-widget-wrap elementor-element-populated\">\n\t\t\t\t\t\t\t\t<div class=\"elementor-element elementor-element-1a5bf58 elementor-widget elementor-widget-image\" data-id=\"1a5bf58\" data-element_type=\"widget\" data-widget_type=\"image.default\">\n\t\t\t\t<div class=\"elementor-widget-container\">\n\t\t\t\t\t\t\t\t\t\t\t\t\t\t\t<img width=\"900\" height=\"675\" src=\"https:\/\/zonaimaginaria.com.ar\/web\/wp-content\/uploads\/2021\/07\/Sam.jpg\" class=\"attachment-large size-large\" alt=\"\" loading=\"lazy\" srcset=\"https:\/\/zonaimaginaria.com.ar\/web\/wp-content\/uploads\/2021\/07\/Sam.jpg 900w, https:\/\/zonaimaginaria.com.ar\/web\/wp-content\/uploads\/2021\/07\/Sam-300x225.jpg 300w, https:\/\/zonaimaginaria.com.ar\/web\/wp-content\/uploads\/2021\/07\/Sam-768x576.jpg 768w, https:\/\/zonaimaginaria.com.ar\/web\/wp-content\/uploads\/2021\/07\/Sam-160x120.jpg 160w\" sizes=\"(max-width: 900px) 100vw, 900px\" \/>\t\t\t\t\t\t\t\t\t\t\t\t\t\t\t<\/div>\n\t\t\t\t<\/div>\n\t\t\t\t\t<\/div>\n\t\t<\/div>\n\t\t\t\t\t\t\t<\/div>\n\t\t<\/section>\n\t\t\t\t<section class=\"elementor-section elementor-top-section elementor-element elementor-element-59e0b6c elementor-section-stretched elementor-section-boxed elementor-section-height-default elementor-section-height-default\" data-id=\"59e0b6c\" data-element_type=\"section\" data-settings=\"{&quot;stretch_section&quot;:&quot;section-stretched&quot;}\">\n\t\t\t\t\t\t<div class=\"elementor-container elementor-column-gap-default\">\n\t\t\t\t\t<div class=\"elementor-column elementor-col-100 elementor-top-column elementor-element elementor-element-86228ff\" data-id=\"86228ff\" data-element_type=\"column\">\n\t\t\t<div class=\"elementor-widget-wrap elementor-element-populated\">\n\t\t\t\t\t\t\t\t<div class=\"elementor-element elementor-element-8271aeb elementor-widget elementor-widget-text-editor\" data-id=\"8271aeb\" data-element_type=\"widget\" data-widget_type=\"text-editor.default\">\n\t\t\t\t<div class=\"elementor-widget-container\">\n\t\t\t\t\t\t\t\t<h6><a href=\"https:\/\/vimeo.com\/574989918\"><em>Gestos originarios<\/em>, Samuel D&#8217;Ippolito\u00a0<\/a><\/h6>\t\t\t\t\t\t<\/div>\n\t\t\t\t<\/div>\n\t\t\t\t\t<\/div>\n\t\t<\/div>\n\t\t\t\t\t\t\t<\/div>\n\t\t<\/section>\n\t\t\t\t\t\t<\/div>\n\t\t\t\t\t<\/div>\n\t\t","protected":false},"excerpt":{"rendered":"<p>P\u00c2TISSERIE Open House Samuel D&#8217;Ippolito (Li\u00e9ge, B\u00e9lgica) Mat\u00edas De la Guerra (Salta, Argentina) Laurent Poisson (Bruselas, B\u00e9lgica) ZI Residencia \u00b7 Mayo \u00b7 Junio \u00b7 Julio 2021 Pa\u0302tisserie.El rumor sobre el nuevo lugar en el barrio con nombre extranjero. La Pa\u0302tisserie abre en Zona por poco tiempo para recibir su clientela, su pu\u0301blico, sus veci- nos,&hellip;<\/p>\n","protected":false},"author":1,"featured_media":0,"parent":0,"menu_order":0,"comment_status":"closed","ping_status":"closed","template":"","meta":[],"_links":{"self":[{"href":"https:\/\/zonaimaginaria.com.ar\/web\/wp-json\/wp\/v2\/pages\/2251"}],"collection":[{"href":"https:\/\/zonaimaginaria.com.ar\/web\/wp-json\/wp\/v2\/pages"}],"about":[{"href":"https:\/\/zonaimaginaria.com.ar\/web\/wp-json\/wp\/v2\/types\/page"}],"author":[{"embeddable":true,"href":"https:\/\/zonaimaginaria.com.ar\/web\/wp-json\/wp\/v2\/users\/1"}],"replies":[{"embeddable":true,"href":"https:\/\/zonaimaginaria.com.ar\/web\/wp-json\/wp\/v2\/comments?post=2251"}],"version-history":[{"count":10,"href":"https:\/\/zonaimaginaria.com.ar\/web\/wp-json\/wp\/v2\/pages\/2251\/revisions"}],"predecessor-version":[{"id":2412,"href":"https:\/\/zonaimaginaria.com.ar\/web\/wp-json\/wp\/v2\/pages\/2251\/revisions\/2412"}],"wp:attachment":[{"href":"https:\/\/zonaimaginaria.com.ar\/web\/wp-json\/wp\/v2\/media?parent=2251"}],"curies":[{"name":"wp","href":"https:\/\/api.w.org\/{rel}","templated":true}]}}