{"id":1345,"date":"2021-05-25T11:50:10","date_gmt":"2021-05-25T14:50:10","guid":{"rendered":"http:\/\/zonaimaginaria.com.ar\/web\/?page_id=1345"},"modified":"2022-06-14T17:21:12","modified_gmt":"2022-06-14T20:21:12","slug":"paola-sferco","status":"publish","type":"page","link":"https:\/\/zonaimaginaria.com.ar\/web\/paola-sferco\/","title":{"rendered":"Paola Sferco"},"content":{"rendered":"\t\t<div data-elementor-type=\"wp-page\" data-elementor-id=\"1345\" class=\"elementor elementor-1345\" data-elementor-settings=\"[]\">\n\t\t\t\t\t\t\t<div class=\"elementor-section-wrap\">\n\t\t\t\t\t\t\t<section class=\"elementor-section elementor-top-section elementor-element elementor-element-511375f6 elementor-section-height-min-height elementor-section-stretched elementor-section-full_width elementor-section-height-default elementor-section-items-middle\" data-id=\"511375f6\" data-element_type=\"section\" data-settings=\"{&quot;stretch_section&quot;:&quot;section-stretched&quot;}\">\n\t\t\t\t\t\t<div class=\"elementor-container elementor-column-gap-default\">\n\t\t\t\t\t<div class=\"elementor-column elementor-col-100 elementor-top-column elementor-element elementor-element-4ab0ba01\" data-id=\"4ab0ba01\" data-element_type=\"column\">\n\t\t\t<div class=\"elementor-widget-wrap elementor-element-populated\">\n\t\t\t\t\t\t\t\t<div class=\"elementor-element elementor-element-72af35e1 elementor-widget elementor-widget-image\" data-id=\"72af35e1\" data-element_type=\"widget\" data-widget_type=\"image.default\">\n\t\t\t\t<div class=\"elementor-widget-container\">\n\t\t\t\t\t\t\t\t\t\t\t\t\t\t\t<img width=\"900\" height=\"378\" src=\"https:\/\/zonaimaginaria.com.ar\/web\/wp-content\/uploads\/2021\/08\/Paola-Portada.jpg\" class=\"attachment-full size-full\" alt=\"\" loading=\"lazy\" srcset=\"https:\/\/zonaimaginaria.com.ar\/web\/wp-content\/uploads\/2021\/08\/Paola-Portada.jpg 900w, https:\/\/zonaimaginaria.com.ar\/web\/wp-content\/uploads\/2021\/08\/Paola-Portada-300x126.jpg 300w, https:\/\/zonaimaginaria.com.ar\/web\/wp-content\/uploads\/2021\/08\/Paola-Portada-768x323.jpg 768w\" sizes=\"(max-width: 900px) 100vw, 900px\" \/>\t\t\t\t\t\t\t\t\t\t\t\t\t\t\t<\/div>\n\t\t\t\t<\/div>\n\t\t\t\t\t<\/div>\n\t\t<\/div>\n\t\t\t\t\t\t\t<\/div>\n\t\t<\/section>\n\t\t\t\t<section class=\"elementor-section elementor-top-section elementor-element elementor-element-46abcdb0 elementor-section-stretched elementor-section-boxed elementor-section-height-default elementor-section-height-default\" data-id=\"46abcdb0\" data-element_type=\"section\" data-settings=\"{&quot;stretch_section&quot;:&quot;section-stretched&quot;,&quot;background_background&quot;:&quot;classic&quot;}\">\n\t\t\t\t\t\t<div class=\"elementor-container elementor-column-gap-default\">\n\t\t\t\t\t<div class=\"elementor-column elementor-col-50 elementor-top-column elementor-element elementor-element-1cdabc05\" data-id=\"1cdabc05\" data-element_type=\"column\">\n\t\t\t<div class=\"elementor-widget-wrap elementor-element-populated\">\n\t\t\t\t\t\t\t\t<div class=\"elementor-element elementor-element-32fb970a elementor-widget elementor-widget-heading\" data-id=\"32fb970a\" data-element_type=\"widget\" data-widget_type=\"heading.default\">\n\t\t\t\t<div class=\"elementor-widget-container\">\n\t\t\t<h2 class=\"elementor-heading-title elementor-size-medium\">ZI RESIDENCIA Qui\u00e9n puede vivir en esta casa?<\/h2>\t\t<\/div>\n\t\t\t\t<\/div>\n\t\t\t\t\t<\/div>\n\t\t<\/div>\n\t\t\t\t<div class=\"elementor-column elementor-col-50 elementor-top-column elementor-element elementor-element-711a163\" data-id=\"711a163\" data-element_type=\"column\">\n\t\t\t<div class=\"elementor-widget-wrap elementor-element-populated\">\n\t\t\t\t\t\t\t\t<div class=\"elementor-element elementor-element-8b3cdfe elementor-align-right elementor-widget elementor-widget-button\" data-id=\"8b3cdfe\" data-element_type=\"widget\" data-widget_type=\"button.default\">\n\t\t\t\t<div class=\"elementor-widget-container\">\n\t\t\t\t\t<div class=\"elementor-button-wrapper\">\n\t\t\t<a href=\"#Sferco\" class=\"elementor-button-link elementor-button elementor-size-xs\" role=\"button\">\n\t\t\t\t\t\t<span class=\"elementor-button-content-wrapper\">\n\t\t\t\t\t\t<span class=\"elementor-button-text\">English Below<\/span>\n\t\t<\/span>\n\t\t\t\t\t<\/a>\n\t\t<\/div>\n\t\t\t\t<\/div>\n\t\t\t\t<\/div>\n\t\t\t\t\t<\/div>\n\t\t<\/div>\n\t\t\t\t\t\t\t<\/div>\n\t\t<\/section>\n\t\t\t\t<section class=\"elementor-section elementor-top-section elementor-element elementor-element-3e71d90e elementor-section-stretched elementor-section-height-min-height elementor-section-boxed elementor-section-height-default elementor-section-items-middle\" data-id=\"3e71d90e\" data-element_type=\"section\" data-settings=\"{&quot;stretch_section&quot;:&quot;section-stretched&quot;}\">\n\t\t\t\t\t\t<div class=\"elementor-container elementor-column-gap-default\">\n\t\t\t\t\t<div class=\"elementor-column elementor-col-100 elementor-top-column elementor-element elementor-element-7ee5d1b2\" data-id=\"7ee5d1b2\" data-element_type=\"column\">\n\t\t\t<div class=\"elementor-widget-wrap elementor-element-populated\">\n\t\t\t\t\t\t\t\t<div class=\"elementor-element elementor-element-5d9e1803 elementor-widget elementor-widget-heading\" data-id=\"5d9e1803\" data-element_type=\"widget\" data-widget_type=\"heading.default\">\n\t\t\t\t<div class=\"elementor-widget-container\">\n\t\t\t<h2 class=\"elementor-heading-title elementor-size-default\">PAOLA SFERCO \u00b7 C\u00f3rdoba, Argentina \u00b7 Julio Diciembre 2013<\/h2>\t\t<\/div>\n\t\t\t\t<\/div>\n\t\t\t\t<div class=\"elementor-element elementor-element-4a6de36b elementor-widget elementor-widget-text-editor\" data-id=\"4a6de36b\" data-element_type=\"widget\" data-widget_type=\"text-editor.default\">\n\t\t\t\t<div class=\"elementor-widget-container\">\n\t\t\t\t\t\t\t\t<h6><span style=\"color: #999999;\">+ Proyecto \u201cBolognesa\u00a8<\/span><\/h6><h6><span style=\"color: #999999;\">+ Video en el Fondo del Mar, Mural hecho con lxs Peque\u00f1xs Aprendices<\/span><\/h6><h6><span style=\"color: #999999;\">+ Exposici\u00f3n y conversatorio\u00a0 \u00a8Cu\u00e1nto es mucho\u00a8 Panorama 2020 en Zona Imaginaria<\/span><\/h6>\t\t\t\t\t\t<\/div>\n\t\t\t\t<\/div>\n\t\t\t\t\t<\/div>\n\t\t<\/div>\n\t\t\t\t\t\t\t<\/div>\n\t\t<\/section>\n\t\t\t\t<section class=\"elementor-section elementor-top-section elementor-element elementor-element-7377e0e0 elementor-section-stretched elementor-section-boxed elementor-section-height-default elementor-section-height-default\" data-id=\"7377e0e0\" data-element_type=\"section\" data-settings=\"{&quot;stretch_section&quot;:&quot;section-stretched&quot;}\">\n\t\t\t\t\t\t<div class=\"elementor-container elementor-column-gap-default\">\n\t\t\t\t\t<div class=\"elementor-column elementor-col-100 elementor-top-column elementor-element elementor-element-2ff6e6cc\" data-id=\"2ff6e6cc\" data-element_type=\"column\">\n\t\t\t<div class=\"elementor-widget-wrap elementor-element-populated\">\n\t\t\t\t\t\t\t\t<div class=\"elementor-element elementor-element-543a72bc elementor-widget elementor-widget-text-editor\" data-id=\"543a72bc\" data-element_type=\"widget\" data-widget_type=\"text-editor.default\">\n\t\t\t\t<div class=\"elementor-widget-container\">\n\t\t\t\t\t\t\t\t<p class=\"style1\"><strong>Sobre los proyectos<\/strong><\/p><p class=\"style1\"><strong>Bolognesa<\/strong><\/p><p>\u201cUna mujer prepara una bolo\u00f1esa en Zona Imaginaria, cocina, dialoga con su soledad. Realiza un ritual cotidiano, rutinario, sigue su propia l\u00f3gica. El acto ensimismado va perdiendo los ejes de lo esperado llevando la situaci\u00f3n al desborde, a la decadencia, al enojo, como si un ritual cotidiano pudiera encerrar un modo naturalizado de actuar que habita los bordes. Es una acci\u00f3n dram\u00e1tica que a la vez remite a una escena pict\u00f3rica.\u201d Paola Sferco<\/p><p>El proyecto consisti\u00f3 en realizar actos cotidianos, propios de un hogar pero revirtiendo los sentidos habituales. <em>\u00bfQui\u00e9n puede vivir en esta casa?<\/em> es un espacio de residencia que nos ubica directamente en el hacer art\u00edstico en el s\u00edmil de un hogar; habitar, vivir en esta casa de la Zona imaginaria, pero re significando lo que el espacio propone desde un acto de arte. El trabajo de la videoartista ha estado vinculado al registro de acciones propias o ajenas que surgen del cotidiano, de la vida misma pero que muestran un corrimiento con el orden l\u00f3gico de las cosas cayendo en el absurdo, como por ej. tomar agua colocando el cuerpo al rev\u00e9s o establecer un di\u00e1logo con otro en un idioma inventado.<\/p>\t\t\t\t\t\t<\/div>\n\t\t\t\t<\/div>\n\t\t\t\t\t<\/div>\n\t\t<\/div>\n\t\t\t\t\t\t\t<\/div>\n\t\t<\/section>\n\t\t\t\t<section class=\"elementor-section elementor-top-section elementor-element elementor-element-1b911786 elementor-section-stretched elementor-section-boxed elementor-section-height-default elementor-section-height-default\" data-id=\"1b911786\" data-element_type=\"section\" data-settings=\"{&quot;stretch_section&quot;:&quot;section-stretched&quot;}\">\n\t\t\t\t\t\t<div class=\"elementor-container elementor-column-gap-default\">\n\t\t\t\t\t<div class=\"elementor-column elementor-col-50 elementor-top-column elementor-element elementor-element-771046ce\" data-id=\"771046ce\" data-element_type=\"column\">\n\t\t\t<div class=\"elementor-widget-wrap elementor-element-populated\">\n\t\t\t\t\t\t\t\t<div class=\"elementor-element elementor-element-4df44dfb elementor-widget elementor-widget-image\" data-id=\"4df44dfb\" data-element_type=\"widget\" data-widget_type=\"image.default\">\n\t\t\t\t<div class=\"elementor-widget-container\">\n\t\t\t\t\t\t\t\t\t\t\t\t\t\t\t<img width=\"600\" height=\"452\" src=\"https:\/\/zonaimaginaria.com.ar\/web\/wp-content\/uploads\/2021\/08\/Bolo.jpg\" class=\"attachment-large size-large\" alt=\"\" loading=\"lazy\" srcset=\"https:\/\/zonaimaginaria.com.ar\/web\/wp-content\/uploads\/2021\/08\/Bolo.jpg 600w, https:\/\/zonaimaginaria.com.ar\/web\/wp-content\/uploads\/2021\/08\/Bolo-300x226.jpg 300w, https:\/\/zonaimaginaria.com.ar\/web\/wp-content\/uploads\/2021\/08\/Bolo-160x120.jpg 160w\" sizes=\"(max-width: 600px) 100vw, 600px\" \/>\t\t\t\t\t\t\t\t\t\t\t\t\t\t\t<\/div>\n\t\t\t\t<\/div>\n\t\t\t\t\t<\/div>\n\t\t<\/div>\n\t\t\t\t<div class=\"elementor-column elementor-col-50 elementor-top-column elementor-element elementor-element-5498ed96\" data-id=\"5498ed96\" data-element_type=\"column\">\n\t\t\t<div class=\"elementor-widget-wrap elementor-element-populated\">\n\t\t\t\t\t\t\t\t<div class=\"elementor-element elementor-element-4e734efc elementor-widget elementor-widget-image\" data-id=\"4e734efc\" data-element_type=\"widget\" data-widget_type=\"image.default\">\n\t\t\t\t<div class=\"elementor-widget-container\">\n\t\t\t\t\t\t\t\t\t\t\t\t\t\t\t<img width=\"600\" height=\"452\" src=\"https:\/\/zonaimaginaria.com.ar\/web\/wp-content\/uploads\/2021\/08\/Bolo2.jpg\" class=\"attachment-large size-large\" alt=\"\" loading=\"lazy\" srcset=\"https:\/\/zonaimaginaria.com.ar\/web\/wp-content\/uploads\/2021\/08\/Bolo2.jpg 600w, https:\/\/zonaimaginaria.com.ar\/web\/wp-content\/uploads\/2021\/08\/Bolo2-300x226.jpg 300w, https:\/\/zonaimaginaria.com.ar\/web\/wp-content\/uploads\/2021\/08\/Bolo2-160x120.jpg 160w\" sizes=\"(max-width: 600px) 100vw, 600px\" \/>\t\t\t\t\t\t\t\t\t\t\t\t\t\t\t<\/div>\n\t\t\t\t<\/div>\n\t\t\t\t\t<\/div>\n\t\t<\/div>\n\t\t\t\t\t\t\t<\/div>\n\t\t<\/section>\n\t\t\t\t<section class=\"elementor-section elementor-top-section elementor-element elementor-element-03cb65c elementor-section-stretched elementor-section-boxed elementor-section-height-default elementor-section-height-default\" data-id=\"03cb65c\" data-element_type=\"section\" data-settings=\"{&quot;stretch_section&quot;:&quot;section-stretched&quot;}\">\n\t\t\t\t\t\t<div class=\"elementor-container elementor-column-gap-default\">\n\t\t\t\t\t<div class=\"elementor-column elementor-col-100 elementor-top-column elementor-element elementor-element-c2cf3ba\" data-id=\"c2cf3ba\" data-element_type=\"column\">\n\t\t\t<div class=\"elementor-widget-wrap elementor-element-populated\">\n\t\t\t\t\t\t\t\t<div class=\"elementor-element elementor-element-d5a89a2 elementor-widget elementor-widget-text-editor\" data-id=\"d5a89a2\" data-element_type=\"widget\" data-widget_type=\"text-editor.default\">\n\t\t\t\t<div class=\"elementor-widget-container\">\n\t\t\t\t\t\t\t\t<p>La artista adem\u00e1s, film\u00f3 la acci\u00f3n realizada el domingo 8 de Diciembre de 2013 donde Zona Imaginaria con el Taller \u201cPeque\u00f1os Aprendices\u201d participaron de la Convocatoria a Artistas urbanos, grafitteros y muralistas para la intervenci\u00f3n art\u00edstica de una pared de 10 x 3mts, como parte del evento de fin de a\u00f1o organizado por la Municipalidad de San Fernando.<\/p>\t\t\t\t\t\t<\/div>\n\t\t\t\t<\/div>\n\t\t\t\t\t<\/div>\n\t\t<\/div>\n\t\t\t\t\t\t\t<\/div>\n\t\t<\/section>\n\t\t\t\t<section class=\"elementor-section elementor-top-section elementor-element elementor-element-ea24e7f elementor-section-stretched elementor-section-boxed elementor-section-height-default elementor-section-height-default\" data-id=\"ea24e7f\" data-element_type=\"section\" data-settings=\"{&quot;stretch_section&quot;:&quot;section-stretched&quot;}\">\n\t\t\t\t\t\t<div class=\"elementor-container elementor-column-gap-default\">\n\t\t\t\t\t<div class=\"elementor-column elementor-col-100 elementor-top-column elementor-element elementor-element-3c799c0\" data-id=\"3c799c0\" data-element_type=\"column\">\n\t\t\t<div class=\"elementor-widget-wrap elementor-element-populated\">\n\t\t\t\t\t\t\t\t<div class=\"elementor-element elementor-element-0b9b27b elementor-aspect-ratio-169 elementor-widget elementor-widget-video\" data-id=\"0b9b27b\" data-element_type=\"widget\" data-settings=\"{&quot;video_type&quot;:&quot;vimeo&quot;,&quot;autoplay&quot;:&quot;yes&quot;,&quot;play_on_mobile&quot;:&quot;yes&quot;,&quot;mute&quot;:&quot;yes&quot;,&quot;loop&quot;:&quot;yes&quot;,&quot;aspect_ratio&quot;:&quot;169&quot;}\" data-widget_type=\"video.default\">\n\t\t\t\t<div class=\"elementor-widget-container\">\n\t\t\t\t\t<div class=\"elementor-wrapper elementor-fit-aspect-ratio elementor-open-inline\">\n\t\t\t<iframe class=\"elementor-video-iframe\" allowfullscreen title=\"Reproductor de v\u00eddeo vimeo\" src=\"https:\/\/player.vimeo.com\/video\/423659291?autoplay=1&amp;playsinline=1&amp;color&amp;autopause=0&amp;loop=1&amp;muted=1&amp;title=0&amp;portrait=0&amp;byline=1#t=\"><\/iframe>\t\t<\/div>\n\t\t\t\t<\/div>\n\t\t\t\t<\/div>\n\t\t\t\t\t<\/div>\n\t\t<\/div>\n\t\t\t\t\t\t\t<\/div>\n\t\t<\/section>\n\t\t\t\t<section class=\"elementor-section elementor-top-section elementor-element elementor-element-1b93012 elementor-section-stretched elementor-section-boxed elementor-section-height-default elementor-section-height-default\" data-id=\"1b93012\" data-element_type=\"section\" data-settings=\"{&quot;stretch_section&quot;:&quot;section-stretched&quot;}\">\n\t\t\t\t\t\t<div class=\"elementor-container elementor-column-gap-default\">\n\t\t\t\t\t<div class=\"elementor-column elementor-col-100 elementor-top-column elementor-element elementor-element-a9fb558\" data-id=\"a9fb558\" data-element_type=\"column\">\n\t\t\t<div class=\"elementor-widget-wrap elementor-element-populated\">\n\t\t\t\t\t\t\t\t<div class=\"elementor-element elementor-element-70064f8 elementor-widget elementor-widget-text-editor\" data-id=\"70064f8\" data-element_type=\"widget\" data-widget_type=\"text-editor.default\">\n\t\t\t\t<div class=\"elementor-widget-container\">\n\t\t\t\t\t\t\t\t<p><strong>Cu\u00e1nto es mucho<\/strong> \u00b7 Exposici\u00f3n y <a href=\"https:\/\/vimeo.com\/486406689\">Conversatorio por Zoom <\/a>\u00b7 2020<\/p>\t\t\t\t\t\t<\/div>\n\t\t\t\t<\/div>\n\t\t\t\t\t<\/div>\n\t\t<\/div>\n\t\t\t\t\t\t\t<\/div>\n\t\t<\/section>\n\t\t\t\t<section class=\"elementor-section elementor-top-section elementor-element elementor-element-306305d elementor-section-stretched elementor-section-boxed elementor-section-height-default elementor-section-height-default\" data-id=\"306305d\" data-element_type=\"section\" data-settings=\"{&quot;stretch_section&quot;:&quot;section-stretched&quot;}\">\n\t\t\t\t\t\t<div class=\"elementor-container elementor-column-gap-default\">\n\t\t\t\t\t<div class=\"elementor-column elementor-col-50 elementor-top-column elementor-element elementor-element-bd05566\" data-id=\"bd05566\" data-element_type=\"column\">\n\t\t\t<div class=\"elementor-widget-wrap elementor-element-populated\">\n\t\t\t\t\t\t\t\t<div class=\"elementor-element elementor-element-328ed37 elementor-widget elementor-widget-image\" data-id=\"328ed37\" data-element_type=\"widget\" data-widget_type=\"image.default\">\n\t\t\t\t<div class=\"elementor-widget-container\">\n\t\t\t\t\t\t\t\t\t\t\t\t\t\t\t<img width=\"600\" height=\"452\" src=\"https:\/\/zonaimaginaria.com.ar\/web\/wp-content\/uploads\/2021\/08\/MontajePao.jpg\" class=\"attachment-large size-large\" alt=\"\" loading=\"lazy\" srcset=\"https:\/\/zonaimaginaria.com.ar\/web\/wp-content\/uploads\/2021\/08\/MontajePao.jpg 600w, https:\/\/zonaimaginaria.com.ar\/web\/wp-content\/uploads\/2021\/08\/MontajePao-300x226.jpg 300w, https:\/\/zonaimaginaria.com.ar\/web\/wp-content\/uploads\/2021\/08\/MontajePao-160x120.jpg 160w\" sizes=\"(max-width: 600px) 100vw, 600px\" \/>\t\t\t\t\t\t\t\t\t\t\t\t\t\t\t<\/div>\n\t\t\t\t<\/div>\n\t\t\t\t\t<\/div>\n\t\t<\/div>\n\t\t\t\t<div class=\"elementor-column elementor-col-50 elementor-top-column elementor-element elementor-element-bf63877\" data-id=\"bf63877\" data-element_type=\"column\">\n\t\t\t<div class=\"elementor-widget-wrap elementor-element-populated\">\n\t\t\t\t\t\t\t\t<div class=\"elementor-element elementor-element-81678df elementor-widget elementor-widget-image\" data-id=\"81678df\" data-element_type=\"widget\" data-widget_type=\"image.default\">\n\t\t\t\t<div class=\"elementor-widget-container\">\n\t\t\t\t\t\t\t\t\t\t\t\t\t\t\t\t<a href=\"https:\/\/vimeo.com\/486406689\" target=\"_blank\">\n\t\t\t\t\t\t\t<img width=\"600\" height=\"452\" src=\"https:\/\/zonaimaginaria.com.ar\/web\/wp-content\/uploads\/2021\/08\/Conversatorio.jpg\" class=\"attachment-large size-large\" alt=\"\" loading=\"lazy\" srcset=\"https:\/\/zonaimaginaria.com.ar\/web\/wp-content\/uploads\/2021\/08\/Conversatorio.jpg 600w, https:\/\/zonaimaginaria.com.ar\/web\/wp-content\/uploads\/2021\/08\/Conversatorio-300x226.jpg 300w, https:\/\/zonaimaginaria.com.ar\/web\/wp-content\/uploads\/2021\/08\/Conversatorio-160x120.jpg 160w\" sizes=\"(max-width: 600px) 100vw, 600px\" \/>\t\t\t\t\t\t\t\t<\/a>\n\t\t\t\t\t\t\t\t\t\t\t\t\t\t\t<\/div>\n\t\t\t\t<\/div>\n\t\t\t\t\t<\/div>\n\t\t<\/div>\n\t\t\t\t\t\t\t<\/div>\n\t\t<\/section>\n\t\t\t\t<section class=\"elementor-section elementor-top-section elementor-element elementor-element-8b20669 elementor-section-stretched elementor-section-boxed elementor-section-height-default elementor-section-height-default\" data-id=\"8b20669\" data-element_type=\"section\" data-settings=\"{&quot;stretch_section&quot;:&quot;section-stretched&quot;}\">\n\t\t\t\t\t\t<div class=\"elementor-container elementor-column-gap-default\">\n\t\t\t\t\t<div class=\"elementor-column elementor-col-100 elementor-top-column elementor-element elementor-element-337aa37\" data-id=\"337aa37\" data-element_type=\"column\">\n\t\t\t<div class=\"elementor-widget-wrap elementor-element-populated\">\n\t\t\t\t\t\t\t\t<div class=\"elementor-element elementor-element-7705459 elementor-widget elementor-widget-text-editor\" data-id=\"7705459\" data-element_type=\"widget\" data-widget_type=\"text-editor.default\">\n\t\t\t\t<div class=\"elementor-widget-container\">\n\t\t\t\t\t\t\t\t<p class=\"style1\"><strong>About the project \u00b7 <\/strong><strong>Bolognesa<\/strong><\/p><p><span style=\"font-weight: 400;\">&#8220;A woman prepares a Bolognese sauce at Zona Imaginar- ia; she cooks, in dialogue with her solitude. She carries out a routine, everyday ritual and follows her own logic. The self-absorbed action gradually looses ties with what is ex- pected and the situation is taken to excess, reaches a point of decadence and ire, as if an everyday ritual were able to contain a naturalized manner of behavior that inhabits the fringes. It is a dramatic action that simultaneously refers to a pictorial scene. \u2014 Paola Sferco<\/span><\/p><p><span style=\"font-weight: 400;\">The project consisted of carrying out everyday ac- tions that are typical actions of the household, but invert- ing their usual meanings. The video artist\u2019s work has dealt with recording actions carried out by herself or by oth- ers that emerge from the everyday, from life itself, but that show a shift away from the logical order of things by falling into the absurd, as it is the case for example, when drinking water with the body upside down or establishing a dialogue with someone else in an invented language.\u201d <\/span><\/p><p><span style=\"font-weight: 400;\">\u2014 Lucrecia Urbano <\/span><\/p>\t\t\t\t\t\t<\/div>\n\t\t\t\t<\/div>\n\t\t\t\t<div class=\"elementor-element elementor-element-262c323 elementor-widget elementor-widget-menu-anchor\" data-id=\"262c323\" data-element_type=\"widget\" data-widget_type=\"menu-anchor.default\">\n\t\t\t\t<div class=\"elementor-widget-container\">\n\t\t\t\t\t<div id=\"Sferco\" class=\"elementor-menu-anchor\"><\/div>\n\t\t\t\t<\/div>\n\t\t\t\t<\/div>\n\t\t\t\t\t<\/div>\n\t\t<\/div>\n\t\t\t\t\t\t\t<\/div>\n\t\t<\/section>\n\t\t\t\t<section class=\"elementor-section elementor-top-section elementor-element elementor-element-d962ddf elementor-section-stretched elementor-section-boxed elementor-section-height-default elementor-section-height-default\" data-id=\"d962ddf\" data-element_type=\"section\" data-settings=\"{&quot;stretch_section&quot;:&quot;section-stretched&quot;}\">\n\t\t\t\t\t\t<div class=\"elementor-container elementor-column-gap-default\">\n\t\t\t\t\t<div class=\"elementor-column elementor-col-100 elementor-top-column elementor-element elementor-element-36c7422\" data-id=\"36c7422\" data-element_type=\"column\">\n\t\t\t<div class=\"elementor-widget-wrap elementor-element-populated\">\n\t\t\t\t\t\t\t\t<div class=\"elementor-element elementor-element-7d8cc72 elementor-widget elementor-widget-text-editor\" data-id=\"7d8cc72\" data-element_type=\"widget\" data-widget_type=\"text-editor.default\">\n\t\t\t\t<div class=\"elementor-widget-container\">\n\t\t\t\t\t\t\t\t<p><strong>Paola Sferco.<\/strong> Nace en C\u00f3rdoba, 1974. Estudi\u00f3 Artes Visuales en la UNC. Desde el 2001 se dedica a la experimentaci\u00f3n en video. Se destacan las siguientes exhibiciones: <em>La respuesta de las cosas<\/em>, Centro Cultural Kirchner (2019);\u00a0<em>Bolognesa,\u00a0<\/em>Palacio Dionisi<em>,\u00a0<\/em>C\u00f3rdoba y Museo Nacional de Bellas Artes, Neuqu\u00e9n, curador Fernando Farina (2019);\u00a0<em>Pr\u00e1cticas Po\u00e9ticas, Pol\u00edticas, Dom\u00e9sticas,\u00a0<\/em>Cabildo de C\u00f3rdoba<em>\u00a0(2019); La respuesta de las cosas<\/em>, 33 Bienal de Sao Paulo con la curadur\u00eda de Claudia Fontes en\u00a0<em>El p\u00e1jaro lento\u00a0<\/em>(2018). Particip\u00f3 de la residencia de ZI Qui\u00e9n puede vivir en esa casa? en el a\u00f1o 2013.<\/p>\t\t\t\t\t\t<\/div>\n\t\t\t\t<\/div>\n\t\t\t\t\t<\/div>\n\t\t<\/div>\n\t\t\t\t\t\t\t<\/div>\n\t\t<\/section>\n\t\t\t\t\t\t<\/div>\n\t\t\t\t\t<\/div>\n\t\t","protected":false},"excerpt":{"rendered":"<p>ZI RESIDENCIA Qui\u00e9n puede vivir en esta casa? English Below PAOLA SFERCO \u00b7 C\u00f3rdoba, Argentina \u00b7 Julio Diciembre 2013 + Proyecto \u201cBolognesa\u00a8 + Video en el Fondo del Mar, Mural hecho con lxs Peque\u00f1xs Aprendices + Exposici\u00f3n y conversatorio\u00a0 \u00a8Cu\u00e1nto es mucho\u00a8 Panorama 2020 en Zona Imaginaria Sobre los proyectos Bolognesa \u201cUna mujer prepara una&hellip;<\/p>\n","protected":false},"author":1,"featured_media":0,"parent":0,"menu_order":0,"comment_status":"closed","ping_status":"closed","template":"","meta":[],"_links":{"self":[{"href":"https:\/\/zonaimaginaria.com.ar\/web\/wp-json\/wp\/v2\/pages\/1345"}],"collection":[{"href":"https:\/\/zonaimaginaria.com.ar\/web\/wp-json\/wp\/v2\/pages"}],"about":[{"href":"https:\/\/zonaimaginaria.com.ar\/web\/wp-json\/wp\/v2\/types\/page"}],"author":[{"embeddable":true,"href":"https:\/\/zonaimaginaria.com.ar\/web\/wp-json\/wp\/v2\/users\/1"}],"replies":[{"embeddable":true,"href":"https:\/\/zonaimaginaria.com.ar\/web\/wp-json\/wp\/v2\/comments?post=1345"}],"version-history":[{"count":19,"href":"https:\/\/zonaimaginaria.com.ar\/web\/wp-json\/wp\/v2\/pages\/1345\/revisions"}],"predecessor-version":[{"id":6339,"href":"https:\/\/zonaimaginaria.com.ar\/web\/wp-json\/wp\/v2\/pages\/1345\/revisions\/6339"}],"wp:attachment":[{"href":"https:\/\/zonaimaginaria.com.ar\/web\/wp-json\/wp\/v2\/media?parent=1345"}],"curies":[{"name":"wp","href":"https:\/\/api.w.org\/{rel}","templated":true}]}}