{"id":1335,"date":"2021-05-25T11:45:00","date_gmt":"2021-05-25T14:45:00","guid":{"rendered":"http:\/\/zonaimaginaria.com.ar\/web\/?page_id=1335"},"modified":"2022-06-14T17:43:58","modified_gmt":"2022-06-14T20:43:58","slug":"miguel-r-sepulveda","status":"publish","type":"page","link":"https:\/\/zonaimaginaria.com.ar\/web\/miguel-r-sepulveda\/","title":{"rendered":"Miguel R. Sep\u00falveda"},"content":{"rendered":"\t\t<div data-elementor-type=\"wp-page\" data-elementor-id=\"1335\" class=\"elementor elementor-1335\" data-elementor-settings=\"[]\">\n\t\t\t\t\t\t\t<div class=\"elementor-section-wrap\">\n\t\t\t\t\t\t\t<section class=\"elementor-section elementor-top-section elementor-element elementor-element-67c7f5ea elementor-section-height-min-height elementor-section-stretched elementor-section-full_width elementor-section-height-default elementor-section-items-middle\" data-id=\"67c7f5ea\" data-element_type=\"section\" data-settings=\"{&quot;stretch_section&quot;:&quot;section-stretched&quot;}\">\n\t\t\t\t\t\t<div class=\"elementor-container elementor-column-gap-default\">\n\t\t\t\t\t<div class=\"elementor-column elementor-col-100 elementor-top-column elementor-element elementor-element-776fd803\" data-id=\"776fd803\" data-element_type=\"column\">\n\t\t\t<div class=\"elementor-widget-wrap elementor-element-populated\">\n\t\t\t\t\t\t\t\t<div class=\"elementor-element elementor-element-1e6635ad elementor-widget elementor-widget-image\" data-id=\"1e6635ad\" data-element_type=\"widget\" data-widget_type=\"image.default\">\n\t\t\t\t<div class=\"elementor-widget-container\">\n\t\t\t\t\t\t\t\t\t\t\t\t\t\t\t<img width=\"1200\" height=\"504\" src=\"https:\/\/zonaimaginaria.com.ar\/web\/wp-content\/uploads\/2022\/02\/GRAFICA5-Portada.jpg\" class=\"attachment-full size-full\" alt=\"\" loading=\"lazy\" srcset=\"https:\/\/zonaimaginaria.com.ar\/web\/wp-content\/uploads\/2022\/02\/GRAFICA5-Portada.jpg 1200w, https:\/\/zonaimaginaria.com.ar\/web\/wp-content\/uploads\/2022\/02\/GRAFICA5-Portada-300x126.jpg 300w, https:\/\/zonaimaginaria.com.ar\/web\/wp-content\/uploads\/2022\/02\/GRAFICA5-Portada-1024x430.jpg 1024w, https:\/\/zonaimaginaria.com.ar\/web\/wp-content\/uploads\/2022\/02\/GRAFICA5-Portada-768x323.jpg 768w\" sizes=\"(max-width: 1200px) 100vw, 1200px\" \/>\t\t\t\t\t\t\t\t\t\t\t\t\t\t\t<\/div>\n\t\t\t\t<\/div>\n\t\t\t\t\t<\/div>\n\t\t<\/div>\n\t\t\t\t\t\t\t<\/div>\n\t\t<\/section>\n\t\t\t\t<section class=\"elementor-section elementor-top-section elementor-element elementor-element-2ff301ca elementor-section-stretched elementor-section-boxed elementor-section-height-default elementor-section-height-default\" data-id=\"2ff301ca\" data-element_type=\"section\" data-settings=\"{&quot;stretch_section&quot;:&quot;section-stretched&quot;,&quot;background_background&quot;:&quot;classic&quot;}\">\n\t\t\t\t\t\t<div class=\"elementor-container elementor-column-gap-default\">\n\t\t\t\t\t<div class=\"elementor-column elementor-col-50 elementor-top-column elementor-element elementor-element-554a18e0\" data-id=\"554a18e0\" data-element_type=\"column\">\n\t\t\t<div class=\"elementor-widget-wrap elementor-element-populated\">\n\t\t\t\t\t\t\t\t<div class=\"elementor-element elementor-element-3ed7653b elementor-widget elementor-widget-heading\" data-id=\"3ed7653b\" data-element_type=\"widget\" data-widget_type=\"heading.default\">\n\t\t\t\t<div class=\"elementor-widget-container\">\n\t\t\t<h2 class=\"elementor-heading-title elementor-size-medium\">ZI RESIDENCIA Qui\u00e9n puede vivir en esta casa?<\/h2>\t\t<\/div>\n\t\t\t\t<\/div>\n\t\t\t\t\t<\/div>\n\t\t<\/div>\n\t\t\t\t<div class=\"elementor-column elementor-col-50 elementor-top-column elementor-element elementor-element-d7b1eba\" data-id=\"d7b1eba\" data-element_type=\"column\">\n\t\t\t<div class=\"elementor-widget-wrap elementor-element-populated\">\n\t\t\t\t\t\t\t\t<div class=\"elementor-element elementor-element-801551c elementor-align-right elementor-widget elementor-widget-button\" data-id=\"801551c\" data-element_type=\"widget\" data-widget_type=\"button.default\">\n\t\t\t\t<div class=\"elementor-widget-container\">\n\t\t\t\t\t<div class=\"elementor-button-wrapper\">\n\t\t\t<a href=\"#Emergia\" class=\"elementor-button-link elementor-button elementor-size-xs\" role=\"button\">\n\t\t\t\t\t\t<span class=\"elementor-button-content-wrapper\">\n\t\t\t\t\t\t<span class=\"elementor-button-text\">English Below<\/span>\n\t\t<\/span>\n\t\t\t\t\t<\/a>\n\t\t<\/div>\n\t\t\t\t<\/div>\n\t\t\t\t<\/div>\n\t\t\t\t\t<\/div>\n\t\t<\/div>\n\t\t\t\t\t\t\t<\/div>\n\t\t<\/section>\n\t\t\t\t<section class=\"elementor-section elementor-top-section elementor-element elementor-element-5fa3c9a9 elementor-section-stretched elementor-section-height-min-height elementor-section-boxed elementor-section-height-default elementor-section-items-middle\" data-id=\"5fa3c9a9\" data-element_type=\"section\" data-settings=\"{&quot;stretch_section&quot;:&quot;section-stretched&quot;}\">\n\t\t\t\t\t\t<div class=\"elementor-container elementor-column-gap-default\">\n\t\t\t\t\t<div class=\"elementor-column elementor-col-100 elementor-top-column elementor-element elementor-element-7018a52f\" data-id=\"7018a52f\" data-element_type=\"column\">\n\t\t\t<div class=\"elementor-widget-wrap elementor-element-populated\">\n\t\t\t\t\t\t\t\t<div class=\"elementor-element elementor-element-3ead2f3a elementor-widget elementor-widget-heading\" data-id=\"3ead2f3a\" data-element_type=\"widget\" data-widget_type=\"heading.default\">\n\t\t\t\t<div class=\"elementor-widget-container\">\n\t\t\t<h2 class=\"elementor-heading-title elementor-size-default\">MIGUEL R. SEPULVEDA Y FERNANDA MEJ\u00cdA \u00b7 M\u00e9xico \u00b7 Noviembre 2009<\/h2>\t\t<\/div>\n\t\t\t\t<\/div>\n\t\t\t\t<div class=\"elementor-element elementor-element-16410d45 elementor-widget elementor-widget-text-editor\" data-id=\"16410d45\" data-element_type=\"widget\" data-widget_type=\"text-editor.default\">\n\t\t\t\t<div class=\"elementor-widget-container\">\n\t\t\t\t\t\t\t\t<h6><span style=\"color: #999999;\">+ Taller de Gr\u00e1fica Contempor\u00e1nea: Emerg\u00eda<br \/>+ Laboratorio de Ideas Art\u00edsticas\u00a0<br \/>+ Perfomance<\/span><\/h6>\t\t\t\t\t\t<\/div>\n\t\t\t\t<\/div>\n\t\t\t\t\t<\/div>\n\t\t<\/div>\n\t\t\t\t\t\t\t<\/div>\n\t\t<\/section>\n\t\t\t\t<section class=\"elementor-section elementor-top-section elementor-element elementor-element-6bd53413 elementor-section-stretched elementor-section-boxed elementor-section-height-default elementor-section-height-default\" data-id=\"6bd53413\" data-element_type=\"section\" data-settings=\"{&quot;stretch_section&quot;:&quot;section-stretched&quot;}\">\n\t\t\t\t\t\t<div class=\"elementor-container elementor-column-gap-default\">\n\t\t\t\t\t<div class=\"elementor-column elementor-col-100 elementor-top-column elementor-element elementor-element-41758a4c\" data-id=\"41758a4c\" data-element_type=\"column\">\n\t\t\t<div class=\"elementor-widget-wrap elementor-element-populated\">\n\t\t\t\t\t\t\t\t<div class=\"elementor-element elementor-element-2fe2b37a elementor-widget elementor-widget-text-editor\" data-id=\"2fe2b37a\" data-element_type=\"widget\" data-widget_type=\"text-editor.default\">\n\t\t\t\t<div class=\"elementor-widget-container\">\n\t\t\t\t\t\t\t\t<p class=\"style1\"><strong>Sobre los proyectos \u00b7 <\/strong><strong>Emerg\u00eda: Taller de Gr\u00e1fica Contempor\u00e1nea<\/strong><\/p><div class=\"page\" title=\"Page 62\"><div class=\"section\"><div class=\"layoutArea\"><div class=\"column\"><p>La emergi\u0301a puede ser definida como \u2018la energi\u0301a u\u0301til (exergi\u0301a) de un tipo especi\u0301fico, que ha sido usada tanto directa como indirectamente en el proceso de elaboracio\u0301n de un determinado producto o servicio\u2019.<\/p><p>\u201cEmergi\u0301a. Laboratorio de ideas y performance\u201d esta\u0301 compuesta por una serie de obras en las que se especula sobre la condicio\u0301n de los referentes culturales dentro del proceso histo\u0301rico, poli\u0301tico y social de Latinoame\u0301rica y so- bre los esfuerzos que implica.<\/p><p>La obra propicia una serie de preguntas sobre la identidad, los destinos, las pertenencias, los resultados y los costos. Estas reflexiones se proyectan en el esfuerzo de un grupo de personas que realizan un trabajo fi\u0301sico aparentemente inu\u0301til y en el sudor que emanan al deslavar una imagen pintada en su espalda. La imagen corresponde a los diferentes paradigmas sobre los que se construye el imaginario colectivo de identidad, por lo que el proyecto supo- ne tambie\u0301n hacer el mapeo en las principales capitales de Latinoame\u0301rica y reflexionar sobre los i\u0301conos e ideales que definen y puntualizan las sutiles variantes y similitudes de la identidad latinoamericana, sustento de parte de nuestras aspiraciones, memorias e imaginarios colectivos. En cada presentacio\u0301n las ima\u0301genes se adecuan a los paradigmas y a las aspiraciones locales a partir de un estudio consensuado que se realiza en el lugar los di\u0301as previos a la presentacio\u0301n.<\/p><p>\u2014 Miguel Rodri\u0301guez Sepu\u0301lveda<\/p><\/div><\/div><\/div><\/div>\t\t\t\t\t\t<\/div>\n\t\t\t\t<\/div>\n\t\t\t\t\t<\/div>\n\t\t<\/div>\n\t\t\t\t\t\t\t<\/div>\n\t\t<\/section>\n\t\t\t\t<section class=\"elementor-section elementor-top-section elementor-element elementor-element-48823107 elementor-section-stretched elementor-section-boxed elementor-section-height-default elementor-section-height-default\" data-id=\"48823107\" data-element_type=\"section\" data-settings=\"{&quot;stretch_section&quot;:&quot;section-stretched&quot;}\">\n\t\t\t\t\t\t<div class=\"elementor-container elementor-column-gap-default\">\n\t\t\t\t\t<div class=\"elementor-column elementor-col-50 elementor-top-column elementor-element elementor-element-6f63bc1e\" data-id=\"6f63bc1e\" data-element_type=\"column\">\n\t\t\t<div class=\"elementor-widget-wrap elementor-element-populated\">\n\t\t\t\t\t\t\t\t<div class=\"elementor-element elementor-element-729f4b95 elementor-widget elementor-widget-image\" data-id=\"729f4b95\" data-element_type=\"widget\" data-widget_type=\"image.default\">\n\t\t\t\t<div class=\"elementor-widget-container\">\n\t\t\t\t\t\t\t\t\t\t\t\t\t\t\t<img width=\"900\" height=\"675\" src=\"https:\/\/zonaimaginaria.com.ar\/web\/wp-content\/uploads\/2022\/02\/EMER5.jpg\" class=\"attachment-large size-large\" alt=\"\" loading=\"lazy\" srcset=\"https:\/\/zonaimaginaria.com.ar\/web\/wp-content\/uploads\/2022\/02\/EMER5.jpg 900w, https:\/\/zonaimaginaria.com.ar\/web\/wp-content\/uploads\/2022\/02\/EMER5-300x225.jpg 300w, https:\/\/zonaimaginaria.com.ar\/web\/wp-content\/uploads\/2022\/02\/EMER5-768x576.jpg 768w, https:\/\/zonaimaginaria.com.ar\/web\/wp-content\/uploads\/2022\/02\/EMER5-160x120.jpg 160w\" sizes=\"(max-width: 900px) 100vw, 900px\" \/>\t\t\t\t\t\t\t\t\t\t\t\t\t\t\t<\/div>\n\t\t\t\t<\/div>\n\t\t\t\t<div class=\"elementor-element elementor-element-4a0285a9 elementor-widget elementor-widget-image\" data-id=\"4a0285a9\" data-element_type=\"widget\" data-widget_type=\"image.default\">\n\t\t\t\t<div class=\"elementor-widget-container\">\n\t\t\t\t\t\t\t\t\t\t\t\t\t\t\t<img width=\"900\" height=\"675\" src=\"https:\/\/zonaimaginaria.com.ar\/web\/wp-content\/uploads\/2022\/02\/EMER3.jpg\" class=\"attachment-large size-large\" alt=\"\" loading=\"lazy\" srcset=\"https:\/\/zonaimaginaria.com.ar\/web\/wp-content\/uploads\/2022\/02\/EMER3.jpg 900w, https:\/\/zonaimaginaria.com.ar\/web\/wp-content\/uploads\/2022\/02\/EMER3-300x225.jpg 300w, https:\/\/zonaimaginaria.com.ar\/web\/wp-content\/uploads\/2022\/02\/EMER3-768x576.jpg 768w, https:\/\/zonaimaginaria.com.ar\/web\/wp-content\/uploads\/2022\/02\/EMER3-160x120.jpg 160w\" sizes=\"(max-width: 900px) 100vw, 900px\" \/>\t\t\t\t\t\t\t\t\t\t\t\t\t\t\t<\/div>\n\t\t\t\t<\/div>\n\t\t\t\t\t<\/div>\n\t\t<\/div>\n\t\t\t\t<div class=\"elementor-column elementor-col-50 elementor-top-column elementor-element elementor-element-69bc1605\" data-id=\"69bc1605\" data-element_type=\"column\">\n\t\t\t<div class=\"elementor-widget-wrap elementor-element-populated\">\n\t\t\t\t\t\t\t\t<div class=\"elementor-element elementor-element-5abda993 elementor-widget elementor-widget-image\" data-id=\"5abda993\" data-element_type=\"widget\" data-widget_type=\"image.default\">\n\t\t\t\t<div class=\"elementor-widget-container\">\n\t\t\t\t\t\t\t\t\t\t\t\t\t\t\t<img width=\"900\" height=\"675\" src=\"https:\/\/zonaimaginaria.com.ar\/web\/wp-content\/uploads\/2022\/02\/EMER4.jpg\" class=\"attachment-large size-large\" alt=\"\" loading=\"lazy\" srcset=\"https:\/\/zonaimaginaria.com.ar\/web\/wp-content\/uploads\/2022\/02\/EMER4.jpg 900w, https:\/\/zonaimaginaria.com.ar\/web\/wp-content\/uploads\/2022\/02\/EMER4-300x225.jpg 300w, https:\/\/zonaimaginaria.com.ar\/web\/wp-content\/uploads\/2022\/02\/EMER4-768x576.jpg 768w, https:\/\/zonaimaginaria.com.ar\/web\/wp-content\/uploads\/2022\/02\/EMER4-160x120.jpg 160w\" sizes=\"(max-width: 900px) 100vw, 900px\" \/>\t\t\t\t\t\t\t\t\t\t\t\t\t\t\t<\/div>\n\t\t\t\t<\/div>\n\t\t\t\t<div class=\"elementor-element elementor-element-2ba855f2 elementor-widget elementor-widget-image\" data-id=\"2ba855f2\" data-element_type=\"widget\" data-widget_type=\"image.default\">\n\t\t\t\t<div class=\"elementor-widget-container\">\n\t\t\t\t\t\t\t\t\t\t\t\t\t\t\t<img width=\"900\" height=\"675\" src=\"https:\/\/zonaimaginaria.com.ar\/web\/wp-content\/uploads\/2022\/02\/EMER2.jpg\" class=\"attachment-large size-large\" alt=\"\" loading=\"lazy\" srcset=\"https:\/\/zonaimaginaria.com.ar\/web\/wp-content\/uploads\/2022\/02\/EMER2.jpg 900w, https:\/\/zonaimaginaria.com.ar\/web\/wp-content\/uploads\/2022\/02\/EMER2-300x225.jpg 300w, https:\/\/zonaimaginaria.com.ar\/web\/wp-content\/uploads\/2022\/02\/EMER2-768x576.jpg 768w, https:\/\/zonaimaginaria.com.ar\/web\/wp-content\/uploads\/2022\/02\/EMER2-160x120.jpg 160w\" sizes=\"(max-width: 900px) 100vw, 900px\" \/>\t\t\t\t\t\t\t\t\t\t\t\t\t\t\t<\/div>\n\t\t\t\t<\/div>\n\t\t\t\t\t<\/div>\n\t\t<\/div>\n\t\t\t\t\t\t\t<\/div>\n\t\t<\/section>\n\t\t\t\t<section class=\"elementor-section elementor-top-section elementor-element elementor-element-3c98559 elementor-section-stretched elementor-section-boxed elementor-section-height-default elementor-section-height-default\" data-id=\"3c98559\" data-element_type=\"section\" data-settings=\"{&quot;stretch_section&quot;:&quot;section-stretched&quot;}\">\n\t\t\t\t\t\t<div class=\"elementor-container elementor-column-gap-default\">\n\t\t\t\t\t<div class=\"elementor-column elementor-col-100 elementor-top-column elementor-element elementor-element-bbe5051\" data-id=\"bbe5051\" data-element_type=\"column\">\n\t\t\t<div class=\"elementor-widget-wrap elementor-element-populated\">\n\t\t\t\t\t\t\t\t<div class=\"elementor-element elementor-element-c93b689 elementor-widget elementor-widget-text-editor\" data-id=\"c93b689\" data-element_type=\"widget\" data-widget_type=\"text-editor.default\">\n\t\t\t\t<div class=\"elementor-widget-container\">\n\t\t\t\t\t\t\t\t<p><strong>About the projects \u00b7 Emergy\u00a0<\/strong><\/p><p><span style=\"font-weight: 400;\">Emergy can be defined as \u2018a specific type of useful energy (exergy) that has been used both directly and indirectly in the process of elaborating a determined product or service\u2019. \u201cEmergi\u0301a. Laboratorio de ideas y performance\u201d [Emergy. Laboratory of Ideas and Performance] is made up of a series of works that speculate on the condition of different cultural references in Latin America\u2019s historical, political and social processes and the effort that they imply.<\/span><\/p><p><span style=\"font-weight: 400;\">The work offers a series of questions regarding iden- tity, destinies, belonging, costs and results. These re- flections are projected in a group of people\u2019s efforts in carrying out physical work that appears to be useless while their perspiration washes away an image they have painted on their backs. The image corresponds to the dif- ferent paradigms involved in constructing identity\u2019s col- lective imagery. As such, the project also maps out Latin America\u2019s primary capitals, reflecting on the ideals and icons that define and specify the subtle variations and similarities within Latin American identity, which in part support our aspirations, memories, and collective imag- inations. Images are adapted to local paradigms and as- pirations for each presentation, based on a consensual study carried out in the days prior to the presentation. <\/span><\/p><p><span style=\"font-weight: 400;\">\u2014 Miguel Rodri\u0301guez Sepu\u0301lveda <\/span><\/p>\t\t\t\t\t\t<\/div>\n\t\t\t\t<\/div>\n\t\t\t\t<div class=\"elementor-element elementor-element-329d379 elementor-widget elementor-widget-menu-anchor\" data-id=\"329d379\" data-element_type=\"widget\" data-widget_type=\"menu-anchor.default\">\n\t\t\t\t<div class=\"elementor-widget-container\">\n\t\t\t\t\t<div id=\"Emergia\" class=\"elementor-menu-anchor\"><\/div>\n\t\t\t\t<\/div>\n\t\t\t\t<\/div>\n\t\t\t\t\t<\/div>\n\t\t<\/div>\n\t\t\t\t\t\t\t<\/div>\n\t\t<\/section>\n\t\t\t\t<section class=\"elementor-section elementor-top-section elementor-element elementor-element-b73a24b elementor-section-stretched elementor-section-boxed elementor-section-height-default elementor-section-height-default\" data-id=\"b73a24b\" data-element_type=\"section\" data-settings=\"{&quot;stretch_section&quot;:&quot;section-stretched&quot;}\">\n\t\t\t\t\t\t<div class=\"elementor-container elementor-column-gap-default\">\n\t\t\t\t\t<div class=\"elementor-column elementor-col-100 elementor-top-column elementor-element elementor-element-cc57ea6\" data-id=\"cc57ea6\" data-element_type=\"column\">\n\t\t\t<div class=\"elementor-widget-wrap elementor-element-populated\">\n\t\t\t\t\t\t\t\t<div class=\"elementor-element elementor-element-a41413b elementor-widget elementor-widget-text-editor\" data-id=\"a41413b\" data-element_type=\"widget\" data-widget_type=\"text-editor.default\">\n\t\t\t\t<div class=\"elementor-widget-container\">\n\t\t\t\t\t\t\t\t<p class=\"style1\" align=\"justify\"><strong>Fernanda Mej\u00eda (Bogot\u00e1, Colombia, 1972)<\/strong><\/p><p class=\"style1\" align=\"justify\">Artista inscrita en el programa de Maestr\u00eda en Teor\u00eda Cr\u00edtica de 17,Instituto de Estudios Cr\u00edticos. Desde el 2000 vive y trabaja en la Ciudad de M\u00e9xico. Ha exhibido su obra en Am\u00e9ricaLatina, Francia y Sud\u00e1frica. Gan\u00f3 el premio de adquisici\u00f3n UNICO ENTEL del III Sal\u00f3n Internacional de Arte SIART Bolivia 2003.<\/p><p class=\"style1\" align=\"justify\"><strong>Miguel Rodr\u00edguez Sep\u00falveda (Tampico, M\u00e9xico, 1971)<\/strong><\/p><p class=\"style1\" align=\"justify\">Arquitecto y fot\u00f3grafo profesional. Vive y trabaja en Ciudadde M\u00e9xico. Su obra se ha expuesto de manera individual en 21 ocasiones en los \u00faltimos 10 a\u00f1os, y en m\u00e1s de 100 muestras colectivas en diversos pa\u00edses. Recibi\u00f3 numerosas distinciones y becas. Entre estas \u00faltimas se cuenta el apoyo del Programa de Patrocinios y Becas de Colecci\u00f3n\/Fundaci\u00f3n JUMEX (M\u00e9xico).<\/p><p class=\"style1\" align=\"justify\">Esta presentaci\u00f3n se realiza en Buenos Aires gracias al apoyo de:\u00a0<em>Prince Claus Fund \u2013 Demolici\u00f3n-Construcci\u00f3n \u2013 TM \/Taller Multinacional \u2013 CCEBA Centro Cultural de Espa\u00f1a en Buenos Aires \u2013 Zona Imaginaria Lucrecia Urbano.<\/em><\/p>\t\t\t\t\t\t<\/div>\n\t\t\t\t<\/div>\n\t\t\t\t\t<\/div>\n\t\t<\/div>\n\t\t\t\t\t\t\t<\/div>\n\t\t<\/section>\n\t\t\t\t\t\t<\/div>\n\t\t\t\t\t<\/div>\n\t\t","protected":false},"excerpt":{"rendered":"<p>ZI RESIDENCIA Qui\u00e9n puede vivir en esta casa? English Below MIGUEL R. SEPULVEDA Y FERNANDA MEJ\u00cdA \u00b7 M\u00e9xico \u00b7 Noviembre 2009 + Taller de Gr\u00e1fica Contempor\u00e1nea: Emerg\u00eda+ Laboratorio de Ideas Art\u00edsticas\u00a0+ Perfomance Sobre los proyectos \u00b7 Emerg\u00eda: Taller de Gr\u00e1fica Contempor\u00e1nea La emergi\u0301a puede ser definida como \u2018la energi\u0301a u\u0301til (exergi\u0301a) de un tipo especi\u0301fico,&hellip;<\/p>\n","protected":false},"author":1,"featured_media":0,"parent":0,"menu_order":0,"comment_status":"closed","ping_status":"closed","template":"","meta":[],"_links":{"self":[{"href":"https:\/\/zonaimaginaria.com.ar\/web\/wp-json\/wp\/v2\/pages\/1335"}],"collection":[{"href":"https:\/\/zonaimaginaria.com.ar\/web\/wp-json\/wp\/v2\/pages"}],"about":[{"href":"https:\/\/zonaimaginaria.com.ar\/web\/wp-json\/wp\/v2\/types\/page"}],"author":[{"embeddable":true,"href":"https:\/\/zonaimaginaria.com.ar\/web\/wp-json\/wp\/v2\/users\/1"}],"replies":[{"embeddable":true,"href":"https:\/\/zonaimaginaria.com.ar\/web\/wp-json\/wp\/v2\/comments?post=1335"}],"version-history":[{"count":19,"href":"https:\/\/zonaimaginaria.com.ar\/web\/wp-json\/wp\/v2\/pages\/1335\/revisions"}],"predecessor-version":[{"id":6357,"href":"https:\/\/zonaimaginaria.com.ar\/web\/wp-json\/wp\/v2\/pages\/1335\/revisions\/6357"}],"wp:attachment":[{"href":"https:\/\/zonaimaginaria.com.ar\/web\/wp-json\/wp\/v2\/media?parent=1335"}],"curies":[{"name":"wp","href":"https:\/\/api.w.org\/{rel}","templated":true}]}}