{"id":1333,"date":"2021-05-25T11:44:17","date_gmt":"2021-05-25T14:44:17","guid":{"rendered":"http:\/\/zonaimaginaria.com.ar\/web\/?page_id=1333"},"modified":"2021-08-11T17:31:08","modified_gmt":"2021-08-11T20:31:08","slug":"kim-welling","status":"publish","type":"page","link":"https:\/\/zonaimaginaria.com.ar\/web\/kim-welling\/","title":{"rendered":"Kim Welling"},"content":{"rendered":"\t\t<div data-elementor-type=\"wp-page\" data-elementor-id=\"1333\" class=\"elementor elementor-1333\" data-elementor-settings=\"[]\">\n\t\t\t\t\t\t\t<div class=\"elementor-section-wrap\">\n\t\t\t\t\t\t\t<section class=\"elementor-section elementor-top-section elementor-element elementor-element-377edfbf elementor-section-height-min-height elementor-section-stretched elementor-section-full_width elementor-section-height-default elementor-section-items-middle\" data-id=\"377edfbf\" data-element_type=\"section\" data-settings=\"{&quot;stretch_section&quot;:&quot;section-stretched&quot;}\">\n\t\t\t\t\t\t<div class=\"elementor-container elementor-column-gap-default\">\n\t\t\t\t\t<div class=\"elementor-column elementor-col-100 elementor-top-column elementor-element elementor-element-697b0236\" data-id=\"697b0236\" data-element_type=\"column\">\n\t\t\t<div class=\"elementor-widget-wrap elementor-element-populated\">\n\t\t\t\t\t\t\t\t<div class=\"elementor-element elementor-element-6763fce9 elementor-widget elementor-widget-image\" data-id=\"6763fce9\" data-element_type=\"widget\" data-widget_type=\"image.default\">\n\t\t\t\t<div class=\"elementor-widget-container\">\n\t\t\t\t\t\t\t\t\t\t\t\t\t\t\t<img width=\"1200\" height=\"600\" src=\"https:\/\/zonaimaginaria.com.ar\/web\/wp-content\/uploads\/2021\/06\/Portada-Kim-W.png\" class=\"attachment-full size-full\" alt=\"\" loading=\"lazy\" srcset=\"https:\/\/zonaimaginaria.com.ar\/web\/wp-content\/uploads\/2021\/06\/Portada-Kim-W.png 1200w, https:\/\/zonaimaginaria.com.ar\/web\/wp-content\/uploads\/2021\/06\/Portada-Kim-W-300x150.png 300w, https:\/\/zonaimaginaria.com.ar\/web\/wp-content\/uploads\/2021\/06\/Portada-Kim-W-1024x512.png 1024w, https:\/\/zonaimaginaria.com.ar\/web\/wp-content\/uploads\/2021\/06\/Portada-Kim-W-768x384.png 768w\" sizes=\"(max-width: 1200px) 100vw, 1200px\" \/>\t\t\t\t\t\t\t\t\t\t\t\t\t\t\t<\/div>\n\t\t\t\t<\/div>\n\t\t\t\t\t<\/div>\n\t\t<\/div>\n\t\t\t\t\t\t\t<\/div>\n\t\t<\/section>\n\t\t\t\t<section class=\"elementor-section elementor-top-section elementor-element elementor-element-213ed602 elementor-section-stretched elementor-section-boxed elementor-section-height-default elementor-section-height-default\" data-id=\"213ed602\" data-element_type=\"section\" data-settings=\"{&quot;stretch_section&quot;:&quot;section-stretched&quot;,&quot;background_background&quot;:&quot;classic&quot;}\">\n\t\t\t\t\t\t<div class=\"elementor-container elementor-column-gap-default\">\n\t\t\t\t\t<div class=\"elementor-column elementor-col-100 elementor-top-column elementor-element elementor-element-60ff099b\" data-id=\"60ff099b\" data-element_type=\"column\">\n\t\t\t<div class=\"elementor-widget-wrap elementor-element-populated\">\n\t\t\t\t\t\t\t\t<div class=\"elementor-element elementor-element-68d69a24 elementor-widget elementor-widget-heading\" data-id=\"68d69a24\" data-element_type=\"widget\" data-widget_type=\"heading.default\">\n\t\t\t\t<div class=\"elementor-widget-container\">\n\t\t\t<h2 class=\"elementor-heading-title elementor-size-medium\">ZI RESIDENCIA Qui\u00e9n puede vivir en esta casa?<\/h2>\t\t<\/div>\n\t\t\t\t<\/div>\n\t\t\t\t\t<\/div>\n\t\t<\/div>\n\t\t\t\t\t\t\t<\/div>\n\t\t<\/section>\n\t\t\t\t<section class=\"elementor-section elementor-top-section elementor-element elementor-element-e87b840 elementor-section-stretched elementor-section-height-min-height elementor-section-boxed elementor-section-height-default elementor-section-items-middle\" data-id=\"e87b840\" data-element_type=\"section\" data-settings=\"{&quot;stretch_section&quot;:&quot;section-stretched&quot;}\">\n\t\t\t\t\t\t<div class=\"elementor-container elementor-column-gap-default\">\n\t\t\t\t\t<div class=\"elementor-column elementor-col-100 elementor-top-column elementor-element elementor-element-3d8285c4\" data-id=\"3d8285c4\" data-element_type=\"column\">\n\t\t\t<div class=\"elementor-widget-wrap elementor-element-populated\">\n\t\t\t\t\t\t\t\t<div class=\"elementor-element elementor-element-521251ce elementor-widget elementor-widget-heading\" data-id=\"521251ce\" data-element_type=\"widget\" data-widget_type=\"heading.default\">\n\t\t\t\t<div class=\"elementor-widget-container\">\n\t\t\t<h2 class=\"elementor-heading-title elementor-size-default\">KIM WELLING \u00b7 Hamburgo, Alemania \u00b7 Septiembre 2014<\/h2>\t\t<\/div>\n\t\t\t\t<\/div>\n\t\t\t\t<div class=\"elementor-element elementor-element-4f005b43 elementor-widget elementor-widget-text-editor\" data-id=\"4f005b43\" data-element_type=\"widget\" data-widget_type=\"text-editor.default\">\n\t\t\t\t<div class=\"elementor-widget-container\">\n\t\t\t\t\t\t\t\t<h6><span style=\"color: #999999;\">+ Residencia Internacional<\/span><\/h6><h6><span style=\"color: #999999;\">+ Proyecto \u201cNow and Forever\u00a8 y \u00a8La linea (del horizonte)\u00a8<\/span><\/h6><h6><span style=\"color: #999999;\">+ Taller de Gr\u00e1fica<\/span><\/h6>\t\t\t\t\t\t<\/div>\n\t\t\t\t<\/div>\n\t\t\t\t\t<\/div>\n\t\t<\/div>\n\t\t\t\t\t\t\t<\/div>\n\t\t<\/section>\n\t\t\t\t<section class=\"elementor-section elementor-top-section elementor-element elementor-element-1a078d25 elementor-section-stretched elementor-section-boxed elementor-section-height-default elementor-section-height-default\" data-id=\"1a078d25\" data-element_type=\"section\" data-settings=\"{&quot;stretch_section&quot;:&quot;section-stretched&quot;}\">\n\t\t\t\t\t\t<div class=\"elementor-container elementor-column-gap-default\">\n\t\t\t\t\t<div class=\"elementor-column elementor-col-100 elementor-top-column elementor-element elementor-element-18690e8\" data-id=\"18690e8\" data-element_type=\"column\">\n\t\t\t<div class=\"elementor-widget-wrap elementor-element-populated\">\n\t\t\t\t\t\t\t\t<div class=\"elementor-element elementor-element-1ad18afe elementor-widget elementor-widget-text-editor\" data-id=\"1ad18afe\" data-element_type=\"widget\" data-widget_type=\"text-editor.default\">\n\t\t\t\t<div class=\"elementor-widget-container\">\n\t\t\t\t\t\t\t\t<p class=\"style1\"><strong>Sobre los proyectos<\/strong><\/p><p class=\"style1\"><span class=\"style1\"><strong>\u201cNow and forever\u201d \/ \u201c Ahora y siempre\u201d\u00a0<\/strong><\/span><\/p><p class=\"style1\"><em>\u201cEn Buenos Aires busqu\u00e9 viejos y nuevos pespuntes latinoamericanos para ponerme al d\u00eda con la velocidad de la ciudad. Zona Imaginaria fue mi base para reducir la velocidad y desarrollar bordados contempor\u00e1neos que visualizaron la experiencia del tiempo, de como vivimos hoy.<\/em>\u00a0\u201c Kim Welling<\/p><p><strong>\u201cLa l\u00ednea (del horizonte)\u201d<\/strong><br \/><em>\u201cEn las llanuras no hab\u00eda nada m\u00e1s para ver: una expansi\u00f3n sin l\u00edmites de pasto bajo enormes nubes bajas, y ninguna indicaci\u00f3n de que una ciudad pudiera estar cerca.\u201d (Roberto Bola\u00f1o: El gaucho insufrible)<\/em><br \/>\u201cEl espacio abierto y amplio es algo que no existe en Alemania. Crec\u00ed en el campo, pero incluso all\u00ed, el pr\u00f3ximo pueblo estaba siempre no m\u00e1s lejos que uno o dos kil\u00f3metros. Mire el mapa de Argentina y eleg\u00ed un pueblo que estuviera lo m\u00e1s lejos posible de otro en La Pampa, Santa Rosa, y me fui a manejar 800 km. a trav\u00e9s del vac\u00edo.<br \/>Las llanuras interminables y el cielo sin fin pasaban volando, nada de que agarrarse excepto la l\u00ednea del horizonte. Mi GPS anunci\u00f3 el pr\u00f3ximo cruce en 70 minutos, la pr\u00f3xima curva del camino en 95 minutos. Uno pod\u00eda sentir la presencia del tiempo directamente, donde nada cambiaba, excepto la luz.<br \/>Mi bordado es espejo de esta experiencia del tiempo, ya que lleva muchas horas terminar un<br \/>trabajo de este tipo. Busco nuevas formas de expresi\u00f3n con una aguja e hilo que sean apropiadas para nuestro entendimiento contempor\u00e1neo y percepci\u00f3n del tiempo. Para m\u00ed, hacer puntadas es una forma de hacer visible el paso del tiempo.\u201d Kim Welling<\/p>\t\t\t\t\t\t<\/div>\n\t\t\t\t<\/div>\n\t\t\t\t\t<\/div>\n\t\t<\/div>\n\t\t\t\t\t\t\t<\/div>\n\t\t<\/section>\n\t\t\t\t<section class=\"elementor-section elementor-top-section elementor-element elementor-element-23700f66 elementor-section-stretched elementor-section-boxed elementor-section-height-default elementor-section-height-default\" data-id=\"23700f66\" data-element_type=\"section\" data-settings=\"{&quot;stretch_section&quot;:&quot;section-stretched&quot;}\">\n\t\t\t\t\t\t<div class=\"elementor-container elementor-column-gap-default\">\n\t\t\t\t\t<div class=\"elementor-column elementor-col-50 elementor-top-column elementor-element elementor-element-1e1eefb6\" data-id=\"1e1eefb6\" data-element_type=\"column\">\n\t\t\t<div class=\"elementor-widget-wrap elementor-element-populated\">\n\t\t\t\t\t\t\t\t<div class=\"elementor-element elementor-element-1d67f171 elementor-widget elementor-widget-image\" data-id=\"1d67f171\" data-element_type=\"widget\" data-widget_type=\"image.default\">\n\t\t\t\t<div class=\"elementor-widget-container\">\n\t\t\t\t\t\t\t\t\t\t\t\t\t\t\t<img width=\"600\" height=\"404\" src=\"https:\/\/zonaimaginaria.com.ar\/web\/wp-content\/uploads\/2021\/06\/Kim-W4.png\" class=\"attachment-large size-large\" alt=\"\" loading=\"lazy\" srcset=\"https:\/\/zonaimaginaria.com.ar\/web\/wp-content\/uploads\/2021\/06\/Kim-W4.png 600w, https:\/\/zonaimaginaria.com.ar\/web\/wp-content\/uploads\/2021\/06\/Kim-W4-300x202.png 300w\" sizes=\"(max-width: 600px) 100vw, 600px\" \/>\t\t\t\t\t\t\t\t\t\t\t\t\t\t\t<\/div>\n\t\t\t\t<\/div>\n\t\t\t\t<div class=\"elementor-element elementor-element-6a781c0d elementor-widget elementor-widget-image\" data-id=\"6a781c0d\" data-element_type=\"widget\" data-widget_type=\"image.default\">\n\t\t\t\t<div class=\"elementor-widget-container\">\n\t\t\t\t\t\t\t\t\t\t\t\t\t\t\t<img width=\"600\" height=\"404\" src=\"https:\/\/zonaimaginaria.com.ar\/web\/wp-content\/uploads\/2021\/06\/Kim-W3.png\" class=\"attachment-large size-large\" alt=\"\" loading=\"lazy\" srcset=\"https:\/\/zonaimaginaria.com.ar\/web\/wp-content\/uploads\/2021\/06\/Kim-W3.png 600w, https:\/\/zonaimaginaria.com.ar\/web\/wp-content\/uploads\/2021\/06\/Kim-W3-300x202.png 300w\" sizes=\"(max-width: 600px) 100vw, 600px\" \/>\t\t\t\t\t\t\t\t\t\t\t\t\t\t\t<\/div>\n\t\t\t\t<\/div>\n\t\t\t\t\t<\/div>\n\t\t<\/div>\n\t\t\t\t<div class=\"elementor-column elementor-col-50 elementor-top-column elementor-element elementor-element-167c8dd2\" data-id=\"167c8dd2\" data-element_type=\"column\">\n\t\t\t<div class=\"elementor-widget-wrap elementor-element-populated\">\n\t\t\t\t\t\t\t\t<div class=\"elementor-element elementor-element-4d98382 elementor-widget elementor-widget-image\" data-id=\"4d98382\" data-element_type=\"widget\" data-widget_type=\"image.default\">\n\t\t\t\t<div class=\"elementor-widget-container\">\n\t\t\t\t\t\t\t\t\t\t\t\t\t\t\t<img width=\"600\" height=\"404\" src=\"https:\/\/zonaimaginaria.com.ar\/web\/wp-content\/uploads\/2021\/06\/Kim-W2.png\" class=\"attachment-large size-large\" alt=\"\" loading=\"lazy\" srcset=\"https:\/\/zonaimaginaria.com.ar\/web\/wp-content\/uploads\/2021\/06\/Kim-W2.png 600w, https:\/\/zonaimaginaria.com.ar\/web\/wp-content\/uploads\/2021\/06\/Kim-W2-300x202.png 300w\" sizes=\"(max-width: 600px) 100vw, 600px\" \/>\t\t\t\t\t\t\t\t\t\t\t\t\t\t\t<\/div>\n\t\t\t\t<\/div>\n\t\t\t\t<div class=\"elementor-element elementor-element-1268680f elementor-widget elementor-widget-image\" data-id=\"1268680f\" data-element_type=\"widget\" data-widget_type=\"image.default\">\n\t\t\t\t<div class=\"elementor-widget-container\">\n\t\t\t\t\t\t\t\t\t\t\t\t\t\t\t<img width=\"600\" height=\"404\" src=\"https:\/\/zonaimaginaria.com.ar\/web\/wp-content\/uploads\/2021\/06\/Kim-W-1.png\" class=\"attachment-large size-large\" alt=\"\" loading=\"lazy\" srcset=\"https:\/\/zonaimaginaria.com.ar\/web\/wp-content\/uploads\/2021\/06\/Kim-W-1.png 600w, https:\/\/zonaimaginaria.com.ar\/web\/wp-content\/uploads\/2021\/06\/Kim-W-1-300x202.png 300w\" sizes=\"(max-width: 600px) 100vw, 600px\" \/>\t\t\t\t\t\t\t\t\t\t\t\t\t\t\t<\/div>\n\t\t\t\t<\/div>\n\t\t\t\t\t<\/div>\n\t\t<\/div>\n\t\t\t\t\t\t\t<\/div>\n\t\t<\/section>\n\t\t\t\t<section class=\"elementor-section elementor-top-section elementor-element elementor-element-e447060 elementor-section-stretched elementor-section-boxed elementor-section-height-default elementor-section-height-default\" data-id=\"e447060\" data-element_type=\"section\" data-settings=\"{&quot;stretch_section&quot;:&quot;section-stretched&quot;}\">\n\t\t\t\t\t\t<div class=\"elementor-container elementor-column-gap-default\">\n\t\t\t\t\t<div class=\"elementor-column elementor-col-100 elementor-top-column elementor-element elementor-element-b4cbb37\" data-id=\"b4cbb37\" data-element_type=\"column\">\n\t\t\t<div class=\"elementor-widget-wrap elementor-element-populated\">\n\t\t\t\t\t\t\t\t<div class=\"elementor-element elementor-element-783da05 elementor-widget elementor-widget-text-editor\" data-id=\"783da05\" data-element_type=\"widget\" data-widget_type=\"text-editor.default\">\n\t\t\t\t<div class=\"elementor-widget-container\">\n\t\t\t\t\t\t\t\t<p><strong>Kim Annika Welling,<\/strong>\u00a0naci\u00f3 en 1981; vive y trabaja como artista en Hamburgo, Alemania. Estudi\u00f3 en la Academia de arte y dise\u00f1o en Maastricht \/ Pa\u00edses Bajos (2001-2003) y en la Academia de arte y Dise\u00f1o en Kassel \/ Alemania (2003-2008). Expuso varias obras en Alemania y es miembro de la Nachtspeicher23, galer\u00eda de arte para artistas nuevos e independientes de Hamburgo<\/p><p class=\"style1\">+info : <a href=\"https:\/\/kimannikawelling.com\/\">\u00a0https:\/\/kimannikawelling.com\/<\/a><\/p>\t\t\t\t\t\t<\/div>\n\t\t\t\t<\/div>\n\t\t\t\t\t<\/div>\n\t\t<\/div>\n\t\t\t\t\t\t\t<\/div>\n\t\t<\/section>\n\t\t\t\t\t\t<\/div>\n\t\t\t\t\t<\/div>\n\t\t","protected":false},"excerpt":{"rendered":"<p>ZI RESIDENCIA Qui\u00e9n puede vivir en esta casa? KIM WELLING \u00b7 Hamburgo, Alemania \u00b7 Septiembre 2014 + Residencia Internacional + Proyecto \u201cNow and Forever\u00a8 y \u00a8La linea (del horizonte)\u00a8 + Taller de Gr\u00e1fica Sobre los proyectos \u201cNow and forever\u201d \/ \u201c Ahora y siempre\u201d\u00a0 \u201cEn Buenos Aires busqu\u00e9 viejos y nuevos pespuntes latinoamericanos para ponerme&hellip;<\/p>\n","protected":false},"author":1,"featured_media":0,"parent":0,"menu_order":0,"comment_status":"closed","ping_status":"closed","template":"","meta":[],"_links":{"self":[{"href":"https:\/\/zonaimaginaria.com.ar\/web\/wp-json\/wp\/v2\/pages\/1333"}],"collection":[{"href":"https:\/\/zonaimaginaria.com.ar\/web\/wp-json\/wp\/v2\/pages"}],"about":[{"href":"https:\/\/zonaimaginaria.com.ar\/web\/wp-json\/wp\/v2\/types\/page"}],"author":[{"embeddable":true,"href":"https:\/\/zonaimaginaria.com.ar\/web\/wp-json\/wp\/v2\/users\/1"}],"replies":[{"embeddable":true,"href":"https:\/\/zonaimaginaria.com.ar\/web\/wp-json\/wp\/v2\/comments?post=1333"}],"version-history":[{"count":22,"href":"https:\/\/zonaimaginaria.com.ar\/web\/wp-json\/wp\/v2\/pages\/1333\/revisions"}],"predecessor-version":[{"id":2627,"href":"https:\/\/zonaimaginaria.com.ar\/web\/wp-json\/wp\/v2\/pages\/1333\/revisions\/2627"}],"wp:attachment":[{"href":"https:\/\/zonaimaginaria.com.ar\/web\/wp-json\/wp\/v2\/media?parent=1333"}],"curies":[{"name":"wp","href":"https:\/\/api.w.org\/{rel}","templated":true}]}}