{"id":1330,"date":"2021-05-25T11:41:20","date_gmt":"2021-05-25T14:41:20","guid":{"rendered":"http:\/\/zonaimaginaria.com.ar\/web\/?page_id=1330"},"modified":"2022-06-14T17:36:27","modified_gmt":"2022-06-14T20:36:27","slug":"paulo-nazareth","status":"publish","type":"page","link":"https:\/\/zonaimaginaria.com.ar\/web\/paulo-nazareth\/","title":{"rendered":"Paulo Nazareth"},"content":{"rendered":"\t\t<div data-elementor-type=\"wp-page\" data-elementor-id=\"1330\" class=\"elementor elementor-1330\" data-elementor-settings=\"[]\">\n\t\t\t\t\t\t\t<div class=\"elementor-section-wrap\">\n\t\t\t\t\t\t\t<section class=\"elementor-section elementor-top-section elementor-element elementor-element-17225c14 elementor-section-height-min-height elementor-section-stretched elementor-section-full_width elementor-section-height-default elementor-section-items-middle\" data-id=\"17225c14\" data-element_type=\"section\" data-settings=\"{&quot;stretch_section&quot;:&quot;section-stretched&quot;}\">\n\t\t\t\t\t\t<div class=\"elementor-container elementor-column-gap-default\">\n\t\t\t\t\t<div class=\"elementor-column elementor-col-100 elementor-top-column elementor-element elementor-element-1684c08b\" data-id=\"1684c08b\" data-element_type=\"column\">\n\t\t\t<div class=\"elementor-widget-wrap elementor-element-populated\">\n\t\t\t\t\t\t\t\t<div class=\"elementor-element elementor-element-147d4987 elementor-widget elementor-widget-image\" data-id=\"147d4987\" data-element_type=\"widget\" data-widget_type=\"image.default\">\n\t\t\t\t<div class=\"elementor-widget-container\">\n\t\t\t\t\t\t\t\t\t\t\t\t\t\t\t<img width=\"1200\" height=\"600\" src=\"https:\/\/zonaimaginaria.com.ar\/web\/wp-content\/uploads\/2021\/06\/Portada-Paulo.png\" class=\"attachment-full size-full\" alt=\"\" loading=\"lazy\" srcset=\"https:\/\/zonaimaginaria.com.ar\/web\/wp-content\/uploads\/2021\/06\/Portada-Paulo.png 1200w, https:\/\/zonaimaginaria.com.ar\/web\/wp-content\/uploads\/2021\/06\/Portada-Paulo-300x150.png 300w, https:\/\/zonaimaginaria.com.ar\/web\/wp-content\/uploads\/2021\/06\/Portada-Paulo-1024x512.png 1024w, https:\/\/zonaimaginaria.com.ar\/web\/wp-content\/uploads\/2021\/06\/Portada-Paulo-768x384.png 768w\" sizes=\"(max-width: 1200px) 100vw, 1200px\" \/>\t\t\t\t\t\t\t\t\t\t\t\t\t\t\t<\/div>\n\t\t\t\t<\/div>\n\t\t\t\t\t<\/div>\n\t\t<\/div>\n\t\t\t\t\t\t\t<\/div>\n\t\t<\/section>\n\t\t\t\t<section class=\"elementor-section elementor-top-section elementor-element elementor-element-9a20eea elementor-section-stretched elementor-section-boxed elementor-section-height-default elementor-section-height-default\" data-id=\"9a20eea\" data-element_type=\"section\" data-settings=\"{&quot;stretch_section&quot;:&quot;section-stretched&quot;,&quot;background_background&quot;:&quot;classic&quot;}\">\n\t\t\t\t\t\t<div class=\"elementor-container elementor-column-gap-default\">\n\t\t\t\t\t<div class=\"elementor-column elementor-col-50 elementor-top-column elementor-element elementor-element-6181fa2\" data-id=\"6181fa2\" data-element_type=\"column\">\n\t\t\t<div class=\"elementor-widget-wrap elementor-element-populated\">\n\t\t\t\t\t\t\t\t<div class=\"elementor-element elementor-element-9fe47ac elementor-widget elementor-widget-heading\" data-id=\"9fe47ac\" data-element_type=\"widget\" data-widget_type=\"heading.default\">\n\t\t\t\t<div class=\"elementor-widget-container\">\n\t\t\t<h2 class=\"elementor-heading-title elementor-size-medium\">ZI RESIDENCIA Qui\u00e9n puede vivir en esta casa?<\/h2>\t\t<\/div>\n\t\t\t\t<\/div>\n\t\t\t\t\t<\/div>\n\t\t<\/div>\n\t\t\t\t<div class=\"elementor-column elementor-col-50 elementor-top-column elementor-element elementor-element-114801d\" data-id=\"114801d\" data-element_type=\"column\">\n\t\t\t<div class=\"elementor-widget-wrap elementor-element-populated\">\n\t\t\t\t\t\t\t\t<div class=\"elementor-element elementor-element-f39ec0f elementor-align-right elementor-widget elementor-widget-button\" data-id=\"f39ec0f\" data-element_type=\"widget\" data-widget_type=\"button.default\">\n\t\t\t\t<div class=\"elementor-widget-container\">\n\t\t\t\t\t<div class=\"elementor-button-wrapper\">\n\t\t\t<a href=\"#Paulo\" class=\"elementor-button-link elementor-button elementor-size-xs\" role=\"button\">\n\t\t\t\t\t\t<span class=\"elementor-button-content-wrapper\">\n\t\t\t\t\t\t<span class=\"elementor-button-text\">English Below<\/span>\n\t\t<\/span>\n\t\t\t\t\t<\/a>\n\t\t<\/div>\n\t\t\t\t<\/div>\n\t\t\t\t<\/div>\n\t\t\t\t\t<\/div>\n\t\t<\/div>\n\t\t\t\t\t\t\t<\/div>\n\t\t<\/section>\n\t\t\t\t<section class=\"elementor-section elementor-top-section elementor-element elementor-element-10f71568 elementor-section-stretched elementor-section-height-min-height elementor-section-boxed elementor-section-height-default elementor-section-items-middle\" data-id=\"10f71568\" data-element_type=\"section\" data-settings=\"{&quot;stretch_section&quot;:&quot;section-stretched&quot;}\">\n\t\t\t\t\t\t<div class=\"elementor-container elementor-column-gap-default\">\n\t\t\t\t\t<div class=\"elementor-column elementor-col-100 elementor-top-column elementor-element elementor-element-6eeee87b\" data-id=\"6eeee87b\" data-element_type=\"column\">\n\t\t\t<div class=\"elementor-widget-wrap elementor-element-populated\">\n\t\t\t\t\t\t\t\t<div class=\"elementor-element elementor-element-1fab9074 elementor-widget elementor-widget-heading\" data-id=\"1fab9074\" data-element_type=\"widget\" data-widget_type=\"heading.default\">\n\t\t\t\t<div class=\"elementor-widget-container\">\n\t\t\t<h2 class=\"elementor-heading-title elementor-size-default\">PAULO NAZARETH \u00b7 Brasil \u00b7 Octubre 2010 \/ Abril 2011 \/ Noviembre 2012<\/h2>\t\t<\/div>\n\t\t\t\t<\/div>\n\t\t\t\t<div class=\"elementor-element elementor-element-78570515 elementor-widget elementor-widget-text-editor\" data-id=\"78570515\" data-element_type=\"widget\" data-widget_type=\"text-editor.default\">\n\t\t\t\t<div class=\"elementor-widget-container\">\n\t\t\t\t\t\t\t\t<h6><span style=\"color: #999999;\">+ Proyecto \u201cApuntes de \u00c1frica&#8221; \u00b7 &#8220;Malvenido&#8221; \u00b7 &#8220;What is te colour of my skin?&#8221; <\/span><\/h6><h6><span style=\"color: #999999;\">+ Peque\u00f1os Aprendices <\/span><\/h6><h6><span style=\"color: #999999;\">+ Taller de Gr\u00e1fica<\/span><\/h6>\t\t\t\t\t\t<\/div>\n\t\t\t\t<\/div>\n\t\t\t\t\t<\/div>\n\t\t<\/div>\n\t\t\t\t\t\t\t<\/div>\n\t\t<\/section>\n\t\t\t\t<section class=\"elementor-section elementor-top-section elementor-element elementor-element-4158ea75 elementor-section-stretched elementor-section-boxed elementor-section-height-default elementor-section-height-default\" data-id=\"4158ea75\" data-element_type=\"section\" data-settings=\"{&quot;stretch_section&quot;:&quot;section-stretched&quot;}\">\n\t\t\t\t\t\t<div class=\"elementor-container elementor-column-gap-default\">\n\t\t\t\t\t<div class=\"elementor-column elementor-col-100 elementor-top-column elementor-element elementor-element-1241d48e\" data-id=\"1241d48e\" data-element_type=\"column\">\n\t\t\t<div class=\"elementor-widget-wrap elementor-element-populated\">\n\t\t\t\t\t\t\t\t<div class=\"elementor-element elementor-element-7eea4c3e elementor-widget elementor-widget-text-editor\" data-id=\"7eea4c3e\" data-element_type=\"widget\" data-widget_type=\"text-editor.default\">\n\t\t\t\t<div class=\"elementor-widget-container\">\n\t\t\t\t\t\t\t\t<p class=\"style1\"><strong>Sobre los proyectos<\/strong><\/p><p class=\"style1\">Al llegar a la Residencia Paulo estuvo trabajando en Taller con \u201cApuntes de \u00c1frica\u201d del proyecto \u201cCuadernos de \u00c1frica\u201d realizando una edici\u00f3n de grabados. Desarroll\u00f3 tambi\u00e9n dos performance en Zona Imaginaria, \u201cMalvenido\u201d y \u201cWhat is the colour of my skin?\u201d con la participaci\u00f3n del artista cubano, Carlos Martiel.<\/p><p class=\"style1\" align=\"justify\">La primer visita de Paulo fue durante en el mes de Octubre 2010, un mes muy intenso en el pa\u00eds y en Buenos Aires. En esos d\u00edas se respiraba un clima muy especial. El 27 de Octubre se realiz\u00f3 el Censo Nacional. Tocaron el timbre en la casa y sorprendi\u00f3 a\u00a0<em>Paulo viviendo en esta casa.<\/em>\u00a0Paulo fue censado. Inmediatamente prendi\u00f3 su grabador y las preguntas comenzaron<span lang=\"en-US\" xml:lang=\"en-US\">:<\/span>\u00a0es usted afrodescendiente?,\u00a0<em>si<\/em>&#8230; es descendientes de pueblos originarios?,\u00a0<em>si<\/em>\u2026 tiene descendencia europea?\u00a0<em>si<\/em>,&#8230; como si hubiese planeado una performance qued\u00f3 asentado en los registros nacionales. El mismo d\u00eda la muerte del ex presidente de la Naci\u00f3n, N\u00e9stor Kirchner, provoc\u00f3 conmoci\u00f3n en ambientes pol\u00edticos, econ\u00f3micos y sociales. La plaza de Mayo se lleno de gente durante d\u00edas y Paulo tambi\u00e9n estuvo all\u00ed presente.<\/p><p class=\"style1\" align=\"justify\">La segunda visita fue en Abril de 2011. Paulo me escribi\u00f3 cont\u00e1ndome que hab\u00eda ganado una beca de dos meses para ir hacer una residencia a Nueva York. El viaje era ya parte del proyecto y comenz\u00f3, desde Brasil hacia el sur, en lugar de hacia al norte. Primero recorrer\u00eda Am\u00e9rica en casi toda su extensi\u00f3n como si su cuerpo fuese un cray\u00f3n que va dibujando ese recorrido y va llevando en s\u00ed mismo un acervo de experiencias hasta llegar a Estados Unidos, Am\u00e9rica del Norte. Me expres\u00f3 su inter\u00e9s en encontrarse con los\u00a0<span lang=\"en-US\" xml:lang=\"en-US\">\u201c<\/span>Pueblos Originarios\u201d y conseguir una cabeza de vaca reci\u00e9n cortada para hacer una performance: \u201ctengo una imagen que quiero hacer, en Plaza de Mayo, simple como eso.\u201d<\/p><p class=\"style1\" align=\"justify\"><strong>Paulo<\/strong> lleg\u00f3 un s\u00e1bado temprano por la ma\u00f1ana, lo recuerdo bien porque yo estaba cursando un taller en San Telmo y planeamos ir juntos a capital. En la Avenida 9 de Julio, pleno centro porte\u00f1o a metros del obelisco, estaban asentados desde hac\u00eda d\u00edas carpas con Pueblos Originarios reclamando por sus tierras. Paulo fue recibido y reconocido como uno de ellos y se quedo a pasar la noche. Al d\u00eda siguiente nos trajeron la cabeza de vaca al taller, llegaron Aidana e Ignacio, amigos artistas que acompa\u00f1amos a la performance rumbo a capital. Paulo recorri\u00f3 la plaza de Mayo y la Casa Rosada, con la cabeza de vaca sobre su cabeza, en el camino su camisa amarilla se iba ti\u00f1endo de un hilo rojo intenso a sangre fresca. El olor era muy pregnante. La polic\u00eda le preguntaba que estaba haciendo all\u00ed. No sab\u00edan muy bien como reaccionar. El solo respond\u00eda: \u201ccaminando con una cabeza de vaca\u201d. Este recorrido termin\u00f3 en la carpa de los Pueblos Originarios donde Paulo faeno la cabeza, la cocinaron.<\/p><p class=\"style1\" align=\"justify\">Las visitas de <strong>Paulo<\/strong> fueron breves, pero de mucha intensidad. En el Taller realiz\u00f3 una edici\u00f3n de fotograbado, particip\u00f3 del Taller de los chicos del barrio y les ense\u00f1o a hacer t\u00edteres de papel, intervino la biblioteca de la casa con sus escritos y se integro con la comunidad barrial. Los vecinos lo invitaron a comer una asado con vino, que cambi\u00f3 por verduras a la parrilla y jugo de frutas para sorpresa de todos: Paulo es vegetariano.<\/p><p class=\"style1\" align=\"justify\">Lucrecia Urbano<\/p><p align=\"justify\"><strong>El taller de M\u00e1scaras P.A.<\/strong><\/p><div class=\"page\" title=\"Page 61\"><div class=\"section\"><div class=\"layoutArea\"><div class=\"column\"><p>Dentro del programa del taller de Los Pequen\u0303os Aprendices, Paulo Nazareth dicto\u0301 un taller de ma\u0301scaras. <br \/>La ma\u0301scara es el objeto de la negacio\u0301n de la identidad, del sentido u\u0301nico y de la coincidencia consigo mismo, es la expresio\u0301n de la metamorfosis, de la violacio\u0301n de las fronteras naturales, de la ridiculizacio\u0301n, de los sobrenombres, y establece la relacio\u0301n entre la realidad y la imagen individual. El complejo simbo\u0301lico es inagotable.<\/p><p>La creacio\u0301n de ma\u0301scaras sin apariencia emocional, incluso sin identificacio\u0301n de edad, de raza o de ge\u0301nero, provoca una atmo\u0301sfera de suspensio\u0301n y de reflexio\u0301n existencial sobre esos cuerpos. Su tono iro\u0301nico y paro\u0301dico reconfigura problemas cercanos, diferencias sociales y culturales que nos revelan una realidad cada vez ma\u0301s latente.<\/p><\/div><\/div><\/div><\/div>\t\t\t\t\t\t<\/div>\n\t\t\t\t<\/div>\n\t\t\t\t\t<\/div>\n\t\t<\/div>\n\t\t\t\t\t\t\t<\/div>\n\t\t<\/section>\n\t\t\t\t<section class=\"elementor-section elementor-top-section elementor-element elementor-element-786daa23 elementor-section-stretched elementor-section-boxed elementor-section-height-default elementor-section-height-default\" data-id=\"786daa23\" data-element_type=\"section\" data-settings=\"{&quot;stretch_section&quot;:&quot;section-stretched&quot;}\">\n\t\t\t\t\t\t<div class=\"elementor-container elementor-column-gap-default\">\n\t\t\t\t\t<div class=\"elementor-column elementor-col-50 elementor-top-column elementor-element elementor-element-35150073\" data-id=\"35150073\" data-element_type=\"column\">\n\t\t\t<div class=\"elementor-widget-wrap elementor-element-populated\">\n\t\t\t\t\t\t\t\t<div class=\"elementor-element elementor-element-4819e5b0 elementor-widget elementor-widget-image\" data-id=\"4819e5b0\" data-element_type=\"widget\" data-widget_type=\"image.default\">\n\t\t\t\t<div class=\"elementor-widget-container\">\n\t\t\t\t\t\t\t\t\t\t\t\t\t\t\t<img width=\"600\" height=\"404\" src=\"https:\/\/zonaimaginaria.com.ar\/web\/wp-content\/uploads\/2021\/06\/Paulo1.png\" class=\"attachment-large size-large\" alt=\"\" loading=\"lazy\" srcset=\"https:\/\/zonaimaginaria.com.ar\/web\/wp-content\/uploads\/2021\/06\/Paulo1.png 600w, https:\/\/zonaimaginaria.com.ar\/web\/wp-content\/uploads\/2021\/06\/Paulo1-300x202.png 300w\" sizes=\"(max-width: 600px) 100vw, 600px\" \/>\t\t\t\t\t\t\t\t\t\t\t\t\t\t\t<\/div>\n\t\t\t\t<\/div>\n\t\t\t\t<div class=\"elementor-element elementor-element-36a41eaa elementor-widget elementor-widget-image\" data-id=\"36a41eaa\" data-element_type=\"widget\" data-widget_type=\"image.default\">\n\t\t\t\t<div class=\"elementor-widget-container\">\n\t\t\t\t\t\t\t\t\t\t\t\t\t\t\t<img width=\"600\" height=\"404\" src=\"https:\/\/zonaimaginaria.com.ar\/web\/wp-content\/uploads\/2021\/06\/Paulo3.png\" class=\"attachment-large size-large\" alt=\"\" loading=\"lazy\" srcset=\"https:\/\/zonaimaginaria.com.ar\/web\/wp-content\/uploads\/2021\/06\/Paulo3.png 600w, https:\/\/zonaimaginaria.com.ar\/web\/wp-content\/uploads\/2021\/06\/Paulo3-300x202.png 300w\" sizes=\"(max-width: 600px) 100vw, 600px\" \/>\t\t\t\t\t\t\t\t\t\t\t\t\t\t\t<\/div>\n\t\t\t\t<\/div>\n\t\t\t\t\t<\/div>\n\t\t<\/div>\n\t\t\t\t<div class=\"elementor-column elementor-col-50 elementor-top-column elementor-element elementor-element-10751fa6\" data-id=\"10751fa6\" data-element_type=\"column\">\n\t\t\t<div class=\"elementor-widget-wrap elementor-element-populated\">\n\t\t\t\t\t\t\t\t<div class=\"elementor-element elementor-element-4c2e37f1 elementor-widget elementor-widget-image\" data-id=\"4c2e37f1\" data-element_type=\"widget\" data-widget_type=\"image.default\">\n\t\t\t\t<div class=\"elementor-widget-container\">\n\t\t\t\t\t\t\t\t\t\t\t\t\t\t\t<img width=\"600\" height=\"404\" src=\"https:\/\/zonaimaginaria.com.ar\/web\/wp-content\/uploads\/2021\/06\/PAULO2.png\" class=\"attachment-large size-large\" alt=\"\" loading=\"lazy\" srcset=\"https:\/\/zonaimaginaria.com.ar\/web\/wp-content\/uploads\/2021\/06\/PAULO2.png 600w, https:\/\/zonaimaginaria.com.ar\/web\/wp-content\/uploads\/2021\/06\/PAULO2-300x202.png 300w\" sizes=\"(max-width: 600px) 100vw, 600px\" \/>\t\t\t\t\t\t\t\t\t\t\t\t\t\t\t<\/div>\n\t\t\t\t<\/div>\n\t\t\t\t<div class=\"elementor-element elementor-element-59abdc6e elementor-widget elementor-widget-image\" data-id=\"59abdc6e\" data-element_type=\"widget\" data-widget_type=\"image.default\">\n\t\t\t\t<div class=\"elementor-widget-container\">\n\t\t\t\t\t\t\t\t\t\t\t\t\t\t\t<img width=\"600\" height=\"404\" src=\"https:\/\/zonaimaginaria.com.ar\/web\/wp-content\/uploads\/2021\/06\/paulo4.png\" class=\"attachment-large size-large\" alt=\"\" loading=\"lazy\" srcset=\"https:\/\/zonaimaginaria.com.ar\/web\/wp-content\/uploads\/2021\/06\/paulo4.png 600w, https:\/\/zonaimaginaria.com.ar\/web\/wp-content\/uploads\/2021\/06\/paulo4-300x202.png 300w\" sizes=\"(max-width: 600px) 100vw, 600px\" \/>\t\t\t\t\t\t\t\t\t\t\t\t\t\t\t<\/div>\n\t\t\t\t<\/div>\n\t\t\t\t\t<\/div>\n\t\t<\/div>\n\t\t\t\t\t\t\t<\/div>\n\t\t<\/section>\n\t\t\t\t<section class=\"elementor-section elementor-top-section elementor-element elementor-element-12034a9 elementor-section-stretched elementor-section-boxed elementor-section-height-default elementor-section-height-default\" data-id=\"12034a9\" data-element_type=\"section\" data-settings=\"{&quot;stretch_section&quot;:&quot;section-stretched&quot;}\">\n\t\t\t\t\t\t<div class=\"elementor-container elementor-column-gap-default\">\n\t\t\t\t\t<div class=\"elementor-column elementor-col-100 elementor-top-column elementor-element elementor-element-0e57120\" data-id=\"0e57120\" data-element_type=\"column\">\n\t\t\t<div class=\"elementor-widget-wrap elementor-element-populated\">\n\t\t\t\t\t\t\t\t<div class=\"elementor-element elementor-element-9a6c0f0 elementor-widget elementor-widget-text-editor\" data-id=\"9a6c0f0\" data-element_type=\"widget\" data-widget_type=\"text-editor.default\">\n\t\t\t\t<div class=\"elementor-widget-container\">\n\t\t\t\t\t\t\t\t<p class=\"style1\"><strong>About the projects<\/strong><\/p><p><span style=\"font-weight: 400;\">Paulo Nazareth\u2019s second visit was in April of 2011. He wrote to me, telling me that he had been awarded a grant to do a two month residency in New York and the trip was part of the project, but it began by him heading South instead of North. First, he toured through the Americas in almost its entire length, as if his body was a crayon tracing the route, bringing an archive of experiences along with it until reach- ing the United States. He expressed an interest in meeting with members of the Pueblos Originarios [Native people] and finding a recently severed cow\u2019s head to use in a per- formance. I still remember his exact words: \u2018I have an image I want to make, in Plaza de Mayo, simple as that\u2019.<\/span><\/p><p><span style=\"font-weight: 400;\">Paulo Nazareth arrived a Saturday early in the morning. We planned on heading downtown Buenos Aires together. Along 9 de Julio Avenue, right in the center of the city and just a few meters away from the obelisk, a tent had been set up and occupied by members of the Pueblos Originarios for the past several days to further their claim to their land. Paulo was received and recognized as one of them and he spent the night there. The following day, they brought the cow head to the studio. Aidana Mari\u0301a Rico Cha\u0301vez and Ignacio Amespil, friends of Paulo\u2019s, also arrived, and they would accompany the performance in Plaza de Mayo.<\/span><\/p><p><span style=\"font-weight: 400;\">Paulo walked all around the Plaza with the cow head on his head. As he did so, his yellow shirt was stained with an intense red thread of fresh cow blood. We were accompa- nied by a very pungent odor. The police, clearly uncomfort- able, asked him what he was doing. Paulo responded: \u2018I\u2019m walking with a cow head\u2019.<\/span><\/p><p><span style=\"font-weight: 400;\">The route concluded at the Pueblos Originarios\u2019 tent, where Paulo butchered the head, which they then cooked and we all ate. \u2014 Lucrecia Urbano<\/span><\/p><p><strong>Mask Workshop<\/strong><\/p><p><span style=\"font-weight: 400;\">Within the framework of Los Pequen\u0303os Aprendices program, Paulo Nazareth gave a mask workshop.<\/span><\/p><p><span style=\"font-weight: 400;\">Masks are objects that negate identity, a unique meaning and its coincidence with one\u2019s self; they are an expression of metamorphosis, violating natural boundaries, ridicule and nicknames and they establish a relationship between reality and the image of the individual. Its symbolic complexity is inexhaustible. The creation of masks that do not appear to be emotional and even lack an identifiable age, race or gender provoke an atmosphere of suspension and existential reflection regarding these bodies. Their tone of irony and parody reconfigures issues that are close to us, social and cultural differences that show us an increasingly latent reality.\u00a0\u00a0\u00a0<\/span><\/p>\t\t\t\t\t\t<\/div>\n\t\t\t\t<\/div>\n\t\t\t\t<div class=\"elementor-element elementor-element-24c5991 elementor-widget elementor-widget-menu-anchor\" data-id=\"24c5991\" data-element_type=\"widget\" data-widget_type=\"menu-anchor.default\">\n\t\t\t\t<div class=\"elementor-widget-container\">\n\t\t\t\t\t<div id=\"Paulo\" class=\"elementor-menu-anchor\"><\/div>\n\t\t\t\t<\/div>\n\t\t\t\t<\/div>\n\t\t\t\t\t<\/div>\n\t\t<\/div>\n\t\t\t\t\t\t\t<\/div>\n\t\t<\/section>\n\t\t\t\t<section class=\"elementor-section elementor-top-section elementor-element elementor-element-4a55e412 elementor-section-stretched elementor-section-boxed elementor-section-height-default elementor-section-height-default\" data-id=\"4a55e412\" data-element_type=\"section\" data-settings=\"{&quot;stretch_section&quot;:&quot;section-stretched&quot;}\">\n\t\t\t\t\t\t<div class=\"elementor-container elementor-column-gap-default\">\n\t\t\t\t\t<div class=\"elementor-column elementor-col-50 elementor-top-column elementor-element elementor-element-2dc422c8\" data-id=\"2dc422c8\" data-element_type=\"column\">\n\t\t\t<div class=\"elementor-widget-wrap elementor-element-populated\">\n\t\t\t\t\t\t\t\t<div class=\"elementor-element elementor-element-7b7bc799 elementor-widget elementor-widget-button\" data-id=\"7b7bc799\" data-element_type=\"widget\" data-widget_type=\"button.default\">\n\t\t\t\t<div class=\"elementor-widget-container\">\n\t\t\t\t\t<div class=\"elementor-button-wrapper\">\n\t\t\t<a href=\"https:\/\/zonaimaginaria.com.ar\/web\/proyectos-anteriores\/\" class=\"elementor-button-link elementor-button elementor-size-xs\" role=\"button\">\n\t\t\t\t\t\t<span class=\"elementor-button-content-wrapper\">\n\t\t\t\t\t\t<span class=\"elementor-button-text\">< volver a Proyectos Anteriores<\/span>\n\t\t<\/span>\n\t\t\t\t\t<\/a>\n\t\t<\/div>\n\t\t\t\t<\/div>\n\t\t\t\t<\/div>\n\t\t\t\t\t<\/div>\n\t\t<\/div>\n\t\t\t\t<div class=\"elementor-column elementor-col-50 elementor-top-column elementor-element elementor-element-3a21e691\" data-id=\"3a21e691\" data-element_type=\"column\">\n\t\t\t<div class=\"elementor-widget-wrap elementor-element-populated\">\n\t\t\t\t\t\t\t\t<div class=\"elementor-element elementor-element-1161afe4 elementor-align-right elementor-widget elementor-widget-button\" data-id=\"1161afe4\" data-element_type=\"widget\" data-widget_type=\"button.default\">\n\t\t\t\t<div class=\"elementor-widget-container\">\n\t\t\t\t\t<div class=\"elementor-button-wrapper\">\n\t\t\t<a href=\"https:\/\/zonaimaginaria.com.ar\/web\/lisa-van-bommel\/\" class=\"elementor-button-link elementor-button elementor-size-xs\" role=\"button\">\n\t\t\t\t\t\t<span class=\"elementor-button-content-wrapper\">\n\t\t\t\t\t\t<span class=\"elementor-button-text\">siguiente Artista Residente ><\/span>\n\t\t<\/span>\n\t\t\t\t\t<\/a>\n\t\t<\/div>\n\t\t\t\t<\/div>\n\t\t\t\t<\/div>\n\t\t\t\t\t<\/div>\n\t\t<\/div>\n\t\t\t\t\t\t\t<\/div>\n\t\t<\/section>\n\t\t\t\t\t\t<\/div>\n\t\t\t\t\t<\/div>\n\t\t","protected":false},"excerpt":{"rendered":"<p>ZI RESIDENCIA Qui\u00e9n puede vivir en esta casa? English Below PAULO NAZARETH \u00b7 Brasil \u00b7 Octubre 2010 \/ Abril 2011 \/ Noviembre 2012 + Proyecto \u201cApuntes de \u00c1frica&#8221; \u00b7 &#8220;Malvenido&#8221; \u00b7 &#8220;What is te colour of my skin?&#8221; + Peque\u00f1os Aprendices + Taller de Gr\u00e1fica Sobre los proyectos Al llegar a la Residencia Paulo estuvo&hellip;<\/p>\n","protected":false},"author":1,"featured_media":0,"parent":0,"menu_order":0,"comment_status":"closed","ping_status":"closed","template":"","meta":[],"_links":{"self":[{"href":"https:\/\/zonaimaginaria.com.ar\/web\/wp-json\/wp\/v2\/pages\/1330"}],"collection":[{"href":"https:\/\/zonaimaginaria.com.ar\/web\/wp-json\/wp\/v2\/pages"}],"about":[{"href":"https:\/\/zonaimaginaria.com.ar\/web\/wp-json\/wp\/v2\/types\/page"}],"author":[{"embeddable":true,"href":"https:\/\/zonaimaginaria.com.ar\/web\/wp-json\/wp\/v2\/users\/1"}],"replies":[{"embeddable":true,"href":"https:\/\/zonaimaginaria.com.ar\/web\/wp-json\/wp\/v2\/comments?post=1330"}],"version-history":[{"count":25,"href":"https:\/\/zonaimaginaria.com.ar\/web\/wp-json\/wp\/v2\/pages\/1330\/revisions"}],"predecessor-version":[{"id":6348,"href":"https:\/\/zonaimaginaria.com.ar\/web\/wp-json\/wp\/v2\/pages\/1330\/revisions\/6348"}],"wp:attachment":[{"href":"https:\/\/zonaimaginaria.com.ar\/web\/wp-json\/wp\/v2\/media?parent=1330"}],"curies":[{"name":"wp","href":"https:\/\/api.w.org\/{rel}","templated":true}]}}