{"id":1323,"date":"2021-05-25T11:36:24","date_gmt":"2021-05-25T14:36:24","guid":{"rendered":"http:\/\/zonaimaginaria.com.ar\/web\/?page_id=1323"},"modified":"2021-08-11T17:44:55","modified_gmt":"2021-08-11T20:44:55","slug":"laurent-poisson","status":"publish","type":"page","link":"https:\/\/zonaimaginaria.com.ar\/web\/laurent-poisson\/","title":{"rendered":"Laurent Poisson"},"content":{"rendered":"\t\t<div data-elementor-type=\"wp-page\" data-elementor-id=\"1323\" class=\"elementor elementor-1323\" data-elementor-settings=\"[]\">\n\t\t\t\t\t\t\t<div class=\"elementor-section-wrap\">\n\t\t\t\t\t\t\t<section class=\"elementor-section elementor-top-section elementor-element elementor-element-677ad6b8 elementor-section-height-min-height elementor-section-stretched elementor-section-full_width elementor-section-height-default elementor-section-items-middle\" data-id=\"677ad6b8\" data-element_type=\"section\" data-settings=\"{&quot;stretch_section&quot;:&quot;section-stretched&quot;}\">\n\t\t\t\t\t\t<div class=\"elementor-container elementor-column-gap-default\">\n\t\t\t\t\t<div class=\"elementor-column elementor-col-100 elementor-top-column elementor-element elementor-element-1d3504c1\" data-id=\"1d3504c1\" data-element_type=\"column\">\n\t\t\t<div class=\"elementor-widget-wrap elementor-element-populated\">\n\t\t\t\t\t\t\t\t<div class=\"elementor-element elementor-element-5d20d15d elementor-widget elementor-widget-image\" data-id=\"5d20d15d\" data-element_type=\"widget\" data-widget_type=\"image.default\">\n\t\t\t\t<div class=\"elementor-widget-container\">\n\t\t\t\t\t\t\t\t\t\t\t\t\t\t\t<img width=\"1200\" height=\"600\" src=\"https:\/\/zonaimaginaria.com.ar\/web\/wp-content\/uploads\/2021\/06\/Portada.png\" class=\"attachment-full size-full\" alt=\"\" loading=\"lazy\" srcset=\"https:\/\/zonaimaginaria.com.ar\/web\/wp-content\/uploads\/2021\/06\/Portada.png 1200w, https:\/\/zonaimaginaria.com.ar\/web\/wp-content\/uploads\/2021\/06\/Portada-300x150.png 300w, https:\/\/zonaimaginaria.com.ar\/web\/wp-content\/uploads\/2021\/06\/Portada-1024x512.png 1024w, https:\/\/zonaimaginaria.com.ar\/web\/wp-content\/uploads\/2021\/06\/Portada-768x384.png 768w\" sizes=\"(max-width: 1200px) 100vw, 1200px\" \/>\t\t\t\t\t\t\t\t\t\t\t\t\t\t\t<\/div>\n\t\t\t\t<\/div>\n\t\t\t\t\t<\/div>\n\t\t<\/div>\n\t\t\t\t\t\t\t<\/div>\n\t\t<\/section>\n\t\t\t\t<section class=\"elementor-section elementor-top-section elementor-element elementor-element-34f01ac2 elementor-section-stretched elementor-section-boxed elementor-section-height-default elementor-section-height-default\" data-id=\"34f01ac2\" data-element_type=\"section\" data-settings=\"{&quot;stretch_section&quot;:&quot;section-stretched&quot;,&quot;background_background&quot;:&quot;classic&quot;}\">\n\t\t\t\t\t\t<div class=\"elementor-container elementor-column-gap-default\">\n\t\t\t\t\t<div class=\"elementor-column elementor-col-100 elementor-top-column elementor-element elementor-element-79c92b75\" data-id=\"79c92b75\" data-element_type=\"column\">\n\t\t\t<div class=\"elementor-widget-wrap elementor-element-populated\">\n\t\t\t\t\t\t\t\t<div class=\"elementor-element elementor-element-df14f5a elementor-widget elementor-widget-heading\" data-id=\"df14f5a\" data-element_type=\"widget\" data-widget_type=\"heading.default\">\n\t\t\t\t<div class=\"elementor-widget-container\">\n\t\t\t<h2 class=\"elementor-heading-title elementor-size-medium\">ZI RESIDENCIA Qui\u00e9n puede vivir en esta casa?<\/h2>\t\t<\/div>\n\t\t\t\t<\/div>\n\t\t\t\t\t<\/div>\n\t\t<\/div>\n\t\t\t\t\t\t\t<\/div>\n\t\t<\/section>\n\t\t\t\t<section class=\"elementor-section elementor-top-section elementor-element elementor-element-5432a088 elementor-section-stretched elementor-section-height-min-height elementor-section-boxed elementor-section-height-default elementor-section-items-middle\" data-id=\"5432a088\" data-element_type=\"section\" data-settings=\"{&quot;stretch_section&quot;:&quot;section-stretched&quot;}\">\n\t\t\t\t\t\t<div class=\"elementor-container elementor-column-gap-default\">\n\t\t\t\t\t<div class=\"elementor-column elementor-col-100 elementor-top-column elementor-element elementor-element-4d34d428\" data-id=\"4d34d428\" data-element_type=\"column\">\n\t\t\t<div class=\"elementor-widget-wrap elementor-element-populated\">\n\t\t\t\t\t\t\t\t<div class=\"elementor-element elementor-element-288d2679 elementor-widget elementor-widget-heading\" data-id=\"288d2679\" data-element_type=\"widget\" data-widget_type=\"heading.default\">\n\t\t\t\t<div class=\"elementor-widget-container\">\n\t\t\t<h2 class=\"elementor-heading-title elementor-size-default\">LAURENT POISSON \u00b7 Bruselas, B\u00e9lgica \u00b7 Septiembre 2019 \/ Junio 2021<\/h2>\t\t<\/div>\n\t\t\t\t<\/div>\n\t\t\t\t<div class=\"elementor-element elementor-element-219097a5 elementor-widget elementor-widget-text-editor\" data-id=\"219097a5\" data-element_type=\"widget\" data-widget_type=\"text-editor.default\">\n\t\t\t\t<div class=\"elementor-widget-container\">\n\t\t\t\t\t\t\t\t<h6><span style=\"color: #999999;\">+ Proyecto \u201cQu\u00e9 te hace sentir como en casa?\u00a8<\/span><\/h6><h6><span style=\"color: #999999;\">+ Interacci\u00f3n con el barrio<\/span><\/h6><h6><span style=\"color: #999999;\">+ Encuentros con artistas<\/span><\/h6><h6><span style=\"color: #999999;\">+ Zona fuera de Zona \u00b7 Exposici\u00f3n: Casa Imaginaria, con Mat\u00edas de la Guerra en Residencia Brota <\/span><\/h6><h6><a href=\"http:\/\/zonaimaginaria.com.ar\/web\/patisserie-2\/\"><span style=\"color: #999999;\">+P\u00e2tisserie \u00b7 Exposici\u00f3n, colaboraci\u00f3n con Mat\u00edas De la Guerra<\/span><\/a><\/h6>\t\t\t\t\t\t<\/div>\n\t\t\t\t<\/div>\n\t\t\t\t\t<\/div>\n\t\t<\/div>\n\t\t\t\t\t\t\t<\/div>\n\t\t<\/section>\n\t\t\t\t<section class=\"elementor-section elementor-top-section elementor-element elementor-element-6bd7e78 elementor-section-stretched elementor-section-boxed elementor-section-height-default elementor-section-height-default\" data-id=\"6bd7e78\" data-element_type=\"section\" data-settings=\"{&quot;stretch_section&quot;:&quot;section-stretched&quot;}\">\n\t\t\t\t\t\t<div class=\"elementor-container elementor-column-gap-default\">\n\t\t\t\t\t<div class=\"elementor-column elementor-col-100 elementor-top-column elementor-element elementor-element-30ee8331\" data-id=\"30ee8331\" data-element_type=\"column\">\n\t\t\t<div class=\"elementor-widget-wrap elementor-element-populated\">\n\t\t\t\t\t\t\t\t<div class=\"elementor-element elementor-element-6b81717 elementor-widget elementor-widget-text-editor\" data-id=\"6b81717\" data-element_type=\"widget\" data-widget_type=\"text-editor.default\">\n\t\t\t\t<div class=\"elementor-widget-container\">\n\t\t\t\t\t\t\t\t<p><strong>Sobre los proyectos \u00b7 2019 \/ 2021<\/strong><\/p><p><strong>2021<\/strong><\/p><p>Laurent Poisson, mejor conocido como Lol\u00f3 &#8211; bautizado en el 2019 por lxs chicxs del barrio \u2013 quien particip\u00f3 de ZI en el 2019, y en esta ocasi\u00f3n volvi\u00f3 a visitarnos dos a\u00f1os despu\u00e9s para continuar su proyecto <em>Qu\u00e9 te hace sentir como en casa?<\/em> y seguir investigando sobre el concepto de hogar y sus mutaciones durante la pandemia. Realiz\u00f3 un proyecto en colaboraci\u00f3n con Mat\u00edas de la Guerra artista residente de zona desde el 2019.<\/p><p><em>&#8216;Somos Mat\u00edas y Laurent, nuestro proyecto consiste en que las personas nos cuenten acerca de un objeto que utilicen todos los d\u00edas en sus casas, siguiendo un procedimiento, o de manera ritual: Podr\u00eda ser una esponja para lavar los platos, un peine, una herramienta, una navaja, una regadera para plantas, maquillaje, puede ser cualquier objeto que al utilizarlo, genere capas de acciones. El objeto elegido, tiene que ser uno que utilicen dentro de sus casas, en sus rutinas diarias, tambi\u00e9n puede estar relacionado a la intimidad. \u00a0<\/em><\/p><p><em>Nos tienen que contar c\u00f3mo y cu\u00e1ndo lo usan y por qu\u00e9 es necesario su uso. Esta descripci\u00f3n se utilizar\u00e1 para un proyecto de cer\u00e1mica e ilustraci\u00f3n donde estar\u00e1 reflejada la historia de este objeto.&#8217;<\/em><\/p><p><a href=\"http:\/\/zonaimaginaria.com.ar\/web\/patisserie-2\/\"><strong>Exposici\u00f3n P\u00e2tisserie \u00b7 10 de Julio 2021<\/strong><\/a><\/p>\t\t\t\t\t\t<\/div>\n\t\t\t\t<\/div>\n\t\t\t\t\t<\/div>\n\t\t<\/div>\n\t\t\t\t\t\t\t<\/div>\n\t\t<\/section>\n\t\t\t\t<section class=\"elementor-section elementor-top-section elementor-element elementor-element-671157f4 elementor-section-stretched elementor-section-boxed elementor-section-height-default elementor-section-height-default\" data-id=\"671157f4\" data-element_type=\"section\" data-settings=\"{&quot;stretch_section&quot;:&quot;section-stretched&quot;}\">\n\t\t\t\t\t\t<div class=\"elementor-container elementor-column-gap-default\">\n\t\t\t\t\t<div class=\"elementor-column elementor-col-50 elementor-top-column elementor-element elementor-element-44bedbe\" data-id=\"44bedbe\" data-element_type=\"column\">\n\t\t\t<div class=\"elementor-widget-wrap elementor-element-populated\">\n\t\t\t\t\t\t\t\t<div class=\"elementor-element elementor-element-467010b9 elementor-widget elementor-widget-image\" data-id=\"467010b9\" data-element_type=\"widget\" data-widget_type=\"image.default\">\n\t\t\t\t<div class=\"elementor-widget-container\">\n\t\t\t\t\t\t\t\t\t\t\t\t\t\t\t<img width=\"900\" height=\"675\" src=\"https:\/\/zonaimaginaria.com.ar\/web\/wp-content\/uploads\/2021\/07\/Lolo3.jpg\" class=\"attachment-large size-large\" alt=\"\" loading=\"lazy\" srcset=\"https:\/\/zonaimaginaria.com.ar\/web\/wp-content\/uploads\/2021\/07\/Lolo3.jpg 900w, https:\/\/zonaimaginaria.com.ar\/web\/wp-content\/uploads\/2021\/07\/Lolo3-300x225.jpg 300w, https:\/\/zonaimaginaria.com.ar\/web\/wp-content\/uploads\/2021\/07\/Lolo3-768x576.jpg 768w, https:\/\/zonaimaginaria.com.ar\/web\/wp-content\/uploads\/2021\/07\/Lolo3-160x120.jpg 160w\" sizes=\"(max-width: 900px) 100vw, 900px\" \/>\t\t\t\t\t\t\t\t\t\t\t\t\t\t\t<\/div>\n\t\t\t\t<\/div>\n\t\t\t\t\t<\/div>\n\t\t<\/div>\n\t\t\t\t<div class=\"elementor-column elementor-col-50 elementor-top-column elementor-element elementor-element-2aeacbe9\" data-id=\"2aeacbe9\" data-element_type=\"column\">\n\t\t\t<div class=\"elementor-widget-wrap elementor-element-populated\">\n\t\t\t\t\t\t\t\t<div class=\"elementor-element elementor-element-522df6cf elementor-widget elementor-widget-image\" data-id=\"522df6cf\" data-element_type=\"widget\" data-widget_type=\"image.default\">\n\t\t\t\t<div class=\"elementor-widget-container\">\n\t\t\t\t\t\t\t\t\t\t\t\t\t\t\t<img width=\"900\" height=\"675\" src=\"https:\/\/zonaimaginaria.com.ar\/web\/wp-content\/uploads\/2021\/07\/Lolo1.jpg\" class=\"attachment-large size-large\" alt=\"\" loading=\"lazy\" srcset=\"https:\/\/zonaimaginaria.com.ar\/web\/wp-content\/uploads\/2021\/07\/Lolo1.jpg 900w, https:\/\/zonaimaginaria.com.ar\/web\/wp-content\/uploads\/2021\/07\/Lolo1-300x225.jpg 300w, https:\/\/zonaimaginaria.com.ar\/web\/wp-content\/uploads\/2021\/07\/Lolo1-768x576.jpg 768w, https:\/\/zonaimaginaria.com.ar\/web\/wp-content\/uploads\/2021\/07\/Lolo1-160x120.jpg 160w\" sizes=\"(max-width: 900px) 100vw, 900px\" \/>\t\t\t\t\t\t\t\t\t\t\t\t\t\t\t<\/div>\n\t\t\t\t<\/div>\n\t\t\t\t\t<\/div>\n\t\t<\/div>\n\t\t\t\t\t\t\t<\/div>\n\t\t<\/section>\n\t\t\t\t<section class=\"elementor-section elementor-top-section elementor-element elementor-element-8a47574 elementor-section-stretched elementor-section-boxed elementor-section-height-default elementor-section-height-default\" data-id=\"8a47574\" data-element_type=\"section\" data-settings=\"{&quot;stretch_section&quot;:&quot;section-stretched&quot;}\">\n\t\t\t\t\t\t<div class=\"elementor-container elementor-column-gap-default\">\n\t\t\t\t\t<div class=\"elementor-column elementor-col-100 elementor-top-column elementor-element elementor-element-7932416\" data-id=\"7932416\" data-element_type=\"column\">\n\t\t\t<div class=\"elementor-widget-wrap elementor-element-populated\">\n\t\t\t\t\t\t\t\t<div class=\"elementor-element elementor-element-28a98a4 elementor-widget elementor-widget-text-editor\" data-id=\"28a98a4\" data-element_type=\"widget\" data-widget_type=\"text-editor.default\">\n\t\t\t\t<div class=\"elementor-widget-container\">\n\t\t\t\t\t\t\t\t<p><strong>CASA IMAGINARIA \u00b7 2019<\/strong><\/p><p class=\"v1MsoNormal\"><span lang=\"ES-TRAD\">Laurent naci\u00f3 en Francia, viviendo su infancia en la isla de Mayotte, aunque es en B\u00e9lgica donde desarrolla su trayectoria art\u00edstica, obteniendo una maestr\u00eda en la ENSAV La Cambre en Bruselas<\/span><\/p><p class=\"v1MsoNormal\"><span lang=\"ES-TRAD\">De un archipi\u00e9lago a las calles de esta capital europea, el artista ha adaptado r\u00e1pidamente su concepto de hogar y ampliado el significado de lo que es una vivienda. Es con esta mirada que Laurent decidi\u00f3 aplicar al proyecto llamado &#8220;\u00bfQui\u00e9n puede vivir en esta casa?&#8221; de la residencia\u00a0<i>Zona Imaginaria<\/i>.\u00a0<\/span><span lang=\"ES-TRAD\">All\u00ed pudo investigar, relacionarse y producir obras que demuestran una particular observaci\u00f3n, un entendimiento y una sensible apropiaci\u00f3n de su experiencia en la Argentina.<\/span><\/p><p class=\"v1MsoNormal\"><i><span lang=\"ES-TRAD\">Zona imaginaria<\/span><\/i><span lang=\"ES-TRAD\">, de la mano de Lucrecia Urbano, impulsa a sus residentes a vincularse con el barrio donde se encuentra la Villa Jard\u00edn, en la localidad de Victoria. A tal efecto, Laurent propuso a los vecinos del barrio, describir un lugar imaginario donde puedan sentirse como en casa. Estas casas mentales lo han inspirado de manera instintiva, a crear diversos dibujos autom\u00e1ticos, aunque no menos libres. Este recorrido de tinta y l\u00e1piz ha derivado en la creaci\u00f3n de un libro objeto.<\/span><\/p><p class=\"v1MsoNormal\"><span lang=\"ES-TRAD\">Tambi\u00e9n all\u00ed, en un siguiente trabajo, Laurent decidi\u00f3 retratar a\u00a0<i>Zona Imaginaria.\u00a0<\/i>Un lugar donde el artista ha revivido sus recuerdos de infancia reencontr\u00e1ndose<i>\u00a0<\/i>con una asombrosa similitud manifestada en los t\u00edpicos arboles, construcciones y calles de algunos de los barrios parecidos a su isla Mayotte. \u00a0El artista ha retratado su hogar temporario con muchos contrastes, utilizando la t\u00e9cnica del claroscuro con principalmente dos colores primarios, el azul y el amarillo.<\/span><\/p><p class=\"v1MsoNormal\"><span lang=\"ES-TRAD\">El amarillo es tambi\u00e9n el color que se ha adue\u00f1ado el segundo artista en residencia, el salte\u00f1o Mat\u00edas de la Guerra para firmar su trabajo performatico y fotogr\u00e1fico. De este encuentro de artistas en\u00a0<i>Zona Imaginaria<\/i>\u00a0ha nacido un proyecto conjunto que se exhibe con el libro y a las pinturas de Laurent Poisson en la muestra &#8220;Casa Imaginaria&#8221;.<\/span><\/p><p>Helena Heukeshoven<\/p><p>+info : <a href=\"http:\/\/www.laurentpoisson.com\/\">http:\/\/www.laurentpoisson.com\/<\/a><\/p>\t\t\t\t\t\t<\/div>\n\t\t\t\t<\/div>\n\t\t\t\t\t<\/div>\n\t\t<\/div>\n\t\t\t\t\t\t\t<\/div>\n\t\t<\/section>\n\t\t\t\t<section class=\"elementor-section elementor-top-section elementor-element elementor-element-3ee7005 elementor-section-stretched elementor-section-boxed elementor-section-height-default elementor-section-height-default\" data-id=\"3ee7005\" data-element_type=\"section\" data-settings=\"{&quot;stretch_section&quot;:&quot;section-stretched&quot;}\">\n\t\t\t\t\t\t<div class=\"elementor-container elementor-column-gap-default\">\n\t\t\t\t\t<div class=\"elementor-column elementor-col-50 elementor-top-column elementor-element elementor-element-7183ba6\" data-id=\"7183ba6\" data-element_type=\"column\">\n\t\t\t<div class=\"elementor-widget-wrap elementor-element-populated\">\n\t\t\t\t\t\t\t\t<div class=\"elementor-element elementor-element-e8e1794 elementor-widget elementor-widget-image\" data-id=\"e8e1794\" data-element_type=\"widget\" data-widget_type=\"image.default\">\n\t\t\t\t<div class=\"elementor-widget-container\">\n\t\t\t\t\t\t\t\t\t\t\t\t\t\t\t<img width=\"900\" height=\"675\" src=\"https:\/\/zonaimaginaria.com.ar\/web\/wp-content\/uploads\/2021\/07\/Lolopin.jpg\" class=\"attachment-large size-large\" alt=\"\" loading=\"lazy\" srcset=\"https:\/\/zonaimaginaria.com.ar\/web\/wp-content\/uploads\/2021\/07\/Lolopin.jpg 900w, https:\/\/zonaimaginaria.com.ar\/web\/wp-content\/uploads\/2021\/07\/Lolopin-300x225.jpg 300w, https:\/\/zonaimaginaria.com.ar\/web\/wp-content\/uploads\/2021\/07\/Lolopin-768x576.jpg 768w, https:\/\/zonaimaginaria.com.ar\/web\/wp-content\/uploads\/2021\/07\/Lolopin-160x120.jpg 160w\" sizes=\"(max-width: 900px) 100vw, 900px\" \/>\t\t\t\t\t\t\t\t\t\t\t\t\t\t\t<\/div>\n\t\t\t\t<\/div>\n\t\t\t\t\t<\/div>\n\t\t<\/div>\n\t\t\t\t<div class=\"elementor-column elementor-col-50 elementor-top-column elementor-element elementor-element-6b4667e\" data-id=\"6b4667e\" data-element_type=\"column\">\n\t\t\t<div class=\"elementor-widget-wrap elementor-element-populated\">\n\t\t\t\t\t\t\t\t<div class=\"elementor-element elementor-element-4702478 elementor-widget elementor-widget-image\" data-id=\"4702478\" data-element_type=\"widget\" data-widget_type=\"image.default\">\n\t\t\t\t<div class=\"elementor-widget-container\">\n\t\t\t\t\t\t\t\t\t\t\t\t\t\t\t<img width=\"600\" height=\"473\" src=\"https:\/\/zonaimaginaria.com.ar\/web\/wp-content\/uploads\/2021\/06\/Lolo2.png\" class=\"attachment-large size-large\" alt=\"\" loading=\"lazy\" srcset=\"https:\/\/zonaimaginaria.com.ar\/web\/wp-content\/uploads\/2021\/06\/Lolo2.png 600w, https:\/\/zonaimaginaria.com.ar\/web\/wp-content\/uploads\/2021\/06\/Lolo2-300x237.png 300w\" sizes=\"(max-width: 600px) 100vw, 600px\" \/>\t\t\t\t\t\t\t\t\t\t\t\t\t\t\t<\/div>\n\t\t\t\t<\/div>\n\t\t\t\t\t<\/div>\n\t\t<\/div>\n\t\t\t\t\t\t\t<\/div>\n\t\t<\/section>\n\t\t\t\t<section class=\"elementor-section elementor-top-section elementor-element elementor-element-f217458 elementor-section-stretched elementor-section-boxed elementor-section-height-default elementor-section-height-default\" data-id=\"f217458\" data-element_type=\"section\" data-settings=\"{&quot;stretch_section&quot;:&quot;section-stretched&quot;}\">\n\t\t\t\t\t\t<div class=\"elementor-container elementor-column-gap-default\">\n\t\t\t\t\t<div class=\"elementor-column elementor-col-50 elementor-top-column elementor-element elementor-element-591d94a\" data-id=\"591d94a\" data-element_type=\"column\">\n\t\t\t<div class=\"elementor-widget-wrap elementor-element-populated\">\n\t\t\t\t\t\t\t\t<div class=\"elementor-element elementor-element-0f9fcd4 elementor-widget elementor-widget-image\" data-id=\"0f9fcd4\" data-element_type=\"widget\" data-widget_type=\"image.default\">\n\t\t\t\t<div class=\"elementor-widget-container\">\n\t\t\t\t\t\t\t\t\t\t\t\t\t\t\t<img width=\"551\" height=\"818\" src=\"https:\/\/zonaimaginaria.com.ar\/web\/wp-content\/uploads\/2021\/06\/Mapa-Zona.png\" class=\"attachment-large size-large\" alt=\"\" loading=\"lazy\" srcset=\"https:\/\/zonaimaginaria.com.ar\/web\/wp-content\/uploads\/2021\/06\/Mapa-Zona.png 551w, https:\/\/zonaimaginaria.com.ar\/web\/wp-content\/uploads\/2021\/06\/Mapa-Zona-202x300.png 202w\" sizes=\"(max-width: 551px) 100vw, 551px\" \/>\t\t\t\t\t\t\t\t\t\t\t\t\t\t\t<\/div>\n\t\t\t\t<\/div>\n\t\t\t\t\t<\/div>\n\t\t<\/div>\n\t\t\t\t<div class=\"elementor-column elementor-col-50 elementor-top-column elementor-element elementor-element-720c9e4\" data-id=\"720c9e4\" data-element_type=\"column\">\n\t\t\t<div class=\"elementor-widget-wrap elementor-element-populated\">\n\t\t\t\t\t\t\t\t<div class=\"elementor-element elementor-element-5c5eae4 elementor-widget elementor-widget-image\" data-id=\"5c5eae4\" data-element_type=\"widget\" data-widget_type=\"image.default\">\n\t\t\t\t<div class=\"elementor-widget-container\">\n\t\t\t\t\t\t\t\t\t\t\t\t\t\t\t<img width=\"551\" height=\"818\" src=\"https:\/\/zonaimaginaria.com.ar\/web\/wp-content\/uploads\/2021\/06\/Fanzine2.png\" class=\"attachment-large size-large\" alt=\"\" loading=\"lazy\" srcset=\"https:\/\/zonaimaginaria.com.ar\/web\/wp-content\/uploads\/2021\/06\/Fanzine2.png 551w, https:\/\/zonaimaginaria.com.ar\/web\/wp-content\/uploads\/2021\/06\/Fanzine2-202x300.png 202w\" sizes=\"(max-width: 551px) 100vw, 551px\" \/>\t\t\t\t\t\t\t\t\t\t\t\t\t\t\t<\/div>\n\t\t\t\t<\/div>\n\t\t\t\t\t<\/div>\n\t\t<\/div>\n\t\t\t\t\t\t\t<\/div>\n\t\t<\/section>\n\t\t\t\t\t\t<\/div>\n\t\t\t\t\t<\/div>\n\t\t","protected":false},"excerpt":{"rendered":"<p>ZI RESIDENCIA Qui\u00e9n puede vivir en esta casa? LAURENT POISSON \u00b7 Bruselas, B\u00e9lgica \u00b7 Septiembre 2019 \/ Junio 2021 + Proyecto \u201cQu\u00e9 te hace sentir como en casa?\u00a8 + Interacci\u00f3n con el barrio + Encuentros con artistas + Zona fuera de Zona \u00b7 Exposici\u00f3n: Casa Imaginaria, con Mat\u00edas de la Guerra en Residencia Brota +P\u00e2tisserie&hellip;<\/p>\n","protected":false},"author":1,"featured_media":0,"parent":0,"menu_order":0,"comment_status":"closed","ping_status":"closed","template":"","meta":[],"_links":{"self":[{"href":"https:\/\/zonaimaginaria.com.ar\/web\/wp-json\/wp\/v2\/pages\/1323"}],"collection":[{"href":"https:\/\/zonaimaginaria.com.ar\/web\/wp-json\/wp\/v2\/pages"}],"about":[{"href":"https:\/\/zonaimaginaria.com.ar\/web\/wp-json\/wp\/v2\/types\/page"}],"author":[{"embeddable":true,"href":"https:\/\/zonaimaginaria.com.ar\/web\/wp-json\/wp\/v2\/users\/1"}],"replies":[{"embeddable":true,"href":"https:\/\/zonaimaginaria.com.ar\/web\/wp-json\/wp\/v2\/comments?post=1323"}],"version-history":[{"count":19,"href":"https:\/\/zonaimaginaria.com.ar\/web\/wp-json\/wp\/v2\/pages\/1323\/revisions"}],"predecessor-version":[{"id":2642,"href":"https:\/\/zonaimaginaria.com.ar\/web\/wp-json\/wp\/v2\/pages\/1323\/revisions\/2642"}],"wp:attachment":[{"href":"https:\/\/zonaimaginaria.com.ar\/web\/wp-json\/wp\/v2\/media?parent=1323"}],"curies":[{"name":"wp","href":"https:\/\/api.w.org\/{rel}","templated":true}]}}