{"id":13,"date":"2021-04-19T16:40:27","date_gmt":"2021-04-19T19:40:27","guid":{"rendered":"http:\/\/zonaimaginaria.com.ar\/web\/?page_id=13"},"modified":"2022-06-15T16:54:49","modified_gmt":"2022-06-15T19:54:49","slug":"residencia-quien-puede-vivir-en-esta-casa","status":"publish","type":"page","link":"https:\/\/zonaimaginaria.com.ar\/web\/residencia-quien-puede-vivir-en-esta-casa\/","title":{"rendered":"Residencia \u00bfQui\u00e9n puede vivir en esta casa?"},"content":{"rendered":"\t\t<div data-elementor-type=\"wp-page\" data-elementor-id=\"13\" class=\"elementor elementor-13\" data-elementor-settings=\"[]\">\n\t\t\t\t\t\t\t<div class=\"elementor-section-wrap\">\n\t\t\t\t\t\t\t<section class=\"elementor-section elementor-top-section elementor-element elementor-element-4279354d elementor-section-stretched elementor-section-height-min-height elementor-section-boxed elementor-section-height-default elementor-section-items-middle\" data-id=\"4279354d\" data-element_type=\"section\" data-settings=\"{&quot;stretch_section&quot;:&quot;section-stretched&quot;,&quot;background_background&quot;:&quot;classic&quot;}\">\n\t\t\t\t\t\t\t<div class=\"elementor-background-overlay\"><\/div>\n\t\t\t\t\t\t\t<div class=\"elementor-container elementor-column-gap-default\">\n\t\t\t\t\t<div class=\"elementor-column elementor-col-100 elementor-top-column elementor-element elementor-element-27883cbe\" data-id=\"27883cbe\" data-element_type=\"column\">\n\t\t\t<div class=\"elementor-widget-wrap elementor-element-populated\">\n\t\t\t\t\t\t\t\t<div class=\"elementor-element elementor-element-81c9b03 elementor-widget elementor-widget-heading\" data-id=\"81c9b03\" data-element_type=\"widget\" data-widget_type=\"heading.default\">\n\t\t\t\t<div class=\"elementor-widget-container\">\n\t\t\t<h1 class=\"elementor-heading-title elementor-size-default\">\u00bfQUI\u00c9N PUEDE VIVIR EN ESTA CASA?<\/h1>\t\t<\/div>\n\t\t\t\t<\/div>\n\t\t\t\t<div class=\"elementor-element elementor-element-f48f97f elementor-widget elementor-widget-spacer\" data-id=\"f48f97f\" data-element_type=\"widget\" data-widget_type=\"spacer.default\">\n\t\t\t\t<div class=\"elementor-widget-container\">\n\t\t\t\t\t<div class=\"elementor-spacer\">\n\t\t\t<div class=\"elementor-spacer-inner\"><\/div>\n\t\t<\/div>\n\t\t\t\t<\/div>\n\t\t\t\t<\/div>\n\t\t\t\t<div class=\"elementor-element elementor-element-56d46e8 elementor-align-center elementor-widget elementor-widget-button\" data-id=\"56d46e8\" data-element_type=\"widget\" data-widget_type=\"button.default\">\n\t\t\t\t<div class=\"elementor-widget-container\">\n\t\t\t\t\t<div class=\"elementor-button-wrapper\">\n\t\t\t<a href=\"http:\/\/zonaimaginaria.com.ar\/web\/proyectos-anteriores\/\" class=\"elementor-button-link elementor-button elementor-size-xs\" role=\"button\" id=\"http:\/\/zonaimaginaria.com.ar\/web\/proyectos-anteriores\/\">\n\t\t\t\t\t\t<span class=\"elementor-button-content-wrapper\">\n\t\t\t\t\t\t<span class=\"elementor-button-text\">Proyectos Anteriores 2008 \u00b7 2021<\/span>\n\t\t<\/span>\n\t\t\t\t\t<\/a>\n\t\t<\/div>\n\t\t\t\t<\/div>\n\t\t\t\t<\/div>\n\t\t\t\t\t<\/div>\n\t\t<\/div>\n\t\t\t\t\t\t\t<\/div>\n\t\t<\/section>\n\t\t\t\t<section class=\"elementor-section elementor-top-section elementor-element elementor-element-fddf02b elementor-section-height-min-height elementor-section-stretched elementor-section-boxed elementor-section-height-default elementor-section-items-middle\" data-id=\"fddf02b\" data-element_type=\"section\" data-settings=\"{&quot;stretch_section&quot;:&quot;section-stretched&quot;}\">\n\t\t\t\t\t\t<div class=\"elementor-container elementor-column-gap-extended\">\n\t\t\t\t\t<div class=\"elementor-column elementor-col-50 elementor-top-column elementor-element elementor-element-a55beec\" data-id=\"a55beec\" data-element_type=\"column\">\n\t\t\t<div class=\"elementor-widget-wrap elementor-element-populated\">\n\t\t\t\t\t\t\t\t<div class=\"elementor-element elementor-element-658704b elementor-widget elementor-widget-text-editor\" data-id=\"658704b\" data-element_type=\"widget\" data-widget_type=\"text-editor.default\">\n\t\t\t\t<div class=\"elementor-widget-container\">\n\t\t\t\t\t\t\t\t<p>\u201c<em>Las residencias de artistas proponen hogares temporarios, refugios impermanentes para la producci\u00f3n de obra y reflexi\u00f3n.<\/em><br \/><em>El proyecto Casa trasciende las nociones de convivencia y di\u00e1logo. Celebra los eventos de la vida cotidiana como determinantes de huellas, la sucesi\u00f3n de visitantes como proceso de construcci\u00f3n de un hogar a ser habitado por quien pueda vivir en ella<\/em>.\u201d<\/p><p>Cecilia Mandrile, artista residente<\/p>\t\t\t\t\t\t<\/div>\n\t\t\t\t<\/div>\n\t\t\t\t\t<\/div>\n\t\t<\/div>\n\t\t\t\t<div class=\"elementor-column elementor-col-50 elementor-top-column elementor-element elementor-element-7459a85\" data-id=\"7459a85\" data-element_type=\"column\" data-settings=\"{&quot;background_background&quot;:&quot;classic&quot;}\">\n\t\t\t<div class=\"elementor-widget-wrap elementor-element-populated\">\n\t\t\t\t\t\t\t\t<div class=\"elementor-element elementor-element-20c59cea elementor-invisible elementor-widget elementor-widget-text-editor\" data-id=\"20c59cea\" data-element_type=\"widget\" data-settings=\"{&quot;_animation&quot;:&quot;fadeIn&quot;}\" data-widget_type=\"text-editor.default\">\n\t\t\t\t<div class=\"elementor-widget-container\">\n\t\t\t\t\t\t\t\t<p><a href=\"http:\/\/zonaimaginaria.com.ar\/web\/sobre-la-residencia-2\/\">&gt; Sobre la Residencia<\/a><\/p><p>&gt; <a href=\"https:\/\/zonaimaginaria.com.ar\/web\/nuestro-espacio\/\">Nuestro espacio CASA<\/a><\/p><p>&gt; <a href=\"http:\/\/zonaimaginaria.com.ar\/web\/proyectos-anteriores\/\">Proyectos Anteriores \/ Artistas de la residencia\u00a0<\/a><\/p><p>&gt; <a href=\"https:\/\/zonaimaginaria.com.ar\/web\/encuentros-con-artistas\/\">Encuentros con Artistas\u00a0<\/a><\/p>\t\t\t\t\t\t<\/div>\n\t\t\t\t<\/div>\n\t\t\t\t<div class=\"elementor-element elementor-element-06eef33 elementor-align-left elementor-widget elementor-widget-button\" data-id=\"06eef33\" data-element_type=\"widget\" data-widget_type=\"button.default\">\n\t\t\t\t<div class=\"elementor-widget-container\">\n\t\t\t\t\t<div class=\"elementor-button-wrapper\">\n\t\t\t<a href=\"https:\/\/docs.google.com\/forms\/d\/e\/1FAIpQLSfXfkXtubrpsnONzpdeAjTpEBlhDRcqA4eh_7A6iI2fccKMiQ\/viewform?usp=sf_link\" target=\"_blank\" class=\"elementor-button-link elementor-button elementor-size-md\" role=\"button\">\n\t\t\t\t\t\t<span class=\"elementor-button-content-wrapper\">\n\t\t\t\t\t\t<span class=\"elementor-button-text\">Aplicar ahora<\/span>\n\t\t<\/span>\n\t\t\t\t\t<\/a>\n\t\t<\/div>\n\t\t\t\t<\/div>\n\t\t\t\t<\/div>\n\t\t\t\t\t<\/div>\n\t\t<\/div>\n\t\t\t\t\t\t\t<\/div>\n\t\t<\/section>\n\t\t\t\t<section class=\"elementor-section elementor-top-section elementor-element elementor-element-85ff795 elementor-section-height-min-height elementor-section-stretched elementor-section-boxed elementor-section-height-default elementor-section-items-middle\" data-id=\"85ff795\" data-element_type=\"section\" data-settings=\"{&quot;stretch_section&quot;:&quot;section-stretched&quot;,&quot;background_background&quot;:&quot;classic&quot;}\">\n\t\t\t\t\t\t<div class=\"elementor-container elementor-column-gap-default\">\n\t\t\t\t\t<div class=\"elementor-column elementor-col-100 elementor-top-column elementor-element elementor-element-1664963\" data-id=\"1664963\" data-element_type=\"column\">\n\t\t\t<div class=\"elementor-widget-wrap elementor-element-populated\">\n\t\t\t\t\t\t\t\t<div class=\"elementor-element elementor-element-a48dfaa elementor-widget elementor-widget-text-editor\" data-id=\"a48dfaa\" data-element_type=\"widget\" data-widget_type=\"text-editor.default\">\n\t\t\t\t<div class=\"elementor-widget-container\">\n\t\t\t\t\t\t\t\t<p><strong>El proyecto de Residencia \u00a8Qui\u00e9n puede vivir en esta casa?\u00a8, abre las puertas de la Casa e invita a artistas de distintas disciplinas y pa\u00edses; a tomar el espacio como hogar temporario, intervenirlo, habitarlo. El proyecto incentiva el di\u00e1logo entre los artistas residentes y la gente del barrio Villa Jard\u00edn, colocando a Zona Imaginaria como lugar de intercambio a trav\u00e9s de experiencias art\u00edsticas.<\/strong><\/p>\t\t\t\t\t\t<\/div>\n\t\t\t\t<\/div>\n\t\t\t\t<div class=\"elementor-element elementor-element-c0542b5 elementor-widget elementor-widget-menu-anchor\" data-id=\"c0542b5\" data-element_type=\"widget\" data-widget_type=\"menu-anchor.default\">\n\t\t\t\t<div class=\"elementor-widget-container\">\n\t\t\t\t\t<div id=\"Kasa\" class=\"elementor-menu-anchor\"><\/div>\n\t\t\t\t<\/div>\n\t\t\t\t<\/div>\n\t\t\t\t\t<\/div>\n\t\t<\/div>\n\t\t\t\t\t\t\t<\/div>\n\t\t<\/section>\n\t\t\t\t<section class=\"elementor-section elementor-top-section elementor-element elementor-element-76441289 elementor-section-stretched elementor-section-full_width elementor-section-height-min-height elementor-section-height-default elementor-section-items-middle\" data-id=\"76441289\" data-element_type=\"section\" data-settings=\"{&quot;stretch_section&quot;:&quot;section-stretched&quot;,&quot;background_background&quot;:&quot;slideshow&quot;,&quot;background_slideshow_gallery&quot;:[{&quot;id&quot;:1601,&quot;url&quot;:&quot;http:\\\/\\\/zonaimaginaria.com.ar\\\/web\\\/wp-content\\\/uploads\\\/2021\\\/05\\\/Salita-Exhibicion-w.jpg&quot;},{&quot;id&quot;:2202,&quot;url&quot;:&quot;http:\\\/\\\/zonaimaginaria.com.ar\\\/web\\\/wp-content\\\/uploads\\\/2021\\\/07\\\/zona_BjorgTaranger_001.jpeg&quot;},{&quot;id&quot;:1623,&quot;url&quot;:&quot;http:\\\/\\\/zonaimaginaria.com.ar\\\/web\\\/wp-content\\\/uploads\\\/2021\\\/05\\\/Habitacio\\u0301n1-w.jpg&quot;},{&quot;id&quot;:1608,&quot;url&quot;:&quot;http:\\\/\\\/zonaimaginaria.com.ar\\\/web\\\/wp-content\\\/uploads\\\/2021\\\/05\\\/Lolo-Expo-1.jpg&quot;},{&quot;id&quot;:2201,&quot;url&quot;:&quot;http:\\\/\\\/zonaimaginaria.com.ar\\\/web\\\/wp-content\\\/uploads\\\/2021\\\/07\\\/zona_BjorgTaranger_002.jpeg&quot;},{&quot;id&quot;:1624,&quot;url&quot;:&quot;http:\\\/\\\/zonaimaginaria.com.ar\\\/web\\\/wp-content\\\/uploads\\\/2021\\\/05\\\/Cocina2-w.jpg&quot;}],&quot;background_slideshow_loop&quot;:&quot;yes&quot;,&quot;background_slideshow_slide_duration&quot;:5000,&quot;background_slideshow_slide_transition&quot;:&quot;fade&quot;,&quot;background_slideshow_transition_duration&quot;:500}\">\n\t\t\t\t\t\t<div class=\"elementor-container elementor-column-gap-default\">\n\t\t\t\t\t<div class=\"elementor-column elementor-col-100 elementor-top-column elementor-element elementor-element-2afa2f0f\" data-id=\"2afa2f0f\" data-element_type=\"column\">\n\t\t\t<div class=\"elementor-widget-wrap elementor-element-populated\">\n\t\t\t\t\t\t\t\t<div class=\"elementor-element elementor-element-1bb392a6 elementor-widget elementor-widget-heading\" data-id=\"1bb392a6\" data-element_type=\"widget\" data-widget_type=\"heading.default\">\n\t\t\t\t<div class=\"elementor-widget-container\">\n\t\t\t<h2 class=\"elementor-heading-title elementor-size-default\">La Salita \u00b7 Espacios de Exhibici\u00f3n<\/h2>\t\t<\/div>\n\t\t\t\t<\/div>\n\t\t\t\t\t<\/div>\n\t\t<\/div>\n\t\t\t\t\t\t\t<\/div>\n\t\t<\/section>\n\t\t\t\t<section class=\"elementor-section elementor-top-section elementor-element elementor-element-c085a55 elementor-section-stretched elementor-section-boxed elementor-section-height-default elementor-section-height-default\" data-id=\"c085a55\" data-element_type=\"section\" data-settings=\"{&quot;stretch_section&quot;:&quot;section-stretched&quot;}\">\n\t\t\t\t\t\t<div class=\"elementor-container elementor-column-gap-default\">\n\t\t\t\t\t<div class=\"elementor-column elementor-col-100 elementor-top-column elementor-element elementor-element-cb19efb\" data-id=\"cb19efb\" data-element_type=\"column\">\n\t\t\t<div class=\"elementor-widget-wrap elementor-element-populated\">\n\t\t\t\t\t\t\t\t<div class=\"elementor-element elementor-element-f8baa7e elementor-widget elementor-widget-text-editor\" data-id=\"f8baa7e\" data-element_type=\"widget\" data-widget_type=\"text-editor.default\">\n\t\t\t\t<div class=\"elementor-widget-container\">\n\t\t\t\t\t\t\t\t<p style=\"text-align: center;\">Si tenes alguna duda sobre la Residencia escribinos al mail <a href=\"mailto:info@zonaimaginaria.com.ar\">info@zonaimaginaria.com.ar\u00a0<\/a><\/p>\t\t\t\t\t\t<\/div>\n\t\t\t\t<\/div>\n\t\t\t\t\t<\/div>\n\t\t<\/div>\n\t\t\t\t\t\t\t<\/div>\n\t\t<\/section>\n\t\t\t\t\t\t<\/div>\n\t\t\t\t\t<\/div>\n\t\t","protected":false},"excerpt":{"rendered":"<p>Proyecto de residencia \u00bfQUI\u00c9N PUEDE VIVIR EN ESTA CASA? Proyectos Anteriores 2008 \u00b7 2021 \u201cLas residencias de artistas proponen hogares temporarios, refugios impermanentes para la producci\u00f3n de obra y reflexi\u00f3n. El proyecto Casa trasciende las nociones de convivencia y di\u00e1logo. Celebra los eventos de la vida cotidiana como determinantes de huellas, la sucesi\u00f3n de visitantes&hellip;<\/p>\n","protected":false},"author":1,"featured_media":0,"parent":0,"menu_order":0,"comment_status":"closed","ping_status":"closed","template":"","meta":[],"_links":{"self":[{"href":"https:\/\/zonaimaginaria.com.ar\/web\/wp-json\/wp\/v2\/pages\/13"}],"collection":[{"href":"https:\/\/zonaimaginaria.com.ar\/web\/wp-json\/wp\/v2\/pages"}],"about":[{"href":"https:\/\/zonaimaginaria.com.ar\/web\/wp-json\/wp\/v2\/types\/page"}],"author":[{"embeddable":true,"href":"https:\/\/zonaimaginaria.com.ar\/web\/wp-json\/wp\/v2\/users\/1"}],"replies":[{"embeddable":true,"href":"https:\/\/zonaimaginaria.com.ar\/web\/wp-json\/wp\/v2\/comments?post=13"}],"version-history":[{"count":250,"href":"https:\/\/zonaimaginaria.com.ar\/web\/wp-json\/wp\/v2\/pages\/13\/revisions"}],"predecessor-version":[{"id":6361,"href":"https:\/\/zonaimaginaria.com.ar\/web\/wp-json\/wp\/v2\/pages\/13\/revisions\/6361"}],"wp:attachment":[{"href":"https:\/\/zonaimaginaria.com.ar\/web\/wp-json\/wp\/v2\/media?parent=13"}],"curies":[{"name":"wp","href":"https:\/\/api.w.org\/{rel}","templated":true}]}}